{"id":10658,"date":"2021-11-30T18:53:11","date_gmt":"2021-11-30T18:53:11","guid":{"rendered":"https:\/\/fuabc.org.br\/portaldatransparencia\/?page_id=10658"},"modified":"2022-02-25T12:35:09","modified_gmt":"2022-02-25T12:35:09","slug":"upa-central-indenizatorio-santos-central-de-convenios","status":"publish","type":"page","link":"https:\/\/fuabc.org.br\/portaldatransparencia\/upa-central-indenizatorio-santos-central-de-convenios\/","title":{"rendered":"UPA Central Indenizat\u00f3rio | Santos | Central de Conv\u00eanios"},"content":{"rendered":"\n<h2 class=\"wp-block-heading\">Recursos Humanos<\/h2>\n\n\n\n<p><em>(o comparativo entre as tabelas de RH deve ser feito pela aba &#8220;Matr\u00edcula&#8221;<\/em>)<\/p>\n\n\n\n<div class=\"rtbs rtbs_tab_ori rtbs_upa-central-indenizatorio-santos-cc-rh\"><div class=\"rtbs_slug\" style=\"display:none\">upa-central-indenizatorio-santos-cc-rh<\/div><div class=\"rtbs_inactive_tab_background\" style=\"display:none\">whitesmoke<\/div><div class=\"rtbs_breakpoint\" style=\"display:none\">600<\/div><div class=\"rtbs_color\" style=\"display:none\">#1e73be<\/div>\r\n        <div class=\"rtbs_menu\">\r\n            <ul>\r\n                <li class=\"mobile_toggle\">&zwnj;<\/li><li class=\"current\"><a style=\"background:#1e73be\" class=\"active upa-central-indenizatorio-santos-cc-rh-tab-link-0\" href=\"#\" data-tab=\"#upa-central-indenizatorio-santos-cc-rh-tab-0\">2022<\/a><\/li><li><a href=\"#\" data-tab=\"#upa-central-indenizatorio-santos-cc-rh-tab-1\" class=\"upa-central-indenizatorio-santos-cc-rh-tab-link-1\">RH - Cargos e Sal\u00e1rios<\/a><\/li><li><a href=\"#\" data-tab=\"#upa-central-indenizatorio-santos-cc-rh-tab-2\" class=\"upa-central-indenizatorio-santos-cc-rh-tab-link-2\">Rela\u00e7\u00e3o Nominal\/Cargos<\/a><\/li>\r\n            <\/ul>\r\n        <\/div><div style=\"border-top:7px solid #1e73be;\" id=\"upa-central-indenizatorio-santos-cc-rh-tab-0\" class=\"rtbs_content active\"><div style=\"margin-top:30px; clear:both;\"><\/div><\/div><div style=\"border-top:7px solid #1e73be;\" id=\"upa-central-indenizatorio-santos-cc-rh-tab-1\" class=\"rtbs_content\"><p><a href=\"https:\/\/fuabc.org.br\/portaldatransparencia\/wp-content\/uploads\/arquivos\/central_de_convenios\/upa_santos_indenizatorio_062022_cargos_salarios.xlsx\">Junho | 2022 | Cargos e Sal\u00e1rios<\/a><\/p>\n<p><a href=\"https:\/\/fuabc.org.br\/portaldatransparencia\/wp-content\/uploads\/arquivos\/central_de_convenios\/upa_santos_indenizatorio_052022_cargos_salarios.xlsx\">Maio | 2022 | Cargos e Sal\u00e1rios<\/a><\/p>\n<p><a href=\"https:\/\/fuabc.org.br\/portaldatransparencia\/wp-content\/uploads\/arquivos\/central_de_convenios\/upa_santos_indenizatorio_042022_cargos_salarios.xlsx\">Abril | 2022 | Cargos e Sal\u00e1rios<\/a><\/p>\n<p><a href=\"https:\/\/fuabc.org.br\/portaldatransparencia\/wp-content\/uploads\/arquivos\/central_de_convenios\/upa_santos_indenizatorio_032022_cargos_salarios.xlsx\">Mar\u00e7o | 2022 | Cargos e Sal\u00e1rios<\/a><\/p>\n<p><a href=\"https:\/\/fuabc.org.br\/portaldatransparencia\/wp-content\/uploads\/arquivos\/central_de_convenios\/upa_santos_022022_cargos_salarios.xlsx\">Fevereiro | 2022 | Cargos e Sal\u00e1rios<\/a><\/p>\n<p><a href=\"https:\/\/fuabc.org.br\/portaldatransparencia\/wp-content\/uploads\/arquivos\/central_de_convenios\/upa_santos_indenizatorio_012022_cargos_salarios.xlsx\">Janeiro | 2022 | Cargos e Sal\u00e1rios<\/a><\/p>\n<div style=\"margin-top:30px; clear:both;\"><\/div><\/div><div style=\"border-top:7px solid #1e73be;\" id=\"upa-central-indenizatorio-santos-cc-rh-tab-2\" class=\"rtbs_content\"><p><a href=\"https:\/\/fuabc.org.br\/portaldatransparencia\/wp-content\/uploads\/arquivos\/central_de_convenios\/upa_santos_indenizatorio_062022_cargos_funcionarios.xlsx\">Junho | 2022 | Rela\u00e7\u00e3o nominal dos cargos<\/a><\/p>\n<p><a href=\"https:\/\/fuabc.org.br\/portaldatransparencia\/wp-content\/uploads\/arquivos\/central_de_convenios\/upa_santos_indenizatorio_052022_cargos_funcionarios.xlsx\">Maio | 2022 | Rela\u00e7\u00e3o nominal dos cargos<\/a><\/p>\n<p><a href=\"https:\/\/fuabc.org.br\/portaldatransparencia\/wp-content\/uploads\/arquivos\/central_de_convenios\/upa_santos_indenizatorio_042022_cargos_funcionarios.xlsx\">Abril | 2022 | Rela\u00e7\u00e3o nominal dos cargos<\/a><\/p>\n<p><a href=\"https:\/\/fuabc.org.br\/portaldatransparencia\/wp-content\/uploads\/arquivos\/central_de_convenios\/upa_santos_indenizatorio_032022_cargos_funcionarios.xlsx\">Mar\u00e7o | 2022 | Rela\u00e7\u00e3o nominal dos cargos<\/a><\/p>\n<p><a href=\"https:\/\/fuabc.org.br\/portaldatransparencia\/wp-content\/uploads\/arquivos\/central_de_convenios\/upa_santos_022022_cargos_funcionarios.xlsx\">Fevereiro | 2022 | Rela\u00e7\u00e3o nominal dos cargos<\/a><\/p>\n<p><a href=\"https:\/\/fuabc.org.br\/portaldatransparencia\/wp-content\/uploads\/arquivos\/central_de_convenios\/upa_santos_indenizatorio_012022_cargos_funcionarios.xlsx\">Janeiro | 2022 | Rela\u00e7\u00e3o nominal dos cargos<\/a><\/p>\n<div style=\"margin-top:30px; clear:both;\"><\/div><\/div>\r\n    <\/div>\r\n    \n\n\n\n<h2 class=\"wp-block-heading\"> Financeiro <\/h2>\n\n\n\n<div class=\"rtbs rtbs_tab_ori rtbs_upa-central-indenizatorio-santos-cc-financeiro\"><div class=\"rtbs_slug\" style=\"display:none\">upa-central-indenizatorio-santos-cc-financeiro<\/div><div class=\"rtbs_inactive_tab_background\" style=\"display:none\">whitesmoke<\/div><div class=\"rtbs_breakpoint\" style=\"display:none\">600<\/div><div class=\"rtbs_color\" style=\"display:none\">#12bece<\/div>\r\n        <div class=\"rtbs_menu\">\r\n            <ul>\r\n                <li class=\"mobile_toggle\">&zwnj;<\/li><li class=\"current\"><a style=\"background:#12bece\" class=\"active upa-central-indenizatorio-santos-cc-financeiro-tab-link-0\" href=\"#\" data-tab=\"#upa-central-indenizatorio-santos-cc-financeiro-tab-0\">2022<\/a><\/li><li><a href=\"#\" data-tab=\"#upa-central-indenizatorio-santos-cc-financeiro-tab-1\" class=\"upa-central-indenizatorio-santos-cc-financeiro-tab-link-1\">Valores Recebidos<\/a><\/li><li><a href=\"#\" data-tab=\"#upa-central-indenizatorio-santos-cc-financeiro-tab-2\" class=\"upa-central-indenizatorio-santos-cc-financeiro-tab-link-2\">Fornecedores e Prestadores de Servi\u00e7o<\/a><\/li><li><a href=\"#\" data-tab=\"#upa-central-indenizatorio-santos-cc-financeiro-tab-3\" class=\"upa-central-indenizatorio-santos-cc-financeiro-tab-link-3\">Prestadores de Servi\u00e7os (Pessoa F\u00edsica)<\/a><\/li><li><a href=\"#\" data-tab=\"#upa-central-indenizatorio-santos-cc-financeiro-tab-4\" class=\"upa-central-indenizatorio-santos-cc-financeiro-tab-link-4\">Balancetes<\/a><\/li>\r\n            <\/ul>\r\n        <\/div><div style=\"border-top:7px solid #12bece;\" id=\"upa-central-indenizatorio-santos-cc-financeiro-tab-0\" class=\"rtbs_content active\"><div style=\"margin-top:30px; clear:both;\"><\/div><\/div><div style=\"border-top:7px solid #12bece;\" id=\"upa-central-indenizatorio-santos-cc-financeiro-tab-1\" class=\"rtbs_content\"><p><a href=\"https:\/\/fuabc.org.br\/portaldatransparencia\/wp-content\/uploads\/arquivos\/central_de_convenios\/upa_santos_indenizatorio_062022_receitas.xlsx\">Junho | 2022 | Valores Recebidos<\/a><\/p>\n<p><a href=\"https:\/\/fuabc.org.br\/portaldatransparencia\/wp-content\/uploads\/arquivos\/central_de_convenios\/upa_santos_indenizatorio_052022_receitas.xlsx\">Maio | 2022 | Valores Recebidos<\/a><\/p>\n<p><a href=\"https:\/\/fuabc.org.br\/portaldatransparencia\/wp-content\/uploads\/arquivos\/central_de_convenios\/upa_santos_indenizatorio_042022_receitas.xlsx\">Abril | 2022 | Valores Recebidos<\/a><\/p>\n<p><a href=\"https:\/\/fuabc.org.br\/portaldatransparencia\/wp-content\/uploads\/arquivos\/central_de_convenios\/upa_santos_indenizatorio_032022_receitas.xlsx\">Mar\u00e7o | 2022 | Valores Recebidos<\/a><\/p>\n<p><a href=\"https:\/\/fuabc.org.br\/portaldatransparencia\/wp-content\/uploads\/arquivos\/central_de_convenios\/upa_santos_022022_receitas.xlsx\">Fevereiro | 2022 | Valores Recebidos<\/a><\/p>\n<p><a href=\"https:\/\/fuabc.org.br\/portaldatransparencia\/wp-content\/uploads\/arquivos\/central_de_convenios\/upa_santos_indenizatorio_012022_receitas.xlsx\">Janeiro | 2022 | Valores Recebidos<\/a><\/p>\n<div style=\"margin-top:30px; clear:both;\"><\/div><\/div><div style=\"border-top:7px solid #12bece;\" id=\"upa-central-indenizatorio-santos-cc-financeiro-tab-2\" class=\"rtbs_content\"><p><a href=\"https:\/\/fuabc.org.br\/portaldatransparencia\/wp-content\/uploads\/arquivos\/central_de_convenios\/upa_santos_indenizatorio_062022_fornecedores.xlsx\">Junho | 2022 | Pagamentos a Fornecedores e Prestadores de Servi\u00e7os<\/a><\/p>\n<p><a href=\"https:\/\/fuabc.org.br\/portaldatransparencia\/wp-content\/uploads\/arquivos\/central_de_convenios\/upa_santos_indenizatorio_052022_fornecedores.xlsx\">Maio | 2022 | Pagamentos a Fornecedores e Prestadores de Servi\u00e7os<\/a><\/p>\n<p><a href=\"https:\/\/fuabc.org.br\/portaldatransparencia\/wp-content\/uploads\/arquivos\/central_de_convenios\/upa_santos_indenizatorio_042022_fornecedores.xlsx\">Abril | 2022 | Pagamentos a Fornecedores e Prestadores de Servi\u00e7os<\/a><\/p>\n<p><a href=\"https:\/\/fuabc.org.br\/portaldatransparencia\/wp-content\/uploads\/arquivos\/central_de_convenios\/upa_santos_indenizatorio_032022_fornecedores.xlsx\">Mar\u00e7o | 2022 | Pagamentos a Fornecedores e Prestadores de Servi\u00e7os<\/a><\/p>\n<p><a href=\"https:\/\/fuabc.org.br\/portaldatransparencia\/wp-content\/uploads\/arquivos\/central_de_convenios\/upa_santos_022022_fornecedores.xlsx\">Fevereiro | 2022 | Pagamentos a Fornecedores e Prestadores de Servi\u00e7os<\/a><\/p>\n<p><a href=\"https:\/\/fuabc.org.br\/portaldatransparencia\/wp-content\/uploads\/arquivos\/central_de_convenios\/upa_santos_indenizatorio_012022_fornecedores.xlsx\">Janeiro | 2022 | Pagamentos a Fornecedores e Prestadores de Servi\u00e7os<\/a><\/p>\n<div style=\"margin-top:30px; clear:both;\"><\/div><\/div><div style=\"border-top:7px solid #12bece;\" id=\"upa-central-indenizatorio-santos-cc-financeiro-tab-3\" class=\"rtbs_content\"><p><a href=\"https:\/\/fuabc.org.br\/portaldatransparencia\/wp-content\/uploads\/arquivos\/central_de_convenios\/upa_santos_indenizatorio_062022_rpa_autonomos.xlsx\">Junho | 2022 | Pagamentos a Prestadores de Servi\u00e7os (Pessoa F\u00edsica)<\/a><\/p>\n<p><a href=\"https:\/\/fuabc.org.br\/portaldatransparencia\/wp-content\/uploads\/arquivos\/central_de_convenios\/upa_santos_indenizatorio_052022_rpa_autonomos.xlsx\">Maio | 2022 | Pagamentos a Prestadores de Servi\u00e7os (Pessoa F\u00edsica)<\/a><\/p>\n<p><a href=\"https:\/\/fuabc.org.br\/portaldatransparencia\/wp-content\/uploads\/arquivos\/central_de_convenios\/upa_santos_indenizatorio_042022_rpa_autonomos.xlsx\">Abril | 2022 | Pagamentos a Prestadores de Servi\u00e7os (Pessoa F\u00edsica)<\/a><\/p>\n<p><a href=\"https:\/\/fuabc.org.br\/portaldatransparencia\/wp-content\/uploads\/arquivos\/central_de_convenios\/upa_santos_indenizatorio_032022_rpa_autonomos.xlsx\">Mar\u00e7o | 2022 | Pagamentos a Prestadores de Servi\u00e7os (Pessoa F\u00edsica)<\/a><\/p>\n<p><a href=\"https:\/\/fuabc.org.br\/portaldatransparencia\/wp-content\/uploads\/arquivos\/central_de_convenios\/upa_santos_022022_rpa_autonomos.xlsx\">Fevereiro | 2022 | Pagamentos a Prestadores de Servi\u00e7os (Pessoa F\u00edsica)<\/a><\/p>\n<p><a href=\"https:\/\/fuabc.org.br\/portaldatransparencia\/wp-content\/uploads\/arquivos\/central_de_convenios\/upa_santos_indenizatorio_012022_rpa_autonomos.xlsx\">Janeiro | 2022 | Pagamentos a Prestadores de Servi\u00e7os (Pessoa F\u00edsica)<\/a><\/p>\n<div style=\"margin-top:30px; clear:both;\"><\/div><\/div><div style=\"border-top:7px solid #12bece;\" id=\"upa-central-indenizatorio-santos-cc-financeiro-tab-4\" class=\"rtbs_content\"><p><a href=\"https:\/\/fuabc.org.br\/portaldatransparencia\/wp-content\/uploads\/arquivos\/central_de_convenios\/upa_santos_indenizatorio_062022_balancete.pdf\">Junho | 2022 | Balancete<\/a><br \/><a href=\"https:\/\/fuabc.org.br\/portaldatransparencia\/wp-content\/uploads\/arquivos\/central_de_convenios\/upa_santos_indenizatorio_052022_balancete.pdf\">Maio | 2022 | Balancete<\/a><br \/><a href=\"https:\/\/fuabc.org.br\/portaldatransparencia\/wp-content\/uploads\/arquivos\/central_de_convenios\/upa_santos_indenizatorio_042022_balancete.pdf\">Abril | 2022 | Balancete<\/a><br \/><a href=\"https:\/\/fuabc.org.br\/portaldatransparencia\/wp-content\/uploads\/arquivos\/central_de_convenios\/upa_santos_indenizatorio_032022_balancete.pdf\">Mar\u00e7o | 2022 | Balancete<\/a><br \/><a href=\"https:\/\/fuabc.org.br\/portaldatransparencia\/wp-content\/uploads\/arquivos\/central_de_convenios\/upa_santos_indenizatorio_0222_balancete.pdf\">Fevereiro | 2022 | Balancete<\/a><br \/><a href=\"https:\/\/fuabc.org.br\/portaldatransparencia\/wp-content\/uploads\/arquivos\/central_de_convenios\/upa_santos_indenizatorio_012022_balancete.pdf\">Janeiro | 2022 | Balancete<\/a><\/p>\n<div style=\"margin-top:30px; clear:both;\"><\/div><\/div>\r\n    <\/div>\r\n    \n\n\n\n<hr class=\"wp-block-separator\"\/>\n\n\n\n<h2 class=\"wp-block-heading\">Anos anteriores<\/h2>\n\n\n\n<p><\/p>\n\n\n\n<p>Legenda: RH-C\/S = RH &#8211; Cargos e Sal\u00e1rios |  RH-N\/C = Rela\u00e7\u00e3o Nominal\/Cargos | FIN-VR = Valores Recebidos |  FIN-FPS = Fornecedores e Prestadores de Servi\u00e7o | FIN-PF = Prestadores de Servi\u00e7os (Pessoa F\u00edsica) | FIN-BAL = Balancetes<\/p>\n\n\n\n<p><\/p>\n\n\n\n<div class=\"rtbs rtbs_tab_ori rtbs_2021-upa-central-indenizatorio-santos-cc\"><div class=\"rtbs_slug\" style=\"display:none\">2021-upa-central-indenizatorio-santos-cc<\/div><div class=\"rtbs_inactive_tab_background\" style=\"display:none\">whitesmoke<\/div><div class=\"rtbs_breakpoint\" style=\"display:none\">600<\/div><div class=\"rtbs_color\" style=\"display:none\">#12bece<\/div>\r\n        <div class=\"rtbs_menu\">\r\n            <ul>\r\n                <li class=\"mobile_toggle\">&zwnj;<\/li><li class=\"current\"><a style=\"background:#12bece\" class=\"active 2021-upa-central-indenizatorio-santos-cc-tab-link-0\" href=\"#\" data-tab=\"#2021-upa-central-indenizatorio-santos-cc-tab-0\">2021<\/a><\/li><li><a href=\"#\" data-tab=\"#2021-upa-central-indenizatorio-santos-cc-tab-1\" class=\"2021-upa-central-indenizatorio-santos-cc-tab-link-1\">RH-C\/S<\/a><\/li><li><a href=\"#\" data-tab=\"#2021-upa-central-indenizatorio-santos-cc-tab-2\" class=\"2021-upa-central-indenizatorio-santos-cc-tab-link-2\">RH-N\/C<\/a><\/li><li><a href=\"#\" data-tab=\"#2021-upa-central-indenizatorio-santos-cc-tab-3\" class=\"2021-upa-central-indenizatorio-santos-cc-tab-link-3\">FIN-VR<\/a><\/li><li><a href=\"#\" data-tab=\"#2021-upa-central-indenizatorio-santos-cc-tab-4\" class=\"2021-upa-central-indenizatorio-santos-cc-tab-link-4\">FIN-FPS<\/a><\/li><li><a href=\"#\" data-tab=\"#2021-upa-central-indenizatorio-santos-cc-tab-5\" class=\"2021-upa-central-indenizatorio-santos-cc-tab-link-5\">FIN-PF<\/a><\/li><li><a href=\"#\" data-tab=\"#2021-upa-central-indenizatorio-santos-cc-tab-6\" class=\"2021-upa-central-indenizatorio-santos-cc-tab-link-6\">FIN-BAL<\/a><\/li>\r\n            <\/ul>\r\n        <\/div><div style=\"border-top:7px solid #12bece;\" id=\"2021-upa-central-indenizatorio-santos-cc-tab-0\" class=\"rtbs_content active\"><div style=\"margin-top:30px; clear:both;\"><\/div><\/div><div style=\"border-top:7px solid #12bece;\" id=\"2021-upa-central-indenizatorio-santos-cc-tab-1\" class=\"rtbs_content\"><p><a href=\"https:\/\/fuabc.org.br\/portaldatransparencia\/wp-content\/uploads\/arquivos\/central_de_convenios\/upa_santos_indenizatorio_122021_cargos_salarios.xlsx\">Dezembro | 2021 | Cargos e Sal\u00e1rios<\/a><\/p>\n<p><a href=\"https:\/\/fuabc.org.br\/portaldatransparencia\/wp-content\/uploads\/arquivos\/central_de_convenios\/upa_santos_indenizatorio_112021_cargos_salarios.xlsx\">Novembro | 2021 | Cargos e Sal\u00e1rios<\/a><\/p>\n<p><a href=\"https:\/\/fuabc.org.br\/portaldatransparencia\/wp-content\/uploads\/arquivos\/central_de_convenios\/upa_santos_indenizatorio_102021_cargos_salarios.xlsx\">Outubro | 2021 | Cargos e Sal\u00e1rios<\/a><\/p>\n<div style=\"margin-top:30px; clear:both;\"><\/div><\/div><div style=\"border-top:7px solid #12bece;\" id=\"2021-upa-central-indenizatorio-santos-cc-tab-2\" class=\"rtbs_content\"><p><a href=\"https:\/\/fuabc.org.br\/portaldatransparencia\/wp-content\/uploads\/arquivos\/central_de_convenios\/upa_santos_indenizatorio_122021_cargos_funcionarios.xlsx\">Dezembro | 2021 | Rela\u00e7\u00e3o nominal dos cargos<\/a><\/p>\n<p><a href=\"https:\/\/fuabc.org.br\/portaldatransparencia\/wp-content\/uploads\/arquivos\/central_de_convenios\/upa_santos_indenizatorio_112021_cargos_funcionarios.xlsx\">Novembro | 2021 | Rela\u00e7\u00e3o nominal dos cargos<\/a><\/p>\n<p><a href=\"https:\/\/fuabc.org.br\/portaldatransparencia\/wp-content\/uploads\/arquivos\/central_de_convenios\/upa_santos_indenizatorio_102021_cargos_funcionarios.xlsx\">Outubro | 2021 | Rela\u00e7\u00e3o nominal dos cargos<\/a><\/p>\n<div style=\"margin-top:30px; clear:both;\"><\/div><\/div><div style=\"border-top:7px solid #12bece;\" id=\"2021-upa-central-indenizatorio-santos-cc-tab-3\" class=\"rtbs_content\"><p><a href=\"https:\/\/fuabc.org.br\/portaldatransparencia\/wp-content\/uploads\/arquivos\/central_de_convenios\/upa_santos_indenizatorio_122021_receitas.xlsx\">Dezembro | 2021 | Valores Recebidos<\/a><\/p>\n<p><a href=\"https:\/\/fuabc.org.br\/portaldatransparencia\/wp-content\/uploads\/arquivos\/central_de_convenios\/upa_santos_indenizatorio_112021_receitas.xlsx\">Novembro | 2021 | Valores Recebidos<\/a><\/p>\n<p><a href=\"https:\/\/fuabc.org.br\/portaldatransparencia\/wp-content\/uploads\/arquivos\/central_de_convenios\/upa_santos_indenizatorio_102021_receitas.xlsx\">Outubro | 2021 | Valores Recebidos<\/a><\/p>\n<div style=\"margin-top:30px; clear:both;\"><\/div><\/div><div style=\"border-top:7px solid #12bece;\" id=\"2021-upa-central-indenizatorio-santos-cc-tab-4\" class=\"rtbs_content\"><p><a href=\"https:\/\/fuabc.org.br\/portaldatransparencia\/wp-content\/uploads\/arquivos\/central_de_convenios\/upa_santos_indenizatorio_122021_fornecedores.xlsx\">Dezembro | 2021 | Pagamentos a Fornecedores e Prestadores de Servi\u00e7os<\/a><\/p>\n<p><a href=\"https:\/\/fuabc.org.br\/portaldatransparencia\/wp-content\/uploads\/arquivos\/central_de_convenios\/upa_santos_indenizatorio_112021_fornecedores.xlsx\">Novembro | 2021 | Pagamentos a Fornecedores e Prestadores de Servi\u00e7os<\/a><\/p>\n<p><a href=\"https:\/\/fuabc.org.br\/portaldatransparencia\/wp-content\/uploads\/arquivos\/central_de_convenios\/upa_santos_indenizatorio_102021_fornecedores.xlsx\">Outubro | 2021 | Pagamentos a Fornecedores e Prestadores de Servi\u00e7os<\/a><\/p>\n<div style=\"margin-top:30px; clear:both;\"><\/div><\/div><div style=\"border-top:7px solid #12bece;\" id=\"2021-upa-central-indenizatorio-santos-cc-tab-5\" class=\"rtbs_content\"><p><a href=\"https:\/\/fuabc.org.br\/portaldatransparencia\/wp-content\/uploads\/arquivos\/central_de_convenios\/upa_santos_indenizatorio_122021_rpa_autonomos.xlsx\">Dezembro | 2021 | Pagamentos a Prestadores de Servi\u00e7os (Pessoa F\u00edsica)<\/a><\/p>\n<p><a href=\"https:\/\/fuabc.org.br\/portaldatransparencia\/wp-content\/uploads\/arquivos\/central_de_convenios\/upa_santos_indenizatorio_112021_rpa_autonomos.xlsx\">Novembro | 2021 | Pagamentos a Prestadores de Servi\u00e7os (Pessoa F\u00edsica)<\/a><\/p>\n<p><a href=\"https:\/\/fuabc.org.br\/portaldatransparencia\/wp-content\/uploads\/arquivos\/central_de_convenios\/upa_santos_indenizatorio_102021_rpa_autonomos.xlsx\">Outubro | 2021 | Pagamentos a Prestadores de Servi\u00e7os (Pessoa F\u00edsica)<\/a><\/p>\n<div style=\"margin-top:30px; clear:both;\"><\/div><\/div><div style=\"border-top:7px solid #12bece;\" id=\"2021-upa-central-indenizatorio-santos-cc-tab-6\" class=\"rtbs_content\"><p><a href=\"https:\/\/fuabc.org.br\/portaldatransparencia\/wp-content\/uploads\/arquivos\/central_de_convenios\/upa_santos_indenizatorio_122021_balancete.pdf\">Dezembro | 2021 | Balancete<\/a><br \/><a href=\"https:\/\/fuabc.org.br\/portaldatransparencia\/wp-content\/uploads\/arquivos\/central_de_convenios\/upa_santos_indenizatorio_112021_balancete-1.pdf\">Novembro | 2021 | Balancete<\/a><br \/><a href=\"https:\/\/fuabc.org.br\/portaldatransparencia\/wp-content\/uploads\/arquivos\/central_de_convenios\/upa_santosII_102021_balancete.pdf\">Outubro | 2021 | Balancete<\/a><\/p>\n<div style=\"margin-top:30px; clear:both;\"><\/div><\/div>\r\n    <\/div>\r\n    \n","protected":false},"excerpt":{"rendered":"<p>Recursos Humanos (o comparativo entre as tabelas de RH deve ser feito pela aba &#8220;Matr\u00edcula&#8221;) Financeiro Anos anteriores Legenda: RH-C\/S = RH &#8211; Cargos e Sal\u00e1rios | RH-N\/C = Rela\u00e7\u00e3o Nominal\/Cargos | FIN-VR = Valores Recebidos | FIN-FPS = Fornecedores e Prestadores de Servi\u00e7o | FIN-PF = Prestadores de Servi\u00e7os (Pessoa F\u00edsica) | FIN-BAL = Balancetes<\/p>\n","protected":false},"author":1,"featured_media":0,"parent":0,"menu_order":0,"comment_status":"closed","ping_status":"closed","template":"template-portal.php","meta":{"_acf_changed":false,"footnotes":""},"class_list":["post-10658","page","type-page","status-publish","hentry"],"acf":[],"_links":{"self":[{"href":"https:\/\/fuabc.org.br\/portaldatransparencia\/wp-json\/wp\/v2\/pages\/10658","targetHints":{"allow":["GET"]}}],"collection":[{"href":"https:\/\/fuabc.org.br\/portaldatransparencia\/wp-json\/wp\/v2\/pages"}],"about":[{"href":"https:\/\/fuabc.org.br\/portaldatransparencia\/wp-json\/wp\/v2\/types\/page"}],"author":[{"embeddable":true,"href":"https:\/\/fuabc.org.br\/portaldatransparencia\/wp-json\/wp\/v2\/users\/1"}],"replies":[{"embeddable":true,"href":"https:\/\/fuabc.org.br\/portaldatransparencia\/wp-json\/wp\/v2\/comments?post=10658"}],"version-history":[{"count":2,"href":"https:\/\/fuabc.org.br\/portaldatransparencia\/wp-json\/wp\/v2\/pages\/10658\/revisions"}],"predecessor-version":[{"id":11642,"href":"https:\/\/fuabc.org.br\/portaldatransparencia\/wp-json\/wp\/v2\/pages\/10658\/revisions\/11642"}],"wp:attachment":[{"href":"https:\/\/fuabc.org.br\/portaldatransparencia\/wp-json\/wp\/v2\/media?parent=10658"}],"curies":[{"name":"wp","href":"https:\/\/api.w.org\/{rel}","templated":true}]}}