{"id":10667,"date":"2021-11-30T18:55:28","date_gmt":"2021-11-30T18:55:28","guid":{"rendered":"https:\/\/fuabc.org.br\/portaldatransparencia\/?page_id=10667"},"modified":"2022-03-04T18:21:31","modified_gmt":"2022-03-04T18:21:31","slug":"upa-central-de-santos","status":"publish","type":"page","link":"https:\/\/fuabc.org.br\/portaldatransparencia\/upa-central-de-santos\/","title":{"rendered":"UPA Central de Santos"},"content":{"rendered":"\n<p class=\"has-small-font-size\"><em>(Contrato encerrado em fevereiro de 2022)<\/em><\/p>\n\n\n\n<div style=\"height:21px\" aria-hidden=\"true\" class=\"wp-block-spacer\"><\/div>\n\n\n\n<p><a href=\"https:\/\/fuabc.org.br\/portaldatransparencia\/upa-central-indenizatorio-santos-central-de-convenios\/\">UPA Central Indenizat\u00f3rio | Santos | Central de Conv\u00eanios<\/a><\/p>\n\n\n\n<p><a href=\"https:\/\/fuabc.org.br\/portaldatransparencia\/upa-central-santos-central-de-convenios\/\">UPA Central | Santos | Central de Conv\u00eanios<\/a><\/p>\n","protected":false},"excerpt":{"rendered":"<p>(Contrato encerrado em fevereiro de 2022) UPA Central Indenizat\u00f3rio | Santos | Central de Conv\u00eanios UPA Central | Santos | Central de Conv\u00eanios<\/p>\n","protected":false},"author":1,"featured_media":0,"parent":0,"menu_order":0,"comment_status":"closed","ping_status":"closed","template":"template-portal.php","meta":{"_acf_changed":false,"footnotes":""},"class_list":["post-10667","page","type-page","status-publish","hentry"],"acf":[],"_links":{"self":[{"href":"https:\/\/fuabc.org.br\/portaldatransparencia\/wp-json\/wp\/v2\/pages\/10667","targetHints":{"allow":["GET"]}}],"collection":[{"href":"https:\/\/fuabc.org.br\/portaldatransparencia\/wp-json\/wp\/v2\/pages"}],"about":[{"href":"https:\/\/fuabc.org.br\/portaldatransparencia\/wp-json\/wp\/v2\/types\/page"}],"author":[{"embeddable":true,"href":"https:\/\/fuabc.org.br\/portaldatransparencia\/wp-json\/wp\/v2\/users\/1"}],"replies":[{"embeddable":true,"href":"https:\/\/fuabc.org.br\/portaldatransparencia\/wp-json\/wp\/v2\/comments?post=10667"}],"version-history":[{"count":3,"href":"https:\/\/fuabc.org.br\/portaldatransparencia\/wp-json\/wp\/v2\/pages\/10667\/revisions"}],"predecessor-version":[{"id":11869,"href":"https:\/\/fuabc.org.br\/portaldatransparencia\/wp-json\/wp\/v2\/pages\/10667\/revisions\/11869"}],"wp:attachment":[{"href":"https:\/\/fuabc.org.br\/portaldatransparencia\/wp-json\/wp\/v2\/media?parent=10667"}],"curies":[{"name":"wp","href":"https:\/\/api.w.org\/{rel}","templated":true}]}}