{"id":15614,"date":"2023-03-01T17:00:19","date_gmt":"2023-03-01T17:00:19","guid":{"rendered":"https:\/\/fuabc.org.br\/portaldatransparencia\/?page_id=15614"},"modified":"2025-09-24T17:29:03","modified_gmt":"2025-09-24T17:29:03","slug":"sao-bernardo-do-campo","status":"publish","type":"page","link":"https:\/\/fuabc.org.br\/portaldatransparencia\/sao-bernardo-do-campo\/","title":{"rendered":"S\u00e3o Bernardo do Campo"},"content":{"rendered":"\n<p><a href=\"https:\/\/fuabc.org.br\/portaldatransparencia\/50-secretaria-de-educacao-sbc-termo-de-colaboracao-n-225-2022\/\">50 | Secretaria de Educa\u00e7\u00e3o SBC \u2013 Termo de Colabora\u00e7\u00e3o n\u00b0 225\/2022<\/a><\/p>\n\n\n\n<p><a href=\"https:\/\/fuabc.org.br\/portaldatransparencia\/12-sao-bernardo-do-campo-cc\/\">12 \u2013 S\u00e3o Bernardo do Campo | CC<\/a> (encerrado)<\/p>\n\n\n\n<p><a href=\"https:\/\/fuabc.org.br\/portaldatransparencia\/09-adm-prestacao-de-servicos-cc\/\">09 \u2013 Secretaria de Assist\u00eancia Social de SBC \u2013 Termos de Presta\u00e7\u00e3o de Servi\u00e7o 104\/2021, 74\/2022 e 142\/2024<\/a><\/p>\n","protected":false},"excerpt":{"rendered":"<p>50 | Secretaria de Educa\u00e7\u00e3o SBC \u2013 Termo de Colabora\u00e7\u00e3o n\u00b0 225\/2022 12 \u2013 S\u00e3o Bernardo do Campo | CC (encerrado) 09 \u2013 Secretaria de Assist\u00eancia Social de SBC \u2013 Termos de Presta\u00e7\u00e3o de Servi\u00e7o 104\/2021, 74\/2022 e 142\/2024<\/p>\n","protected":false},"author":1,"featured_media":0,"parent":0,"menu_order":0,"comment_status":"closed","ping_status":"closed","template":"template-portal.php","meta":{"_acf_changed":false,"footnotes":""},"class_list":["post-15614","page","type-page","status-publish","hentry"],"acf":[],"_links":{"self":[{"href":"https:\/\/fuabc.org.br\/portaldatransparencia\/wp-json\/wp\/v2\/pages\/15614","targetHints":{"allow":["GET"]}}],"collection":[{"href":"https:\/\/fuabc.org.br\/portaldatransparencia\/wp-json\/wp\/v2\/pages"}],"about":[{"href":"https:\/\/fuabc.org.br\/portaldatransparencia\/wp-json\/wp\/v2\/types\/page"}],"author":[{"embeddable":true,"href":"https:\/\/fuabc.org.br\/portaldatransparencia\/wp-json\/wp\/v2\/users\/1"}],"replies":[{"embeddable":true,"href":"https:\/\/fuabc.org.br\/portaldatransparencia\/wp-json\/wp\/v2\/comments?post=15614"}],"version-history":[{"count":3,"href":"https:\/\/fuabc.org.br\/portaldatransparencia\/wp-json\/wp\/v2\/pages\/15614\/revisions"}],"predecessor-version":[{"id":26856,"href":"https:\/\/fuabc.org.br\/portaldatransparencia\/wp-json\/wp\/v2\/pages\/15614\/revisions\/26856"}],"wp:attachment":[{"href":"https:\/\/fuabc.org.br\/portaldatransparencia\/wp-json\/wp\/v2\/media?parent=15614"}],"curies":[{"name":"wp","href":"https:\/\/api.w.org\/{rel}","templated":true}]}}