{"id":210,"date":"2019-03-26T17:00:27","date_gmt":"2019-03-26T17:00:27","guid":{"rendered":"https:\/\/fuabc.org.br\/portaldatransparencia\/?page_id=210"},"modified":"2021-08-03T17:19:32","modified_gmt":"2021-08-03T17:19:32","slug":"plano-de-cargos-e-salarios-fundacao-do-abc","status":"publish","type":"page","link":"https:\/\/fuabc.org.br\/portaldatransparencia\/plano-de-cargos-e-salarios-fundacao-do-abc\/","title":{"rendered":"Plano de Cargos e Sal\u00e1rios | Funda\u00e7\u00e3o do ABC"},"content":{"rendered":"\n<div class=\"wp-block-file\"><a href=\"https:\/\/fuabc.org.br\/portaldatransparencia\/wp-content\/uploads\/arquivos\/fuabc\/fuabc_plano_de_cargos_e_salarios.pdf\">Plano de Cargos e Sal\u00e1rios | Funda\u00e7\u00e3o do ABC<\/a><\/div>\n","protected":false},"excerpt":{"rendered":"","protected":false},"author":1,"featured_media":0,"parent":0,"menu_order":0,"comment_status":"closed","ping_status":"closed","template":"template-home.php","meta":{"_acf_changed":false,"footnotes":""},"class_list":["post-210","page","type-page","status-publish","hentry"],"acf":[],"_links":{"self":[{"href":"https:\/\/fuabc.org.br\/portaldatransparencia\/wp-json\/wp\/v2\/pages\/210","targetHints":{"allow":["GET"]}}],"collection":[{"href":"https:\/\/fuabc.org.br\/portaldatransparencia\/wp-json\/wp\/v2\/pages"}],"about":[{"href":"https:\/\/fuabc.org.br\/portaldatransparencia\/wp-json\/wp\/v2\/types\/page"}],"author":[{"embeddable":true,"href":"https:\/\/fuabc.org.br\/portaldatransparencia\/wp-json\/wp\/v2\/users\/1"}],"replies":[{"embeddable":true,"href":"https:\/\/fuabc.org.br\/portaldatransparencia\/wp-json\/wp\/v2\/comments?post=210"}],"version-history":[{"count":1,"href":"https:\/\/fuabc.org.br\/portaldatransparencia\/wp-json\/wp\/v2\/pages\/210\/revisions"}],"predecessor-version":[{"id":8989,"href":"https:\/\/fuabc.org.br\/portaldatransparencia\/wp-json\/wp\/v2\/pages\/210\/revisions\/8989"}],"wp:attachment":[{"href":"https:\/\/fuabc.org.br\/portaldatransparencia\/wp-json\/wp\/v2\/media?parent=210"}],"curies":[{"name":"wp","href":"https:\/\/api.w.org\/{rel}","templated":true}]}}