{"id":215,"date":"2019-03-26T17:06:48","date_gmt":"2019-03-26T17:06:48","guid":{"rendered":"https:\/\/fuabc.org.br\/portaldatransparencia\/?page_id=215"},"modified":"2026-03-06T16:54:45","modified_gmt":"2026-03-06T16:54:45","slug":"dirigentes-fundacao-do-abc","status":"publish","type":"page","link":"https:\/\/fuabc.org.br\/portaldatransparencia\/dirigentes-fundacao-do-abc\/","title":{"rendered":"Organograma e Dirigentes | Funda\u00e7\u00e3o do ABC"},"content":{"rendered":"\n<div style=\"height:17px\" aria-hidden=\"true\" class=\"wp-block-spacer\"><\/div>\n\n\n\n<div style=\"height:17px\" aria-hidden=\"true\" class=\"wp-block-spacer\"><\/div>\n\n\n\n<p>\u27a1\ufe0f <strong><a href=\"https:\/\/fuabc.org.br\/portaldatransparencia\/wp-content\/uploads\/2025\/06\/Ata-no-21-2023-Eleicao-Gestao-2024-2025.pdf\">Ata de Elei\u00e7\u00e3o da Presid\u00eancia e Vice-Presid\u00eancia da Funda\u00e7\u00e3o do ABC &#8211; 30\/11\/2023<\/a><\/strong> <\/p>\n\n\n\n<div style=\"height:17px\" aria-hidden=\"true\" class=\"wp-block-spacer\"><\/div>\n\n\n\n<hr class=\"wp-block-separator has-css-opacity\"\/>\n\n\n\n<p><strong>Rela\u00e7\u00e3o nominal dos dirigentes das unidades da Funda\u00e7\u00e3o ABC<\/strong><\/p>\n\n\n\n<hr class=\"wp-block-separator has-alpha-channel-opacity\"\/>\n\n\n\n<div style=\"height:26px\" aria-hidden=\"true\" class=\"wp-block-spacer\"><\/div>\n\n\n\n<p><a href=\"https:\/\/fuabc.org.br\/portaldatransparencia\/wp-content\/uploads\/2026\/03\/organograma_portal_transparencia_fuabc_fevereiro_2026.pdf\">Fevereiro | 2026<\/a><\/p>\n\n\n\n<p><a href=\"https:\/\/fuabc.org.br\/portaldatransparencia\/wp-content\/uploads\/arquivos\/fuabc\/organograma_portal_transparencia_fuabc_janeiro_2026.pdf\">Janeiro | 2026<\/a><\/p>\n\n\n\n<div style=\"height:26px\" aria-hidden=\"true\" class=\"wp-block-spacer\"><\/div>\n\n\n\n<h2 class=\"wp-block-heading\">Anos anteriores<\/h2>\n\n\n\n<div class=\"rtbs rtbs_tab_ori rtbs_dirigentes-fundacao-do-abc\"><div class=\"rtbs_slug\" style=\"display:none\">dirigentes-fundacao-do-abc<\/div><div class=\"rtbs_inactive_tab_background\" style=\"display:none\">whitesmoke<\/div><div class=\"rtbs_breakpoint\" style=\"display:none\">600<\/div><div class=\"rtbs_color\" style=\"display:none\">#12bece<\/div>\r\n        <div class=\"rtbs_menu\">\r\n            <ul>\r\n                <li class=\"mobile_toggle\">&zwnj;<\/li><li class=\"current\"><a style=\"background:#12bece\" class=\"active dirigentes-fundacao-do-abc-tab-link-0\" href=\"#\" data-tab=\"#dirigentes-fundacao-do-abc-tab-0\">Ano:<\/a><\/li><li><a href=\"#\" data-tab=\"#dirigentes-fundacao-do-abc-tab-1\" class=\"dirigentes-fundacao-do-abc-tab-link-1\">2025<\/a><\/li><li><a href=\"#\" data-tab=\"#dirigentes-fundacao-do-abc-tab-2\" class=\"dirigentes-fundacao-do-abc-tab-link-2\">2024<\/a><\/li><li><a href=\"#\" data-tab=\"#dirigentes-fundacao-do-abc-tab-3\" class=\"dirigentes-fundacao-do-abc-tab-link-3\">2023<\/a><\/li><li><a href=\"#\" data-tab=\"#dirigentes-fundacao-do-abc-tab-4\" class=\"dirigentes-fundacao-do-abc-tab-link-4\">2022<\/a><\/li><li><a href=\"#\" data-tab=\"#dirigentes-fundacao-do-abc-tab-5\" class=\"dirigentes-fundacao-do-abc-tab-link-5\">2021<\/a><\/li><li><a href=\"#\" data-tab=\"#dirigentes-fundacao-do-abc-tab-6\" class=\"dirigentes-fundacao-do-abc-tab-link-6\">2020<\/a><\/li><li><a href=\"#\" data-tab=\"#dirigentes-fundacao-do-abc-tab-7\" class=\"dirigentes-fundacao-do-abc-tab-link-7\">2019<\/a><\/li>\r\n            <\/ul>\r\n        <\/div><div style=\"border-top:7px solid #12bece;\" id=\"dirigentes-fundacao-do-abc-tab-0\" class=\"rtbs_content active\"><div style=\"margin-top:30px; clear:both;\"><\/div><\/div><div style=\"border-top:7px solid #12bece;\" id=\"dirigentes-fundacao-do-abc-tab-1\" class=\"rtbs_content\"><p><a href=\"https:\/\/fuabc.org.br\/portaldatransparencia\/wp-content\/uploads\/arquivos\/fuabc\/organograma_portal_transparencia_fuabc_dezembro.pdf\">Dezembro | 2025<\/a><br \/><a href=\"https:\/\/fuabc.org.br\/portaldatransparencia\/wp-content\/uploads\/arquivos\/fuabc\/organograma_portal_transparencia_fuabc_novembro_2025.pdf\">Novembro | 2025<\/a><br \/><a href=\"https:\/\/fuabc.org.br\/portaldatransparencia\/wp-content\/uploads\/arquivos\/fuabc\/organograma_portal_transparencia_fuabc_outubro_2025.pdf\">Outubro | 2025<\/a><br \/><a href=\"https:\/\/fuabc.org.br\/portaldatransparencia\/wp-content\/uploads\/arquivos\/fuabc\/organograma_portal_transparencia_fuabc_setembro_2025.pdf\">Setembro | 2025<br \/><\/a><a href=\"https:\/\/fuabc.org.br\/portaldatransparencia\/wp-content\/uploads\/arquivos\/fuabc\/organograma_portal_transparencia_fuabc_agosto_2025.pdf\">Agosto | 2025<\/a><br \/><a href=\"https:\/\/fuabc.org.br\/portaldatransparencia\/wp-content\/uploads\/arquivos\/fuabc\/organograma_portal_transparencia_fuabc_julho_2025.pdf\">Julho | 2025<\/a><br \/><a href=\"https:\/\/fuabc.org.br\/portaldatransparencia\/wp-content\/uploads\/arquivos\/fuabc\/organograma_portal_transparencia_fuabc_junho_2025.pdf\">Junho | 2025<\/a><br \/><a href=\"https:\/\/fuabc.org.br\/portaldatransparencia\/wp-content\/uploads\/arquivos\/fuabc\/organograma_portal_transparencia_fuabc_maio_2025.pdf\">Maio | 2025<\/a><br \/><a href=\"https:\/\/fuabc.org.br\/portaldatransparencia\/wp-content\/uploads\/arquivos\/fuabc\/organograma_portal_transparencia_fuabc_abril_2025.pdf\">Abril | 2025<\/a><br \/><a href=\"https:\/\/fuabc.org.br\/portaldatransparencia\/wp-content\/uploads\/arquivos\/fuabc\/organograma_portal_transparencia_fuabc_marco_2025.pdf\">Mar\u00e7o | 2025<\/a><br \/><a href=\"https:\/\/fuabc.org.br\/portaldatransparencia\/wp-content\/uploads\/arquivos\/fuabc\/organograma_portal_transparencia_fuabc_fevereiro_2025.pdf\">Fevereiro | 2025<\/a><br \/><a href=\"https:\/\/fuabc.org.br\/portaldatransparencia\/wp-content\/uploads\/arquivos\/fuabc\/organograma_portal_transparencia_fuabc_janeiro_2025.pdf\">Janeiro | 2025<\/a><\/p>\n<div style=\"margin-top:30px; clear:both;\"><\/div><\/div><div style=\"border-top:7px solid #12bece;\" id=\"dirigentes-fundacao-do-abc-tab-2\" class=\"rtbs_content\"><p><a href=\"https:\/\/fuabc.org.br\/portaldatransparencia\/wp-content\/uploads\/2024\/12\/organograma_portal_transparencia_fuabc_dezembro_2024.pdf\">Dezembro | 2024<\/a><br \/><a href=\"https:\/\/fuabc.org.br\/portaldatransparencia\/wp-content\/uploads\/2024\/12\/organograma_portal_transparencia_fuabc_novembro_2024.pdf\">Novembro | 2024<\/a><br \/><a href=\"https:\/\/fuabc.org.br\/portaldatransparencia\/wp-content\/uploads\/2024\/10\/organograma_portal_transparencia_fuabc_outubro_2024.pdf\">Outubro | 2024<\/a><br \/><a href=\"https:\/\/fuabc.org.br\/portaldatransparencia\/wp-content\/uploads\/2024\/10\/organograma_portal_transparencia_fuabc_setembro_2024.pdf\">Setembro | 2024<br \/><\/a><a href=\"https:\/\/fuabc.org.br\/portaldatransparencia\/wp-content\/uploads\/2024\/08\/organograma_portal_transparencia_fuabc_agosto_2024.pdf\">Agosto | 2024<br \/><\/a><a href=\"https:\/\/fuabc.org.br\/portaldatransparencia\/wp-content\/uploads\/2024\/08\/organograma_portal_transparencia_fuabc_julho_2024.pdf\">Julho | 2024<br \/><\/a><a href=\"https:\/\/fuabc.org.br\/portaldatransparencia\/wp-content\/uploads\/2024\/07\/organograma_portal_transparencia_fuabc_junho_2024.pdf\">Junho | 2024<br \/><\/a><a href=\"https:\/\/fuabc.org.br\/portaldatransparencia\/wp-content\/uploads\/2024\/07\/organograma_portal_transparencia_fuabc_maio_2024.pdf\">Maio | 2024<br \/><\/a><a href=\"https:\/\/fuabc.org.br\/portaldatransparencia\/wp-content\/uploads\/arquivos\/fuabc\/organograma_portal_transparencia_fuabc_abril_2024.pdf\">Abril | 2024<\/a><br \/><a href=\"https:\/\/fuabc.org.br\/portaldatransparencia\/wp-content\/uploads\/arquivos\/fuabc\/organograma_portal_transparencia_fuabc_marco_2024.pdf\">Mar\u00e7o | 2024<\/a><br \/><a href=\"https:\/\/fuabc.org.br\/portaldatransparencia\/wp-content\/uploads\/arquivos\/fuabc\/organograma_portal_transparencia_fuabc_fevereiro_2024.pdf\">Fevereiro | 2024<\/a><br \/><a href=\"https:\/\/fuabc.org.br\/portaldatransparencia\/wp-content\/uploads\/arquivos\/fuabc\/organograma_portal_transparencia_fuabc_janeiro_2024.pdf\">Janeiro | 2024<\/a><\/p>\n<div style=\"margin-top:30px; clear:both;\"><\/div><\/div><div style=\"border-top:7px solid #12bece;\" id=\"dirigentes-fundacao-do-abc-tab-3\" class=\"rtbs_content\"><p><!-- wp:paragraph --><\/p>\n<p><a href=\"https:\/\/fuabc.org.br\/portaldatransparencia\/wp-content\/uploads\/2023\/12\/organograma_portal_transparencia_fuabc_dezembro_2023.pdf\">Dezembro | 2023<\/a><br \/><a href=\"https:\/\/fuabc.org.br\/portaldatransparencia\/wp-content\/uploads\/2023\/11\/organograma_portal_transparencia_fuabc_novembro_2023.pdf\">Novembro | 2023<\/a><br \/><!-- wp:paragraph --><a href=\"https:\/\/fuabc.org.br\/portaldatransparencia\/wp-content\/uploads\/2023\/11\/organograma_portal_transparencia_fuabc_outubro_2023.pdf\">Outubro | 2023<\/a><br \/><a href=\"https:\/\/fuabc.org.br\/portaldatransparencia\/wp-content\/uploads\/2023\/09\/organograma_portal_transparencia_fuabc_setembro_2023.pdf\">Setembro | 2023<\/a><br \/><a href=\"https:\/\/fuabc.org.br\/portaldatransparencia\/wp-content\/uploads\/2023\/08\/organograma_portal_transparencia_fuabc_agosto_2023.pdf\">Agosto | 2023<\/a><br \/><a href=\"https:\/\/fuabc.org.br\/portaldatransparencia\/wp-content\/uploads\/2023\/07\/organograma_portal_transparencia_fuabc_julho_2023.pdf\">Julho | 2023<\/a><br \/><a href=\"https:\/\/fuabc.org.br\/portaldatransparencia\/wp-content\/uploads\/2023\/07\/organograma_portal_transparencia_fuabc_junho_2023.pdf\">Junho | 2023<\/a><br \/><a href=\"https:\/\/fuabc.org.br\/portaldatransparencia\/wp-content\/uploads\/2023\/05\/organograma_portal_transparencia_fuabc_maio_2023.pdf\">Maio | 2023<\/a><br \/><a href=\"https:\/\/fuabc.org.br\/portaldatransparencia\/wp-content\/uploads\/2023\/05\/organograma_portal_transparencia_fuabc_abril_2023.pdf\">Abril | 2023<\/a><!-- \/wp:paragraph --><br \/><!-- wp:paragraph --><a href=\"https:\/\/fuabc.org.br\/portaldatransparencia\/wp-content\/uploads\/2023\/03\/fuabc_dirigentes_march_2023.pdf\">Mar\u00e7o | 2023<\/a><br \/><a href=\"https:\/\/fuabc.org.br\/portaldatransparencia\/wp-content\/uploads\/2023\/02\/fuabc_dirigentes_fevereiro_2023.pdf\">Fevereiro | 2023<\/a><br \/><a href=\"https:\/\/fuabc.org.br\/portaldatransparencia\/wp-content\/uploads\/arquivos\/central_de_convenios\/fuabc_dirigentes_janeiro_2023.pdf\">Janeiro | 2023<\/a><\/p>\n<p><!-- \/wp:paragraph --><\/p>\n<p><!-- \/wp:paragraph --><\/p>\n<div style=\"margin-top:30px; clear:both;\"><\/div><\/div><div style=\"border-top:7px solid #12bece;\" id=\"dirigentes-fundacao-do-abc-tab-4\" class=\"rtbs_content\"><p><!-- wp:paragraph --><\/p>\n<p><a href=\"https:\/\/fuabc.org.br\/portaldatransparencia\/wp-content\/uploads\/arquivos\/fuabc\/fuabc_dirigentes_dezembro_2022.pdf\">Dezembro | 2022<\/a><br \/><a href=\"https:\/\/fuabc.org.br\/portaldatransparencia\/wp-content\/uploads\/arquivos\/fuabc\/fuabc_dirigentes_novembro_2022.pdf\">Novembro | 2022<\/a><br \/><a href=\"https:\/\/fuabc.org.br\/portaldatransparencia\/wp-content\/uploads\/2022\/10\/fuabc_dirigentes_outubro_2022.pdf\">Outubro | 2022<\/a><br \/><a href=\"https:\/\/fuabc.org.br\/portaldatransparencia\/wp-content\/uploads\/2022\/09\/fuabc_dirigentes_setembro_2022.pdf\">Setembro | 2022<\/a><br \/><a href=\"https:\/\/fuabc.org.br\/portaldatransparencia\/wp-content\/uploads\/2022\/08\/fuabc_dirigentes_agosto_2022.pdf\">Agosto | 2022<\/a><br \/><a href=\"https:\/\/fuabc.org.br\/portaldatransparencia\/wp-content\/uploads\/arquivos\/fuabc\/fuabc_dirigentes_julho_2022.pdf\">Julho | 2022<\/a><br \/><a href=\"https:\/\/fuabc.org.br\/portaldatransparencia\/wp-content\/uploads\/arquivos\/fuabc\/fuabc_dirigentes_junho_2022.pdf\">Junho | 2022<\/a><br \/><a href=\"https:\/\/fuabc.org.br\/portaldatransparencia\/wp-content\/uploads\/arquivos\/fuabc\/fuabc_dirigentes_maio_2022.pdf\">Maio | 2022<\/a><br \/><a href=\"https:\/\/fuabc.org.br\/portaldatransparencia\/wp-content\/uploads\/arquivos\/fuabc\/fuabc_dirigentes_abril_2022.pdf\">Abril | 2022<\/a><br \/><a href=\"https:\/\/fuabc.org.br\/portaldatransparencia\/wp-content\/uploads\/arquivos\/fuabc\/fuabc_dirigentes_marco_2022.pdf\">Mar\u00e7o | 2022<\/a><br \/><a href=\"https:\/\/fuabc.org.br\/portaldatransparencia\/wp-content\/uploads\/arquivos\/fuabc\/fuabc_dirigentes_fevereiro_2022.pdf\">Fevereiro | 2022<\/a><br \/><a href=\"https:\/\/fuabc.org.br\/portaldatransparencia\/wp-content\/uploads\/arquivos\/fuabc\/fuabc_dirigentes_janeiro_2022.pdf\">Janeiro | 2022<\/a><\/p>\n<p><!-- \/wp:paragraph --><\/p>\n<div style=\"margin-top:30px; clear:both;\"><\/div><\/div><div style=\"border-top:7px solid #12bece;\" id=\"dirigentes-fundacao-do-abc-tab-5\" class=\"rtbs_content\"><p><a href=\"https:\/\/fuabc.org.br\/portaldatransparencia\/wp-content\/uploads\/arquivos\/fuabc\/fuabc_dirigentes_dezembro_2021.pdf\">Dezembro | 2021<\/a><br \/><a href=\"https:\/\/fuabc.org.br\/portaldatransparencia\/wp-content\/uploads\/arquivos\/fuabc\/fuabc_dirigentes_novembro_2021.pdf\">Novembro | 2021<\/a><br \/><a href=\"https:\/\/fuabc.org.br\/portaldatransparencia\/wp-content\/uploads\/arquivos\/fuabc\/fuabc_dirigentes_outubro_2021.pdf\">Outubro | 2021<\/a><br \/><a href=\"https:\/\/fuabc.org.br\/portaldatransparencia\/wp-content\/uploads\/arquivos\/fuabc\/fuabc_dirigentes_setembro_2021.pdf\">Setembro | 2021<\/a><br \/><a href=\"https:\/\/fuabc.org.br\/portaldatransparencia\/wp-content\/uploads\/arquivos\/fuabc\/fuabc_dirigentes_agosto_2021.pdf\">Agosto | 2021<\/a><br \/><a href=\"https:\/\/fuabc.org.br\/portaldatransparencia\/wp-content\/uploads\/arquivos\/fuabc\/fuabc_dirigentes_julho_2021.pdf\">Julho | 2021<\/a><br \/><a href=\"https:\/\/fuabc.org.br\/portaldatransparencia\/wp-content\/uploads\/arquivos\/fuabc\/fuabc_dirigentes_junho_2021.pdf\">Junho | 2021<\/a><br \/><a href=\"https:\/\/fuabc.org.br\/portaldatransparencia\/wp-content\/uploads\/arquivos\/fuabc\/fuabc_dirigentes_maio_2021.pdf\">Maio | 2021<\/a><br \/><a href=\"https:\/\/fuabc.org.br\/portaldatransparencia\/wp-content\/uploads\/arquivos\/fuabc\/fuabc_dirigentes_abril_2021.pdf\">Abril | 2021<\/a><br \/><a href=\"https:\/\/fuabc.org.br\/portaldatransparencia\/wp-content\/uploads\/2021\/03\/RELACAO_NOMINAL_DIRIGENTES_FUABC_Marco2021.pdf\">Mar\u00e7o | 2021<\/a><br \/><a href=\"https:\/\/fuabc.org.br\/portaldatransparencia\/wp-content\/uploads\/2021\/02\/RELACAO_NOMINAL_DIRIGENTES_FUABC_Fevereiro-2021-1.pdf\">Fevereiro | 2021<\/a><br \/><a href=\"https:\/\/fuabc.org.br\/portaldatransparencia\/wp-content\/uploads\/2021\/01\/fuabc_dirigentes_janeiro_2021.pdf\">Janeiro | 2021<\/a><\/p>\n<p><!-- \/wp:file --><\/p>\n<div style=\"margin-top:30px; clear:both;\"><\/div><\/div><div style=\"border-top:7px solid #12bece;\" id=\"dirigentes-fundacao-do-abc-tab-6\" class=\"rtbs_content\"><p><a href=\"https:\/\/fuabc.org.br\/portaldatransparencia\/wp-content\/uploads\/arquivos\/fuabc\/fuabc_dirigentes_dezembro_2020.pdf\">Dezembro | 2020<\/a><br \/><a href=\"https:\/\/fuabc.org.br\/portaldatransparencia\/wp-content\/uploads\/arquivos\/fuabc\/fuabc_dirigentes_novembro_2020.pdf\">Novembro | 2020<\/a><br \/><a href=\"https:\/\/fuabc.org.br\/portaldatransparencia\/wp-content\/uploads\/arquivos\/fuabc\/fuabc_dirigentes_outubro_2020.pdf\">Outubro | 2020<\/a><br \/><a href=\"https:\/\/fuabc.org.br\/portaldatransparencia\/wp-content\/uploads\/arquivos\/fuabc\/fuabc_dirigentes_setembro_2020.pdf\">Setembro | 2020<\/a><br \/><a href=\"https:\/\/fuabc.org.br\/portaldatransparencia\/wp-content\/uploads\/arquivos\/fuabc\/fuabc_dirigentes_agosto_2020.pdf\">Agosto | 2020<\/a><br \/><a href=\"https:\/\/fuabc.org.br\/portaldatransparencia\/wp-content\/uploads\/arquivos\/fuabc\/fuabc_dirigentes_julho_2020.pdf\">Julho | 2020<\/a><br \/><a href=\"https:\/\/fuabc.org.br\/portaldatransparencia\/wp-content\/uploads\/arquivos\/fuabc\/fuabc_dirigentes_junho_2020.pdf\">Junho | 2020<\/a><br \/><a href=\"https:\/\/fuabc.org.br\/portaldatransparencia\/wp-content\/uploads\/arquivos\/fuabc\/fuabc_dirigentes_maio_2020.pdf\">Maio | 2020<\/a><br \/><a href=\"https:\/\/fuabc.org.br\/portaldatransparencia\/wp-content\/uploads\/arquivos\/fuabc\/fuabc_dirigentes_abril_2020.pdf\">Abril | 2020<\/a><br \/><a href=\"https:\/\/fuabc.org.br\/portaldatransparencia\/wp-content\/uploads\/2020\/04\/fuabc_dirigentes_marco_2020.pdf\">Mar\u00e7o | 2020<\/a><br \/><a href=\"https:\/\/fuabc.org.br\/portaldatransparencia\/wp-content\/uploads\/2020\/04\/fuabc_dirigentes_fevereiro_2020.pdf\">Fevereiro | 2020<\/a><br \/><a href=\"https:\/\/fuabc.org.br\/portaldatransparencia\/wp-content\/uploads\/2020\/04\/fuabc_dirigentes_janeiro_2020.pdf\">Janeiro | 2020<\/a><\/p>\n<div style=\"margin-top:30px; clear:both;\"><\/div><\/div><div style=\"border-top:7px solid #12bece;\" id=\"dirigentes-fundacao-do-abc-tab-7\" class=\"rtbs_content\"><p><a href=\"https:\/\/fuabc.org.br\/portaldatransparencia\/wp-content\/uploads\/2020\/01\/fuabc_dirigentes_2020-2-scaled.jpg\">Dezembro | 2019 <\/a><br \/><a href=\"https:\/\/fuabc.org.br\/portaldatransparencia\/wp-content\/uploads\/arquivos\/fuabc\/fuabc_dirigentes_abril_2019.pdf\">Novembro | 2019 <\/a><br \/><a href=\"https:\/\/fuabc.org.br\/portaldatransparencia\/wp-content\/uploads\/arquivos\/fuabc\/fuabc_dirigentes_abril_2019.pdf\">Outubro | 2019 <\/a><br \/><a href=\"https:\/\/fuabc.org.br\/portaldatransparencia\/wp-content\/uploads\/arquivos\/fuabc\/fuabc_dirigentes_abril_2019.pdf\">Setembro | 2019 <\/a><br \/><a href=\"https:\/\/fuabc.org.br\/portaldatransparencia\/wp-content\/uploads\/arquivos\/fuabc\/fuabc_dirigentes_abril_2019.pdf\">Agosto | 2019 <\/a><br \/><a href=\"https:\/\/fuabc.org.br\/portaldatransparencia\/wp-content\/uploads\/arquivos\/fuabc\/fuabc_dirigentes_abril_2019.pdf\">Julho | 2019 <\/a><br \/><a href=\"https:\/\/fuabc.org.br\/portaldatransparencia\/wp-content\/uploads\/arquivos\/fuabc\/fuabc_dirigentes_abril_2019.pdf\">Junho | 2019 <\/a><br \/><a href=\"https:\/\/fuabc.org.br\/portaldatransparencia\/wp-content\/uploads\/arquivos\/fuabc\/fuabc_dirigentes_abril_2019.pdf\">Maio | 2019 <\/a><\/p>\n<div style=\"margin-top:30px; clear:both;\"><\/div><\/div>\r\n    <\/div>\r\n    \n","protected":false},"excerpt":{"rendered":"<p>\u27a1\ufe0f Ata de Elei\u00e7\u00e3o da Presid\u00eancia e Vice-Presid\u00eancia da Funda\u00e7\u00e3o do ABC &#8211; 30\/11\/2023 Rela\u00e7\u00e3o nominal dos dirigentes das unidades da Funda\u00e7\u00e3o ABC Fevereiro | 2026 Janeiro | 2026 Anos anteriores<\/p>\n","protected":false},"author":1,"featured_media":0,"parent":0,"menu_order":0,"comment_status":"closed","ping_status":"closed","template":"template-home.php","meta":{"_acf_changed":false,"footnotes":""},"class_list":["post-215","page","type-page","status-publish","hentry"],"acf":[],"_links":{"self":[{"href":"https:\/\/fuabc.org.br\/portaldatransparencia\/wp-json\/wp\/v2\/pages\/215","targetHints":{"allow":["GET"]}}],"collection":[{"href":"https:\/\/fuabc.org.br\/portaldatransparencia\/wp-json\/wp\/v2\/pages"}],"about":[{"href":"https:\/\/fuabc.org.br\/portaldatransparencia\/wp-json\/wp\/v2\/types\/page"}],"author":[{"embeddable":true,"href":"https:\/\/fuabc.org.br\/portaldatransparencia\/wp-json\/wp\/v2\/users\/1"}],"replies":[{"embeddable":true,"href":"https:\/\/fuabc.org.br\/portaldatransparencia\/wp-json\/wp\/v2\/comments?post=215"}],"version-history":[{"count":97,"href":"https:\/\/fuabc.org.br\/portaldatransparencia\/wp-json\/wp\/v2\/pages\/215\/revisions"}],"predecessor-version":[{"id":29437,"href":"https:\/\/fuabc.org.br\/portaldatransparencia\/wp-json\/wp\/v2\/pages\/215\/revisions\/29437"}],"wp:attachment":[{"href":"https:\/\/fuabc.org.br\/portaldatransparencia\/wp-json\/wp\/v2\/media?parent=215"}],"curies":[{"name":"wp","href":"https:\/\/api.w.org\/{rel}","templated":true}]}}