{"id":24552,"date":"2025-04-28T17:04:16","date_gmt":"2025-04-28T17:04:16","guid":{"rendered":"https:\/\/fuabc.org.br\/portaldatransparencia\/?page_id=24552"},"modified":"2026-03-30T19:01:46","modified_gmt":"2026-03-30T19:01:46","slug":"balanco-contabil-2023","status":"publish","type":"page","link":"https:\/\/fuabc.org.br\/portaldatransparencia\/balanco-contabil-2023\/","title":{"rendered":"Balan\u00e7o Cont\u00e1bil | 2023"},"content":{"rendered":"\n<p><a href=\"https:\/\/fuabc.org.br\/portaldatransparencia\/wp-content\/uploads\/arquivos\/fuabc\/fuabc_balancos_2023.pdf\">Balan\u00e7o Cont\u00e1bil | 2023<\/a><\/p>\n\n\n\n<div style=\"height:15px\" aria-hidden=\"true\" class=\"wp-block-spacer\"><\/div>\n\n\n\n<p><a href=\"https:\/\/fuabc.org.br\/portaldatransparencia\/wp-content\/uploads\/arquivos\/fuabc\/Relatorio-Anual-2023-CSSBC.pdf\">Relat\u00f3rio Complementar CSSBC \u2013 2023<\/a><\/p>\n\n\n\n<div style=\"height:15px\" aria-hidden=\"true\" class=\"wp-block-spacer\"><\/div>\n\n\n\n<p><strong>Publica\u00e7\u00e3o Oficial da Prefeitura do Munic\u00edpio de S\u00e3o Bernardo do Campo<\/strong><br>30 DE ABRIL DE 2024 &#8211; Ter\u00e7a-feira &#8211; Edi\u00e7\u00e3o Especial N\u00ba 2442.<br><a href=\"https:\/\/www.saobernardo.sp.gov.br\/documents\/10181\/1812128\/NM+2442+Especial+de+30.04.2024+-++Conte%C3%BAdo+Integral.pdf\/6f945d44-cc20-7036-31b8-904a7b58f46c\">https:\/\/www.saobernardo.sp.gov.br\/documents\/10181\/1812128\/NM+2442+Especial+de+30.04.2024+-++Conte%C3%BAdo+Integral.pdf\/6f945d44-cc20-7036-31b8-904a7b58f46c<\/a><\/p>\n\n\n\n<div style=\"height:15px\" aria-hidden=\"true\" class=\"wp-block-spacer\"><\/div>\n\n\n\n<p><strong>Di\u00e1rio Oficial Eletr\u00f4nico do Munic\u00edpio de S\u00e3o Caetano do Sul<\/strong><br>Edi\u00e7\u00e3o&nbsp;1860&nbsp;&#8211;&nbsp;30\/04\/2024&nbsp;(Ter\u00e7a-Feira).<br><a href=\"https:\/\/diariooficial.saocaetanodosul.sp.gov.br\/download\/VisualizadorDocumento.aspx?docID=1923\">https:\/\/diariooficial.saocaetanodosul.sp.gov.br\/download\/VisualizadorDocumento.aspx?docID=1923<\/a><\/p>\n","protected":false},"excerpt":{"rendered":"<p>Balan\u00e7o Cont\u00e1bil | 2023 Relat\u00f3rio Complementar CSSBC \u2013 2023 Publica\u00e7\u00e3o Oficial da Prefeitura do Munic\u00edpio de S\u00e3o Bernardo do Campo30 DE ABRIL DE 2024 &#8211; Ter\u00e7a-feira &#8211; Edi\u00e7\u00e3o Especial N\u00ba 2442.https:\/\/www.saobernardo.sp.gov.br\/documents\/10181\/1812128\/NM+2442+Especial+de+30.04.2024+-++Conte%C3%BAdo+Integral.pdf\/6f945d44-cc20-7036-31b8-904a7b58f46c Di\u00e1rio Oficial Eletr\u00f4nico do Munic\u00edpio de S\u00e3o Caetano do SulEdi\u00e7\u00e3o&nbsp;1860&nbsp;&#8211;&nbsp;30\/04\/2024&nbsp;(Ter\u00e7a-Feira).https:\/\/diariooficial.saocaetanodosul.sp.gov.br\/download\/VisualizadorDocumento.aspx?docID=1923<\/p>\n","protected":false},"author":1,"featured_media":0,"parent":0,"menu_order":0,"comment_status":"closed","ping_status":"closed","template":"template-portal.php","meta":{"_acf_changed":false,"footnotes":""},"class_list":["post-24552","page","type-page","status-publish","hentry"],"acf":[],"_links":{"self":[{"href":"https:\/\/fuabc.org.br\/portaldatransparencia\/wp-json\/wp\/v2\/pages\/24552","targetHints":{"allow":["GET"]}}],"collection":[{"href":"https:\/\/fuabc.org.br\/portaldatransparencia\/wp-json\/wp\/v2\/pages"}],"about":[{"href":"https:\/\/fuabc.org.br\/portaldatransparencia\/wp-json\/wp\/v2\/types\/page"}],"author":[{"embeddable":true,"href":"https:\/\/fuabc.org.br\/portaldatransparencia\/wp-json\/wp\/v2\/users\/1"}],"replies":[{"embeddable":true,"href":"https:\/\/fuabc.org.br\/portaldatransparencia\/wp-json\/wp\/v2\/comments?post=24552"}],"version-history":[{"count":3,"href":"https:\/\/fuabc.org.br\/portaldatransparencia\/wp-json\/wp\/v2\/pages\/24552\/revisions"}],"predecessor-version":[{"id":29515,"href":"https:\/\/fuabc.org.br\/portaldatransparencia\/wp-json\/wp\/v2\/pages\/24552\/revisions\/29515"}],"wp:attachment":[{"href":"https:\/\/fuabc.org.br\/portaldatransparencia\/wp-json\/wp\/v2\/media?parent=24552"}],"curies":[{"name":"wp","href":"https:\/\/api.w.org\/{rel}","templated":true}]}}