{"id":248,"date":"2019-03-28T12:47:05","date_gmt":"2019-03-28T12:47:05","guid":{"rendered":"https:\/\/fuabc.org.br\/portaldatransparencia\/?page_id=248"},"modified":"2019-03-28T12:57:00","modified_gmt":"2019-03-28T12:57:00","slug":"central-de-convenios","status":"publish","type":"page","link":"https:\/\/fuabc.org.br\/portaldatransparencia\/central-de-convenios\/","title":{"rendered":"Central de Conv\u00eanios"},"content":{"rendered":"\n<h2 class=\"wp-block-heading\">Recursos Humanos<\/h2>\n\n\n\n<div class=\"rtbs rtbs_tab_ori rtbs_central-de-convenios-rh\"><div class=\"rtbs_slug\" style=\"display:none\">central-de-convenios-rh<\/div><div class=\"rtbs_inactive_tab_background\" style=\"display:none\">whitesmoke<\/div><div class=\"rtbs_breakpoint\" style=\"display:none\">600<\/div><div class=\"rtbs_color\" style=\"display:none\">#1e73be<\/div>\r\n        <div class=\"rtbs_menu\">\r\n            <ul>\r\n                <li class=\"mobile_toggle\">&zwnj;<\/li><li class=\"current\"><a style=\"background:#1e73be\" class=\"active central-de-convenios-rh-tab-link-0\" href=\"#\" data-tab=\"#central-de-convenios-rh-tab-0\">2019<\/a><\/li><li><a href=\"#\" data-tab=\"#central-de-convenios-rh-tab-1\" class=\"central-de-convenios-rh-tab-link-1\">RH - Cargos e Sal\u00e1rios<\/a><\/li><li><a href=\"#\" data-tab=\"#central-de-convenios-rh-tab-2\" class=\"central-de-convenios-rh-tab-link-2\">Rela\u00e7\u00e3o Nominal\/Cargos<\/a><\/li>\r\n            <\/ul>\r\n        <\/div><div style=\"border-top:7px solid #1e73be;\" id=\"central-de-convenios-rh-tab-0\" class=\"rtbs_content active\"><div style=\"margin-top:30px; clear:both;\"><\/div><\/div><div style=\"border-top:7px solid #1e73be;\" id=\"central-de-convenios-rh-tab-1\" class=\"rtbs_content\"><p><a href=\"https:\/\/fuabc.org.br\/portaldatransparencia\/wp-content\/uploads\/arquivos\/central_de_convenios\/central_de_convenios_062019_cargos_salarios.pdf\">Junho | 2019 | Cargos e Sal\u00e1rios<\/a><\/p>\n<p><a href=\"https:\/\/fuabc.org.br\/portaldatransparencia\/wp-content\/uploads\/arquivos\/central_de_convenios\/central_de_convenios_052019_cargos_salarios.pdf\">Maio | 2019 | Cargos e Sal\u00e1rios<\/a><\/p>\n<p><a href=\"https:\/\/fuabc.org.br\/portaldatransparencia\/wp-content\/uploads\/arquivos\/central_de_convenios\/central_de_convenios_042019_cargos_salarios.pdf\">Abril | 2019 | Cargos e Sal\u00e1rios<\/a><\/p>\n<div style=\"margin-top:30px; clear:both;\"><\/div><\/div><div style=\"border-top:7px solid #1e73be;\" id=\"central-de-convenios-rh-tab-2\" class=\"rtbs_content\"><p><a href=\"https:\/\/fuabc.org.br\/portaldatransparencia\/wp-content\/uploads\/arquivos\/central_de_convenios\/central_de_convenios_062019_cargos_funcionarios.pdf\">Junho | 2019 | Rela\u00e7\u00e3o nominal dos cargos<\/a><\/p>\n<p><a href=\"https:\/\/fuabc.org.br\/portaldatransparencia\/wp-content\/uploads\/arquivos\/central_de_convenios\/central_de_convenios_052019_cargos_funcionarios.pdf\">Maio | 2019 | Rela\u00e7\u00e3o nominal dos cargos<\/a><\/p>\n<p><a href=\"https:\/\/fuabc.org.br\/portaldatransparencia\/wp-content\/uploads\/arquivos\/central_de_convenios\/central_de_convenios_042019_cargos_funcionarios.pdf\">Abril | 2019 | Rela\u00e7\u00e3o nominal dos cargos<\/a><\/p>\n<div style=\"margin-top:30px; clear:both;\"><\/div><\/div>\r\n    <\/div>\r\n    \n\n\n\n<h2 class=\"wp-block-heading\"> Financeiro <\/h2>\n\n\n\n<div class=\"rtbs rtbs_tab_ori rtbs_central-de-convenios-financeiro\"><div class=\"rtbs_slug\" style=\"display:none\">central-de-convenios-financeiro<\/div><div class=\"rtbs_inactive_tab_background\" style=\"display:none\">whitesmoke<\/div><div class=\"rtbs_breakpoint\" style=\"display:none\">600<\/div><div class=\"rtbs_color\" style=\"display:none\">#12bece<\/div>\r\n        <div class=\"rtbs_menu\">\r\n            <ul>\r\n                <li class=\"mobile_toggle\">&zwnj;<\/li><li class=\"current\"><a style=\"background:#12bece\" class=\"active central-de-convenios-financeiro-tab-link-0\" href=\"#\" data-tab=\"#central-de-convenios-financeiro-tab-0\">2019<\/a><\/li><li><a href=\"#\" data-tab=\"#central-de-convenios-financeiro-tab-1\" class=\"central-de-convenios-financeiro-tab-link-1\">Valores Recebidos<\/a><\/li><li><a href=\"#\" data-tab=\"#central-de-convenios-financeiro-tab-2\" class=\"central-de-convenios-financeiro-tab-link-2\">Fornecedores e Prestadores de Servi\u00e7o<\/a><\/li><li><a href=\"#\" data-tab=\"#central-de-convenios-financeiro-tab-3\" class=\"central-de-convenios-financeiro-tab-link-3\">Prestadores de Servi\u00e7os (Pessoa F\u00edsica)<\/a><\/li><li><a href=\"#\" data-tab=\"#central-de-convenios-financeiro-tab-4\" class=\"central-de-convenios-financeiro-tab-link-4\">Balancetes<\/a><\/li>\r\n            <\/ul>\r\n        <\/div><div style=\"border-top:7px solid #12bece;\" id=\"central-de-convenios-financeiro-tab-0\" class=\"rtbs_content active\"><div style=\"margin-top:30px; clear:both;\"><\/div><\/div><div style=\"border-top:7px solid #12bece;\" id=\"central-de-convenios-financeiro-tab-1\" class=\"rtbs_content\"><p>01 - Central de Conv\u00eanios | 02 - Central de Conv\u00eanios GH | 09 - Adm. Presta\u00e7\u00e3o de Servi\u00e7os | 10 - Administra\u00e7\u00e3o | 11 - Santo Andr\u00e9 | 12 - S\u00e3o Bernardo do Campo | 13 - S\u00e3o Caetano do Sul | 14 - Rio Grande da Serra | 15 - Mau\u00e1 | 16 - Ribeir\u00e3o Pires | 17 - Franco da Rocha | 18 - Caieiras | 19 - Guarulhos | 20 - Santo Andr\u00e9 II | 21 - Santo Andr\u00e9 Dislexia | 22 - Interlagos | 23 - Itatiba | 24 Dislexia - Termo Colabora\u00e7\u00e3o | 25 - Mogi das Cruzes | 26 - AME Itapevi | 27 \u2013 Hospital Municipal de Mogi das Cruzes<\/p>\n<p><a href=\"https:\/\/fuabc.org.br\/portaldatransparencia\/wp-content\/uploads\/arquivos\/central_de_convenios\/central_de_convenios_062019_receitas.pdf\">Junho | 2019 | Valores Recebidos<\/a><\/p>\n<p><a href=\"https:\/\/fuabc.org.br\/portaldatransparencia\/wp-content\/uploads\/arquivos\/central_de_convenios\/central_de_convenios_052019_receitas.pdf\">Maio | 2019 | Valores Recebidos<\/a><\/p>\n<p><a href=\"https:\/\/fuabc.org.br\/portaldatransparencia\/wp-content\/uploads\/arquivos\/central_de_convenios\/central_de_convenios_042019_receitas.pdf\">Abril | 2019 | Valores Recebidos<\/a><\/p>\n<div style=\"margin-top:30px; clear:both;\"><\/div><\/div><div style=\"border-top:7px solid #12bece;\" id=\"central-de-convenios-financeiro-tab-2\" class=\"rtbs_content\"><p>01 - Central de Conv\u00eanios | 02 - Central de Conv\u00eanios GH | 09 - Adm. Presta\u00e7\u00e3o de Servi\u00e7os | 10 - Administra\u00e7\u00e3o | 11 - Santo Andr\u00e9 | 12 - S\u00e3o Bernardo do Campo | 13 - S\u00e3o Caetano do Sul | 14 - Rio Grande da Serra | 15 - Mau\u00e1 | 16 - Ribeir\u00e3o Pires | 17 - Franco da Rocha | 18 - Caieiras | 19 - Guarulhos | 20 - Santo Andr\u00e9 II | 21 - Santo Andr\u00e9 Dislexia | 22 - Interlagos | 23 - Itatiba | 24 Dislexia - Termo Colabora\u00e7\u00e3o | 25 - Mogi das Cruzes | 26 - AME Itapevi | 27 \u2013 Hospital Municipal de Mogi das Cruzes<\/p>\n<p><a href=\"https:\/\/fuabc.org.br\/portaldatransparencia\/wp-content\/uploads\/arquivos\/central_de_convenios\/central_de_convenios_062019_fornecedores.pdf\">Junho | 2019 | Pagamentos a Fornecedores e Prestadores de Servi\u00e7os<\/a><\/p>\n<p><a href=\"https:\/\/fuabc.org.br\/portaldatransparencia\/wp-content\/uploads\/arquivos\/central_de_convenios\/central_de_convenios_052019_fornecedores.pdf\">Maio | 2019 | Pagamentos a Fornecedores e Prestadores de Servi\u00e7os<\/a><\/p>\n<p><a href=\"https:\/\/fuabc.org.br\/portaldatransparencia\/wp-content\/uploads\/arquivos\/central_de_convenios\/central_de_convenios_042019_fornecedores.pdf\">Abril | 2019 | Pagamentos a Fornecedores e Prestadores de Servi\u00e7os<\/a><\/p>\n<div style=\"margin-top:30px; clear:both;\"><\/div><\/div><div style=\"border-top:7px solid #12bece;\" id=\"central-de-convenios-financeiro-tab-3\" class=\"rtbs_content\"><p><a href=\"https:\/\/fuabc.org.br\/portaldatransparencia\/wp-content\/uploads\/arquivos\/central_de_convenios\/central_de_convenios_062019_rpa_autonomos.pdf\">Junho | 2019 | Pagamentos a Prestadores de Servi\u00e7os (Pessoa F\u00edsica)<\/a><\/p>\n<p><a href=\"https:\/\/fuabc.org.br\/portaldatransparencia\/wp-content\/uploads\/arquivos\/central_de_convenios\/central_de_convenios_052019_rpa_autonomos.pdf\">Maio | 2019 | Pagamentos a Prestadores de Servi\u00e7os (Pessoa F\u00edsica)<\/a><\/p>\n<p><a href=\"https:\/\/fuabc.org.br\/portaldatransparencia\/wp-content\/uploads\/arquivos\/central_de_convenios\/central_de_convenios_042019_rpa_autonomos.pdf\">Abril | 2019 | Pagamentos a Prestadores de Servi\u00e7os (Pessoa F\u00edsica)<\/a><\/p>\n<div style=\"margin-top:30px; clear:both;\"><\/div><\/div><div style=\"border-top:7px solid #12bece;\" id=\"central-de-convenios-financeiro-tab-4\" class=\"rtbs_content\"><p>(Obs.: Poder\u00e3o ocorrer altera\u00e7\u00f5es no balancete, tendo em vista o encerramento anual do balan\u00e7o em 31\/12).<\/p>\n<p><a href=\"https:\/\/fuabc.org.br\/portaldatransparencia\/central-de-convenios-balancetes-filiais-junho-2019\/\">Junho | 2019 | Balancete<\/a><\/p>\n<p><a href=\"https:\/\/fuabc.org.br\/portaldatransparencia\/central-de-convenios-balancetes-filiais-maio-2019\/\">Maio | 2019 | Balancete<\/a><\/p>\n<p><a href=\"https:\/\/fuabc.org.br\/portaldatransparencia\/central-de-convenios-balancetes-filiais-abril-2019\/\">Abril | 2019 | Balancete<\/a><\/p>\n<div style=\"margin-top:30px; clear:both;\"><\/div><\/div>\r\n    <\/div>\r\n    \n","protected":false},"excerpt":{"rendered":"<p>Recursos Humanos Financeiro<\/p>\n","protected":false},"author":1,"featured_media":0,"parent":0,"menu_order":0,"comment_status":"closed","ping_status":"closed","template":"template-portal.php","meta":{"_acf_changed":false,"footnotes":""},"class_list":["post-248","page","type-page","status-publish","hentry"],"acf":[],"_links":{"self":[{"href":"https:\/\/fuabc.org.br\/portaldatransparencia\/wp-json\/wp\/v2\/pages\/248","targetHints":{"allow":["GET"]}}],"collection":[{"href":"https:\/\/fuabc.org.br\/portaldatransparencia\/wp-json\/wp\/v2\/pages"}],"about":[{"href":"https:\/\/fuabc.org.br\/portaldatransparencia\/wp-json\/wp\/v2\/types\/page"}],"author":[{"embeddable":true,"href":"https:\/\/fuabc.org.br\/portaldatransparencia\/wp-json\/wp\/v2\/users\/1"}],"replies":[{"embeddable":true,"href":"https:\/\/fuabc.org.br\/portaldatransparencia\/wp-json\/wp\/v2\/comments?post=248"}],"version-history":[{"count":0,"href":"https:\/\/fuabc.org.br\/portaldatransparencia\/wp-json\/wp\/v2\/pages\/248\/revisions"}],"wp:attachment":[{"href":"https:\/\/fuabc.org.br\/portaldatransparencia\/wp-json\/wp\/v2\/media?parent=248"}],"curies":[{"name":"wp","href":"https:\/\/api.w.org\/{rel}","templated":true}]}}