{"id":24877,"date":"2025-05-07T19:14:01","date_gmt":"2025-05-07T19:14:01","guid":{"rendered":"https:\/\/fuabc.org.br\/portaldatransparencia\/?page_id=24877"},"modified":"2026-03-02T13:03:52","modified_gmt":"2026-03-02T13:03:52","slug":"mogi-das-cruzes-upa-jardim-universo","status":"publish","type":"page","link":"https:\/\/fuabc.org.br\/portaldatransparencia\/mogi-das-cruzes-upa-jardim-universo\/","title":{"rendered":"Mogi das Cruzes &#8211; UPA Jardim Universo"},"content":{"rendered":"\n<h2 class=\"wp-block-heading has-text-align-left\">Recursos Humanos<\/h2>\n\n\n\n<p><em>(o comparativo entre as tabelas de RH deve ser feito pela aba &#8220;Matr\u00edcula&#8221;<\/em>)<\/p>\n\n\n\n<div class=\"rtbs rtbs_tab_ori rtbs_upa-jardim-universo-rh\"><div class=\"rtbs_slug\" style=\"display:none\">upa-jardim-universo-rh<\/div><div class=\"rtbs_inactive_tab_background\" style=\"display:none\">whitesmoke<\/div><div class=\"rtbs_breakpoint\" style=\"display:none\">600<\/div><div class=\"rtbs_color\" style=\"display:none\">#12bece<\/div>\r\n        <div class=\"rtbs_menu\">\r\n            <ul>\r\n                <li class=\"mobile_toggle\">&zwnj;<\/li><li class=\"current\"><a style=\"background:#12bece\" class=\"active upa-jardim-universo-rh-tab-link-0\" href=\"#\" data-tab=\"#upa-jardim-universo-rh-tab-0\">2026<\/a><\/li><li><a href=\"#\" data-tab=\"#upa-jardim-universo-rh-tab-1\" class=\"upa-jardim-universo-rh-tab-link-1\">RH - Cargos e Sal\u00e1rios<\/a><\/li><li><a href=\"#\" data-tab=\"#upa-jardim-universo-rh-tab-2\" class=\"upa-jardim-universo-rh-tab-link-2\">Rela\u00e7\u00e3o Nominal\/Cargos<\/a><\/li>\r\n            <\/ul>\r\n        <\/div><div style=\"border-top:7px solid #12bece;\" id=\"upa-jardim-universo-rh-tab-0\" class=\"rtbs_content active\"><div style=\"margin-top:30px; clear:both;\"><\/div><\/div><div style=\"border-top:7px solid #12bece;\" id=\"upa-jardim-universo-rh-tab-1\" class=\"rtbs_content\"><p><a href=\"https:\/\/fuabc.org.br\/portaldatransparencia\/wp-content\/uploads\/arquivos\/unidade_de_apoio_administrativo\/mogi_ii-unidades_022026_cargos_salarios.xlsx\">Fevereiro | 2026 | Cargos e Sal\u00e1rios<\/a><\/p>\n<p><a href=\"https:\/\/fuabc.org.br\/portaldatransparencia\/wp-content\/uploads\/arquivos\/unidade_de_apoio_administrativo\/mogi_ii-unidades_012026_cargos_salarios.xlsx\">Janeiro | 2026 | Cargos e Sal\u00e1rios<\/a><\/p>\n<div style=\"margin-top:30px; clear:both;\"><\/div><\/div><div style=\"border-top:7px solid #12bece;\" id=\"upa-jardim-universo-rh-tab-2\" class=\"rtbs_content\"><p><a href=\"https:\/\/fuabc.org.br\/portaldatransparencia\/wp-content\/uploads\/arquivos\/unidade_de_apoio_administrativo\/mogi_ii-unidades_022026_cargos_funcionarios.xlsx\">Fevereiro | 2026 | Rela\u00e7\u00e3o nominal dos cargos<\/a><\/p>\n<p><a href=\"https:\/\/fuabc.org.br\/portaldatransparencia\/wp-content\/uploads\/arquivos\/unidade_de_apoio_administrativo\/mogi_ii-unidades_012026_cargos_funcionarios.xlsx\">Janeiro | 2026 | Rela\u00e7\u00e3o nominal dos cargos<\/a><\/p>\n<div style=\"margin-top:30px; clear:both;\"><\/div><\/div>\r\n    <\/div>\r\n    \n\n\n\n<h2 class=\"wp-block-heading\">Financeiro<\/h2>\n\n\n\n<div class=\"rtbs rtbs_tab_ori rtbs_upa-jardim-universo-financeiro\"><div class=\"rtbs_slug\" style=\"display:none\">upa-jardim-universo-financeiro<\/div><div class=\"rtbs_inactive_tab_background\" style=\"display:none\">whitesmoke<\/div><div class=\"rtbs_breakpoint\" style=\"display:none\">600<\/div><div class=\"rtbs_color\" style=\"display:none\">#1e73be<\/div>\r\n        <div class=\"rtbs_menu\">\r\n            <ul>\r\n                <li class=\"mobile_toggle\">&zwnj;<\/li><li class=\"current\"><a style=\"background:#1e73be\" class=\"active upa-jardim-universo-financeiro-tab-link-0\" href=\"#\" data-tab=\"#upa-jardim-universo-financeiro-tab-0\">2025<\/a><\/li><li><a href=\"#\" data-tab=\"#upa-jardim-universo-financeiro-tab-1\" class=\"upa-jardim-universo-financeiro-tab-link-1\">Valores Recebidos<\/a><\/li><li><a href=\"#\" data-tab=\"#upa-jardim-universo-financeiro-tab-2\" class=\"upa-jardim-universo-financeiro-tab-link-2\">Fornecedores e Prestadores de Servi\u00e7os<\/a><\/li><li><a href=\"#\" data-tab=\"#upa-jardim-universo-financeiro-tab-3\" class=\"upa-jardim-universo-financeiro-tab-link-3\">Prestadores de Servi\u00e7os (Pessoa F\u00edsica)<\/a><\/li><li><a href=\"#\" data-tab=\"#upa-jardim-universo-financeiro-tab-4\" class=\"upa-jardim-universo-financeiro-tab-link-4\">Balancetes<\/a><\/li>\r\n            <\/ul>\r\n        <\/div><div style=\"border-top:7px solid #1e73be;\" id=\"upa-jardim-universo-financeiro-tab-0\" class=\"rtbs_content active\"><div style=\"margin-top:30px; clear:both;\"><\/div><\/div><div style=\"border-top:7px solid #1e73be;\" id=\"upa-jardim-universo-financeiro-tab-1\" class=\"rtbs_content\"><p><a href=\"https:\/\/fuabc.org.br\/portaldatransparencia\/wp-content\/uploads\/arquivos\/unidade_de_apoio_administrativo\/mogi_ii-unidades_022026_receitas.xlsx\">Fevereiro | 2026 | Valores Recebidos<\/a><\/p>\n<p><a href=\"https:\/\/fuabc.org.br\/portaldatransparencia\/wp-content\/uploads\/arquivos\/unidade_de_apoio_administrativo\/mogi_ii-unidades_012026_receitas.xlsx\">Janeiro | 2026 | Valores Recebidos<\/a><\/p>\n<div style=\"margin-top:30px; clear:both;\"><\/div><\/div><div style=\"border-top:7px solid #1e73be;\" id=\"upa-jardim-universo-financeiro-tab-2\" class=\"rtbs_content\"><p><a href=\"https:\/\/fuabc.org.br\/portaldatransparencia\/wp-content\/uploads\/arquivos\/unidade_de_apoio_administrativo\/mogi_ii-unidades_022026_fornecedores.xlsx\">Fevereiro | 2026 | Pagamentos a Fornecedores e Prestadores de Servi\u00e7os<\/a><\/p>\n<p><a href=\"https:\/\/fuabc.org.br\/portaldatransparencia\/wp-content\/uploads\/arquivos\/unidade_de_apoio_administrativo\/mogi_ii-unidades_012026_fornecedores.xlsx\">Janeiro | 2026 | Pagamentos a Fornecedores e Prestadores de Servi\u00e7os<\/a><\/p>\n<div style=\"margin-top:30px; clear:both;\"><\/div><\/div><div style=\"border-top:7px solid #1e73be;\" id=\"upa-jardim-universo-financeiro-tab-3\" class=\"rtbs_content\"><p><a href=\"https:\/\/fuabc.org.br\/portaldatransparencia\/wp-content\/uploads\/arquivos\/unidade_de_apoio_administrativo\/mogi_ii-unidades_022026_rpa_autonomos.xlsx\">Fevereiro | 2026 | Pagamentos a Prestadores de Servi\u00e7os (Pessoa F\u00edsica)<\/a><\/p>\n<p><a href=\"https:\/\/fuabc.org.br\/portaldatransparencia\/wp-content\/uploads\/arquivos\/unidade_de_apoio_administrativo\/mogi_ii-unidades_012026_rpa_autonomos.xlsx\">Janeiro | 2026 | Pagamentos a Prestadores de Servi\u00e7os (Pessoa F\u00edsica)<\/a><\/p>\n<div style=\"margin-top:30px; clear:both;\"><\/div><\/div><div style=\"border-top:7px solid #1e73be;\" id=\"upa-jardim-universo-financeiro-tab-4\" class=\"rtbs_content\"><p><a href=\"https:\/\/fuabc.org.br\/portaldatransparencia\/wp-content\/uploads\/arquivos\/unidade_de_apoio_administrativo\/mogiII_filial03_022026_balancete.pdf\">Fevereiro | 2026 | Balancete<\/a><br \/><a href=\"https:\/\/fuabc.org.br\/portaldatransparencia\/wp-content\/uploads\/arquivos\/unidade_de_apoio_administrativo\/mogiII_filial03_012026_balancete.pdf\">Janeiro | 2026 | Balancete<\/a><\/p>\n<div style=\"margin-top:30px; clear:both;\"><\/div><\/div>\r\n    <\/div>\r\n    \n\n\n\n<h2 class=\"wp-block-heading has-text-align-left\">Dados do Contrato <\/h2>\n\n\n\n<div class=\"rtbs rtbs_tab_ori rtbs_upa-jardim-universo-dados-do-contrato\"><div class=\"rtbs_slug\" style=\"display:none\">upa-jardim-universo-dados-do-contrato<\/div><div class=\"rtbs_inactive_tab_background\" style=\"display:none\">whitesmoke<\/div><div class=\"rtbs_breakpoint\" style=\"display:none\">600<\/div><div class=\"rtbs_color\" style=\"display:none\">#12bece<\/div>\r\n        <div class=\"rtbs_menu\">\r\n            <ul>\r\n                <li class=\"mobile_toggle\">&zwnj;<\/li><li class=\"current\"><a style=\"background:#12bece\" class=\"active upa-jardim-universo-dados-do-contrato-tab-link-0\" href=\"#\" data-tab=\"#upa-jardim-universo-dados-do-contrato-tab-0\">Geral<\/a><\/li><li><a href=\"#\" data-tab=\"#upa-jardim-universo-dados-do-contrato-tab-1\" class=\"upa-jardim-universo-dados-do-contrato-tab-link-1\">Planos de Trabalho e Termos de Ajustes<\/a><\/li>\r\n            <\/ul>\r\n        <\/div><div style=\"border-top:7px solid #12bece;\" id=\"upa-jardim-universo-dados-do-contrato-tab-0\" class=\"rtbs_content active\"><div style=\"margin-top:30px; clear:both;\"><\/div><\/div><div style=\"border-top:7px solid #12bece;\" id=\"upa-jardim-universo-dados-do-contrato-tab-1\" class=\"rtbs_content\"><p><a href=\"https:\/\/fuabc.org.br\/portaldatransparencia\/wp-content\/uploads\/arquivos\/unidade_de_apoio_administrativo\/1o-Termo-Aditivo-CG-21-2025-UPA-Jd.-Universo.pdf\">1\u00ba Termo Aditivo CG 21-2025 - UPA Jd. Universo<\/a><br \/><a href=\"https:\/\/fuabc.org.br\/portaldatransparencia\/wp-content\/uploads\/arquivos\/unidade_de_apoio_administrativo\/UPA-Jardim-Universo-Contrato-de-Gestao.pdf\">UPA Jardim Universo - Contrato de Gest\u00e3o<\/a><\/p>\n<div style=\"margin-top:30px; clear:both;\"><\/div><\/div>\r\n    <\/div>\r\n    \n\n\n\n<hr class=\"wp-block-separator has-css-opacity\"\/>\n\n\n\n<h2 class=\"wp-block-heading\">Anos anteriores<\/h2>\n\n\n\n<p>Legenda: RH-C\/S = RH &#8211; Cargos e Sal\u00e1rios | RH-N\/C = Rela\u00e7\u00e3o Nominal\/Cargos | FIN-VR = Valores Recebidos | FIN-FPS = Fornecedores e Prestadores de Servi\u00e7o | FIN-PF = Prestadores de Servi\u00e7os (Pessoa F\u00edsica) | FIN-BAL = Balancetes<\/p>\n\n\n\n<div class=\"rtbs rtbs_tab_ori rtbs_2025-upa-jardim-universo\"><div class=\"rtbs_slug\" style=\"display:none\">2025-upa-jardim-universo<\/div><div class=\"rtbs_inactive_tab_background\" style=\"display:none\">whitesmoke<\/div><div class=\"rtbs_breakpoint\" style=\"display:none\">600<\/div><div class=\"rtbs_color\" style=\"display:none\">#12bece<\/div>\r\n        <div class=\"rtbs_menu\">\r\n            <ul>\r\n                <li class=\"mobile_toggle\">&zwnj;<\/li><li class=\"current\"><a style=\"background:#12bece\" class=\"active 2025-upa-jardim-universo-tab-link-0\" href=\"#\" data-tab=\"#2025-upa-jardim-universo-tab-0\">2025<\/a><\/li><li><a href=\"#\" data-tab=\"#2025-upa-jardim-universo-tab-1\" class=\"2025-upa-jardim-universo-tab-link-1\">RH-C\/S<\/a><\/li><li><a href=\"#\" data-tab=\"#2025-upa-jardim-universo-tab-2\" class=\"2025-upa-jardim-universo-tab-link-2\">RH-N\/C<\/a><\/li><li><a href=\"#\" data-tab=\"#2025-upa-jardim-universo-tab-3\" class=\"2025-upa-jardim-universo-tab-link-3\">FIN-VR<\/a><\/li><li><a href=\"#\" data-tab=\"#2025-upa-jardim-universo-tab-4\" class=\"2025-upa-jardim-universo-tab-link-4\">FIN-FPS<\/a><\/li><li><a href=\"#\" data-tab=\"#2025-upa-jardim-universo-tab-5\" class=\"2025-upa-jardim-universo-tab-link-5\">FIN-PF<\/a><\/li><li><a href=\"#\" data-tab=\"#2025-upa-jardim-universo-tab-6\" class=\"2025-upa-jardim-universo-tab-link-6\">FIN-BAL<\/a><\/li>\r\n            <\/ul>\r\n        <\/div><div style=\"border-top:7px solid #12bece;\" id=\"2025-upa-jardim-universo-tab-0\" class=\"rtbs_content active\"><div style=\"margin-top:30px; clear:both;\"><\/div><\/div><div style=\"border-top:7px solid #12bece;\" id=\"2025-upa-jardim-universo-tab-1\" class=\"rtbs_content\"><p><a href=\"https:\/\/fuabc.org.br\/portaldatransparencia\/wp-content\/uploads\/arquivos\/unidade_de_apoio_administrativo\/mogi_ii-unidades_122025_cargos_salarios.xlsx\">Dezembro | 2025 | Cargos e Sal\u00e1rios<\/a><\/p>\n<p><a href=\"https:\/\/fuabc.org.br\/portaldatransparencia\/wp-content\/uploads\/arquivos\/unidade_de_apoio_administrativo\/mogi_ii-unidades_112025_cargos_salarios.xlsx\">Novembro | 2025 | Cargos e Sal\u00e1rios<\/a><\/p>\n<p><a href=\"https:\/\/fuabc.org.br\/portaldatransparencia\/wp-content\/uploads\/arquivos\/unidade_de_apoio_administrativo\/mogi_ii-unidades_102025_cargos_salarios.xlsx\">Outubro | 2025 | Cargos e Sal\u00e1rios<\/a><\/p>\n<p><a href=\"https:\/\/fuabc.org.br\/portaldatransparencia\/wp-content\/uploads\/arquivos\/unidade_de_apoio_administrativo\/mogi_ii-unidades_092025_cargos_salarios.xlsx\">Setembro | 2025 | Cargos e Sal\u00e1rios<\/a><\/p>\n<p><a href=\"https:\/\/fuabc.org.br\/portaldatransparencia\/wp-content\/uploads\/arquivos\/unidade_de_apoio_administrativo\/mogi_ii-unidades_082025_cargos_salarios.xlsx\">Agosto | 2025 | Cargos e Sal\u00e1rios<\/a><\/p>\n<p><a href=\"https:\/\/fuabc.org.br\/portaldatransparencia\/wp-content\/uploads\/arquivos\/unidade_de_apoio_administrativo\/mogi_ii-unidades_072025_cargos_salarios.xlsx\">Julho | 2025 | Cargos e Sal\u00e1rios<\/a><\/p>\n<p><a href=\"https:\/\/fuabc.org.br\/portaldatransparencia\/wp-content\/uploads\/arquivos\/unidade_de_apoio_administrativo\/mogi_ii-unidades_062025_cargos_salarios.xlsx\">Junho | 2025 | Cargos e Sal\u00e1rios<\/a><\/p>\n<p><a href=\"https:\/\/fuabc.org.br\/portaldatransparencia\/wp-content\/uploads\/arquivos\/unidade_de_apoio_administrativo\/mogi_ii-emergencial_052025_cargos_salarios.xlsx\">Maio | 2025 | Cargos e Sal\u00e1rios<\/a><\/p>\n<p><a href=\"https:\/\/fuabc.org.br\/portaldatransparencia\/wp-content\/uploads\/arquivos\/unidade_de_apoio_administrativo\/mogi_ii-emergencial_042025_cargos_salarios.xlsx\">Abril | 2025 | Cargos e Sal\u00e1rios<\/a><\/p>\n<div style=\"margin-top:30px; clear:both;\"><\/div><\/div><div style=\"border-top:7px solid #12bece;\" id=\"2025-upa-jardim-universo-tab-2\" class=\"rtbs_content\"><p><a href=\"https:\/\/fuabc.org.br\/portaldatransparencia\/wp-content\/uploads\/arquivos\/unidade_de_apoio_administrativo\/mogi_ii-unidades_122025_cargos_funcionarios.xlsx\">Dezembro | 2025 | Rela\u00e7\u00e3o nominal dos cargos<\/a><\/p>\n<p><a href=\"https:\/\/fuabc.org.br\/portaldatransparencia\/wp-content\/uploads\/arquivos\/unidade_de_apoio_administrativo\/mogi_ii-unidades_112025_cargos_funcionarios.xlsx\">Novembro | 2025 | Rela\u00e7\u00e3o nominal dos cargos<\/a><\/p>\n<p><a href=\"https:\/\/fuabc.org.br\/portaldatransparencia\/wp-content\/uploads\/arquivos\/unidade_de_apoio_administrativo\/mogi_ii-unidades_102025_cargos_funcionarios.xlsx\">Outubro | 2025 | Rela\u00e7\u00e3o nominal dos cargos<\/a><\/p>\n<p><a href=\"https:\/\/fuabc.org.br\/portaldatransparencia\/wp-content\/uploads\/arquivos\/unidade_de_apoio_administrativo\/mogi_ii-unidades_092025_cargos_funcionarios.xlsx\">Setembro | 2025 | Rela\u00e7\u00e3o nominal dos cargos<\/a><\/p>\n<p><a href=\"https:\/\/fuabc.org.br\/portaldatransparencia\/wp-content\/uploads\/arquivos\/unidade_de_apoio_administrativo\/mogi_ii-unidades_082025_cargos_funcionarios.xlsx\">Agosto | 2025 | Rela\u00e7\u00e3o nominal dos cargos<\/a><\/p>\n<p><a href=\"https:\/\/fuabc.org.br\/portaldatransparencia\/wp-content\/uploads\/arquivos\/unidade_de_apoio_administrativo\/mogi_ii-unidades_072025_cargos_funcionarios.xlsx\">Julho | 2025 | Rela\u00e7\u00e3o nominal dos cargos<\/a><\/p>\n<p><a href=\"https:\/\/fuabc.org.br\/portaldatransparencia\/wp-content\/uploads\/arquivos\/unidade_de_apoio_administrativo\/mogi_ii-unidades_062025_cargos_funcionarios.xlsx\">Junho | 2025 | Rela\u00e7\u00e3o nominal dos cargos<\/a><\/p>\n<p><a href=\"https:\/\/fuabc.org.br\/portaldatransparencia\/wp-content\/uploads\/arquivos\/unidade_de_apoio_administrativo\/mogi_ii-emergencial_052025_cargos_funcionarios.xlsx\">Maio | 2025 | Rela\u00e7\u00e3o nominal dos cargos<\/a><\/p>\n<p><a href=\"https:\/\/fuabc.org.br\/portaldatransparencia\/wp-content\/uploads\/arquivos\/unidade_de_apoio_administrativo\/mogi_ii-emergencial_042025_cargos_funcionarios.xlsx\">Abril | 2025 | Rela\u00e7\u00e3o nominal dos cargos<\/a><\/p>\n<div style=\"margin-top:30px; clear:both;\"><\/div><\/div><div style=\"border-top:7px solid #12bece;\" id=\"2025-upa-jardim-universo-tab-3\" class=\"rtbs_content\"><p><a href=\"https:\/\/fuabc.org.br\/portaldatransparencia\/wp-content\/uploads\/arquivos\/unidade_de_apoio_administrativo\/mogi_ii-unidades_122025_receitas.xlsx\">Dezembro | 2025 | Valores Recebidos<\/a><\/p>\n<p><a href=\"https:\/\/fuabc.org.br\/portaldatransparencia\/wp-content\/uploads\/arquivos\/unidade_de_apoio_administrativo\/mogi_ii-unidades_112025_receitas.xlsx\">Novembro | 2025 | Valores Recebidos<\/a><\/p>\n<p><a href=\"https:\/\/fuabc.org.br\/portaldatransparencia\/wp-content\/uploads\/arquivos\/unidade_de_apoio_administrativo\/mogi_ii-unidades_102025_receitas.xlsx\">Outubro | 2025 | Valores Recebidos<\/a><\/p>\n<p><a href=\"https:\/\/fuabc.org.br\/portaldatransparencia\/wp-content\/uploads\/arquivos\/unidade_de_apoio_administrativo\/mogi_ii-unidades_092025_receitas.xlsx\">Setembro | 2025 | Valores Recebidos<\/a><\/p>\n<p><a href=\"https:\/\/fuabc.org.br\/portaldatransparencia\/wp-content\/uploads\/arquivos\/unidade_de_apoio_administrativo\/mogi_ii-unidades_082025_receitas.xlsx\">Agosto | 2025 | Valores Recebidos<\/a><\/p>\n<p><a href=\"https:\/\/fuabc.org.br\/portaldatransparencia\/wp-content\/uploads\/arquivos\/unidade_de_apoio_administrativo\/mogi_ii-unidades_072025_receitas.xlsx\">Julho | 2025 | Valores Recebidos<\/a><\/p>\n<p><a href=\"https:\/\/fuabc.org.br\/portaldatransparencia\/wp-content\/uploads\/arquivos\/unidade_de_apoio_administrativo\/mogi_ii-unidades_062025_receitas.xlsx\">Junho | 2025 | Valores Recebidos<\/a><\/p>\n<p><a href=\"https:\/\/fuabc.org.br\/portaldatransparencia\/wp-content\/uploads\/arquivos\/unidade_de_apoio_administrativo\/mogi_ii-emergencial_052025_receitas.xlsx\">Maio | 2025 | Valores Recebidos<\/a><\/p>\n<p><a href=\"https:\/\/fuabc.org.br\/portaldatransparencia\/wp-content\/uploads\/arquivos\/unidade_de_apoio_administrativo\/mogi_ii-emergencial_042025_receitas.xlsx\">Abril | 2025 | Valores Recebidos<\/a><\/p>\n<div style=\"margin-top:30px; clear:both;\"><\/div><\/div><div style=\"border-top:7px solid #12bece;\" id=\"2025-upa-jardim-universo-tab-4\" class=\"rtbs_content\"><p><a href=\"https:\/\/fuabc.org.br\/portaldatransparencia\/wp-content\/uploads\/arquivos\/unidade_de_apoio_administrativo\/mogi_ii-unidades_122025_fornecedores.xlsx\">Dezembro | 2025 | Pagamentos a Fornecedores e Prestadores de Servi\u00e7os<\/a><\/p>\n<p><a href=\"https:\/\/fuabc.org.br\/portaldatransparencia\/wp-content\/uploads\/arquivos\/unidade_de_apoio_administrativo\/mogi_ii-unidades_112025_fornecedores.xlsx\">Novembro | 2025 | Pagamentos a Fornecedores e Prestadores de Servi\u00e7os<\/a><\/p>\n<p><a href=\"https:\/\/fuabc.org.br\/portaldatransparencia\/wp-content\/uploads\/arquivos\/unidade_de_apoio_administrativo\/mogi_ii-unidades_102025_fornecedores.xlsx\">Outubro | 2025 | Pagamentos a Fornecedores e Prestadores de Servi\u00e7os<\/a><\/p>\n<p><a href=\"https:\/\/fuabc.org.br\/portaldatransparencia\/wp-content\/uploads\/arquivos\/unidade_de_apoio_administrativo\/mogi_ii-unidades_092025_fornecedores.xlsx\">Setembro | 2025 | Pagamentos a Fornecedores e Prestadores de Servi\u00e7os<\/a><\/p>\n<p><a href=\"https:\/\/fuabc.org.br\/portaldatransparencia\/wp-content\/uploads\/arquivos\/unidade_de_apoio_administrativo\/mogi_ii-unidades_082025_fornecedores.xlsx\">Agosto | 2025 | Pagamentos a Fornecedores e Prestadores de Servi\u00e7os<\/a><\/p>\n<p><a href=\"https:\/\/fuabc.org.br\/portaldatransparencia\/wp-content\/uploads\/arquivos\/unidade_de_apoio_administrativo\/mogi_ii-unidades_072025_fornecedores.xlsx\">Julho | 2025 | Pagamentos a Fornecedores e Prestadores de Servi\u00e7os<\/a><\/p>\n<p><a href=\"https:\/\/fuabc.org.br\/portaldatransparencia\/wp-content\/uploads\/arquivos\/unidade_de_apoio_administrativo\/mogi_ii-unidades_062025_fornecedores.xlsx\">Junho | 2025 | Pagamentos a Fornecedores e Prestadores de Servi\u00e7os<\/a><\/p>\n<p><a href=\"https:\/\/fuabc.org.br\/portaldatransparencia\/wp-content\/uploads\/arquivos\/unidade_de_apoio_administrativo\/mogi_ii-emergencial_052025_fornecedores.xlsx\">Maio | 2025 | Pagamentos a Fornecedores e Prestadores de Servi\u00e7os<\/a><\/p>\n<p><a href=\"https:\/\/fuabc.org.br\/portaldatransparencia\/wp-content\/uploads\/arquivos\/unidade_de_apoio_administrativo\/mogi_ii-emergencial_042025_fornecedores.xlsx\">Abril | 2025 | Pagamentos a Fornecedores e Prestadores de Servi\u00e7os<\/a><\/p>\n<div style=\"margin-top:30px; clear:both;\"><\/div><\/div><div style=\"border-top:7px solid #12bece;\" id=\"2025-upa-jardim-universo-tab-5\" class=\"rtbs_content\"><p><a href=\"https:\/\/fuabc.org.br\/portaldatransparencia\/wp-content\/uploads\/arquivos\/unidade_de_apoio_administrativo\/mogi_ii-unidades_122025_rpa_autonomos.xlsx\">Dezembro | 2025 | Pagamentos a Prestadores de Servi\u00e7os (Pessoa F\u00edsica)<\/a><\/p>\n<p><a href=\"https:\/\/fuabc.org.br\/portaldatransparencia\/wp-content\/uploads\/arquivos\/unidade_de_apoio_administrativo\/mogi_ii-unidades_112025_rpa_autonomos.xlsx\">Novembro | 2025 | Pagamentos a Prestadores de Servi\u00e7os (Pessoa F\u00edsica)<\/a><\/p>\n<p><a href=\"https:\/\/fuabc.org.br\/portaldatransparencia\/wp-content\/uploads\/arquivos\/unidade_de_apoio_administrativo\/mogi_ii-unidades_102025_rpa_autonomos.xlsx\">Outubro | 2025 | Pagamentos a Prestadores de Servi\u00e7os (Pessoa F\u00edsica)<\/a><\/p>\n<p><a href=\"https:\/\/fuabc.org.br\/portaldatransparencia\/wp-content\/uploads\/arquivos\/unidade_de_apoio_administrativo\/mogi_ii-unidades_092025_rpa_autonomos.xlsx\">Setembro | 2025 | Pagamentos a Prestadores de Servi\u00e7os (Pessoa F\u00edsica)<\/a><\/p>\n<p><a href=\"https:\/\/fuabc.org.br\/portaldatransparencia\/wp-content\/uploads\/arquivos\/unidade_de_apoio_administrativo\/mogi_ii-unidades_082025_rpa_autonomos.xlsx\">Agosto | 2025 | Pagamentos a Prestadores de Servi\u00e7os (Pessoa F\u00edsica)<\/a><\/p>\n<p><a href=\"https:\/\/fuabc.org.br\/portaldatransparencia\/wp-content\/uploads\/arquivos\/unidade_de_apoio_administrativo\/mogi_ii-unidades_072025_rpa_autonomos.xlsx\">Julho | 2025 | Pagamentos a Prestadores de Servi\u00e7os (Pessoa F\u00edsica)<\/a><\/p>\n<p><a href=\"https:\/\/fuabc.org.br\/portaldatransparencia\/wp-content\/uploads\/arquivos\/unidade_de_apoio_administrativo\/mogi_ii-unidades_062025_rpa_autonomos.xlsx\">Junho | 2025 | Pagamentos a Prestadores de Servi\u00e7os (Pessoa F\u00edsica)<\/a><\/p>\n<p><a href=\"https:\/\/fuabc.org.br\/portaldatransparencia\/wp-content\/uploads\/arquivos\/unidade_de_apoio_administrativo\/mogi_ii-emergencial_052025_rpa_autonomos.xlsx\">Maio | 2025 | Pagamentos a Prestadores de Servi\u00e7os (Pessoa F\u00edsica)<\/a><\/p>\n<p><a href=\"https:\/\/fuabc.org.br\/portaldatransparencia\/wp-content\/uploads\/arquivos\/unidade_de_apoio_administrativo\/mogi_ii-emergencial_042025_rpa_autonomos.xlsx\">Abril | 2025 | Pagamentos a Prestadores de Servi\u00e7os (Pessoa F\u00edsica)<\/a><\/p>\n<div style=\"margin-top:30px; clear:both;\"><\/div><\/div><div style=\"border-top:7px solid #12bece;\" id=\"2025-upa-jardim-universo-tab-6\" class=\"rtbs_content\"><p><a href=\"https:\/\/fuabc.org.br\/portaldatransparencia\/wp-content\/uploads\/arquivos\/unidade_de_apoio_administrativo\/mogiII_filial03_122025_balancete.pdf\">Dezembro | 2025 | Balancete<\/a><br \/><a href=\"https:\/\/fuabc.org.br\/portaldatransparencia\/wp-content\/uploads\/arquivos\/unidade_de_apoio_administrativo\/mogi_filial03_112025_balancete.pdf\">Novembro | 2025 | Balancete<\/a><br \/><a href=\"https:\/\/fuabc.org.br\/portaldatransparencia\/wp-content\/uploads\/arquivos\/unidade_de_apoio_administrativo\/mogi_filial03_102025_balancete.pdf\">Outubro | 2025 | Balancete<\/a><a href=\"https:\/\/fuabc.org.br\/portaldatransparencia\/6576-2\/\"><br \/><\/a><a href=\"https:\/\/fuabc.org.br\/portaldatransparencia\/wp-content\/uploads\/arquivos\/unidade_de_apoio_administrativo\/mogiII_filial03_092025_balancete.pdf\">Setembro | 2025 | Balancete<\/a><a href=\"https:\/\/fuabc.org.br\/portaldatransparencia\/6576-2\/\"><br \/><\/a><a href=\"https:\/\/fuabc.org.br\/portaldatransparencia\/wp-content\/uploads\/arquivos\/unidade_de_apoio_administrativo\/mogiII_filial03_082025_balancete.pdf\">Agosto | 2025 | Balancete<\/a><a href=\"https:\/\/fuabc.org.br\/portaldatransparencia\/6576-2\/\"><br \/><\/a><a href=\"https:\/\/fuabc.org.br\/portaldatransparencia\/wp-content\/uploads\/arquivos\/unidade_de_apoio_administrativo\/mogiII_filial03_072025_balancete.pdf\">Julho | 2025 | Balancete<\/a><a href=\"https:\/\/fuabc.org.br\/portaldatransparencia\/6576-2\/\"><br \/><\/a><a href=\"https:\/\/fuabc.org.br\/portaldatransparencia\/wp-content\/uploads\/arquivos\/unidade_de_apoio_administrativo\/mogiII_filial03_062025_balancete.pdf\">Junho | 2025 | Balancete<\/a><a href=\"https:\/\/fuabc.org.br\/portaldatransparencia\/6576-2\/\"><br \/><\/a><a href=\"https:\/\/fuabc.org.br\/portaldatransparencia\/wp-content\/uploads\/arquivos\/unidade_de_apoio_administrativo\/mogi_ii_filial02_052025_balancete.pdf\">Maio | 2025 | Balancete<\/a><a href=\"https:\/\/fuabc.org.br\/portaldatransparencia\/6576-2\/\"><br \/><\/a><a href=\"https:\/\/fuabc.org.br\/portaldatransparencia\/wp-content\/uploads\/arquivos\/unidade_de_apoio_administrativo\/mogi_ii_filial02_042025_balancete.pdf\">Abril | 2025 | Balancete<\/a><\/p>\n<div style=\"margin-top:30px; clear:both;\"><\/div><\/div>\r\n    <\/div>\r\n    \n","protected":false},"excerpt":{"rendered":"<p>Recursos Humanos (o comparativo entre as tabelas de RH deve ser feito pela aba &#8220;Matr\u00edcula&#8221;) Financeiro Dados do Contrato Anos anteriores Legenda: RH-C\/S = RH &#8211; Cargos e Sal\u00e1rios | RH-N\/C = Rela\u00e7\u00e3o Nominal\/Cargos | FIN-VR = Valores Recebidos | FIN-FPS = Fornecedores e Prestadores de Servi\u00e7o | FIN-PF = Prestadores de Servi\u00e7os (Pessoa F\u00edsica) | FIN-BAL = Balancetes<\/p>\n","protected":false},"author":1,"featured_media":0,"parent":0,"menu_order":0,"comment_status":"closed","ping_status":"closed","template":"template-portal.php","meta":{"_acf_changed":false,"footnotes":""},"class_list":["post-24877","page","type-page","status-publish","hentry"],"acf":[],"_links":{"self":[{"href":"https:\/\/fuabc.org.br\/portaldatransparencia\/wp-json\/wp\/v2\/pages\/24877","targetHints":{"allow":["GET"]}}],"collection":[{"href":"https:\/\/fuabc.org.br\/portaldatransparencia\/wp-json\/wp\/v2\/pages"}],"about":[{"href":"https:\/\/fuabc.org.br\/portaldatransparencia\/wp-json\/wp\/v2\/types\/page"}],"author":[{"embeddable":true,"href":"https:\/\/fuabc.org.br\/portaldatransparencia\/wp-json\/wp\/v2\/users\/1"}],"replies":[{"embeddable":true,"href":"https:\/\/fuabc.org.br\/portaldatransparencia\/wp-json\/wp\/v2\/comments?post=24877"}],"version-history":[{"count":2,"href":"https:\/\/fuabc.org.br\/portaldatransparencia\/wp-json\/wp\/v2\/pages\/24877\/revisions"}],"predecessor-version":[{"id":29124,"href":"https:\/\/fuabc.org.br\/portaldatransparencia\/wp-json\/wp\/v2\/pages\/24877\/revisions\/29124"}],"wp:attachment":[{"href":"https:\/\/fuabc.org.br\/portaldatransparencia\/wp-json\/wp\/v2\/media?parent=24877"}],"curies":[{"name":"wp","href":"https:\/\/api.w.org\/{rel}","templated":true}]}}