{"id":25282,"date":"2025-06-03T13:55:54","date_gmt":"2025-06-03T13:55:54","guid":{"rendered":"https:\/\/fuabc.org.br\/portaldatransparencia\/?page_id=25282"},"modified":"2025-06-03T14:22:26","modified_gmt":"2025-06-03T14:22:26","slug":"61-hospital-ipiranga-10leitosuti","status":"publish","type":"page","link":"https:\/\/fuabc.org.br\/portaldatransparencia\/61-hospital-ipiranga-10leitosuti\/","title":{"rendered":"61 \u2013 Hospital Ipiranga \u2013 10 leitos de UTI"},"content":{"rendered":"\n<h2 class=\"wp-block-heading\">Recursos Humanos<\/h2>\n\n\n\n<p><em>(o comparativo entre as tabelas de RH deve ser feito pela aba &#8220;Matr\u00edcula&#8221;<\/em>)<\/p>\n\n\n\n<div class=\"rtbs rtbs_tab_ori rtbs_61-hospital-regional-de-ferraz-de-vasconcelos-uti-rh\"><div class=\"rtbs_slug\" style=\"display:none\">61-hospital-regional-de-ferraz-de-vasconcelos-uti-rh<\/div><div class=\"rtbs_inactive_tab_background\" style=\"display:none\">whitesmoke<\/div><div class=\"rtbs_breakpoint\" style=\"display:none\">600<\/div><div class=\"rtbs_color\" style=\"display:none\">#12bece<\/div>\r\n        <div class=\"rtbs_menu\">\r\n            <ul>\r\n                <li class=\"mobile_toggle\">&zwnj;<\/li><li class=\"current\"><a style=\"background:#12bece\" class=\"active 61-hospital-regional-de-ferraz-de-vasconcelos-uti-rh-tab-link-0\" href=\"#\" data-tab=\"#61-hospital-regional-de-ferraz-de-vasconcelos-uti-rh-tab-0\">2025<\/a><\/li><li><a href=\"#\" data-tab=\"#61-hospital-regional-de-ferraz-de-vasconcelos-uti-rh-tab-1\" class=\"61-hospital-regional-de-ferraz-de-vasconcelos-uti-rh-tab-link-1\">RH - Cargos e Sal\u00e1rios<\/a><\/li><li><a href=\"#\" data-tab=\"#61-hospital-regional-de-ferraz-de-vasconcelos-uti-rh-tab-2\" class=\"61-hospital-regional-de-ferraz-de-vasconcelos-uti-rh-tab-link-2\">Rela\u00e7\u00e3o Nominal\/Cargos<\/a><\/li>\r\n            <\/ul>\r\n        <\/div><div style=\"border-top:7px solid #12bece;\" id=\"61-hospital-regional-de-ferraz-de-vasconcelos-uti-rh-tab-0\" class=\"rtbs_content active\"><div style=\"margin-top:30px; clear:both;\"><\/div><\/div><div style=\"border-top:7px solid #12bece;\" id=\"61-hospital-regional-de-ferraz-de-vasconcelos-uti-rh-tab-1\" class=\"rtbs_content\"><p><a href=\"https:\/\/fuabc.org.br\/portaldatransparencia\/wp-content\/uploads\/arquivos\/unidade_de_apoio_administrativo\/filial61_122025_cargos_salarios.xlsx\">Dezembro | 2025 | Cargos e Sal\u00e1rios<\/a><\/p>\n<p><a href=\"https:\/\/fuabc.org.br\/portaldatransparencia\/wp-content\/uploads\/arquivos\/unidade_de_apoio_administrativo\/filial61_112025_cargos_salarios.xlsx\">Novembro | 2025 | Cargos e Sal\u00e1rios<\/a><\/p>\n<p><a href=\"https:\/\/fuabc.org.br\/portaldatransparencia\/wp-content\/uploads\/arquivos\/unidade_de_apoio_administrativo\/filial61_102025_cargos_salarios.xlsx\">Outubro | 2025 | Cargos e Sal\u00e1rios<\/a><\/p>\n<p><a href=\"https:\/\/fuabc.org.br\/portaldatransparencia\/wp-content\/uploads\/arquivos\/unidade_de_apoio_administrativo\/filial61_092025_cargos_salarios.xlsx\">Setembro | 2025 | Cargos e Sal\u00e1rios<\/a><\/p>\n<p><a href=\"https:\/\/fuabc.org.br\/portaldatransparencia\/wp-content\/uploads\/arquivos\/unidade_de_apoio_administrativo\/filial61_082025_cargos_salarios.xlsx\">Agosto | 2025 | Cargos e Sal\u00e1rios<\/a><\/p>\n<p><a href=\"https:\/\/fuabc.org.br\/portaldatransparencia\/wp-content\/uploads\/arquivos\/unidade_de_apoio_administrativo\/filial61_072025_cargos_salarios.xlsx\">Julho | 2025 | Cargos e Sal\u00e1rios<\/a><\/p>\n<p><a href=\"https:\/\/fuabc.org.br\/portaldatransparencia\/wp-content\/uploads\/arquivos\/unidade_de_apoio_administrativo\/filial61_062025_cargos_salarios.xlsx\">Junho | 2025 | Cargos e Sal\u00e1rios<\/a><\/p>\n<p><a href=\"https:\/\/fuabc.org.br\/portaldatransparencia\/wp-content\/uploads\/arquivos\/unidade_de_apoio_administrativo\/filial61_052025_cargos_salarios.xlsx\">Maio | 2025 | Cargos e Sal\u00e1rios<\/a><\/p>\n<p><a href=\"https:\/\/fuabc.org.br\/portaldatransparencia\/wp-content\/uploads\/arquivos\/unidade_de_apoio_administrativo\/filial61_042025_cargos_salarios.xlsx\">Abril | 2025 | Cargos e Sal\u00e1rios<\/a><\/p>\n<div style=\"margin-top:30px; clear:both;\"><\/div><\/div><div style=\"border-top:7px solid #12bece;\" id=\"61-hospital-regional-de-ferraz-de-vasconcelos-uti-rh-tab-2\" class=\"rtbs_content\"><p><a href=\"https:\/\/fuabc.org.br\/portaldatransparencia\/wp-content\/uploads\/arquivos\/unidade_de_apoio_administrativo\/filial61_122025_cargos_funcionarios.xlsx\">Dezembro | 2025 | Rela\u00e7\u00e3o nominal dos cargos<\/a><\/p>\n<p><a href=\"https:\/\/fuabc.org.br\/portaldatransparencia\/wp-content\/uploads\/arquivos\/unidade_de_apoio_administrativo\/filial61_112025_cargos_funcionarios.xlsx\">Novembro | 2025 | Rela\u00e7\u00e3o nominal dos cargos<\/a><\/p>\n<p><a href=\"https:\/\/fuabc.org.br\/portaldatransparencia\/wp-content\/uploads\/arquivos\/unidade_de_apoio_administrativo\/filial61_102025_cargos_funcionarios.xlsx\">Outubro | 2025 | Rela\u00e7\u00e3o nominal dos cargos<\/a><\/p>\n<p><a href=\"https:\/\/fuabc.org.br\/portaldatransparencia\/wp-content\/uploads\/arquivos\/unidade_de_apoio_administrativo\/filial61_092025_cargos_funcionarios.xlsx\">Setembro | 2025 | Rela\u00e7\u00e3o nominal dos cargos<\/a><\/p>\n<p><a href=\"https:\/\/fuabc.org.br\/portaldatransparencia\/wp-content\/uploads\/arquivos\/unidade_de_apoio_administrativo\/filial61_082025_cargos_funcionarios.xlsx\">Agosto | 2025 | Rela\u00e7\u00e3o nominal dos cargos<\/a><\/p>\n<p><a href=\"https:\/\/fuabc.org.br\/portaldatransparencia\/wp-content\/uploads\/arquivos\/unidade_de_apoio_administrativo\/filial61_072025_cargos_funcionarios.xlsx\">Julho | 2025 | Rela\u00e7\u00e3o nominal dos cargos<\/a><\/p>\n<p><a href=\"https:\/\/fuabc.org.br\/portaldatransparencia\/wp-content\/uploads\/arquivos\/unidade_de_apoio_administrativo\/filial61_062025_cargos_funcionarios.xlsx\">Junho | 2025 | Rela\u00e7\u00e3o nominal dos cargos<\/a><\/p>\n<p><a href=\"https:\/\/fuabc.org.br\/portaldatransparencia\/wp-content\/uploads\/arquivos\/unidade_de_apoio_administrativo\/filial61_052025_cargos_funcionarios.xlsx\">Maio | 2025 | Rela\u00e7\u00e3o nominal dos cargos<\/a><\/p>\n<p><a href=\"https:\/\/fuabc.org.br\/portaldatransparencia\/wp-content\/uploads\/arquivos\/unidade_de_apoio_administrativo\/filial61_042025_cargos_funcionarios.xlsx\">Abril | 2025 | Rela\u00e7\u00e3o nominal dos cargos<\/a><\/p>\n<div style=\"margin-top:30px; clear:both;\"><\/div><\/div>\r\n    <\/div>\r\n    \n\n\n\n<h2 class=\"wp-block-heading\">Financeiro<\/h2>\n\n\n\n<div class=\"rtbs rtbs_tab_ori rtbs_61-hospital-regional-de-ferraz-de-vasconcelos-uti-financeiro\"><div class=\"rtbs_slug\" style=\"display:none\">61-hospital-regional-de-ferraz-de-vasconcelos-uti-financeiro<\/div><div class=\"rtbs_inactive_tab_background\" style=\"display:none\">whitesmoke<\/div><div class=\"rtbs_breakpoint\" style=\"display:none\">600<\/div><div class=\"rtbs_color\" style=\"display:none\">#1e73be<\/div>\r\n        <div class=\"rtbs_menu\">\r\n            <ul>\r\n                <li class=\"mobile_toggle\">&zwnj;<\/li><li class=\"current\"><a style=\"background:#1e73be\" class=\"active 61-hospital-regional-de-ferraz-de-vasconcelos-uti-financeiro-tab-link-0\" href=\"#\" data-tab=\"#61-hospital-regional-de-ferraz-de-vasconcelos-uti-financeiro-tab-0\">2025<\/a><\/li><li><a href=\"#\" data-tab=\"#61-hospital-regional-de-ferraz-de-vasconcelos-uti-financeiro-tab-1\" class=\"61-hospital-regional-de-ferraz-de-vasconcelos-uti-financeiro-tab-link-1\">Valores Recebidos<\/a><\/li><li><a href=\"#\" data-tab=\"#61-hospital-regional-de-ferraz-de-vasconcelos-uti-financeiro-tab-2\" class=\"61-hospital-regional-de-ferraz-de-vasconcelos-uti-financeiro-tab-link-2\">Fornecedores e Prestadores de Servi\u00e7os<\/a><\/li><li><a href=\"#\" data-tab=\"#61-hospital-regional-de-ferraz-de-vasconcelos-uti-financeiro-tab-3\" class=\"61-hospital-regional-de-ferraz-de-vasconcelos-uti-financeiro-tab-link-3\">Prestadores de Servi\u00e7os (Pessoa F\u00edsica)<\/a><\/li><li><a href=\"#\" data-tab=\"#61-hospital-regional-de-ferraz-de-vasconcelos-uti-financeiro-tab-4\" class=\"61-hospital-regional-de-ferraz-de-vasconcelos-uti-financeiro-tab-link-4\">Balancetes<\/a><\/li>\r\n            <\/ul>\r\n        <\/div><div style=\"border-top:7px solid #1e73be;\" id=\"61-hospital-regional-de-ferraz-de-vasconcelos-uti-financeiro-tab-0\" class=\"rtbs_content active\"><div style=\"margin-top:30px; clear:both;\"><\/div><\/div><div style=\"border-top:7px solid #1e73be;\" id=\"61-hospital-regional-de-ferraz-de-vasconcelos-uti-financeiro-tab-1\" class=\"rtbs_content\"><p><a href=\"https:\/\/fuabc.org.br\/portaldatransparencia\/wp-content\/uploads\/arquivos\/unidade_de_apoio_administrativo\/filial61_122025_receitas.xlsx\">Dezembro | 2025 | Valores Recebidos<\/a><\/p>\n<p><a href=\"https:\/\/fuabc.org.br\/portaldatransparencia\/wp-content\/uploads\/arquivos\/unidade_de_apoio_administrativo\/filial61_112025_receitas.xlsx\">Novembro | 2025 | Valores Recebidos<\/a><\/p>\n<p><a href=\"https:\/\/fuabc.org.br\/portaldatransparencia\/wp-content\/uploads\/arquivos\/unidade_de_apoio_administrativo\/filial61_102025_receitas.xlsx\">Outubro | 2025 | Valores Recebidos<\/a><\/p>\n<p><a href=\"https:\/\/fuabc.org.br\/portaldatransparencia\/wp-content\/uploads\/arquivos\/unidade_de_apoio_administrativo\/filial61_092025_receitas.xlsx\">Setembro | 2025 | Valores Recebidos<\/a><\/p>\n<p><a href=\"https:\/\/fuabc.org.br\/portaldatransparencia\/wp-content\/uploads\/arquivos\/unidade_de_apoio_administrativo\/filial61_082025_receitas.xlsx\">Agosto | 2025 | Valores Recebidos<\/a><\/p>\n<p><a href=\"https:\/\/fuabc.org.br\/portaldatransparencia\/wp-content\/uploads\/arquivos\/unidade_de_apoio_administrativo\/filial61_072025_receitas.xlsx\">Julho | 2025 | Valores Recebidos<\/a><\/p>\n<p><a href=\"https:\/\/fuabc.org.br\/portaldatransparencia\/wp-content\/uploads\/arquivos\/unidade_de_apoio_administrativo\/filial61_062025_receitas.xlsx\">Junho | 2025 | Valores Recebidos<\/a><\/p>\n<p><a href=\"https:\/\/fuabc.org.br\/portaldatransparencia\/wp-content\/uploads\/arquivos\/unidade_de_apoio_administrativo\/filial61_052025_receitas.xlsx\">Maio | 2025 | Valores Recebidos<\/a><\/p>\n<p><a href=\"https:\/\/fuabc.org.br\/portaldatransparencia\/wp-content\/uploads\/arquivos\/unidade_de_apoio_administrativo\/filial61_042025_receitas.xlsx\">Abril | 2025 | Valores Recebidos<\/a><\/p>\n<div style=\"margin-top:30px; clear:both;\"><\/div><\/div><div style=\"border-top:7px solid #1e73be;\" id=\"61-hospital-regional-de-ferraz-de-vasconcelos-uti-financeiro-tab-2\" class=\"rtbs_content\"><p><a href=\"https:\/\/fuabc.org.br\/portaldatransparencia\/wp-content\/uploads\/arquivos\/unidade_de_apoio_administrativo\/filial61_122025_fornecedores.xlsx\">Dezembro | 2025 | Pagamentos a Fornecedores e Prestadores de Servi\u00e7os<\/a><\/p>\n<p><a href=\"https:\/\/fuabc.org.br\/portaldatransparencia\/wp-content\/uploads\/arquivos\/unidade_de_apoio_administrativo\/filial61_112025_fornecedores.xlsx\">Novembro | 2025 | Pagamentos a Fornecedores e Prestadores de Servi\u00e7os<\/a><\/p>\n<p><a href=\"https:\/\/fuabc.org.br\/portaldatransparencia\/wp-content\/uploads\/arquivos\/unidade_de_apoio_administrativo\/filial61_102025_fornecedores.xlsx\">Outubro | 2025 | Pagamentos a Fornecedores e Prestadores de Servi\u00e7os<\/a><\/p>\n<p><a href=\"https:\/\/fuabc.org.br\/portaldatransparencia\/wp-content\/uploads\/arquivos\/unidade_de_apoio_administrativo\/filial61_092025_fornecedores.xlsx\">Setembro | 2025 | Pagamentos a Fornecedores e Prestadores de Servi\u00e7os<\/a><\/p>\n<p><a href=\"https:\/\/fuabc.org.br\/portaldatransparencia\/wp-content\/uploads\/arquivos\/unidade_de_apoio_administrativo\/filial61_082025_fornecedores.xlsx\">Agosto | 2025 | Pagamentos a Fornecedores e Prestadores de Servi\u00e7os<\/a><\/p>\n<p><a href=\"https:\/\/fuabc.org.br\/portaldatransparencia\/wp-content\/uploads\/arquivos\/unidade_de_apoio_administrativo\/filial61_072025_fornecedores.xlsx\">Julho | 2025 | Pagamentos a Fornecedores e Prestadores de Servi\u00e7os<\/a><\/p>\n<p><a href=\"https:\/\/fuabc.org.br\/portaldatransparencia\/wp-content\/uploads\/arquivos\/unidade_de_apoio_administrativo\/filial61_062025_fornecedores.xlsx\">Junho | 2025 | Pagamentos a Fornecedores e Prestadores de Servi\u00e7os<\/a><\/p>\n<p><a href=\"https:\/\/fuabc.org.br\/portaldatransparencia\/wp-content\/uploads\/arquivos\/unidade_de_apoio_administrativo\/filial61_052025_fornecedores.xlsx\">Maio | 2025 | Pagamentos a Fornecedores e Prestadores de Servi\u00e7os<\/a><\/p>\n<p><a href=\"https:\/\/fuabc.org.br\/portaldatransparencia\/wp-content\/uploads\/arquivos\/unidade_de_apoio_administrativo\/filial61_042025_fornecedores.xlsx\">Abril | 2025 | Pagamentos a Fornecedores e Prestadores de Servi\u00e7os<\/a><\/p>\n<div style=\"margin-top:30px; clear:both;\"><\/div><\/div><div style=\"border-top:7px solid #1e73be;\" id=\"61-hospital-regional-de-ferraz-de-vasconcelos-uti-financeiro-tab-3\" class=\"rtbs_content\"><p><a href=\"https:\/\/fuabc.org.br\/portaldatransparencia\/wp-content\/uploads\/arquivos\/unidade_de_apoio_administrativo\/filial61_122025_rpa_autonomos.xlsx\">Dezembro | 2025 | Pagamentos a Prestadores de Servi\u00e7os (Pessoa F\u00edsica)<\/a><\/p>\n<p><a href=\"https:\/\/fuabc.org.br\/portaldatransparencia\/wp-content\/uploads\/arquivos\/unidade_de_apoio_administrativo\/filial61_112025_rpa_autonomos.xlsx\">Novembro | 2025 | Pagamentos a Prestadores de Servi\u00e7os (Pessoa F\u00edsica)<\/a><\/p>\n<p><a href=\"https:\/\/fuabc.org.br\/portaldatransparencia\/wp-content\/uploads\/arquivos\/unidade_de_apoio_administrativo\/filial61_102025_rpa_autonomos.xlsx\">Outubro | 2025 | Pagamentos a Prestadores de Servi\u00e7os (Pessoa F\u00edsica)<\/a><\/p>\n<p><a href=\"https:\/\/fuabc.org.br\/portaldatransparencia\/wp-content\/uploads\/arquivos\/unidade_de_apoio_administrativo\/filial61_092025_rpa_autonomos.xlsx\">Setembro | 2025 | Pagamentos a Prestadores de Servi\u00e7os (Pessoa F\u00edsica)<\/a><\/p>\n<p><a href=\"https:\/\/fuabc.org.br\/portaldatransparencia\/wp-content\/uploads\/arquivos\/unidade_de_apoio_administrativo\/filial61_082025_rpa_autonomos.xlsx\">Agosto | 2025 | Pagamentos a Prestadores de Servi\u00e7os (Pessoa F\u00edsica)<\/a><\/p>\n<p><a href=\"https:\/\/fuabc.org.br\/portaldatransparencia\/wp-content\/uploads\/arquivos\/unidade_de_apoio_administrativo\/filial61_072025_rpa_autonomos.xlsx\">Julho | 2025 | Pagamentos a Prestadores de Servi\u00e7os (Pessoa F\u00edsica)<\/a><\/p>\n<p><a href=\"https:\/\/fuabc.org.br\/portaldatransparencia\/wp-content\/uploads\/arquivos\/unidade_de_apoio_administrativo\/filial61_062025_rpa_autonomos.xlsx\">Junho | 2025 | Pagamentos a Prestadores de Servi\u00e7os (Pessoa F\u00edsica)<\/a><\/p>\n<p><a href=\"https:\/\/fuabc.org.br\/portaldatransparencia\/wp-content\/uploads\/arquivos\/unidade_de_apoio_administrativo\/filial61_052025_rpa_autonomos.xlsx\">Maio | 2025 | Pagamentos a Prestadores de Servi\u00e7os (Pessoa F\u00edsica)<\/a><\/p>\n<p><a href=\"https:\/\/fuabc.org.br\/portaldatransparencia\/wp-content\/uploads\/arquivos\/unidade_de_apoio_administrativo\/filial61_042025_rpa_autonomos.xlsx\">Abril | 2025 | Pagamentos a Prestadores de Servi\u00e7os (Pessoa F\u00edsica)<\/a><\/p>\n<div style=\"margin-top:30px; clear:both;\"><\/div><\/div><div style=\"border-top:7px solid #1e73be;\" id=\"61-hospital-regional-de-ferraz-de-vasconcelos-uti-financeiro-tab-4\" class=\"rtbs_content\"><p><a href=\"https:\/\/fuabc.org.br\/portaldatransparencia\/wp-content\/uploads\/arquivos\/unidade_de_apoio_administrativo\/filial61_122025_balancete.pdf\">Dezembro | 2025 | Balancete<\/a><br \/><a href=\"https:\/\/fuabc.org.br\/portaldatransparencia\/wp-content\/uploads\/arquivos\/unidade_de_apoio_administrativo\/filial61_112025_balancete.pdf\">Novembro | 2025 | Balancete<\/a><br \/><a href=\"https:\/\/fuabc.org.br\/portaldatransparencia\/wp-content\/uploads\/arquivos\/unidade_de_apoio_administrativo\/filial61_102025_balancete.pdf\">Outubro | 2025 | Balancete<\/a><br \/><a href=\"https:\/\/fuabc.org.br\/portaldatransparencia\/wp-content\/uploads\/arquivos\/unidade_de_apoio_administrativo\/filial61_092025_balancete.pdf\">Setembro | 2025 | Balancete<\/a><br \/><a href=\"https:\/\/fuabc.org.br\/portaldatransparencia\/wp-content\/uploads\/arquivos\/unidade_de_apoio_administrativo\/filial61_082025_balancete.pdf\">Agosto | 2025 | Balancete<\/a><br \/><a href=\"https:\/\/fuabc.org.br\/portaldatransparencia\/wp-content\/uploads\/arquivos\/unidade_de_apoio_administrativo\/filial61_072025_balancete.pdf\">Julho | 2025 | Balancete<\/a><br \/><a href=\"https:\/\/fuabc.org.br\/portaldatransparencia\/wp-content\/uploads\/arquivos\/unidade_de_apoio_administrativo\/filial61_062025_balancete.pdf\">Junho | 2025 | Balancete<\/a><br \/><a href=\"https:\/\/fuabc.org.br\/portaldatransparencia\/wp-content\/uploads\/arquivos\/unidade_de_apoio_administrativo\/filial61_052025_balancete.pdf\">Maio | 2025 | Balancete<\/a><br \/><a href=\"https:\/\/fuabc.org.br\/portaldatransparencia\/wp-content\/uploads\/arquivos\/unidade_de_apoio_administrativo\/filial61_042025_balancete.pdf\">Abril | 2025 | Balancete<\/a><br \/><a href=\"https:\/\/fuabc.org.br\/portaldatransparencia\/wp-content\/uploads\/arquivos\/unidade_de_apoio_administrativo\/filial61_032025_balancete.pdf\">Mar\u00e7o | 2025 | Balancete<\/a><\/p>\n<div style=\"margin-top:30px; clear:both;\"><\/div><\/div>\r\n    <\/div>\r\n    \n\n\n\n<h2 class=\"wp-block-heading\">Dados do Contrato<\/h2>\n\n\n\n<div class=\"rtbs rtbs_tab_ori rtbs_61-hospital-regional-de-ferraz-de-vasconcelos-uti-dados-do-contrato\"><div class=\"rtbs_slug\" style=\"display:none\">61-hospital-regional-de-ferraz-de-vasconcelos-uti-dados-do-contrato<\/div><div class=\"rtbs_inactive_tab_background\" style=\"display:none\">whitesmoke<\/div><div class=\"rtbs_breakpoint\" style=\"display:none\">600<\/div><div class=\"rtbs_color\" style=\"display:none\">#12bece<\/div>\r\n        <div class=\"rtbs_menu\">\r\n            <ul>\r\n                <li class=\"mobile_toggle\">&zwnj;<\/li><li class=\"current\"><a style=\"background:#12bece\" class=\"active 61-hospital-regional-de-ferraz-de-vasconcelos-uti-dados-do-contrato-tab-link-0\" href=\"#\" data-tab=\"#61-hospital-regional-de-ferraz-de-vasconcelos-uti-dados-do-contrato-tab-0\">Geral<\/a><\/li><li><a href=\"#\" data-tab=\"#61-hospital-regional-de-ferraz-de-vasconcelos-uti-dados-do-contrato-tab-1\" class=\"61-hospital-regional-de-ferraz-de-vasconcelos-uti-dados-do-contrato-tab-link-1\">Planos de Trabalho e Termos de Ajustes<\/a><\/li>\r\n            <\/ul>\r\n        <\/div><div style=\"border-top:7px solid #12bece;\" id=\"61-hospital-regional-de-ferraz-de-vasconcelos-uti-dados-do-contrato-tab-0\" class=\"rtbs_content active\"><div style=\"margin-top:30px; clear:both;\"><\/div><\/div><div style=\"border-top:7px solid #12bece;\" id=\"61-hospital-regional-de-ferraz-de-vasconcelos-uti-dados-do-contrato-tab-1\" class=\"rtbs_content\"><p><a href=\"https:\/\/fuabc.org.br\/portaldatransparencia\/wp-content\/uploads\/arquivos\/unidade_de_apoio_administrativo\/Extrato-do-Convenio-UTI-Hosp.-Ipiranga-0420.2025-1.pdf\">Extrato do Conv\u00eanio - UTI Hosp. Ipiranga 0420.2025<\/a> <br \/><a href=\"https:\/\/fuabc.org.br\/portaldatransparencia\/wp-content\/uploads\/arquivos\/unidade_de_apoio_administrativo\/Minuta-do-Convenio-UTI-Hosp.-Ipiranga-0420.2025-1.pdf\">Minuta do Conv\u00eanio - UTI Hosp. Ipiranga 0420.2025<\/a> <br \/><a href=\"https:\/\/fuabc.org.br\/portaldatransparencia\/wp-content\/uploads\/arquivos\/unidade_de_apoio_administrativo\/Plano-de-Trabalho-Hospital-Ipiranga-1.pdf\">Plano de Trabalho - Hospital Ipiranga<\/a><\/p>\n<div style=\"margin-top:30px; clear:both;\"><\/div><\/div>\r\n    <\/div>\r\n    \n\n\n\n<hr class=\"wp-block-separator has-alpha-channel-opacity\"\/>\n\n\n\n<h2 class=\"wp-block-heading\">Anos anteriores<\/h2>\n\n\n\n<p>Legenda: RH-C\/S = RH &#8211; Cargos e Sal\u00e1rios | RH-N\/C = Rela\u00e7\u00e3o Nominal\/Cargos | FIN-VR = Valores Recebidos | FIN-FPS = Fornecedores e Prestadores de Servi\u00e7o | FIN-PF = Prestadores de Servi\u00e7os (Pessoa F\u00edsica) | FIN-BAL = Balancete<\/p>\n","protected":false},"excerpt":{"rendered":"<p>Recursos Humanos (o comparativo entre as tabelas de RH deve ser feito pela aba &#8220;Matr\u00edcula&#8221;) Financeiro Dados do Contrato Anos anteriores Legenda: RH-C\/S = RH &#8211; Cargos e Sal\u00e1rios | RH-N\/C = Rela\u00e7\u00e3o Nominal\/Cargos | FIN-VR = Valores Recebidos | FIN-FPS = Fornecedores e Prestadores de Servi\u00e7o | FIN-PF = Prestadores de Servi\u00e7os (Pessoa F\u00edsica) | FIN-BAL = Balancete<\/p>\n","protected":false},"author":1,"featured_media":0,"parent":0,"menu_order":0,"comment_status":"closed","ping_status":"closed","template":"template-portal.php","meta":{"_acf_changed":false,"footnotes":""},"class_list":["post-25282","page","type-page","status-publish","hentry"],"acf":[],"_links":{"self":[{"href":"https:\/\/fuabc.org.br\/portaldatransparencia\/wp-json\/wp\/v2\/pages\/25282","targetHints":{"allow":["GET"]}}],"collection":[{"href":"https:\/\/fuabc.org.br\/portaldatransparencia\/wp-json\/wp\/v2\/pages"}],"about":[{"href":"https:\/\/fuabc.org.br\/portaldatransparencia\/wp-json\/wp\/v2\/types\/page"}],"author":[{"embeddable":true,"href":"https:\/\/fuabc.org.br\/portaldatransparencia\/wp-json\/wp\/v2\/users\/1"}],"replies":[{"embeddable":true,"href":"https:\/\/fuabc.org.br\/portaldatransparencia\/wp-json\/wp\/v2\/comments?post=25282"}],"version-history":[{"count":2,"href":"https:\/\/fuabc.org.br\/portaldatransparencia\/wp-json\/wp\/v2\/pages\/25282\/revisions"}],"predecessor-version":[{"id":25306,"href":"https:\/\/fuabc.org.br\/portaldatransparencia\/wp-json\/wp\/v2\/pages\/25282\/revisions\/25306"}],"wp:attachment":[{"href":"https:\/\/fuabc.org.br\/portaldatransparencia\/wp-json\/wp\/v2\/media?parent=25282"}],"curies":[{"name":"wp","href":"https:\/\/api.w.org\/{rel}","templated":true}]}}