{"id":25358,"date":"2025-06-17T18:13:02","date_gmt":"2025-06-17T18:13:02","guid":{"rendered":"https:\/\/fuabc.org.br\/portaldatransparencia\/?page_id=25358"},"modified":"2026-03-30T19:01:11","modified_gmt":"2026-03-30T19:01:11","slug":"balanco-contabil-2024","status":"publish","type":"page","link":"https:\/\/fuabc.org.br\/portaldatransparencia\/balanco-contabil-2024\/","title":{"rendered":"Balan\u00e7o Cont\u00e1bil | 2024"},"content":{"rendered":"\n<p><a href=\"https:\/\/fuabc.org.br\/portaldatransparencia\/wp-content\/uploads\/arquivos\/fuabc\/fuabc_balancos_2024.pdf\">Balan\u00e7o Cont\u00e1bil | 2024<\/a><\/p>\n\n\n\n<div style=\"height:11px\" aria-hidden=\"true\" class=\"wp-block-spacer\"><\/div>\n\n\n\n<p><a href=\"https:\/\/fuabc.org.br\/portaldatransparencia\/wp-content\/uploads\/2025\/06\/Ata-no-09-2025-Balanco-Patrimonial-2024.pdf\">Ata da Reuni\u00e3o do Conselho de Curadores com a aprova\u00e7\u00e3o das contas<\/a><\/p>\n\n\n\n<div style=\"height:11px\" aria-hidden=\"true\" class=\"wp-block-spacer\"><\/div>\n\n\n\n<p><strong>Publica\u00e7\u00e3o Oficial da Prefeitura do Munic\u00edpio de S\u00e3o Bernardo do Campo<\/strong><br>30 DE ABRIL DE 2025 &#8211; Quarta-Feira &#8211; Edi\u00e7\u00e3o N\u00ba 2519.<br><a href=\"https:\/\/www.saobernardo.sp.gov.br\/documents\/10181\/2045904\/NM+2519+de+30.04.2025+-++Conteu%CC%81do+Integral.pdf\/77626e0a-8167-369b-764c-3c6e699de9c6\">https:\/\/www.saobernardo.sp.gov.br\/documents\/10181\/2045904\/NM+2519+de+30.04.2025+-++Conteu%CC%81do+Integral.pdf\/77626e0a-8167-369b-764c-3c6e699de9c6<\/a><\/p>\n\n\n\n<div style=\"height:11px\" aria-hidden=\"true\" class=\"wp-block-spacer\"><\/div>\n\n\n\n<p><strong>Di\u00e1rio Oficial Eletr\u00f4nico do Munic\u00edpio de S\u00e3o Caetano do Sul<\/strong><br>Edi\u00e7\u00e3o&nbsp;2175&nbsp;&#8211;&nbsp;30\/04\/2025 (Quarta-Feira).<br><a href=\"https:\/\/diariooficial.saocaetanodosul.sp.gov.br\/download\/VisualizadorDocumento.aspx?docID=2239\">https:\/\/diariooficial.saocaetanodosul.sp.gov.br\/download\/VisualizadorDocumento.aspx?docID=2239<\/a><\/p>\n","protected":false},"excerpt":{"rendered":"<p>Balan\u00e7o Cont\u00e1bil | 2024 Ata da Reuni\u00e3o do Conselho de Curadores com a aprova\u00e7\u00e3o das contas Publica\u00e7\u00e3o Oficial da Prefeitura do Munic\u00edpio de S\u00e3o Bernardo do Campo30 DE ABRIL DE 2025 &#8211; Quarta-Feira &#8211; Edi\u00e7\u00e3o N\u00ba 2519.https:\/\/www.saobernardo.sp.gov.br\/documents\/10181\/2045904\/NM+2519+de+30.04.2025+-++Conteu%CC%81do+Integral.pdf\/77626e0a-8167-369b-764c-3c6e699de9c6 Di\u00e1rio Oficial Eletr\u00f4nico do Munic\u00edpio de S\u00e3o Caetano do SulEdi\u00e7\u00e3o&nbsp;2175&nbsp;&#8211;&nbsp;30\/04\/2025 (Quarta-Feira).https:\/\/diariooficial.saocaetanodosul.sp.gov.br\/download\/VisualizadorDocumento.aspx?docID=2239<\/p>\n","protected":false},"author":1,"featured_media":0,"parent":0,"menu_order":0,"comment_status":"closed","ping_status":"closed","template":"template-portal.php","meta":{"_acf_changed":false,"footnotes":""},"class_list":["post-25358","page","type-page","status-publish","hentry"],"acf":[],"_links":{"self":[{"href":"https:\/\/fuabc.org.br\/portaldatransparencia\/wp-json\/wp\/v2\/pages\/25358","targetHints":{"allow":["GET"]}}],"collection":[{"href":"https:\/\/fuabc.org.br\/portaldatransparencia\/wp-json\/wp\/v2\/pages"}],"about":[{"href":"https:\/\/fuabc.org.br\/portaldatransparencia\/wp-json\/wp\/v2\/types\/page"}],"author":[{"embeddable":true,"href":"https:\/\/fuabc.org.br\/portaldatransparencia\/wp-json\/wp\/v2\/users\/1"}],"replies":[{"embeddable":true,"href":"https:\/\/fuabc.org.br\/portaldatransparencia\/wp-json\/wp\/v2\/comments?post=25358"}],"version-history":[{"count":3,"href":"https:\/\/fuabc.org.br\/portaldatransparencia\/wp-json\/wp\/v2\/pages\/25358\/revisions"}],"predecessor-version":[{"id":29514,"href":"https:\/\/fuabc.org.br\/portaldatransparencia\/wp-json\/wp\/v2\/pages\/25358\/revisions\/29514"}],"wp:attachment":[{"href":"https:\/\/fuabc.org.br\/portaldatransparencia\/wp-json\/wp\/v2\/media?parent=25358"}],"curies":[{"name":"wp","href":"https:\/\/api.w.org\/{rel}","templated":true}]}}