{"id":27709,"date":"2025-11-28T15:18:24","date_gmt":"2025-11-28T15:18:24","guid":{"rendered":"https:\/\/fuabc.org.br\/portaldatransparencia\/?page_id=27709"},"modified":"2026-03-02T14:15:03","modified_gmt":"2026-03-02T14:15:03","slug":"upa-oropo-mogi-das-cruzes","status":"publish","type":"page","link":"https:\/\/fuabc.org.br\/portaldatransparencia\/upa-oropo-mogi-das-cruzes\/","title":{"rendered":"UPA Orop\u00f3 | Mogi das Cruzes"},"content":{"rendered":"\n<h2 class=\"wp-block-heading\">Recursos Humanos<\/h2>\n\n\n\n<p><em>(o comparativo entre as tabelas de RH deve ser feito pela aba &#8220;Matr\u00edcula&#8221;<\/em>)<\/p>\n\n\n\n<div class=\"rtbs  rtbs_upa-oropo-mogi-das-cruzes-rh\"><div class=\"rtbs_slug\" style=\"display:none\">upa-oropo-mogi-das-cruzes-rh<\/div><div class=\"rtbs_inactive_tab_background\" style=\"display:none\">whitesmoke<\/div><div class=\"rtbs_breakpoint\" style=\"display:none\">600<\/div><div class=\"rtbs_color\" style=\"display:none\">#12bece<\/div>\r\n        <div class=\"rtbs_menu\">\r\n            <ul>\r\n                <li class=\"mobile_toggle\">&zwnj;<\/li><li class=\"current\"><a style=\"background:#12bece\" class=\"active upa-oropo-mogi-das-cruzes-rh-tab-link-0\" href=\"#\" data-tab=\"#upa-oropo-mogi-das-cruzes-rh-tab-0\">2026<\/a><\/li><li><a href=\"#\" data-tab=\"#upa-oropo-mogi-das-cruzes-rh-tab-1\" class=\"upa-oropo-mogi-das-cruzes-rh-tab-link-1\">RH - Cargos e Sal\u00e1rios<\/a><\/li><li><a href=\"#\" data-tab=\"#upa-oropo-mogi-das-cruzes-rh-tab-2\" class=\"upa-oropo-mogi-das-cruzes-rh-tab-link-2\">Rela\u00e7\u00e3o Nominal\/Cargos<\/a><\/li>\r\n            <\/ul>\r\n        <\/div><div style=\"border-top:7px solid #12bece;\" id=\"upa-oropo-mogi-das-cruzes-rh-tab-0\" class=\"rtbs_content active\"><div style=\"margin-top:30px; clear:both;\"><\/div><\/div><div style=\"border-top:7px solid #12bece;\" id=\"upa-oropo-mogi-das-cruzes-rh-tab-1\" class=\"rtbs_content\"><p><a href=\"https:\/\/fuabc.org.br\/portaldatransparencia\/wp-content\/uploads\/arquivos\/unidade_de_apoio_administrativo\/upa_oropo_022026_cargos_salarios.xlsx\">Fevereiro | 2026 | Cargos e Sal\u00e1rios<\/a><\/p>\n<p><a href=\"https:\/\/fuabc.org.br\/portaldatransparencia\/wp-content\/uploads\/arquivos\/unidade_de_apoio_administrativo\/upa_oropo_012026_cargos_salarios.xlsx\">Janeiro | 2026 | Cargos e Sal\u00e1rios<\/a><\/p>\n<div style=\"margin-top:30px; clear:both;\"><\/div><\/div><div style=\"border-top:7px solid #12bece;\" id=\"upa-oropo-mogi-das-cruzes-rh-tab-2\" class=\"rtbs_content\"><p><a href=\"https:\/\/fuabc.org.br\/portaldatransparencia\/wp-content\/uploads\/arquivos\/unidade_de_apoio_administrativo\/upa_oropo_022026_cargos_funcionarios.xlsx\">Fevereiro | 2026 | Rela\u00e7\u00e3o nominal dos cargos<\/a><\/p>\n<p><a href=\"https:\/\/fuabc.org.br\/portaldatransparencia\/wp-content\/uploads\/arquivos\/unidade_de_apoio_administrativo\/upa_oropo_012026_cargos_funcionarios.xlsx\">Janeiro | 2026 | Rela\u00e7\u00e3o nominal dos cargos<\/a><\/p>\n<div style=\"margin-top:30px; clear:both;\"><\/div><\/div>\r\n    <\/div>\r\n    \n\n\n\n<h2 class=\"wp-block-heading\">Financeiro<\/h2>\n\n\n\n<div class=\"rtbs  rtbs_upa-oropo-mogi-das-cruzes-financeiro\"><div class=\"rtbs_slug\" style=\"display:none\">upa-oropo-mogi-das-cruzes-financeiro<\/div><div class=\"rtbs_inactive_tab_background\" style=\"display:none\">whitesmoke<\/div><div class=\"rtbs_breakpoint\" style=\"display:none\">600<\/div><div class=\"rtbs_color\" style=\"display:none\">#1e73be<\/div>\r\n        <div class=\"rtbs_menu\">\r\n            <ul>\r\n                <li class=\"mobile_toggle\">&zwnj;<\/li><li class=\"current\"><a style=\"background:#1e73be\" class=\"active upa-oropo-mogi-das-cruzes-financeiro-tab-link-0\" href=\"#\" data-tab=\"#upa-oropo-mogi-das-cruzes-financeiro-tab-0\">2026<\/a><\/li><li><a href=\"#\" data-tab=\"#upa-oropo-mogi-das-cruzes-financeiro-tab-1\" class=\"upa-oropo-mogi-das-cruzes-financeiro-tab-link-1\">Valores Recebidos<\/a><\/li><li><a href=\"#\" data-tab=\"#upa-oropo-mogi-das-cruzes-financeiro-tab-2\" class=\"upa-oropo-mogi-das-cruzes-financeiro-tab-link-2\">Fornecedores e Prestadores de Servi\u00e7os<\/a><\/li><li><a href=\"#\" data-tab=\"#upa-oropo-mogi-das-cruzes-financeiro-tab-3\" class=\"upa-oropo-mogi-das-cruzes-financeiro-tab-link-3\">Prestadores de Servi\u00e7os (Pessoa F\u00edsica)<\/a><\/li><li><a href=\"#\" data-tab=\"#upa-oropo-mogi-das-cruzes-financeiro-tab-4\" class=\"upa-oropo-mogi-das-cruzes-financeiro-tab-link-4\">Balancetes<\/a><\/li>\r\n            <\/ul>\r\n        <\/div><div style=\"border-top:7px solid #1e73be;\" id=\"upa-oropo-mogi-das-cruzes-financeiro-tab-0\" class=\"rtbs_content active\"><div style=\"margin-top:30px; clear:both;\"><\/div><\/div><div style=\"border-top:7px solid #1e73be;\" id=\"upa-oropo-mogi-das-cruzes-financeiro-tab-1\" class=\"rtbs_content\"><p><a href=\"https:\/\/fuabc.org.br\/portaldatransparencia\/wp-content\/uploads\/arquivos\/unidade_de_apoio_administrativo\/upa_oropo_022026_receitas.xlsx\">Fevereiro | 2026 | Valores Recebidos<\/a><\/p>\n<p><a href=\"https:\/\/fuabc.org.br\/portaldatransparencia\/wp-content\/uploads\/arquivos\/unidade_de_apoio_administrativo\/upa_oropo_012026_receitas.xlsx\">Janeiro | 2026 | Valores Recebidos<\/a><\/p>\n<div style=\"margin-top:30px; clear:both;\"><\/div><\/div><div style=\"border-top:7px solid #1e73be;\" id=\"upa-oropo-mogi-das-cruzes-financeiro-tab-2\" class=\"rtbs_content\"><p><a href=\"https:\/\/fuabc.org.br\/portaldatransparencia\/wp-content\/uploads\/arquivos\/unidade_de_apoio_administrativo\/upa_oropo_022026_fornecedores.xlsx\">Fevereiro | 2026 | Pagamentos a Fornecedores e Prestadores de Servi\u00e7os<\/a><\/p>\n<p><a href=\"https:\/\/fuabc.org.br\/portaldatransparencia\/wp-content\/uploads\/arquivos\/unidade_de_apoio_administrativo\/upa_oropo_012026_fornecedores.xlsx\">Janeiro | 2026 | Pagamentos a Fornecedores e Prestadores de Servi\u00e7os<\/a><\/p>\n<div style=\"margin-top:30px; clear:both;\"><\/div><\/div><div style=\"border-top:7px solid #1e73be;\" id=\"upa-oropo-mogi-das-cruzes-financeiro-tab-3\" class=\"rtbs_content\"><p><a href=\"https:\/\/fuabc.org.br\/portaldatransparencia\/wp-content\/uploads\/arquivos\/unidade_de_apoio_administrativo\/upa_oropo_022026_rpa_autonomos.xlsx\">Fevereiro | 2026 | Pagamentos a Prestadores de Servi\u00e7os (Pessoa F\u00edsica)<\/a><\/p>\n<p><a href=\"https:\/\/fuabc.org.br\/portaldatransparencia\/wp-content\/uploads\/arquivos\/unidade_de_apoio_administrativo\/upa_oropo_012026_rpa_autonomos.xlsx\">Janeiro | 2026 | Pagamentos a Prestadores de Servi\u00e7os (Pessoa F\u00edsica)<\/a><\/p>\n<div style=\"margin-top:30px; clear:both;\"><\/div><\/div><div style=\"border-top:7px solid #1e73be;\" id=\"upa-oropo-mogi-das-cruzes-financeiro-tab-4\" class=\"rtbs_content\"><p><a href=\"https:\/\/fuabc.org.br\/portaldatransparencia\/6576-2\/\">Fevereiro | 2026 | Balancete<\/a><br \/><a href=\"https:\/\/fuabc.org.br\/portaldatransparencia\/6576-2\/\">Janeiro | 2026 | Balancete<\/a><\/p>\n<div style=\"margin-top:30px; clear:both;\"><\/div><\/div>\r\n    <\/div>\r\n    \n\n\n\n<h2 class=\"wp-block-heading\">Dados do Contrato<\/h2>\n\n\n\n<div class=\"rtbs  rtbs_upa-oropo-mogi-das-cruzes-dados-do-contrato\"><div class=\"rtbs_slug\" style=\"display:none\">upa-oropo-mogi-das-cruzes-dados-do-contrato<\/div><div class=\"rtbs_inactive_tab_background\" style=\"display:none\">whitesmoke<\/div><div class=\"rtbs_breakpoint\" style=\"display:none\">600<\/div><div class=\"rtbs_color\" style=\"display:none\">#12bece<\/div>\r\n        <div class=\"rtbs_menu\">\r\n            <ul>\r\n                <li class=\"mobile_toggle\">&zwnj;<\/li><li class=\"current\"><a style=\"background:#12bece\" class=\"active upa-oropo-mogi-das-cruzes-dados-do-contrato-tab-link-0\" href=\"#\" data-tab=\"#upa-oropo-mogi-das-cruzes-dados-do-contrato-tab-0\">Geral<\/a><\/li><li><a href=\"#\" data-tab=\"#upa-oropo-mogi-das-cruzes-dados-do-contrato-tab-1\" class=\"upa-oropo-mogi-das-cruzes-dados-do-contrato-tab-link-1\">Planos de Trabalho e Termos de Ajustes<\/a><\/li>\r\n            <\/ul>\r\n        <\/div><div style=\"border-top:7px solid #12bece;\" id=\"upa-oropo-mogi-das-cruzes-dados-do-contrato-tab-0\" class=\"rtbs_content active\"><div style=\"margin-top:30px; clear:both;\"><\/div><\/div><div style=\"border-top:7px solid #12bece;\" id=\"upa-oropo-mogi-das-cruzes-dados-do-contrato-tab-1\" class=\"rtbs_content\"><p><a href=\"https:\/\/fuabc.org.br\/portaldatransparencia\/wp-content\/uploads\/arquivos\/unidade_de_apoio_administrativo\/CG_1_83.2025-UPA-OROPO.pdf\">CG_1_83.2025 UPA OROP\u00d3<\/a><\/p>\n<div style=\"margin-top:30px; clear:both;\"><\/div><\/div>\r\n    <\/div>\r\n    \n\n\n\n<h2 class=\"wp-block-heading\"><\/h2>\n\n\n\n<hr class=\"wp-block-separator has-css-opacity\"\/>\n\n\n\n<h2 class=\"wp-block-heading\">Anos anteriores<\/h2>\n\n\n\n<p><\/p>\n\n\n\n<p>Legenda: RH-C\/S = RH &#8211; Cargos e Sal\u00e1rios | RH-N\/C = Rela\u00e7\u00e3o Nominal\/Cargos | FIN-VR = Valores Recebidos | FIN-FPS = Fornecedores e Prestadores de Servi\u00e7o | FIN-PF = Prestadores de Servi\u00e7os (Pessoa F\u00edsica) | FIN-BAL = Balancetes<\/p>\n\n\n\n<div class=\"rtbs rtbs_tab_ori rtbs_2025-upa-oropo-mogi-das-cruzes\"><div class=\"rtbs_slug\" style=\"display:none\">2025-upa-oropo-mogi-das-cruzes<\/div><div class=\"rtbs_inactive_tab_background\" style=\"display:none\">whitesmoke<\/div><div class=\"rtbs_breakpoint\" style=\"display:none\">600<\/div><div class=\"rtbs_color\" style=\"display:none\">#12bece<\/div>\r\n        <div class=\"rtbs_menu\">\r\n            <ul>\r\n                <li class=\"mobile_toggle\">&zwnj;<\/li><li class=\"current\"><a style=\"background:#12bece\" class=\"active 2025-upa-oropo-mogi-das-cruzes-tab-link-0\" href=\"#\" data-tab=\"#2025-upa-oropo-mogi-das-cruzes-tab-0\">2025<\/a><\/li><li><a href=\"#\" data-tab=\"#2025-upa-oropo-mogi-das-cruzes-tab-1\" class=\"2025-upa-oropo-mogi-das-cruzes-tab-link-1\">RH-C\/S<\/a><\/li><li><a href=\"#\" data-tab=\"#2025-upa-oropo-mogi-das-cruzes-tab-2\" class=\"2025-upa-oropo-mogi-das-cruzes-tab-link-2\">RH-N\/C<\/a><\/li><li><a href=\"#\" data-tab=\"#2025-upa-oropo-mogi-das-cruzes-tab-3\" class=\"2025-upa-oropo-mogi-das-cruzes-tab-link-3\">FIN-VR<\/a><\/li><li><a href=\"#\" data-tab=\"#2025-upa-oropo-mogi-das-cruzes-tab-4\" class=\"2025-upa-oropo-mogi-das-cruzes-tab-link-4\">FIN-FPS<\/a><\/li><li><a href=\"#\" data-tab=\"#2025-upa-oropo-mogi-das-cruzes-tab-5\" class=\"2025-upa-oropo-mogi-das-cruzes-tab-link-5\">FIN-PF<\/a><\/li><li><a href=\"#\" data-tab=\"#2025-upa-oropo-mogi-das-cruzes-tab-6\" class=\"2025-upa-oropo-mogi-das-cruzes-tab-link-6\">FIN-BAL<\/a><\/li>\r\n            <\/ul>\r\n        <\/div><div style=\"border-top:7px solid #12bece;\" id=\"2025-upa-oropo-mogi-das-cruzes-tab-0\" class=\"rtbs_content active\"><div style=\"margin-top:30px; clear:both;\"><\/div><\/div><div style=\"border-top:7px solid #12bece;\" id=\"2025-upa-oropo-mogi-das-cruzes-tab-1\" class=\"rtbs_content\"><p><a href=\"https:\/\/fuabc.org.br\/portaldatransparencia\/wp-content\/uploads\/arquivos\/unidade_de_apoio_administrativo\/upa_oropo_122025_cargos_salarios.xlsx\">Dezembro | 2025 | Cargos e Sal\u00e1rios<\/a><\/p>\n<p><a href=\"https:\/\/fuabc.org.br\/portaldatransparencia\/wp-content\/uploads\/arquivos\/unidade_de_apoio_administrativo\/upa_oropo_112025_cargos_salarios.xlsx\">Novembro | 2025 | Cargos e Sal\u00e1rios<\/a><\/p>\n<p><a href=\"https:\/\/fuabc.org.br\/portaldatransparencia\/wp-content\/uploads\/arquivos\/unidade_de_apoio_administrativo\/upa_oropo_102025_cargos_salarios.xlsx\">Outubro | 2025 | Cargos e Sal\u00e1rios<\/a><\/p>\n<div style=\"margin-top:30px; clear:both;\"><\/div><\/div><div style=\"border-top:7px solid #12bece;\" id=\"2025-upa-oropo-mogi-das-cruzes-tab-2\" class=\"rtbs_content\"><p><a href=\"https:\/\/fuabc.org.br\/portaldatransparencia\/wp-content\/uploads\/arquivos\/unidade_de_apoio_administrativo\/upa_oropo_122025_cargos_funcionarios.xlsx\">Dezembro | 2025 | Rela\u00e7\u00e3o nominal dos cargos<\/a><\/p>\n<p><a href=\"https:\/\/fuabc.org.br\/portaldatransparencia\/wp-content\/uploads\/arquivos\/unidade_de_apoio_administrativo\/upa_oropo_112025_cargos_funcionarios.xlsx\">Novembro | 2025 | Rela\u00e7\u00e3o nominal dos cargos<\/a><\/p>\n<p><a href=\"https:\/\/fuabc.org.br\/portaldatransparencia\/wp-content\/uploads\/arquivos\/unidade_de_apoio_administrativo\/upa_oropo_102025_cargos_funcionarios.xlsx\">Outubro | 2025 | Rela\u00e7\u00e3o nominal dos cargos<\/a><\/p>\n<div style=\"margin-top:30px; clear:both;\"><\/div><\/div><div style=\"border-top:7px solid #12bece;\" id=\"2025-upa-oropo-mogi-das-cruzes-tab-3\" class=\"rtbs_content\"><p><a href=\"https:\/\/fuabc.org.br\/portaldatransparencia\/wp-content\/uploads\/arquivos\/unidade_de_apoio_administrativo\/upa_oropo_122025_receitas.xlsx\">Dezembro | 2025 | Valores Recebidos<\/a><\/p>\n<p><a href=\"https:\/\/fuabc.org.br\/portaldatransparencia\/wp-content\/uploads\/arquivos\/unidade_de_apoio_administrativo\/upa_oropo_112025_receitas.xlsx\">Novembro | 2025 | Valores Recebidos<\/a><\/p>\n<p><a href=\"https:\/\/fuabc.org.br\/portaldatransparencia\/wp-content\/uploads\/arquivos\/unidade_de_apoio_administrativo\/upa_oropo_102025_receitas.xlsx\">Outubro | 2025 | Valores Recebidos<\/a><\/p>\n<div style=\"margin-top:30px; clear:both;\"><\/div><\/div><div style=\"border-top:7px solid #12bece;\" id=\"2025-upa-oropo-mogi-das-cruzes-tab-4\" class=\"rtbs_content\"><p><a href=\"https:\/\/fuabc.org.br\/portaldatransparencia\/wp-content\/uploads\/arquivos\/unidade_de_apoio_administrativo\/upa_oropo_122025_fornecedores.xlsx\">Dezembro | 2025 | Pagamentos a Fornecedores e Prestadores de Servi\u00e7os<\/a><\/p>\n<p><a href=\"https:\/\/fuabc.org.br\/portaldatransparencia\/wp-content\/uploads\/arquivos\/unidade_de_apoio_administrativo\/upa_oropo_112025_fornecedores.xlsx\">Novembro | 2025 | Pagamentos a Fornecedores e Prestadores de Servi\u00e7os<\/a><\/p>\n<p><a href=\"https:\/\/fuabc.org.br\/portaldatransparencia\/wp-content\/uploads\/arquivos\/unidade_de_apoio_administrativo\/upa_oropo_102025_fornecedores.xlsx\">Outubro | 2025 | Pagamentos a Fornecedores e Prestadores de Servi\u00e7os<\/a><\/p>\n<div style=\"margin-top:30px; clear:both;\"><\/div><\/div><div style=\"border-top:7px solid #12bece;\" id=\"2025-upa-oropo-mogi-das-cruzes-tab-5\" class=\"rtbs_content\"><p><a href=\"https:\/\/fuabc.org.br\/portaldatransparencia\/wp-content\/uploads\/arquivos\/unidade_de_apoio_administrativo\/upa_oropo_122025_rpa_autonomos.xlsx\">Dezembro | 2025 | Pagamentos a Prestadores de Servi\u00e7os (Pessoa F\u00edsica)<\/a><\/p>\n<p><a href=\"https:\/\/fuabc.org.br\/portaldatransparencia\/wp-content\/uploads\/arquivos\/unidade_de_apoio_administrativo\/upa_oropo_112025_rpa_autonomos.xlsx\">Novembro | 2025 | Pagamentos a Prestadores de Servi\u00e7os (Pessoa F\u00edsica)<\/a><\/p>\n<p><a href=\"https:\/\/fuabc.org.br\/portaldatransparencia\/wp-content\/uploads\/arquivos\/unidade_de_apoio_administrativo\/upa_oropo_102025_rpa_autonomos.xlsx\">Outubro | 2025 | Pagamentos a Prestadores de Servi\u00e7os (Pessoa F\u00edsica)<\/a><\/p>\n<div style=\"margin-top:30px; clear:both;\"><\/div><\/div><div style=\"border-top:7px solid #12bece;\" id=\"2025-upa-oropo-mogi-das-cruzes-tab-6\" class=\"rtbs_content\"><p><a href=\"https:\/\/fuabc.org.br\/portaldatransparencia\/wp-content\/uploads\/arquivos\/unidade_de_apoio_administrativo\/upa_oropo_122025_balancete.pdf\">Dezembro | 2025 | Balancete <\/a><br \/><a href=\"https:\/\/fuabc.org.br\/portaldatransparencia\/wp-content\/uploads\/arquivos\/unidade_de_apoio_administrativo\/upa_oropo_112025_balancete.pdf\">Novembro | 2025 | Balancete<\/a> <br \/><a href=\"https:\/\/fuabc.org.br\/portaldatransparencia\/wp-content\/uploads\/arquivos\/unidade_de_apoio_administrativo\/upa_oropo_102025_balancete.pdf\">Outubro | 2025 | Balancete<\/a><\/p>\n<div style=\"margin-top:30px; clear:both;\"><\/div><\/div>\r\n    <\/div>\r\n    \n","protected":false},"excerpt":{"rendered":"<p>Recursos Humanos (o comparativo entre as tabelas de RH deve ser feito pela aba &#8220;Matr\u00edcula&#8221;) Financeiro Dados do Contrato Anos anteriores Legenda: RH-C\/S = RH &#8211; Cargos e Sal\u00e1rios | RH-N\/C = Rela\u00e7\u00e3o Nominal\/Cargos | FIN-VR = Valores Recebidos | FIN-FPS = Fornecedores e Prestadores de Servi\u00e7o | FIN-PF = Prestadores de Servi\u00e7os (Pessoa F\u00edsica) | FIN-BAL = Balancetes<\/p>\n","protected":false},"author":1,"featured_media":0,"parent":0,"menu_order":0,"comment_status":"closed","ping_status":"closed","template":"template-portal.php","meta":{"_acf_changed":false,"footnotes":""},"class_list":["post-27709","page","type-page","status-publish","hentry"],"acf":[],"_links":{"self":[{"href":"https:\/\/fuabc.org.br\/portaldatransparencia\/wp-json\/wp\/v2\/pages\/27709","targetHints":{"allow":["GET"]}}],"collection":[{"href":"https:\/\/fuabc.org.br\/portaldatransparencia\/wp-json\/wp\/v2\/pages"}],"about":[{"href":"https:\/\/fuabc.org.br\/portaldatransparencia\/wp-json\/wp\/v2\/types\/page"}],"author":[{"embeddable":true,"href":"https:\/\/fuabc.org.br\/portaldatransparencia\/wp-json\/wp\/v2\/users\/1"}],"replies":[{"embeddable":true,"href":"https:\/\/fuabc.org.br\/portaldatransparencia\/wp-json\/wp\/v2\/comments?post=27709"}],"version-history":[{"count":2,"href":"https:\/\/fuabc.org.br\/portaldatransparencia\/wp-json\/wp\/v2\/pages\/27709\/revisions"}],"predecessor-version":[{"id":29197,"href":"https:\/\/fuabc.org.br\/portaldatransparencia\/wp-json\/wp\/v2\/pages\/27709\/revisions\/29197"}],"wp:attachment":[{"href":"https:\/\/fuabc.org.br\/portaldatransparencia\/wp-json\/wp\/v2\/media?parent=27709"}],"curies":[{"name":"wp","href":"https:\/\/api.w.org\/{rel}","templated":true}]}}