{"id":29392,"date":"2026-03-02T17:30:50","date_gmt":"2026-03-02T17:30:50","guid":{"rendered":"https:\/\/fuabc.org.br\/portaldatransparencia\/?page_id=29392"},"modified":"2026-03-02T17:30:50","modified_gmt":"2026-03-02T17:30:50","slug":"hospital-infantil-candido-fontoura","status":"publish","type":"page","link":"https:\/\/fuabc.org.br\/portaldatransparencia\/hospital-infantil-candido-fontoura\/","title":{"rendered":"Hospital Infantil C\u00e2ndido Fontoura"},"content":{"rendered":"\n<p><a href=\"https:\/\/fuabc.org.br\/portaldatransparencia\/68-hospital-infantil-candido-fontoura\/\">68 \u2013 Hospital Infantil C\u00e2ndido Fontoura \u2013 Urg\u00eancia e Emerg\u00eancia Pedi\u00e1trica, UTI e Enfermaria Pedi\u00e1trica \u2013 Termo de Conv\u00eanio n\u00ba 2320\/2025<\/a><\/p>\n\n\n\n<p><a href=\"https:\/\/fuabc.org.br\/portaldatransparencia\/46-hospital-infantil-candido-fontoura-cc\/\">46 \u2013 Hospital Infantil C\u00e2ndido Fontoura &#8211; Encerramento em 04\/01\/2026<\/a><\/p>\n\n\n\n<p><\/p>\n","protected":false},"excerpt":{"rendered":"<p>68 \u2013 Hospital Infantil C\u00e2ndido Fontoura \u2013 Urg\u00eancia e Emerg\u00eancia Pedi\u00e1trica, UTI e Enfermaria Pedi\u00e1trica \u2013 Termo de Conv\u00eanio n\u00ba 2320\/2025 46 \u2013 Hospital Infantil C\u00e2ndido Fontoura &#8211; Encerramento em 04\/01\/2026<\/p>\n","protected":false},"author":1,"featured_media":0,"parent":0,"menu_order":0,"comment_status":"closed","ping_status":"closed","template":"template-portal.php","meta":{"_acf_changed":false,"footnotes":""},"class_list":["post-29392","page","type-page","status-publish","hentry"],"acf":[],"_links":{"self":[{"href":"https:\/\/fuabc.org.br\/portaldatransparencia\/wp-json\/wp\/v2\/pages\/29392","targetHints":{"allow":["GET"]}}],"collection":[{"href":"https:\/\/fuabc.org.br\/portaldatransparencia\/wp-json\/wp\/v2\/pages"}],"about":[{"href":"https:\/\/fuabc.org.br\/portaldatransparencia\/wp-json\/wp\/v2\/types\/page"}],"author":[{"embeddable":true,"href":"https:\/\/fuabc.org.br\/portaldatransparencia\/wp-json\/wp\/v2\/users\/1"}],"replies":[{"embeddable":true,"href":"https:\/\/fuabc.org.br\/portaldatransparencia\/wp-json\/wp\/v2\/comments?post=29392"}],"version-history":[{"count":1,"href":"https:\/\/fuabc.org.br\/portaldatransparencia\/wp-json\/wp\/v2\/pages\/29392\/revisions"}],"predecessor-version":[{"id":29406,"href":"https:\/\/fuabc.org.br\/portaldatransparencia\/wp-json\/wp\/v2\/pages\/29392\/revisions\/29406"}],"wp:attachment":[{"href":"https:\/\/fuabc.org.br\/portaldatransparencia\/wp-json\/wp\/v2\/media?parent=29392"}],"curies":[{"name":"wp","href":"https:\/\/api.w.org\/{rel}","templated":true}]}}