{"id":29393,"date":"2026-03-02T17:21:17","date_gmt":"2026-03-02T17:21:17","guid":{"rendered":"https:\/\/fuabc.org.br\/portaldatransparencia\/?page_id=29393"},"modified":"2026-03-02T17:29:48","modified_gmt":"2026-03-02T17:29:48","slug":"68-hospital-infantil-candido-fontoura","status":"publish","type":"page","link":"https:\/\/fuabc.org.br\/portaldatransparencia\/68-hospital-infantil-candido-fontoura\/","title":{"rendered":"68 \u2013 Hospital Infantil C\u00e2ndido Fontoura &#8211; Urg\u00eancia e Emerg\u00eancia Pedi\u00e1trica, UTI e Enfermaria Pedi\u00e1trica \u2013 Termo de Conv\u00eanio n\u00ba 23202025"},"content":{"rendered":"\n<h2 class=\"wp-block-heading\">Recursos Humanos<\/h2>\n\n\n\n<p><em>(o comparativo entre as tabelas de RH deve ser feito pela aba &#8220;Matr\u00edcula&#8221;<\/em>)<\/p>\n\n\n\n<div class=\"rtbs rtbs_tab_ori rtbs_68-hospital-infantil-candido-fontoura-rh\"><div class=\"rtbs_slug\" style=\"display:none\">68-hospital-infantil-candido-fontoura-rh<\/div><div class=\"rtbs_inactive_tab_background\" style=\"display:none\">whitesmoke<\/div><div class=\"rtbs_breakpoint\" style=\"display:none\">600<\/div><div class=\"rtbs_color\" style=\"display:none\">#12bece<\/div>\r\n        <div class=\"rtbs_menu\">\r\n            <ul>\r\n                <li class=\"mobile_toggle\">&zwnj;<\/li><li class=\"current\"><a style=\"background:#12bece\" class=\"active 68-hospital-infantil-candido-fontoura-rh-tab-link-0\" href=\"#\" data-tab=\"#68-hospital-infantil-candido-fontoura-rh-tab-0\">2026<\/a><\/li><li><a href=\"#\" data-tab=\"#68-hospital-infantil-candido-fontoura-rh-tab-1\" class=\"68-hospital-infantil-candido-fontoura-rh-tab-link-1\">RH - Cargos e Sal\u00e1rios<\/a><\/li><li><a href=\"#\" data-tab=\"#68-hospital-infantil-candido-fontoura-rh-tab-2\" class=\"68-hospital-infantil-candido-fontoura-rh-tab-link-2\">Rela\u00e7\u00e3o Nominal\/Cargos<\/a><\/li>\r\n            <\/ul>\r\n        <\/div><div style=\"border-top:7px solid #12bece;\" id=\"68-hospital-infantil-candido-fontoura-rh-tab-0\" class=\"rtbs_content active\"><div style=\"margin-top:30px; clear:both;\"><\/div><\/div><div style=\"border-top:7px solid #12bece;\" id=\"68-hospital-infantil-candido-fontoura-rh-tab-1\" class=\"rtbs_content\"><p><a href=\"https:\/\/fuabc.org.br\/portaldatransparencia\/wp-content\/uploads\/arquivos\/unidade_de_apoio_administrativo\/filial68_022026_cargos_salarios.xlsx\">Fevereiro | 2026 | Cargos e Sal\u00e1rios<\/a><\/p>\n<p><a href=\"https:\/\/fuabc.org.br\/portaldatransparencia\/wp-content\/uploads\/arquivos\/unidade_de_apoio_administrativo\/filial68_012026_cargos_salarios.xlsx\">Janeiro | 2026 | Cargos e Sal\u00e1rios<\/a><\/p>\n<div style=\"margin-top:30px; clear:both;\"><\/div><\/div><div style=\"border-top:7px solid #12bece;\" id=\"68-hospital-infantil-candido-fontoura-rh-tab-2\" class=\"rtbs_content\"><p><a href=\"https:\/\/fuabc.org.br\/portaldatransparencia\/wp-content\/uploads\/arquivos\/unidade_de_apoio_administrativo\/filial68_022026_cargos_funcionarios.xlsx\">Fevereiro | 2026 | Rela\u00e7\u00e3o nominal dos cargos<\/a><\/p>\n<p><a href=\"https:\/\/fuabc.org.br\/portaldatransparencia\/wp-content\/uploads\/arquivos\/unidade_de_apoio_administrativo\/filial68_012026_cargos_funcionarios.xlsx\">Janeiro | 2026 | Rela\u00e7\u00e3o nominal dos cargos<\/a><\/p>\n<div style=\"margin-top:30px; clear:both;\"><\/div><\/div>\r\n    <\/div>\r\n    \n\n\n\n<h2 class=\"wp-block-heading\">Financeiro<\/h2>\n\n\n\n<div class=\"rtbs rtbs_tab_ori rtbs_68-hospital-infantil-candido-fontoura-financeiro\"><div class=\"rtbs_slug\" style=\"display:none\">68-hospital-infantil-candido-fontoura-financeiro<\/div><div class=\"rtbs_inactive_tab_background\" style=\"display:none\">whitesmoke<\/div><div class=\"rtbs_breakpoint\" style=\"display:none\">600<\/div><div class=\"rtbs_color\" style=\"display:none\">#1e73be<\/div>\r\n        <div class=\"rtbs_menu\">\r\n            <ul>\r\n                <li class=\"mobile_toggle\">&zwnj;<\/li><li class=\"current\"><a style=\"background:#1e73be\" class=\"active 68-hospital-infantil-candido-fontoura-financeiro-tab-link-0\" href=\"#\" data-tab=\"#68-hospital-infantil-candido-fontoura-financeiro-tab-0\">2026<\/a><\/li><li><a href=\"#\" data-tab=\"#68-hospital-infantil-candido-fontoura-financeiro-tab-1\" class=\"68-hospital-infantil-candido-fontoura-financeiro-tab-link-1\">Valores Recebidos<\/a><\/li><li><a href=\"#\" data-tab=\"#68-hospital-infantil-candido-fontoura-financeiro-tab-2\" class=\"68-hospital-infantil-candido-fontoura-financeiro-tab-link-2\">Fornecedores e Prestadores de Servi\u00e7os<\/a><\/li><li><a href=\"#\" data-tab=\"#68-hospital-infantil-candido-fontoura-financeiro-tab-3\" class=\"68-hospital-infantil-candido-fontoura-financeiro-tab-link-3\">Prestadores de Servi\u00e7os (Pessoa F\u00edsica)<\/a><\/li><li><a href=\"#\" data-tab=\"#68-hospital-infantil-candido-fontoura-financeiro-tab-4\" class=\"68-hospital-infantil-candido-fontoura-financeiro-tab-link-4\">Balancetes<\/a><\/li>\r\n            <\/ul>\r\n        <\/div><div style=\"border-top:7px solid #1e73be;\" id=\"68-hospital-infantil-candido-fontoura-financeiro-tab-0\" class=\"rtbs_content active\"><div style=\"margin-top:30px; clear:both;\"><\/div><\/div><div style=\"border-top:7px solid #1e73be;\" id=\"68-hospital-infantil-candido-fontoura-financeiro-tab-1\" class=\"rtbs_content\"><p><a href=\"https:\/\/fuabc.org.br\/portaldatransparencia\/wp-content\/uploads\/arquivos\/unidade_de_apoio_administrativo\/filial68_022026_receitas.xlsx\">Fevereiro | 2026 | Valores Recebidos<\/a><\/p>\n<p><a href=\"https:\/\/fuabc.org.br\/portaldatransparencia\/wp-content\/uploads\/arquivos\/unidade_de_apoio_administrativo\/filial68_012026_receitas.xlsx\">Janeiro | 2026 | Valores Recebidos<\/a><\/p>\n<div style=\"margin-top:30px; clear:both;\"><\/div><\/div><div style=\"border-top:7px solid #1e73be;\" id=\"68-hospital-infantil-candido-fontoura-financeiro-tab-2\" class=\"rtbs_content\"><p><a href=\"https:\/\/fuabc.org.br\/portaldatransparencia\/wp-content\/uploads\/arquivos\/unidade_de_apoio_administrativo\/filial68_022026_fornecedores.xlsx\">Fevereiro | 2026 | Pagamentos a Fornecedores e Prestadores de Servi\u00e7os<\/a><\/p>\n<p><a href=\"https:\/\/fuabc.org.br\/portaldatransparencia\/wp-content\/uploads\/arquivos\/unidade_de_apoio_administrativo\/filial68_012026_fornecedores.xlsx\">Janeiro | 2026 | Pagamentos a Fornecedores e Prestadores de Servi\u00e7os<\/a><\/p>\n<div style=\"margin-top:30px; clear:both;\"><\/div><\/div><div style=\"border-top:7px solid #1e73be;\" id=\"68-hospital-infantil-candido-fontoura-financeiro-tab-3\" class=\"rtbs_content\"><p><a href=\"https:\/\/fuabc.org.br\/portaldatransparencia\/wp-content\/uploads\/arquivos\/unidade_de_apoio_administrativo\/filial68_022026_rpa_autonomos.xlsx\">Fevereiro | 2026 | Pagamentos a Prestadores de Servi\u00e7os (Pessoa F\u00edsica)<\/a><\/p>\n<p><a href=\"https:\/\/fuabc.org.br\/portaldatransparencia\/wp-content\/uploads\/arquivos\/unidade_de_apoio_administrativo\/filial68_012026_rpa_autonomos.xlsx\">Janeiro | 2026 | Pagamentos a Prestadores de Servi\u00e7os (Pessoa F\u00edsica)<\/a><\/p>\n<div style=\"margin-top:30px; clear:both;\"><\/div><\/div><div style=\"border-top:7px solid #1e73be;\" id=\"68-hospital-infantil-candido-fontoura-financeiro-tab-4\" class=\"rtbs_content\"><p><a href=\"https:\/\/fuabc.org.br\/portaldatransparencia\/wp-content\/uploads\/arquivos\/unidade_de_apoio_administrativo\/filial68_022026_balancete.pdf\">Fevereiro | 2026 | Balancete<\/a><br \/><a href=\"https:\/\/fuabc.org.br\/portaldatransparencia\/wp-content\/uploads\/arquivos\/unidade_de_apoio_administrativo\/filial68_012026_balancete.pdf\">Janeiro | 2026 | Balancete<\/a><\/p>\n<div style=\"margin-top:30px; clear:both;\"><\/div><\/div>\r\n    <\/div>\r\n    \n\n\n\n<h2 class=\"wp-block-heading\">Dados do Contrato<\/h2>\n\n\n\n<div class=\"rtbs rtbs_tab_ori rtbs_68-hospital-infantil-candido-fontoura-dados-do-contrato\"><div class=\"rtbs_slug\" style=\"display:none\">68-hospital-infantil-candido-fontoura-dados-do-contrato<\/div><div class=\"rtbs_inactive_tab_background\" style=\"display:none\">whitesmoke<\/div><div class=\"rtbs_breakpoint\" style=\"display:none\">600<\/div><div class=\"rtbs_color\" style=\"display:none\">#12bece<\/div>\r\n        <div class=\"rtbs_menu\">\r\n            <ul>\r\n                <li class=\"mobile_toggle\">&zwnj;<\/li><li class=\"current\"><a style=\"background:#12bece\" class=\"active 68-hospital-infantil-candido-fontoura-dados-do-contrato-tab-link-0\" href=\"#\" data-tab=\"#68-hospital-infantil-candido-fontoura-dados-do-contrato-tab-0\">Geral<\/a><\/li><li><a href=\"#\" data-tab=\"#68-hospital-infantil-candido-fontoura-dados-do-contrato-tab-1\" class=\"68-hospital-infantil-candido-fontoura-dados-do-contrato-tab-link-1\">Planos de Trabalho e Termos de Ajustes<\/a><\/li>\r\n            <\/ul>\r\n        <\/div><div style=\"border-top:7px solid #12bece;\" id=\"68-hospital-infantil-candido-fontoura-dados-do-contrato-tab-0\" class=\"rtbs_content active\"><div style=\"margin-top:30px; clear:both;\"><\/div><\/div><div style=\"border-top:7px solid #12bece;\" id=\"68-hospital-infantil-candido-fontoura-dados-do-contrato-tab-1\" class=\"rtbs_content\"><p><a href=\"https:\/\/fuabc.org.br\/portaldatransparencia\/wp-content\/uploads\/arquivos\/unidade_de_apoio_administrativo\/Urgencia-e-Emergencia-Pediatrica-UTI-e-Enfermaria-Pediatrica-\u2013-Termo-de-Convenio-no-23202025.pdf\">Urg\u00eancia e Emerg\u00eancia Pedi\u00e1trica, UTI e Enfermaria Pedi\u00e1trica \u2013 Termo de Conv\u00eanio n\u00ba 23202025<\/a><\/p>\n<div style=\"margin-top:30px; clear:both;\"><\/div><\/div>\r\n    <\/div>\r\n    \n\n\n\n<hr class=\"wp-block-separator has-alpha-channel-opacity\"\/>\n\n\n\n<h2 class=\"wp-block-heading\">Anos anteriores<\/h2>\n\n\n\n<p><\/p>\n\n\n\n<p>Legenda: RH-C\/S = RH &#8211; Cargos e Sal\u00e1rios | RH-N\/C = Rela\u00e7\u00e3o Nominal\/Cargos | FIN-VR = Valores Recebidos | FIN-FPS = Fornecedores e Prestadores de Servi\u00e7o | FIN-PF = Prestadores de Servi\u00e7os (Pessoa F\u00edsica) | FIN-BAL = Balancetes<\/p>\n","protected":false},"excerpt":{"rendered":"<p>Recursos Humanos (o comparativo entre as tabelas de RH deve ser feito pela aba &#8220;Matr\u00edcula&#8221;) Financeiro Dados do Contrato Anos anteriores Legenda: RH-C\/S = RH &#8211; Cargos e Sal\u00e1rios | RH-N\/C = Rela\u00e7\u00e3o Nominal\/Cargos | FIN-VR = Valores Recebidos | FIN-FPS = Fornecedores e Prestadores de Servi\u00e7o | FIN-PF = Prestadores de Servi\u00e7os (Pessoa F\u00edsica) | FIN-BAL = Balancetes<\/p>\n","protected":false},"author":1,"featured_media":0,"parent":0,"menu_order":0,"comment_status":"closed","ping_status":"closed","template":"template-portal.php","meta":{"_acf_changed":false,"footnotes":""},"class_list":["post-29393","page","type-page","status-publish","hentry"],"acf":[],"_links":{"self":[{"href":"https:\/\/fuabc.org.br\/portaldatransparencia\/wp-json\/wp\/v2\/pages\/29393","targetHints":{"allow":["GET"]}}],"collection":[{"href":"https:\/\/fuabc.org.br\/portaldatransparencia\/wp-json\/wp\/v2\/pages"}],"about":[{"href":"https:\/\/fuabc.org.br\/portaldatransparencia\/wp-json\/wp\/v2\/types\/page"}],"author":[{"embeddable":true,"href":"https:\/\/fuabc.org.br\/portaldatransparencia\/wp-json\/wp\/v2\/users\/1"}],"replies":[{"embeddable":true,"href":"https:\/\/fuabc.org.br\/portaldatransparencia\/wp-json\/wp\/v2\/comments?post=29393"}],"version-history":[{"count":3,"href":"https:\/\/fuabc.org.br\/portaldatransparencia\/wp-json\/wp\/v2\/pages\/29393\/revisions"}],"predecessor-version":[{"id":29405,"href":"https:\/\/fuabc.org.br\/portaldatransparencia\/wp-json\/wp\/v2\/pages\/29393\/revisions\/29405"}],"wp:attachment":[{"href":"https:\/\/fuabc.org.br\/portaldatransparencia\/wp-json\/wp\/v2\/media?parent=29393"}],"curies":[{"name":"wp","href":"https:\/\/api.w.org\/{rel}","templated":true}]}}