{"id":29506,"date":"2026-03-30T18:46:17","date_gmt":"2026-03-30T18:46:17","guid":{"rendered":"https:\/\/fuabc.org.br\/portaldatransparencia\/?page_id=29506"},"modified":"2026-03-30T18:58:24","modified_gmt":"2026-03-30T18:58:24","slug":"balanco-contabil-2020","status":"publish","type":"page","link":"https:\/\/fuabc.org.br\/portaldatransparencia\/balanco-contabil-2020\/","title":{"rendered":"Balan\u00e7o Cont\u00e1bil | 2020"},"content":{"rendered":"\n<p><a href=\"http:\/\/fuabc.org.br\/portaldatransparencia\/wp-content\/uploads\/arquivos\/balanco_contabil\/balanco_contabil_2020.pdf\" target=\"_blank\" rel=\"noreferrer noopener\">Balan\u00e7o Cont\u00e1bil | 2020<\/a><\/p>\n\n\n\n<div style=\"height:14px\" aria-hidden=\"true\" class=\"wp-block-spacer\"><\/div>\n\n\n\n<p><strong>Publica\u00e7\u00e3o Oficial da Prefeitura do Munic\u00edpio de S\u00e3o Bernardo do Campo<\/strong><br>30 DE ABRIL DE 2021 &#8211; Sexta-feira &#8211; Edi\u00e7\u00e3o N\u00ba 2224.<br><a href=\"https:\/\/www.saobernardo.sp.gov.br\/documents\/10181\/1230203\/NM+2224+de+30.04.2021+-+Conteu%CC%81do+Integral.pdf\/da56482a-4036-c7c5-16ce-95a326378a1a\">https:\/\/www.saobernardo.sp.gov.br\/documents\/10181\/1230203\/NM+2224+de+30.04.2021+-+Conteu%CC%81do+Integral.pdf\/da56482a-4036-c7c5-16ce-95a326378a1a<\/a><\/p>\n","protected":false},"excerpt":{"rendered":"<p>Balan\u00e7o Cont\u00e1bil | 2020 Publica\u00e7\u00e3o Oficial da Prefeitura do Munic\u00edpio de S\u00e3o Bernardo do Campo30 DE ABRIL DE 2021 &#8211; Sexta-feira &#8211; Edi\u00e7\u00e3o N\u00ba 2224.https:\/\/www.saobernardo.sp.gov.br\/documents\/10181\/1230203\/NM+2224+de+30.04.2021+-+Conteu%CC%81do+Integral.pdf\/da56482a-4036-c7c5-16ce-95a326378a1a<\/p>\n","protected":false},"author":1,"featured_media":0,"parent":0,"menu_order":0,"comment_status":"closed","ping_status":"closed","template":"template-portal.php","meta":{"_acf_changed":false,"footnotes":""},"class_list":["post-29506","page","type-page","status-publish","hentry"],"acf":[],"_links":{"self":[{"href":"https:\/\/fuabc.org.br\/portaldatransparencia\/wp-json\/wp\/v2\/pages\/29506","targetHints":{"allow":["GET"]}}],"collection":[{"href":"https:\/\/fuabc.org.br\/portaldatransparencia\/wp-json\/wp\/v2\/pages"}],"about":[{"href":"https:\/\/fuabc.org.br\/portaldatransparencia\/wp-json\/wp\/v2\/types\/page"}],"author":[{"embeddable":true,"href":"https:\/\/fuabc.org.br\/portaldatransparencia\/wp-json\/wp\/v2\/users\/1"}],"replies":[{"embeddable":true,"href":"https:\/\/fuabc.org.br\/portaldatransparencia\/wp-json\/wp\/v2\/comments?post=29506"}],"version-history":[{"count":3,"href":"https:\/\/fuabc.org.br\/portaldatransparencia\/wp-json\/wp\/v2\/pages\/29506\/revisions"}],"predecessor-version":[{"id":29511,"href":"https:\/\/fuabc.org.br\/portaldatransparencia\/wp-json\/wp\/v2\/pages\/29506\/revisions\/29511"}],"wp:attachment":[{"href":"https:\/\/fuabc.org.br\/portaldatransparencia\/wp-json\/wp\/v2\/media?parent=29506"}],"curies":[{"name":"wp","href":"https:\/\/api.w.org\/{rel}","templated":true}]}}