{"id":29947,"date":"2026-04-30T16:59:40","date_gmt":"2026-04-30T16:59:40","guid":{"rendered":"https:\/\/fuabc.org.br\/portaldatransparencia\/?page_id=29947"},"modified":"2026-04-30T16:59:40","modified_gmt":"2026-04-30T16:59:40","slug":"balanco-contabil-2025","status":"publish","type":"page","link":"https:\/\/fuabc.org.br\/portaldatransparencia\/balanco-contabil-2025\/","title":{"rendered":"Balan\u00e7o Cont\u00e1bil | 2025"},"content":{"rendered":"\n<p><a href=\"https:\/\/fuabc.org.br\/portaldatransparencia\/wp-content\/uploads\/arquivos\/fuabc\/balancos_fuabc_2025.pdf\">Balan\u00e7o Cont\u00e1bil | 2025<\/a><\/p>\n\n\n\n<p><strong>Publica\u00e7\u00e3o Oficial da Prefeitura do Munic\u00edpio de S\u00e3o Bernardo do Campo<\/strong><br>30 DE ABRIL DE 2026 \u2013 Quinta-Feira \u2013 Edi\u00e7\u00e3o N\u00ba 2638.<br><a href=\"https:\/\/www.saobernardo.sp.gov.br\/documents\/10181\/2361282\/NM+2638+de+30.04.2026+-+Conteu%CC%81do+Integral.pdf\/bc1ed002-3da1-871a-dcc3-fe5b9a8a19b3\">https:\/\/www.saobernardo.sp.gov.br\/documents\/10181\/2361282\/NM+2638+de+30.04.2026+-+Conteu%CC%81do+Integral.pdf\/bc1ed002-3da1-871a-dcc3-fe5b9a8a19b3<\/a><\/p>\n\n\n\n<p><strong>Di\u00e1rio Oficial Eletr\u00f4nico do Munic\u00edpio de S\u00e3o Caetano do Sul<\/strong><br>Edi\u00e7\u00e3o\u00a02453\u00a0\u2013\u00a030\/04\/2026 (Quinta-Feira).<br>Parte 1: <a href=\"https:\/\/diariooficial.saocaetanodosul.sp.gov.br\/download\/VisualizadorDocumento.aspx?docID=2518\">https:\/\/diariooficial.saocaetanodosul.sp.gov.br\/download\/VisualizadorDocumento.aspx?docID=2518<\/a><br>Parte 2: <a href=\"https:\/\/diariooficial.saocaetanodosul.sp.gov.br\/download\/VisualizadorDocumento.aspx?docID=2519\">https:\/\/diariooficial.saocaetanodosul.sp.gov.br\/download\/VisualizadorDocumento.aspx?docID=2519<\/a><br><\/p>\n","protected":false},"excerpt":{"rendered":"<p>Balan\u00e7o Cont\u00e1bil | 2025 Publica\u00e7\u00e3o Oficial da Prefeitura do Munic\u00edpio de S\u00e3o Bernardo do Campo30 DE ABRIL DE 2026 \u2013 Quinta-Feira \u2013 Edi\u00e7\u00e3o N\u00ba 2638.https:\/\/www.saobernardo.sp.gov.br\/documents\/10181\/2361282\/NM+2638+de+30.04.2026+-+Conteu%CC%81do+Integral.pdf\/bc1ed002-3da1-871a-dcc3-fe5b9a8a19b3 Di\u00e1rio Oficial Eletr\u00f4nico do Munic\u00edpio de S\u00e3o Caetano do SulEdi\u00e7\u00e3o\u00a02453\u00a0\u2013\u00a030\/04\/2026 (Quinta-Feira).Parte 1: https:\/\/diariooficial.saocaetanodosul.sp.gov.br\/download\/VisualizadorDocumento.aspx?docID=2518Parte 2: https:\/\/diariooficial.saocaetanodosul.sp.gov.br\/download\/VisualizadorDocumento.aspx?docID=2519<\/p>\n","protected":false},"author":1,"featured_media":0,"parent":0,"menu_order":0,"comment_status":"closed","ping_status":"closed","template":"template-portal.php","meta":{"_acf_changed":false,"footnotes":""},"class_list":["post-29947","page","type-page","status-publish","hentry"],"acf":[],"_links":{"self":[{"href":"https:\/\/fuabc.org.br\/portaldatransparencia\/wp-json\/wp\/v2\/pages\/29947","targetHints":{"allow":["GET"]}}],"collection":[{"href":"https:\/\/fuabc.org.br\/portaldatransparencia\/wp-json\/wp\/v2\/pages"}],"about":[{"href":"https:\/\/fuabc.org.br\/portaldatransparencia\/wp-json\/wp\/v2\/types\/page"}],"author":[{"embeddable":true,"href":"https:\/\/fuabc.org.br\/portaldatransparencia\/wp-json\/wp\/v2\/users\/1"}],"replies":[{"embeddable":true,"href":"https:\/\/fuabc.org.br\/portaldatransparencia\/wp-json\/wp\/v2\/comments?post=29947"}],"version-history":[{"count":1,"href":"https:\/\/fuabc.org.br\/portaldatransparencia\/wp-json\/wp\/v2\/pages\/29947\/revisions"}],"predecessor-version":[{"id":29949,"href":"https:\/\/fuabc.org.br\/portaldatransparencia\/wp-json\/wp\/v2\/pages\/29947\/revisions\/29949"}],"wp:attachment":[{"href":"https:\/\/fuabc.org.br\/portaldatransparencia\/wp-json\/wp\/v2\/media?parent=29947"}],"curies":[{"name":"wp","href":"https:\/\/api.w.org\/{rel}","templated":true}]}}