{"id":3371,"date":"2020-05-07T19:37:36","date_gmt":"2020-05-07T19:37:36","guid":{"rendered":"https:\/\/fuabc.org.br\/portaldatransparencia\/?page_id=3371"},"modified":"2020-05-13T11:48:50","modified_gmt":"2020-05-13T11:48:50","slug":"relatorio-de-informacoes-solicitadas-lai","status":"publish","type":"page","link":"https:\/\/fuabc.org.br\/portaldatransparencia\/relatorio-de-informacoes-solicitadas-lai\/","title":{"rendered":"Relat\u00f3rio de Informa\u00e7\u00f5es Solicitadas &#8211; LAI"},"content":{"rendered":"\n<iframe src=\"https:\/\/docs.google.com\/spreadsheets\/d\/e\/2PACX-1vQuYrE_wysZRm7fUY3SMB67eXXvVVHCNa9QuxkGJN9rubuIUC5cpxYeqpw5tZhZTzV84kXtbleevj7l\/pubhtml?gid=0&amp;single=true&amp;widget=true&amp;headers=false\" style=\"width:1000px; height:1200px !important;\" frameborder=\"0\"><\/iframe>\n\n\n\n<p><\/p>\n","protected":false},"excerpt":{"rendered":"","protected":false},"author":1,"featured_media":0,"parent":0,"menu_order":0,"comment_status":"closed","ping_status":"closed","template":"template-portal.php","meta":{"_acf_changed":false,"footnotes":""},"class_list":["post-3371","page","type-page","status-publish","hentry"],"acf":[],"_links":{"self":[{"href":"https:\/\/fuabc.org.br\/portaldatransparencia\/wp-json\/wp\/v2\/pages\/3371","targetHints":{"allow":["GET"]}}],"collection":[{"href":"https:\/\/fuabc.org.br\/portaldatransparencia\/wp-json\/wp\/v2\/pages"}],"about":[{"href":"https:\/\/fuabc.org.br\/portaldatransparencia\/wp-json\/wp\/v2\/types\/page"}],"author":[{"embeddable":true,"href":"https:\/\/fuabc.org.br\/portaldatransparencia\/wp-json\/wp\/v2\/users\/1"}],"replies":[{"embeddable":true,"href":"https:\/\/fuabc.org.br\/portaldatransparencia\/wp-json\/wp\/v2\/comments?post=3371"}],"version-history":[{"count":0,"href":"https:\/\/fuabc.org.br\/portaldatransparencia\/wp-json\/wp\/v2\/pages\/3371\/revisions"}],"wp:attachment":[{"href":"https:\/\/fuabc.org.br\/portaldatransparencia\/wp-json\/wp\/v2\/media?parent=3371"}],"curies":[{"name":"wp","href":"https:\/\/api.w.org\/{rel}","templated":true}]}}