{"id":3471,"date":"2020-05-08T19:51:51","date_gmt":"2020-05-08T19:51:51","guid":{"rendered":"https:\/\/fuabc.org.br\/portaldatransparencia\/?page_id=3471"},"modified":"2020-05-08T22:12:54","modified_gmt":"2020-05-08T22:12:54","slug":"perguntas-frequentes","status":"publish","type":"page","link":"https:\/\/fuabc.org.br\/portaldatransparencia\/perguntas-frequentes\/","title":{"rendered":"Perguntas Frequentes"},"content":{"rendered":"\n<p class=\"has-text-align-center\"><br><br><strong>Como fa\u00e7o para trabalhar na Funda\u00e7\u00e3o do ABC?<\/strong><br>Interessados em trabalhar na Funda\u00e7\u00e3o do ABC ou em suas unidades devem acessar o site <a href=\"http:\/\/www.fuabc.org.br\">www.fuabc.org.br<\/a>, no campo \u201cTrabalhe Conosco\u201d, para mais informa\u00e7\u00f5es. Processos seletivos s\u00e3o divulgados no campo \u201cPublica\u00e7\u00f5es Oficiais\u201d.<br><br>&#8212;&#8212; * &#8212;&#8212;<br><br><strong>N\u00e3o encontrei a informa\u00e7\u00e3o que preciso no Portal da Transpar\u00eancia. O que devo fazer?<\/strong><br>Caso a informa\u00e7\u00e3o desejada n\u00e3o conste no Portal da Transpar\u00eancia, envie um e-mail para <strong>transparencia@fuabc.org.br<\/strong>. Os questionamentos recebidos ser\u00e3o analisados e respondidos conforme os prazos e condi\u00e7\u00f5es estipuladas pela <a href=\"http:\/\/www.planalto.gov.br\/ccivil_03\/_ato2011-2014\/2011\/lei\/l12527.htm\">Lei de Acesso \u00e0 Informa\u00e7\u00e3o \u2013 LAI<\/a>. Voc\u00ea poder\u00e1 acompanhar o andamento de sua solicita\u00e7\u00e3o atrav\u00e9s do <a href=\"https:\/\/fuabc.org.br\/portaldatransparencia\/relatorio-de-informacoes-solicitadas-lai\/\">Relat\u00f3rio de Informa\u00e7\u00f5es Solicitadas \u2013 Lei de Acesso \u00e0 Informa\u00e7\u00e3o (LAI)<\/a>.<br><br>&#8212;&#8212; * &#8212;&#8212;<br><br><strong>Preciso do endere\u00e7o e telefone de um hospital da Funda\u00e7\u00e3o do ABC. Onde eu encontro?<\/strong><br>Os endere\u00e7os, hor\u00e1rios de atendimento e telefones de todas as unidades Mantidas da FUABC est\u00e3o dispon\u00edveis no Portal da Transpar\u00eancia, atrav\u00e9s do link: <a href=\"https:\/\/fuabc.org.br\/portaldatransparencia\/enderecos-telefones-e-horarios-das-unidades\">https:\/\/fuabc.org.br\/portaldatransparencia\/enderecos-telefones-e-horarios-das-unidades<\/a>.<br><br>&#8212;&#8212; * &#8212;&#8212;<br><br><strong>Preciso confirmar o agendamento ou remarcar uma consulta ou exame. Como fa\u00e7o?<\/strong><br>Neste caso, procure diretamente a unidade de seu interesse, onde est\u00e1 o seu prontu\u00e1rio m\u00e9dico, para obten\u00e7\u00e3o dos dados solicitados. Os contatos diretos de todas as unidades da Funda\u00e7\u00e3o do ABC est\u00e3o dispon\u00edveis <a href=\"https:\/\/fuabc.org.br\/fale-conosco\/\">neste link<\/a>.<br><br>&#8212;&#8212; * &#8212;&#8212;<br><br><strong>Como eu fa\u00e7o para passar em consulta na Faculdade de Medicina do ABC (Centro Universit\u00e1rio Sa\u00fade ABC)?<\/strong><br>Os atendimentos no ambulat\u00f3rio da Faculdade de Medicina do ABC via Sistema \u00danico de Sa\u00fade (SUS) ocorrem a partir do encaminhamento dos postos de sa\u00fade das sete cidades da regi\u00e3o do ABC. As vagas dispon\u00edveis s\u00e3o gerenciadas por uma CENTRAL DE REGULA\u00c7\u00c3O, que fica respons\u00e1vel pelo direcionamento dos pacientes \u00e0 FMABC. Outras informa\u00e7\u00f5es sobre esse tema podem ser obtidas pelo telefone: (11) 4993-5400.<br><br>&#8212;&#8212; * &#8212;&#8212;<br><br><strong>Gostaria de fazer uma cirurgia pl\u00e1stica gratuita na Faculdade de Medicina do ABC. Como devo proceder?<\/strong><br>A Faculdade de Medicina do ABC n\u00e3o realiza cirurgia pl\u00e1stica corretiva-reparadora, mas somente procedimentos est\u00e9ticos e que s\u00e3o pagos, pois n\u00e3o fazem parte dos atendimentos oferecidos pelo Sistema \u00danico de Sa\u00fade (SUS). Os interessados podem entrar em contato com a FMABC para mais informa\u00e7\u00f5es pelo telefone (11) 4993-5400.<br><br>&#8212;&#8212; * &#8212;&#8212;<br><br><strong>Quais os cursos dispon\u00edveis na Faculdade de Medicina do ABC?<\/strong><br>A Faculdade de Medicina do ABC \u00e9 uma das mais tradicionais escolas de Ci\u00eancias da Sa\u00fade do Pa\u00eds, com mais de 50 anos de tradi\u00e7\u00e3o. Hoje abriga 10 cursos de gradua\u00e7\u00e3o: Medicina, Enfermagem, Farm\u00e1cia, Fisioterapia, Terapia Ocupacional, Nutri\u00e7\u00e3o, Gest\u00e3o em Sa\u00fade Ambiental, Tecnologia em Gest\u00e3o Hospitalar, Tecnologia em Radiologia e Psicologia. Tem como miss\u00e3o promover o ensino, a pesquisa, a assist\u00eancia e a extens\u00e3o segundo crit\u00e9rios de excel\u00eancia acad\u00eamica. Mais informa\u00e7\u00f5es no site <a href=\"http:\/\/www.fmabc.br\">www.fmabc.br<\/a>.<\/p>\n","protected":false},"excerpt":{"rendered":"<p>Como fa\u00e7o para trabalhar na Funda\u00e7\u00e3o do ABC?Interessados em trabalhar na Funda\u00e7\u00e3o do ABC ou em suas unidades devem acessar o site www.fuabc.org.br, no campo \u201cTrabalhe Conosco\u201d, para mais informa\u00e7\u00f5es. Processos seletivos s\u00e3o divulgados no campo \u201cPublica\u00e7\u00f5es Oficiais\u201d. &#8212;&#8212; * &#8212;&#8212; N\u00e3o encontrei a informa\u00e7\u00e3o que preciso no Portal da Transpar\u00eancia. O que devo fazer?Caso a informa\u00e7\u00e3o desejada n\u00e3o conste no Portal da Transpar\u00eancia, envie um e-mail para transparencia@fuabc.org.br. Os questionamentos recebidos ser\u00e3o analisados e respondidos conforme os prazos e condi\u00e7\u00f5es estipuladas pela Lei de Acesso \u00e0 Informa\u00e7\u00e3o \u2013 LAI. Voc\u00ea poder\u00e1 acompanhar o andamento de sua solicita\u00e7\u00e3o atrav\u00e9s do Relat\u00f3rio de Informa\u00e7\u00f5es Solicitadas \u2013 Lei de Acesso \u00e0 Informa\u00e7\u00e3o (LAI). &#8212;&#8212; * &#8212;&#8212; Preciso do endere\u00e7o e telefone de um hospital da Funda\u00e7\u00e3o do ABC. Onde eu encontro?Os endere\u00e7os, hor\u00e1rios de atendimento e telefones de todas as unidades Mantidas da FUABC est\u00e3o dispon\u00edveis no Portal da Transpar\u00eancia, atrav\u00e9s do [&hellip;]<\/p>\n","protected":false},"author":1,"featured_media":0,"parent":0,"menu_order":0,"comment_status":"closed","ping_status":"closed","template":"template-home.php","meta":{"_acf_changed":false,"footnotes":""},"class_list":["post-3471","page","type-page","status-publish","hentry"],"acf":[],"_links":{"self":[{"href":"https:\/\/fuabc.org.br\/portaldatransparencia\/wp-json\/wp\/v2\/pages\/3471","targetHints":{"allow":["GET"]}}],"collection":[{"href":"https:\/\/fuabc.org.br\/portaldatransparencia\/wp-json\/wp\/v2\/pages"}],"about":[{"href":"https:\/\/fuabc.org.br\/portaldatransparencia\/wp-json\/wp\/v2\/types\/page"}],"author":[{"embeddable":true,"href":"https:\/\/fuabc.org.br\/portaldatransparencia\/wp-json\/wp\/v2\/users\/1"}],"replies":[{"embeddable":true,"href":"https:\/\/fuabc.org.br\/portaldatransparencia\/wp-json\/wp\/v2\/comments?post=3471"}],"version-history":[{"count":0,"href":"https:\/\/fuabc.org.br\/portaldatransparencia\/wp-json\/wp\/v2\/pages\/3471\/revisions"}],"wp:attachment":[{"href":"https:\/\/fuabc.org.br\/portaldatransparencia\/wp-json\/wp\/v2\/media?parent=3471"}],"curies":[{"name":"wp","href":"https:\/\/api.w.org\/{rel}","templated":true}]}}