{"id":3625,"date":"2020-05-19T19:00:44","date_gmt":"2020-05-19T19:00:44","guid":{"rendered":"https:\/\/fuabc.org.br\/portaldatransparencia\/?page_id=3625"},"modified":"2021-08-04T19:54:36","modified_gmt":"2021-08-04T19:54:36","slug":"hospital-ipiranga-leitos-contrato-emergencial-covid-19","status":"publish","type":"page","link":"https:\/\/fuabc.org.br\/portaldatransparencia\/hospital-ipiranga-leitos-contrato-emergencial-covid-19\/","title":{"rendered":"28 &#8211; Hospital Ipiranga (leitos) | Contrato Emergencial COVID-19"},"content":{"rendered":"\n<p><em>(Contrato encerrado em outubro de 2020<\/em>)<\/p>\n\n\n\n<div style=\"height:20px\" aria-hidden=\"true\" class=\"wp-block-spacer\"><\/div>\n\n\n\n<h2 class=\"wp-block-heading\">Dados do Contrato<\/h2>\n\n\n\n<div class=\"rtbs rtbs_tab_ori rtbs_hospital-ipiranga-dados-do-contrato\"><div class=\"rtbs_slug\" style=\"display:none\">hospital-ipiranga-dados-do-contrato<\/div><div class=\"rtbs_inactive_tab_background\" style=\"display:none\">whitesmoke<\/div><div class=\"rtbs_breakpoint\" style=\"display:none\">600<\/div><div class=\"rtbs_color\" style=\"display:none\">#1e73be<\/div>\r\n        <div class=\"rtbs_menu\">\r\n            <ul>\r\n                <li class=\"mobile_toggle\">&zwnj;<\/li><li class=\"current\"><a style=\"background:#1e73be\" class=\"active hospital-ipiranga-dados-do-contrato-tab-link-0\" href=\"#\" data-tab=\"#hospital-ipiranga-dados-do-contrato-tab-0\">Geral<\/a><\/li><li><a href=\"#\" data-tab=\"#hospital-ipiranga-dados-do-contrato-tab-1\" class=\"hospital-ipiranga-dados-do-contrato-tab-link-1\">Planos de Trabalho e Termos de Ajustes<\/a><\/li>\r\n            <\/ul>\r\n        <\/div><div style=\"border-top:7px solid #1e73be;\" id=\"hospital-ipiranga-dados-do-contrato-tab-0\" class=\"rtbs_content active\"><div style=\"margin-top:30px; clear:both;\"><\/div><\/div><div style=\"border-top:7px solid #1e73be;\" id=\"hospital-ipiranga-dados-do-contrato-tab-1\" class=\"rtbs_content\"><p><a href=\"https:\/\/fuabc.org.br\/portaldatransparencia\/wp-content\/uploads\/arquivos\/central_de_convenios\/Convenio-n\u00b0-1225-2020-Hospital-Ipiranga.pdf\">Conv\u00eanio n\u00b0 1225-2020 - Hospital Ipiranga<\/a><br \/><a href=\"https:\/\/fuabc.org.br\/portaldatransparencia\/wp-content\/uploads\/arquivos\/central_de_convenios\/Termo-de-Ciencia-Convenio-no-1255-2020-Hospital-Ipiranga.pdf\">Termo de Ci\u00eancia - Conv\u00eanio n\u00ba 1255-2020 - Hospital Ipiranga<\/a> <br \/><a href=\"https:\/\/fuabc.org.br\/portaldatransparencia\/wp-content\/uploads\/arquivos\/central_de_convenios\/Plano-de-Trabalho-Convenio-no-1255-2020-Hospital-Ipiranga.pdf\">Plano de Trabalho -Conv\u00eanio n\u00ba 1255-2020 - Hospital Ipiranga<\/a><\/p>\n<div style=\"margin-top:30px; clear:both;\"><\/div><\/div>\r\n    <\/div>\r\n    \n\n\n\n<figure class=\"wp-block-image size-large\"><a href=\"https:\/\/fuabc.org.br\/portaldatransparencia\/covid-19-hospital-ipiranga\/\"><img loading=\"lazy\" decoding=\"async\" width=\"600\" height=\"100\" src=\"https:\/\/fuabc.org.br\/portaldatransparencia\/wp-content\/uploads\/arquivos\/fuabc\/bt_publicacoes_oficiais_covid19_transp.png\" alt=\"\" class=\"wp-image-4036\" srcset=\"https:\/\/fuabc.org.br\/portaldatransparencia\/wp-content\/uploads\/arquivos\/fuabc\/bt_publicacoes_oficiais_covid19_transp.png 600w, https:\/\/fuabc.org.br\/portaldatransparencia\/wp-content\/uploads\/arquivos\/fuabc\/bt_publicacoes_oficiais_covid19_transp-300x50.png 300w\" sizes=\"auto, (max-width: 600px) 100vw, 600px\" \/><\/a><\/figure>\n\n\n\n<hr class=\"wp-block-separator\"\/>\n\n\n\n<h2 class=\"wp-block-heading\"><\/h2>\n\n\n\n<p><\/p>\n\n\n\n<p>Legenda: RH-C\/S = RH &#8211; Cargos e Sal\u00e1rios |  RH-N\/C = Rela\u00e7\u00e3o Nominal\/Cargos | FIN-VR = Valores Recebidos |  FIN-FPS = Fornecedores e Prestadores de Servi\u00e7o | FIN-PF = Prestadores de Servi\u00e7os (Pessoa F\u00edsica) | FIN-BAL = Balancetes<\/p>\n\n\n\n<p><\/p>\n\n\n\n<div class=\"rtbs rtbs_tab_ori rtbs_2020-hospital-ipiranga\"><div class=\"rtbs_slug\" style=\"display:none\">2020-hospital-ipiranga<\/div><div class=\"rtbs_inactive_tab_background\" style=\"display:none\">whitesmoke<\/div><div class=\"rtbs_breakpoint\" style=\"display:none\">600<\/div><div class=\"rtbs_color\" style=\"display:none\">#12bece<\/div>\r\n        <div class=\"rtbs_menu\">\r\n            <ul>\r\n                <li class=\"mobile_toggle\">&zwnj;<\/li><li class=\"current\"><a style=\"background:#12bece\" class=\"active 2020-hospital-ipiranga-tab-link-0\" href=\"#\" data-tab=\"#2020-hospital-ipiranga-tab-0\">2020<\/a><\/li><li><a href=\"#\" data-tab=\"#2020-hospital-ipiranga-tab-1\" class=\"2020-hospital-ipiranga-tab-link-1\">RH-C\/S<\/a><\/li><li><a href=\"#\" data-tab=\"#2020-hospital-ipiranga-tab-2\" class=\"2020-hospital-ipiranga-tab-link-2\">RH-N\/C<\/a><\/li><li><a href=\"#\" data-tab=\"#2020-hospital-ipiranga-tab-3\" class=\"2020-hospital-ipiranga-tab-link-3\">FIN-VR<\/a><\/li><li><a href=\"#\" data-tab=\"#2020-hospital-ipiranga-tab-4\" class=\"2020-hospital-ipiranga-tab-link-4\">FIN-FPS<\/a><\/li><li><a href=\"#\" data-tab=\"#2020-hospital-ipiranga-tab-5\" class=\"2020-hospital-ipiranga-tab-link-5\">FIN-PF<\/a><\/li><li><a href=\"#\" data-tab=\"#2020-hospital-ipiranga-tab-6\" class=\"2020-hospital-ipiranga-tab-link-6\">FIN-BAL<\/a><\/li>\r\n            <\/ul>\r\n        <\/div><div style=\"border-top:7px solid #12bece;\" id=\"2020-hospital-ipiranga-tab-0\" class=\"rtbs_content active\"><div style=\"margin-top:30px; clear:both;\"><\/div><\/div><div style=\"border-top:7px solid #12bece;\" id=\"2020-hospital-ipiranga-tab-1\" class=\"rtbs_content\"><p><a href=\"https:\/\/fuabc.org.br\/portaldatransparencia\/wp-content\/uploads\/arquivos\/hospital_ipiranga\/filial28_central_de_convenios_112020_cargos_salarios.xlsx\">Novembro | 2020 | Cargos e Sal\u00e1rios<\/a><\/p>\n<p><a href=\"https:\/\/fuabc.org.br\/portaldatransparencia\/wp-content\/uploads\/arquivos\/hospital_ipiranga\/filial28_central_de_convenios_102020_cargos_salarios.xlsx\">Outubro | 2020 | Cargos e Sal\u00e1rios<\/a><\/p>\n<p><a href=\"https:\/\/fuabc.org.br\/portaldatransparencia\/wp-content\/uploads\/arquivos\/hospital_ipiranga\/filial28_central_de_convenios_092020_cargos_salarios.xlsx\">Setembro | 2020 | Cargos e Sal\u00e1rios<\/a><\/p>\n<p><a href=\"https:\/\/fuabc.org.br\/portaldatransparencia\/wp-content\/uploads\/arquivos\/central_de_convenios\/filial28_central_de_convenios_082020_cargos_salarios.xlsx\">Agosto | 2020 | Cargos e Sal\u00e1rios<\/a><\/p>\n<p><a href=\"https:\/\/fuabc.org.br\/portaldatransparencia\/wp-content\/uploads\/arquivos\/central_de_convenios\/filial_28_central_de_convenios_072020_cargos_salarios.xlsx\">Julho | 2020 | Cargos e Sal\u00e1rios<\/a><\/p>\n<p><a href=\"https:\/\/fuabc.org.br\/portaldatransparencia\/wp-content\/uploads\/arquivos\/hospital_ipiranga\/filial28_central_de_convenios_062020_cargos_salarios.pdf\">Junho | 2020 | Cargos e Sal\u00e1rios<\/a><\/p>\n<p><a href=\"https:\/\/fuabc.org.br\/portaldatransparencia\/wp-content\/uploads\/arquivos\/central_de_convenios\/filial28_central_de_convenios_052020_cargos_salarios.pdf\">Maio | 2020 | Cargos e Sal\u00e1rios<\/a><\/p>\n<div style=\"margin-top:30px; clear:both;\"><\/div><\/div><div style=\"border-top:7px solid #12bece;\" id=\"2020-hospital-ipiranga-tab-2\" class=\"rtbs_content\"><p><a href=\"https:\/\/fuabc.org.br\/portaldatransparencia\/wp-content\/uploads\/arquivos\/hospital_ipiranga\/filial28_central_de_convenios_112020_cargos_funcionarios.xlsx\">Novembro | 2020 | Rela\u00e7\u00e3o nominal dos cargos<\/a><\/p>\n<p><a href=\"https:\/\/fuabc.org.br\/portaldatransparencia\/wp-content\/uploads\/arquivos\/hospital_ipiranga\/filial28_central_de_convenios_102020_cargos_funcionarios.xlsx\">Outubro | 2020 | Rela\u00e7\u00e3o nominal dos cargos<\/a><\/p>\n<p><a href=\"https:\/\/fuabc.org.br\/portaldatransparencia\/wp-content\/uploads\/arquivos\/hospital_ipiranga\/filial28_central_de_convenios_092020_cargos_funcionarios.xlsx\">Setembro | 2020 | Rela\u00e7\u00e3o nominal dos cargos<\/a><\/p>\n<p><a href=\"https:\/\/fuabc.org.br\/portaldatransparencia\/wp-content\/uploads\/arquivos\/central_de_convenios\/filial28_central_de_convenios_082020_cargos_funcionarios.xlsx\">Agosto | 2020 | Rela\u00e7\u00e3o nominal dos cargos<\/a><\/p>\n<p><a href=\"https:\/\/fuabc.org.br\/portaldatransparencia\/wp-content\/uploads\/arquivos\/central_de_convenios\/filial_28_central_de_convenios_072020_cargos_funcionarios.xlsx\">Julho | 2020 | Rela\u00e7\u00e3o nominal dos cargos<\/a><\/p>\n<p><a href=\"https:\/\/fuabc.org.br\/portaldatransparencia\/wp-content\/uploads\/arquivos\/hospital_ipiranga\/filial28_central_de_convenios_062020_cargos_funcionarios.pdf\">Junho | 2020 | Rela\u00e7\u00e3o nominal dos cargos<\/a><\/p>\n<p><a href=\"https:\/\/fuabc.org.br\/portaldatransparencia\/wp-content\/uploads\/arquivos\/central_de_convenios\/filial28_central_de_convenios_052020_cargos_funcionarios.pdf\">Maio | 2020 | Rela\u00e7\u00e3o nominal dos cargos<\/a><\/p>\n<div style=\"margin-top:30px; clear:both;\"><\/div><\/div><div style=\"border-top:7px solid #12bece;\" id=\"2020-hospital-ipiranga-tab-3\" class=\"rtbs_content\"><p><a href=\"https:\/\/fuabc.org.br\/portaldatransparencia\/wp-content\/uploads\/arquivos\/hospital_ipiranga\/filial28_central_de_convenios_112020_receitas.xlsx\">Novembro | 2020 | Valores Recebidos<\/a><\/p>\n<p><a href=\"https:\/\/fuabc.org.br\/portaldatransparencia\/wp-content\/uploads\/arquivos\/hospital_ipiranga\/filial28_central_de_convenios_102020_receitas.xlsx\">Outubro | 2020 | Valores Recebidos<\/a><\/p>\n<p><a href=\"https:\/\/fuabc.org.br\/portaldatransparencia\/wp-content\/uploads\/arquivos\/hospital_ipiranga\/filial28_central_de_convenios_092020_receitas.xlsx\">Setembro | 2020 | Valores Recebidos<\/a><\/p>\n<p><a href=\"https:\/\/fuabc.org.br\/portaldatransparencia\/wp-content\/uploads\/arquivos\/central_de_convenios\/filial28_central_de_convenios_082020_receitas.xlsx\">Agosto | 2020 | Valores Recebidos<\/a><\/p>\n<p><a href=\"https:\/\/fuabc.org.br\/portaldatransparencia\/wp-content\/uploads\/arquivos\/central_de_convenios\/filial_28_central_de_convenios_072020_receitas.xlsx\">Julho | 2020 | Valores Recebidos<\/a><\/p>\n<p><a href=\"https:\/\/fuabc.org.br\/portaldatransparencia\/wp-content\/uploads\/arquivos\/hospital_ipiranga\/filial28_central_de_convenios_062020_receitas.pdf\">Junho | 2020 | Valores Recebidos<\/a><\/p>\n<p><a href=\"https:\/\/fuabc.org.br\/portaldatransparencia\/wp-content\/uploads\/arquivos\/central_de_convenios\/filial28_central_de_convenios_052020_receitas.pdf\">Maio | 2020 | Valores Recebidos<\/a><\/p>\n<div style=\"margin-top:30px; clear:both;\"><\/div><\/div><div style=\"border-top:7px solid #12bece;\" id=\"2020-hospital-ipiranga-tab-4\" class=\"rtbs_content\"><p><a href=\"https:\/\/fuabc.org.br\/portaldatransparencia\/wp-content\/uploads\/arquivos\/hospital_ipiranga\/filial28_central_de_convenios_112020_fornecedores.xlsx\">Novembro | 2020 | Pagamentos a Fornecedores e Prestadores de Servi\u00e7os<\/a><\/p>\n<p><a href=\"https:\/\/fuabc.org.br\/portaldatransparencia\/wp-content\/uploads\/arquivos\/hospital_ipiranga\/filial28_central_de_convenios_102020_fornecedores.xlsx\">Outubro | 2020 | Pagamentos a Fornecedores e Prestadores de Servi\u00e7os<\/a><\/p>\n<p><a href=\"https:\/\/fuabc.org.br\/portaldatransparencia\/wp-content\/uploads\/arquivos\/hospital_ipiranga\/filial28_central_de_convenios_092020_fornecedores.xlsx\">Setembro | 2020 | Pagamentos a Fornecedores e Prestadores de Servi\u00e7os<\/a><\/p>\n<p><a href=\"https:\/\/fuabc.org.br\/portaldatransparencia\/wp-content\/uploads\/arquivos\/central_de_convenios\/filial28_central_de_convenios_082020_fornecedores.xlsx\">Agosto | 2020 | Pagamentos a Fornecedores e Prestadores de Servi\u00e7os<\/a><\/p>\n<p><a href=\"https:\/\/fuabc.org.br\/portaldatransparencia\/wp-content\/uploads\/arquivos\/central_de_convenios\/filial_28_central_de_convenios_072020_fornecedores.xlsx\">Julho | 2020 | Pagamentos a Fornecedores e Prestadores de Servi\u00e7os<\/a><\/p>\n<p><a href=\"https:\/\/fuabc.org.br\/portaldatransparencia\/wp-content\/uploads\/arquivos\/hospital_ipiranga\/filial28_central_de_convenios_062020_fornecedores.pdf\">Junho | 2020 | Pagamentos a Fornecedores e Prestadores de Servi\u00e7os<\/a><\/p>\n<p><a href=\"https:\/\/fuabc.org.br\/portaldatransparencia\/wp-content\/uploads\/arquivos\/central_de_convenios\/filial28_central_de_convenios_052020_fornecedores.pdf\">Maio | 2020 | Pagamentos a Fornecedores e Prestadores de Servi\u00e7os<\/a><\/p>\n<div style=\"margin-top:30px; clear:both;\"><\/div><\/div><div style=\"border-top:7px solid #12bece;\" id=\"2020-hospital-ipiranga-tab-5\" class=\"rtbs_content\"><p><a href=\"https:\/\/fuabc.org.br\/portaldatransparencia\/wp-content\/uploads\/arquivos\/hospital_ipiranga\/filial28_central_de_convenios_112020_rpa_autonomos.xlsx\">Novembro | 2020 | Pagamentos a Prestadores de Servi\u00e7os (Pessoa F\u00edsica)<\/a><\/p>\n<p><a href=\"https:\/\/fuabc.org.br\/portaldatransparencia\/wp-content\/uploads\/arquivos\/hospital_ipiranga\/filial28_central_de_convenios_102020_rpa_autonomos.xlsx\">Outubro | 2020 | Pagamentos a Prestadores de Servi\u00e7os (Pessoa F\u00edsica)<\/a><\/p>\n<p><a href=\"https:\/\/fuabc.org.br\/portaldatransparencia\/wp-content\/uploads\/arquivos\/hospital_ipiranga\/filial28_central_de_convenios_092020_rpa_autonomos.xlsx\">Setembro | 2020 | Pagamentos a Prestadores de Servi\u00e7os (Pessoa F\u00edsica)<\/a><\/p>\n<p><a href=\"https:\/\/fuabc.org.br\/portaldatransparencia\/wp-content\/uploads\/arquivos\/central_de_convenios\/filial28_central_de_convenios_082020_rpa_autonomos.xlsx\">Agosto | 2020 | Pagamentos a Prestadores de Servi\u00e7os (Pessoa F\u00edsica)<\/a><\/p>\n<p><a href=\"https:\/\/fuabc.org.br\/portaldatransparencia\/wp-content\/uploads\/arquivos\/central_de_convenios\/filial_28_central_de_convenios_072020_rpa_autonomos.xlsx\">Julho | 2020 | Pagamentos a Prestadores de Servi\u00e7os (Pessoa F\u00edsica)<\/a><\/p>\n<p><a href=\"https:\/\/fuabc.org.br\/portaldatransparencia\/wp-content\/uploads\/arquivos\/hospital_ipiranga\/filial28_central_de_convenios_062020_rpa_autonomos.pdf\">Junho | 2020 | Pagamentos a Prestadores de Servi\u00e7os (Pessoa F\u00edsica)<\/a><\/p>\n<p><a href=\"https:\/\/fuabc.org.br\/portaldatransparencia\/wp-content\/uploads\/arquivos\/central_de_convenios\/filial28_central_de_convenios_052020_rpa_autonomos.pdf\">Maio | 2020 | Pagamentos a Prestadores de Servi\u00e7os (Pessoa F\u00edsica)<\/a><\/p>\n<div style=\"margin-top:30px; clear:both;\"><\/div><\/div><div style=\"border-top:7px solid #12bece;\" id=\"2020-hospital-ipiranga-tab-6\" class=\"rtbs_content\"><p><a href=\"https:\/\/fuabc.org.br\/portaldatransparencia\/wp-content\/uploads\/arquivos\/central_de_convenios\/filial28_central_de_convenios_122020_balancete.pdf\">Dezembro | 2020 | Balancete<\/a><\/p>\n<p><a href=\"https:\/\/fuabc.org.br\/portaldatransparencia\/wp-content\/uploads\/arquivos\/hospital_ipiranga\/filial28_central_de_convenios_112020_balancete.pdf\">Novembro | 2020 | Balancete<\/a><\/p>\n<p><a href=\"https:\/\/fuabc.org.br\/portaldatransparencia\/wp-content\/uploads\/arquivos\/central_de_convenios\/filial28_central_de_convenios_102020_balancete.pdf\">Outubro | 2020 | Balancete<\/a><\/p>\n<p><a href=\"https:\/\/fuabc.org.br\/portaldatransparencia\/wp-content\/uploads\/arquivos\/central_de_convenios\/filial28_central_de_convenios_092020_balancete.pdf\">Setembro | 2020 | Balancete<\/a><\/p>\n<p><a href=\"https:\/\/fuabc.org.br\/portaldatransparencia\/wp-content\/uploads\/arquivos\/central_de_convenios\/filial28_central_de_convenios_082020_balancete.pdf\">Agosto | 2020 | Balancete<\/a><\/p>\n<p><a href=\"https:\/\/fuabc.org.br\/portaldatransparencia\/wp-content\/uploads\/arquivos\/central_de_convenios\/filial28_central_de_convenios_072020_balancete.pdf\">Julho | 2020 | Balancete<\/a><\/p>\n<p><a href=\"https:\/\/fuabc.org.br\/portaldatransparencia\/wp-content\/uploads\/arquivos\/central_de_convenios\/filial28_central_de_convenios_062020_balancete.pdf\">Junho | 2020 | Balancete<\/a><\/p>\n<p><a href=\"https:\/\/fuabc.org.br\/portaldatransparencia\/wp-content\/uploads\/arquivos\/central_de_convenios\/filial28_central_de_convenios_052020_balancetes.pdf\">Maio | 2020 | Balancete<\/a><\/p>\n<div style=\"margin-top:30px; clear:both;\"><\/div><\/div>\r\n    <\/div>\r\n    \n","protected":false},"excerpt":{"rendered":"<p>(Contrato encerrado em outubro de 2020) Dados do Contrato Legenda: RH-C\/S = RH &#8211; Cargos e Sal\u00e1rios | RH-N\/C = Rela\u00e7\u00e3o Nominal\/Cargos | FIN-VR = Valores Recebidos | FIN-FPS = Fornecedores e Prestadores de Servi\u00e7o | FIN-PF = Prestadores de Servi\u00e7os (Pessoa F\u00edsica) | FIN-BAL = Balancetes<\/p>\n","protected":false},"author":1,"featured_media":0,"parent":0,"menu_order":0,"comment_status":"closed","ping_status":"closed","template":"template-portal.php","meta":{"_acf_changed":false,"footnotes":""},"class_list":["post-3625","page","type-page","status-publish","hentry"],"acf":[],"_links":{"self":[{"href":"https:\/\/fuabc.org.br\/portaldatransparencia\/wp-json\/wp\/v2\/pages\/3625","targetHints":{"allow":["GET"]}}],"collection":[{"href":"https:\/\/fuabc.org.br\/portaldatransparencia\/wp-json\/wp\/v2\/pages"}],"about":[{"href":"https:\/\/fuabc.org.br\/portaldatransparencia\/wp-json\/wp\/v2\/types\/page"}],"author":[{"embeddable":true,"href":"https:\/\/fuabc.org.br\/portaldatransparencia\/wp-json\/wp\/v2\/users\/1"}],"replies":[{"embeddable":true,"href":"https:\/\/fuabc.org.br\/portaldatransparencia\/wp-json\/wp\/v2\/comments?post=3625"}],"version-history":[{"count":7,"href":"https:\/\/fuabc.org.br\/portaldatransparencia\/wp-json\/wp\/v2\/pages\/3625\/revisions"}],"predecessor-version":[{"id":9009,"href":"https:\/\/fuabc.org.br\/portaldatransparencia\/wp-json\/wp\/v2\/pages\/3625\/revisions\/9009"}],"wp:attachment":[{"href":"https:\/\/fuabc.org.br\/portaldatransparencia\/wp-json\/wp\/v2\/media?parent=3625"}],"curies":[{"name":"wp","href":"https:\/\/api.w.org\/{rel}","templated":true}]}}