{"id":4051,"date":"2020-06-25T17:02:23","date_gmt":"2020-06-25T17:02:23","guid":{"rendered":"https:\/\/fuabc.org.br\/portaldatransparencia\/?page_id=4051"},"modified":"2022-01-10T15:38:57","modified_gmt":"2022-01-10T15:38:57","slug":"covid-19-ame-itapevi","status":"publish","type":"page","link":"https:\/\/fuabc.org.br\/portaldatransparencia\/covid-19-ame-itapevi\/","title":{"rendered":"Covid-19 | AME Itapevi"},"content":{"rendered":"\n<h2 class=\"wp-block-heading\">DOA\u00c7\u00d5ES<\/h2>\n\n\n\n<p><\/p>\n\n\n\n<p>24\/07\/2020<\/p>\n\n\n\n<p><a href=\"https:\/\/fuabc.org.br\/publicacoes-oficiais\/declaracao-de-doacao-recebida-para-enfrentamento-a-covid-19-fuabc-ambulatorio-medico-de-especialidades-vilobaldo-carvalho-teixeira-filho-ame-itapevi-2\/\">DECLARA\u00c7\u00c3O DE DOA\u00c7\u00c3O RECEBIDA PARA ENFRENTAMENTO A COVID \u2013 19 \u2013 FUABC \u2013 AMBULAT\u00d3RIO M\u00c9DICO DE ESPECIALIDADES \u201cVILOBALDO CARVALHO TEIXEIRA FILHO\u201d \u2013 AME ITAPEVI<\/a><\/p>\n\n\n\n<p><a href=\"https:\/\/fuabc.org.br\/publicacoes-oficiais\/declaracao-de-doacao-recebida-para-enfrentamento-a-covid-19-fuabc-ambulatorio-medico-de-especialidades-vilobaldo-carvalho-teixeira-filho-ame-itapevi\/\">DECLARA\u00c7\u00c3O DE DOA\u00c7\u00c3O RECEBIDA PARA ENFRENTAMENTO A COVID \u2013 19 \u2013 FUABC \u2013 AMBULAT\u00d3RIO M\u00c9DICO DE ESPECIALIDADES \u201cVILOBALDO CARVALHO TEIXEIRA FILHO\u201d \u2013 AME ITAPEVI<\/a><\/p>\n\n\n\n<div style=\"height:20px\" aria-hidden=\"true\" class=\"wp-block-spacer\"><\/div>\n\n\n\n<hr class=\"wp-block-separator\"\/>\n\n\n\n<div style=\"height:20px\" aria-hidden=\"true\" class=\"wp-block-spacer\"><\/div>\n\n\n\n<h2 class=\"wp-block-heading\">RECEITAS<\/h2>\n\n\n\n<p>10\/01\/2022<\/p>\n\n\n\n<p><a href=\"https:\/\/fuabc.org.br\/publicacoes-oficiais\/declaracao-negativa-de-recebimento-de-receita-para-enfrentamento-a-pandemia-de-covid-19-a-fundacao-abc-ambulatorio-medico-de-especialidades-ame-itapevi-11\/\">DECLARA\u00c7\u00c3O NEGATIVA DE RECEBIMENTO DE RECEITA PARA ENFRENTAMENTO A PANDEMIA DE COVID-19 A FUNDA\u00c7\u00c3O ABC AMBULAT\u00d3RIO M\u00c9DICO DE ESPECIALIDADES \u2013 AME ITAPEVI<\/a><\/p>\n\n\n\n<p>12\/11\/2021<\/p>\n\n\n\n<p><a href=\"https:\/\/fuabc.org.br\/publicacoes-oficiais\/declaracao-negativa-de-recebimento-de-receita-para-enfrentamento-a-pandemia-de-covid-19-a-fundacao-abc-ambulatorio-medico-de-especialidades-ame-itapevi-10\/\">DECLARA\u00c7\u00c3O NEGATIVA DE RECEBIMENTO DE RECEITA PARA ENFRENTAMENTO A PANDEMIA DE COVID-19 A FUNDA\u00c7\u00c3O ABC AMBULAT\u00d3RIO M\u00c9DICO DE ESPECIALIDADES \u2013 AME ITAPEVI<\/a><\/p>\n\n\n\n<p>08\/03\/2021<\/p>\n\n\n\n<p><a href=\"https:\/\/fuabc.org.br\/publicacoes-oficiais\/declaracao-negativa-de-recebimento-de-receita-para-enfrentamento-a-pandemia-de-covid-19-a-fundacao-abc-ambulatorio-medico-de-especialidades-ame-itapevi-9\/\">DECLARA\u00c7\u00c3O NEGATIVA DE RECEBIMENTO DE RECEITA PARA ENFRENTAMENTO A PANDEMIA DE COVID-19 A FUNDA\u00c7\u00c3O ABC AMBULAT\u00d3RIO M\u00c9DICO DE ESPECIALIDADES \u2013 AME ITAPEVI<\/a><\/p>\n\n\n\n<p>02\/02\/2021<\/p>\n\n\n\n<p><a href=\"https:\/\/fuabc.org.br\/publicacoes-oficiais\/declaracao-negativa-de-recebimento-de-receita-para-enfrentamento-a-pandemia-de-covid-19-a-fundacao-abc-ambulatorio-medico-de-especialidades-ame-itapevi-8\/\">DECLARA\u00c7\u00c3O NEGATIVA DE RECEBIMENTO DE RECEITA PARA ENFRENTAMENTO A PANDEMIA DE COVID-19 A FUNDA\u00c7\u00c3O ABC AMBULAT\u00d3RIO M\u00c9DICO DE ESPECIALIDADES \u2013 AME ITAPEVI<\/a><\/p>\n\n\n\n<p>08\/01\/2021<\/p>\n\n\n\n<p><a href=\"https:\/\/fuabc.org.br\/publicacoes-oficiais\/declaracao-negativa-de-recebimento-de-receita-para-enfrentamento-a-pandemia-de-covid-19-a-fundacao-abc-ambulatorio-medico-de-especialidades-ame-itapevi-7\/\">DECLARA\u00c7\u00c3O NEGATIVA DE RECEBIMENTO DE RECEITA PARA ENFRENTAMENTO A PANDEMIA DE COVID-19 A FUNDA\u00c7\u00c3O ABC AMBULAT\u00d3RIO M\u00c9DICO DE ESPECIALIDADES \u2013 AME ITAPEVI<\/a><\/p>\n\n\n\n<p>04\/12\/2020<\/p>\n\n\n\n<p><a href=\"https:\/\/fuabc.org.br\/publicacoes-oficiais\/declaracao-negativa-de-recebimento-de-receita-para-enfrentamento-a-pandemia-de-covid-19-a-fundacao-abc-ambulatorio-medico-de-especialidades-ame-itapevi-6\/\">DECLARA\u00c7\u00c3O NEGATIVA DE RECEBIMENTO DE RECEITA PARA ENFRENTAMENTO A PANDEMIA DE COVID-19 A FUNDA\u00c7\u00c3O ABC AMBULAT\u00d3RIO M\u00c9DICO DE ESPECIALIDADES \u2013 AME ITAPEVI<\/a><\/p>\n\n\n\n<p>04\/11\/2020<\/p>\n\n\n\n<p><a href=\"https:\/\/fuabc.org.br\/publicacoes-oficiais\/declaracao-negativa-de-recebimento-de-receita-para-enfrentamento-a-pandemia-de-covid-19-a-fundacao-abc-ambulatorio-medico-de-especialidades-ame-itapevi-5\/\">DECLARA\u00c7\u00c3O NEGATIVA DE RECEBIMENTO DE RECEITA PARA ENFRENTAMENTO A PANDEMIA DE COVID-19 A FUNDA\u00c7\u00c3O ABC AMBULAT\u00d3RIO M\u00c9DICO DE ESPECIALIDADES \u2013 AME ITAPEVI<\/a><\/p>\n\n\n\n<p>30\/09\/2020<\/p>\n\n\n\n<p><a href=\"https:\/\/fuabc.org.br\/publicacoes-oficiais\/declaracao-negativa-de-recebimento-de-receita-para-enfrentamento-a-pandemia-de-covid-19-a-fundacao-abc-ambulatorio-medico-de-especialidades-ame-itapevi-4\/\">DECLARA\u00c7\u00c3O NEGATIVA DE RECEBIMENTO DE RECEITA PARA ENFRENTAMENTO A PANDEMIA DE COVID-19 A FUNDA\u00c7\u00c3O ABC AMBULAT\u00d3RIO M\u00c9DICO DE ESPECIALIDADES \u2013 AME ITAPEVI<\/a><\/p>\n\n\n\n<p>24\/09\/2020<\/p>\n\n\n\n<p><a href=\"https:\/\/fuabc.org.br\/publicacoes-oficiais\/declaracao-negativa-de-recebimento-de-receita-para-enfrentamento-a-pandemia-de-covid-19-a-fundacao-abc-ambulatorio-medico-de-especialidades-ame-itapevi-3\/\">DECLARA\u00c7\u00c3O NEGATIVA DE RECEBIMENTO DE RECEITA PARA ENFRENTAMENTO A PANDEMIA DE COVID-19 A FUNDA\u00c7\u00c3O ABC AMBULAT\u00d3RIO M\u00c9DICO DE ESPECIALIDADES \u2013 AME ITAPEVI<\/a><\/p>\n\n\n\n<p>17\/09\/2020<\/p>\n\n\n\n<p><a href=\"https:\/\/fuabc.org.br\/publicacoes-oficiais\/declaracao-negativa-de-recebimento-de-receita-para-enfrentamento-a-pandemia-de-covid-19-a-fundacao-abc-ambulatorio-medico-de-especialidades-ame-itapevi-2\/\">DECLARA\u00c7\u00c3O NEGATIVA DE RECEBIMENTO DE RECEITA PARA ENFRENTAMENTO A PANDEMIA DE COVID-19 A FUNDA\u00c7\u00c3O ABC \u2013 AMBULAT\u00d3RIO M\u00c9DICO DE ESPECIALIDADES \u2013 AME ITAPEVI<\/a><\/p>\n\n\n\n<p>10\/09\/2020<\/p>\n\n\n\n<p><a href=\"https:\/\/fuabc.org.br\/publicacoes-oficiais\/declaracao-negativa-de-recebimento-de-receita-para-enfrentamento-a-pandemia-de-covid-19-a-fundacao-abc-ambulatorio-medico-de-especialidades-ame-itapevi\/\">DECLARA\u00c7\u00c3O NEGATIVA DE RECEBIMENTO DE RECEITA PARA ENFRENTAMENTO A PANDEMIA DE COVID-19 A FUNDA\u00c7\u00c3O ABC \u2013 AMBULAT\u00d3RIO M\u00c9DICO DE ESPECIALIDADES \u2013 AME ITAPEVI<\/a><\/p>\n\n\n\n<hr class=\"wp-block-separator\"\/>\n\n\n\n<h2 class=\"wp-block-heading\">DESPESAS<\/h2>\n\n\n\n<p>10\/01\/2022<\/p>\n\n\n\n<p><a href=\"https:\/\/fuabc.org.br\/publicacoes-oficiais\/declaracao-negativa-de-realizacao-de-despesa-para-enfrentamento-a-pandemia-de-covid-19-a-fundacao-abc-ambulatorio-medico-de-especialidades-ame-itapevi\/\">DECLARA\u00c7\u00c3O NEGATIVA DE REALIZA\u00c7\u00c3O DE DESPESA PARA ENFRENTAMENTO A PANDEMIA DE COVID-19 A FUNDA\u00c7\u00c3O ABC AMBULAT\u00d3RIO M\u00c9DICO DE ESPECIALIDADES \u2013 AME ITAPEVI<\/a><\/p>\n\n\n\n<p>03\/08\/2020<\/p>\n\n\n\n<p><a href=\"https:\/\/fuabc.org.br\/publicacoes-oficiais\/processo-ame0062-21-aquisicao-de-totem-alcool-gel-automatizado-com-termometro-infravermelho-para-atender-aos-pacientes-em-combate-a-covid-19-fuabc-ambulatorio-medico-de-e\/\">PROCESSO AME0062\/21 \u2013 AQUISI\u00c7\u00c3O DE TOTEM \u00c1LCOOL GEL AUTOMATIZADO COM TERM\u00d4METRO INFRAVERMELHO PARA ATENDER AOS PACIENTES EM COMBATE A COVID-19 \u2013 FUABC \u2013 AMBULAT\u00d3RIO M\u00c9DICO DE ESPECIALIDADES \u201cVILOBALDO CARVALHO TEIXEIRA FILHO \u2013 AME ITAPEVI<\/a><\/p>\n\n\n\n<p><a href=\"https:\/\/fuabc.org.br\/publicacoes-oficiais\/processo-ame0010-21-compra-de-material-medico-para-atender-aos-pacientes-em-combate-a-covid-19-fuabc-ambulatorio-medico-de-especialidades-vilobaldo-carvalho-teix\/\">PROCESSO AME0010\/21 \u2013 COMPRA DE MATERIAL M\u00c9DICO PARA ATENDER AOS PACIENTES EM COMBATE A COVID-19 \u2013 FUABC \u2013 AMBULAT\u00d3RIO M\u00c9DICO DE ESPECIALIDADES \u201cVILOBALDO CARVALHO TEIXEIRA FILHO \u2013 AME ITAPEVI<\/a><\/p>\n\n\n\n<p>28\/12\/2020<\/p>\n\n\n\n<p><a href=\"https:\/\/fuabc.org.br\/publicacoes-oficiais\/processo-ame0201-20-compra-de-material-medico-para-atender-aos-pacientes-em-combate-a-covid-19-fuabc-ambulatorio-medico-de-especialidades-vilobaldo-carvalho-teix\/\">PROCESSO AME0201\/20 \u2013 COMPRA DE MATERIAL M\u00c9DICO PARA ATENDER AOS PACIENTES EM COMBATE A COVID-19 \u2013 FUABC \u2013 AMBULAT\u00d3RIO M\u00c9DICO DE ESPECIALIDADES \u201cVILOBALDO CARVALHO TEIXEIRA FILHO \u2013 AME ITAPEVI<\/a><\/p>\n\n\n\n<p><a href=\"https:\/\/fuabc.org.br\/publicacoes-oficiais\/processo-ame0187-20-compra-de-material-medico-para-atender-aos-pacientes-em-combate-a-covid-19-fuabc-ambulatorio-medico-de-especialidades-vilobaldo-carvalho-teix\/\">PROCESSO AME0187\/20 \u2013 COMPRA DE MATERIAL M\u00c9DICO PARA ATENDER AOS PACIENTES EM COMBATE A COVID-19 \u2013 FUABC \u2013 AMBULAT\u00d3RIO M\u00c9DICO DE ESPECIALIDADES \u201cVILOBALDO CARVALHO TEIXEIRA FILHO \u2013 AME ITAPEVI<\/a><\/p>\n\n\n\n<p>12\/11\/2020<\/p>\n\n\n\n<p><a href=\"https:\/\/fuabc.org.br\/publicacoes-oficiais\/processo-ame0169-20-compra-de-material-medico-para-atender-aos-pacientes-em-combate-a-covid-19-fuabc-ambulatorio-medico-de-especialidades-vilobaldo-carvalho-teix\/\">PROCESSO AME0169\/20 \u2013 COMPRA DE MATERIAL M\u00c9DICO PARA ATENDER AOS PACIENTES EM COMBATE A COVID-19 \u2013 FUABC \u2013 AMBULAT\u00d3RIO M\u00c9DICO DE ESPECIALIDADES \u201cVILOBALDO CARVALHO TEIXEIRA FILHO \u2013 AME ITAPEVI<\/a><\/p>\n\n\n\n<p>11\/11\/2020<\/p>\n\n\n\n<p><a href=\"https:\/\/fuabc.org.br\/publicacoes-oficiais\/processo-ame0152-20-compra-de-material-medico-para-atender-aos-pacientes-em-combate-a-covid-19-fuabc-ambulatorio-medico-de-especialidades-vilobaldo-carvalho-teix\/\">PROCESSO AME0152\/20 \u2013 COMPRA DE MATERIAL M\u00c9DICO PARA ATENDER AOS PACIENTES EM COMBATE A COVID-19 \u2013 FUABC \u2013 AMBULAT\u00d3RIO M\u00c9DICO DE ESPECIALIDADES \u201cVILOBALDO CARVALHO TEIXEIRA FILHO \u2013 AME ITAPEVI<\/a><\/p>\n\n\n\n<p><a href=\"https:\/\/fuabc.org.br\/publicacoes-oficiais\/processo-ame0135-20-aquisicao-de-termometro-digital-de-testa-infravermelho-sem-contato-fuabc-ambulatorio-medico-de-especialidades-vilobaldo-carvalho-teixeira-fil\/\">PROCESSO AME0135\/20 \u2013 AQUISI\u00c7\u00c3O DE TERM\u00d4METRO DIGITAL DE TESTA INFRAVERMELHO SEM CONTATO \u2013 FUABC \u2013 AMBULAT\u00d3RIO M\u00c9DICO DE ESPECIALIDADES \u201cVILOBALDO CARVALHO TEIXEIRA FILHO \u2013 AME ITAPEVI.<\/a><\/p>\n\n\n\n<p><a href=\"https:\/\/fuabc.org.br\/publicacoes-oficiais\/processo-ame0130-20-compra-de-material-medico-para-atender-aos-pacientes-em-combate-a-covid-19-fuabc-ambulatorio-medico-de-especialidades-vilobaldo-carvalho-teix\/\">PROCESSO AME0130\/20 \u2013 COMPRA DE MATERIAL M\u00c9DICO PARA ATENDER AOS PACIENTES EM COMBATE A COVID-19 \u2013 FUABC \u2013 AMBULAT\u00d3RIO M\u00c9DICO DE ESPECIALIDADES \u201cVILOBALDO CARVALHO TEIXEIRA FILHO \u2013 AME ITAPEVI<\/a><\/p>\n\n\n\n<p>30\/09\/2020<\/p>\n\n\n\n<p><a href=\"https:\/\/fuabc.org.br\/publicacoes-oficiais\/declaracao-negativa-realizacao-de-despesa-para-enfrentamento-a-pandedmia-de-covid-19-a-fundacao-abc-ambulatorio-medico-de-especialidades-ame-itapevi-4\/\">DECLARA\u00c7\u00c3O NEGATIVA REALIZA\u00c7\u00c3O DE DESPESA PARA ENFRENTAMENTO A PANDEDMIA DE COVID-19 A FUNDA\u00c7\u00c3O ABC AMBULAT\u00d3RIO M\u00c9DICO DE ESPECIALIDADES \u2013 AME ITAPEVI<\/a><\/p>\n\n\n\n<p>24\/09\/2020<\/p>\n\n\n\n<p><a href=\"https:\/\/fuabc.org.br\/publicacoes-oficiais\/declaracao-negativa-realizacao-de-despesa-para-enfrentamento-a-pandedmia-de-covid-19-a-fundacao-abc-ambulatorio-medico-de-especialidades-ame-itapevi-3\/\">DECLARA\u00c7\u00c3O NEGATIVA REALIZA\u00c7\u00c3O DE DESPESA PARA ENFRENTAMENTO A PANDEDMIA DE COVID-19 A FUNDA\u00c7\u00c3O ABC AMBULAT\u00d3RIO M\u00c9DICO DE ESPECIALIDADES \u2013 AME ITAPEVI<\/a><\/p>\n\n\n\n<p>17\/09\/2020<\/p>\n\n\n\n<p><a href=\"https:\/\/fuabc.org.br\/publicacoes-oficiais\/declaracao-negativa-realizacao-de-despesa-para-enfrentamento-a-pandedmia-de-covid-19-a-fundacao-abc-ambulatorio-medico-de-especialidades-ame-itapevi-2\/\">DECLARA\u00c7\u00c3O NEGATIVA REALIZA\u00c7\u00c3O DE DESPESA PARA ENFRENTAMENTO A PANDEDMIA DE COVID-19 A FUNDA\u00c7\u00c3O ABC \u2013 AMBULAT\u00d3RIO M\u00c9DICO DE ESPECIALIDADES \u2013 AME ITAPEVI<\/a><\/p>\n\n\n\n<p>26\/08\/2020<\/p>\n\n\n\n<p><a href=\"https:\/\/fuabc.org.br\/publicacoes-oficiais\/declaracao-negativa-realizacao-de-despesa-para-enfrentamento-a-pandedmia-de-covid-19-a-fundacao-abc-ambulatorio-medico-de-especialidades-ame-itapevi\/\">DECLARA\u00c7\u00c3O NEGATIVA REALIZA\u00c7\u00c3O DE DESPESA PARA ENFRENTAMENTO A PANDEDMIA DE COVID-19 \u2013 A FUNDA\u00c7\u00c3O ABC \u2013 AMBULAT\u00d3RIO M\u00c9DICO DE ESPECIALIDADES \u2013 AME ITAPEVI<\/a><\/p>\n\n\n\n<p>10\/07\/2020<\/p>\n\n\n\n<p><a href=\"https:\/\/fuabc.org.br\/publicacoes-oficiais\/transparencia-fuabc-ambulatorio-medico-de-especialidades-vilobaldo-carvalho-teixeira-filho-ame-itapevi-processo-ame0092-20-compra-de-material\/\">TRANSPAR\u00caNCIA \u2013 FUABC \u2013 AMBULAT\u00d3RIO M\u00c9DICO DE ESPECIALIDADES \u201cVILOBALDO CARVALHO TEIXEIRA FILHO \u2013 AME ITAPEVI \u2013 PROCESSO AME0092\/20 \u2013 COMPRA DE MATERIAL M\u00c9DICO PARA ATENDER OS PACIENTES EM COMBATE A COVID-19.<\/a><\/p>\n\n\n\n<p><a href=\"https:\/\/fuabc.org.br\/publicacoes-oficiais\/transparencia-fuabc-ambulatorio-medico-de-especialidades-vilobaldo-carvalho-teixeira-filho-ame-itapevi-processo-ame00109-20-compra-de-materia\/\">TRANSPAR\u00caNCIA \u2013 FUABC \u2013 AMBULAT\u00d3RIO M\u00c9DICO DE ESPECIALIDADES \u201cVILOBALDO CARVALHO TEIXEIRA FILHO \u2013 AME ITAPEVI \u2013 PROCESSO AME00109\/20 \u2013 COMPRA DE MATERIAL M\u00c9DICO PARA ATENDER OS PACIENTES EM COMBATE A COVID-19.<\/a><\/p>\n\n\n\n<p><a href=\"https:\/\/fuabc.org.br\/publicacoes-oficiais\/transparencia-fuabc-ambulatorio-medico-de-especialidades-vilobaldo-carvalho-teixeira-filho-ame-itapevi-processo-ame00114-20-compra-de-materia\/\">TRANSPAR\u00caNCIA \u2013 FUABC \u2013 AMBULAT\u00d3RIO M\u00c9DICO DE ESPECIALIDADES \u201cVILOBALDO CARVALHO TEIXEIRA FILHO \u2013 AME ITAPEVI \u2013 PROCESSO AME00114\/20 \u2013 COMPRA DE MATERIAL M\u00c9DICO PARA ATENDER OS PACIENTES EM COMBATE A COVID-19.<\/a><\/p>\n\n\n\n<p><a href=\"https:\/\/fuabc.org.br\/publicacoes-oficiais\/transparencia-fuabc-ambulatorio-medico-de-especialidades-vilobaldo-carvalho-teixeira-filho-ame-itapevi-processo-ame0051-20-compra-emergencial\/\">TRANSPAR\u00caNCIA \u2013 FUABC \u2013 AMBULAT\u00d3RIO M\u00c9DICO DE ESPECIALIDADES \u201cVILOBALDO CARVALHO TEIXEIRA FILHO \u2013 AME ITAPEVI \u2013 PROCESSO AME0051\/20 \u2013 COMPRA EMERGENCIAL DE MATERIAL PARA HIGIENIZA\u00c7\u00c3O E LIMPEZA PARA ATENDER OS PACIENTES E COLABORADORES DA UNIDADE EM COMBATE A COVID-19.<\/a><\/p>\n\n\n\n<p><a href=\"https:\/\/fuabc.org.br\/publicacoes-oficiais\/transparencia-fuabc-ambulatorio-medico-de-especialidades-vilobaldo-carvalho-teixeira-filho-ame-itapevi-processo-ame0055-20-compra-emergencial\/\">TRANSPAR\u00caNCIA \u2013 FUABC \u2013 AMBULAT\u00d3RIO M\u00c9DICO DE ESPECIALIDADES \u201cVILOBALDO CARVALHO TEIXEIRA FILHO \u2013 AME ITAPEVI \u2013 PROCESSO AME0055\/20 \u2013 COMPRA EMERGENCIAL DE MATERIAL M\u00c9DICO PARA ATENDER OS PACIENTES EM COMBATE A COVID-19.<\/a><\/p>\n\n\n\n<p><a href=\"https:\/\/fuabc.org.br\/publicacoes-oficiais\/transparencia-fuabc-ambulatorio-medico-de-especialidades-vilobaldo-carvalho-teixeira-filho-ame-itapevi-processo-ame0056-20-compra-emergencial\/\">TRANSPAR\u00caNCIA \u2013 FUABC \u2013 AMBULAT\u00d3RIO M\u00c9DICO DE ESPECIALIDADES \u201cVILOBALDO CARVALHO TEIXEIRA FILHO \u2013 AME ITAPEVI \u2013 PROCESSO AME0056\/20 \u2013 COMPRA EMERGENCIAL DE MATERIAL M\u00c9DICO PARA ATENDER OS PACIENTES EM COMBATE A COVID-19.<\/a><\/p>\n\n\n\n<p><a href=\"https:\/\/fuabc.org.br\/publicacoes-oficiais\/transparencia-fuabc-ambulatorio-medico-de-especialidades-vilobaldo-carvalho-teixeira-filho-ame-itapevi-processo-ame0057-20-compra-emergencial\/\">TRANSPAR\u00caNCIA \u2013 FUABC \u2013 AMBULAT\u00d3RIO M\u00c9DICO DE ESPECIALIDADES \u201cVILOBALDO CARVALHO TEIXEIRA FILHO \u2013 AME ITAPEVI \u2013 PROCESSO AME0057\/20 \u2013 COMPRA EMERGENCIAL DE MATERIAL M\u00c9DICO PARA ATENDER OS PACIENTES EM COMBATE A COVID-19.<\/a><\/p>\n\n\n\n<p><a href=\"https:\/\/fuabc.org.br\/publicacoes-oficiais\/transparencia-fuabc-ambulatorio-medico-de-especialidades-vilobaldo-carvalho-teixeira-filho-ame-itapevi-processo-ame0058-20-compra-emergencial\/\">TRANSPAR\u00caNCIA \u2013 FUABC \u2013 AMBULAT\u00d3RIO M\u00c9DICO DE ESPECIALIDADES \u201cVILOBALDO CARVALHO TEIXEIRA FILHO \u2013 AME ITAPEVI \u2013 PROCESSO AME0058\/20 \u2013 COMPRA EMERGENCIAL DE MATERIAL M\u00c9DICO PARA ATENDER OS PACIENTES EM COMBATE A COVID-19.<\/a><\/p>\n\n\n\n<p><a href=\"https:\/\/fuabc.org.br\/publicacoes-oficiais\/transparencia-fuabc-ambulatorio-medico-de-especialidades-vilobaldo-carvalho-teixeira-filho-ame-itapevi-processo-ame0073-20-compra-emergencial\/\">TRANSPAR\u00caNCIA \u2013 FUABC \u2013 AMBULAT\u00d3RIO M\u00c9DICO DE ESPECIALIDADES \u201cVILOBALDO CARVALHO TEIXEIRA FILHO \u2013 AME ITAPEVI \u2013 PROCESSO AME0073\/20 \u2013 COMPRA EMERGENCIAL DE MATERIAL M\u00c9DICO PARA ATENDER OS PACIENTES EM COMBATE A COVID-19.<\/a><\/p>\n\n\n\n<p><a href=\"https:\/\/fuabc.org.br\/publicacoes-oficiais\/transparencia-fuabc-ambulatorio-medico-de-especialidades-vilobaldo-carvalho-teixeira-filho-ame-itapevi-processo-ame0075-20-compra-emergencial\/\">TRANSPAR\u00caNCIA \u2013 FUABC \u2013 AMBULAT\u00d3RIO M\u00c9DICO DE ESPECIALIDADES \u201cVILOBALDO CARVALHO TEIXEIRA FILHO \u2013 AME ITAPEVI \u2013 PROCESSO AME0075\/20 \u2013 COMPRA EMERGENCIAL DE MATERIAL M\u00c9DICO PARA ATENDER OS PACIENTES EM COMBATE A COVID-19.<\/a><\/p>\n\n\n\n<p><a href=\"https:\/\/fuabc.org.br\/publicacoes-oficiais\/transparencia-fuabc-ambulatorio-medico-de-especialidades-vilobaldo-carvalho-teixeira-filho-ame-itapevi-processo-ame0077-20-compra-emergencial\/\">TRANSPAR\u00caNCIA \u2013 FUABC \u2013 AMBULAT\u00d3RIO M\u00c9DICO DE ESPECIALIDADES \u201cVILOBALDO CARVALHO TEIXEIRA FILHO \u2013 AME ITAPEVI \u2013 PROCESSO AME0077\/20 \u2013 COMPRA EMERGENCIAL DE MATERIAL M\u00c9DICO PARA ATENDER OS PACIENTES EM COMBATE A COVID-19.<\/a><\/p>\n\n\n\n<p><a href=\"https:\/\/fuabc.org.br\/publicacoes-oficiais\/transparencia-fuabc-ambulatorio-medico-de-especialidades-vilobaldo-carvalho-teixeira-filho-ame-itapevi-processo-ame0078-20-compra-emergencial\/\">TRANSPAR\u00caNCIA \u2013 FUABC \u2013 AMBULAT\u00d3RIO M\u00c9DICO DE ESPECIALIDADES \u201cVILOBALDO CARVALHO TEIXEIRA FILHO \u2013 AME ITAPEVI \u2013 PROCESSO AME0078\/20 \u2013 COMPRA EMERGENCIAL DE MATERIAL M\u00c9DICO PARA ATENDER OS PACIENTES EM COMBATE A COVID-19.<\/a><\/p>\n\n\n\n<p><a href=\"https:\/\/fuabc.org.br\/publicacoes-oficiais\/transparencia-fuabc-ambulatorio-medico-de-especialidades-vilobaldo-carvalho-teixeira-filho-ame-itapevi-processo-ame0079-20-compra-de-material\/\">TRANSPAR\u00caNCIA \u2013 FUABC \u2013 AMBULAT\u00d3RIO M\u00c9DICO DE ESPECIALIDADES \u201cVILOBALDO CARVALHO TEIXEIRA FILHO \u2013 AME ITAPEVI \u2013 PROCESSO AME0079\/20 \u2013 COMPRA DE MATERIAL M\u00c9DICO PARA ATENDER OS PACIENTES EM COMBATE A COVID-19.<\/a><\/p>\n","protected":false},"excerpt":{"rendered":"<p>DOA\u00c7\u00d5ES 24\/07\/2020 DECLARA\u00c7\u00c3O DE DOA\u00c7\u00c3O RECEBIDA PARA ENFRENTAMENTO A COVID \u2013 19 \u2013 FUABC \u2013 AMBULAT\u00d3RIO M\u00c9DICO DE ESPECIALIDADES \u201cVILOBALDO CARVALHO TEIXEIRA FILHO\u201d \u2013 AME ITAPEVI DECLARA\u00c7\u00c3O DE DOA\u00c7\u00c3O RECEBIDA PARA ENFRENTAMENTO A COVID \u2013 19 \u2013 FUABC \u2013 AMBULAT\u00d3RIO M\u00c9DICO DE ESPECIALIDADES \u201cVILOBALDO CARVALHO TEIXEIRA FILHO\u201d \u2013 AME ITAPEVI RECEITAS 10\/01\/2022 DECLARA\u00c7\u00c3O NEGATIVA DE RECEBIMENTO DE RECEITA PARA ENFRENTAMENTO A PANDEMIA DE COVID-19 A FUNDA\u00c7\u00c3O ABC AMBULAT\u00d3RIO M\u00c9DICO DE ESPECIALIDADES \u2013 AME ITAPEVI 12\/11\/2021 DECLARA\u00c7\u00c3O NEGATIVA DE RECEBIMENTO DE RECEITA PARA ENFRENTAMENTO A PANDEMIA DE COVID-19 A FUNDA\u00c7\u00c3O ABC AMBULAT\u00d3RIO M\u00c9DICO DE ESPECIALIDADES \u2013 AME ITAPEVI 08\/03\/2021 DECLARA\u00c7\u00c3O NEGATIVA DE RECEBIMENTO DE RECEITA PARA ENFRENTAMENTO A PANDEMIA DE COVID-19 A FUNDA\u00c7\u00c3O ABC AMBULAT\u00d3RIO M\u00c9DICO DE ESPECIALIDADES \u2013 AME ITAPEVI 02\/02\/2021 DECLARA\u00c7\u00c3O NEGATIVA DE RECEBIMENTO DE RECEITA PARA ENFRENTAMENTO A PANDEMIA DE COVID-19 A FUNDA\u00c7\u00c3O ABC AMBULAT\u00d3RIO M\u00c9DICO DE ESPECIALIDADES \u2013 AME ITAPEVI 08\/01\/2021 DECLARA\u00c7\u00c3O NEGATIVA DE RECEBIMENTO DE RECEITA [&hellip;]<\/p>\n","protected":false},"author":1,"featured_media":0,"parent":0,"menu_order":0,"comment_status":"closed","ping_status":"closed","template":"template-portal.php","meta":{"_acf_changed":false,"footnotes":""},"class_list":["post-4051","page","type-page","status-publish","hentry"],"acf":[],"_links":{"self":[{"href":"https:\/\/fuabc.org.br\/portaldatransparencia\/wp-json\/wp\/v2\/pages\/4051","targetHints":{"allow":["GET"]}}],"collection":[{"href":"https:\/\/fuabc.org.br\/portaldatransparencia\/wp-json\/wp\/v2\/pages"}],"about":[{"href":"https:\/\/fuabc.org.br\/portaldatransparencia\/wp-json\/wp\/v2\/types\/page"}],"author":[{"embeddable":true,"href":"https:\/\/fuabc.org.br\/portaldatransparencia\/wp-json\/wp\/v2\/users\/1"}],"replies":[{"embeddable":true,"href":"https:\/\/fuabc.org.br\/portaldatransparencia\/wp-json\/wp\/v2\/comments?post=4051"}],"version-history":[{"count":18,"href":"https:\/\/fuabc.org.br\/portaldatransparencia\/wp-json\/wp\/v2\/pages\/4051\/revisions"}],"predecessor-version":[{"id":11094,"href":"https:\/\/fuabc.org.br\/portaldatransparencia\/wp-json\/wp\/v2\/pages\/4051\/revisions\/11094"}],"wp:attachment":[{"href":"https:\/\/fuabc.org.br\/portaldatransparencia\/wp-json\/wp\/v2\/media?parent=4051"}],"curies":[{"name":"wp","href":"https:\/\/api.w.org\/{rel}","templated":true}]}}