{"id":4059,"date":"2020-06-25T17:04:55","date_gmt":"2020-06-25T17:04:55","guid":{"rendered":"https:\/\/fuabc.org.br\/portaldatransparencia\/?page_id=4059"},"modified":"2021-10-27T19:15:14","modified_gmt":"2021-10-27T19:15:14","slug":"covid-19-fundacao-do-abc-mantenedora","status":"publish","type":"page","link":"https:\/\/fuabc.org.br\/portaldatransparencia\/covid-19-fundacao-do-abc-mantenedora\/","title":{"rendered":"Covid-19 | Funda\u00e7\u00e3o do ABC | Mantenedora"},"content":{"rendered":"\n<h2 class=\"wp-block-heading\">DOA\u00c7\u00d5ES<\/h2>\n\n\n\n<p>12\/02\/2021<\/p>\n\n\n\n<p><a href=\"https:\/\/fuabc.org.br\/publicacoes-oficiais\/declaracao-de-doacao-recebida-para-enfrentamento-a-covid-19-fuabc-6\/\">DECLARA\u00c7\u00c3O DE DOA\u00c7\u00c3O RECEBIDA PARA ENFRENTAMENTO A COVID-19 \u2013 FUABC<\/a><\/p>\n\n\n\n<p>25\/08\/2020<\/p>\n\n\n\n<p><a href=\"https:\/\/fuabc.org.br\/publicacoes-oficiais\/declaracao-de-doacao-recebida-para-enfrentamento-a-covid-19-fuabc-5\/\">DECLARA\u00c7\u00c3O DE DOA\u00c7\u00c3O RECEBIDA PARA ENFRENTAMENTO A COVID-19 \u2013 FUABC<\/a><\/p>\n\n\n\n<p>24\/08\/2020<\/p>\n\n\n\n<p><a href=\"https:\/\/fuabc.org.br\/publicacoes-oficiais\/declaracao-de-doacao-recebida-para-enfrentamento-a-covid-19-fuabc-4\/\">DECLARA\u00c7\u00c3O DE DOA\u00c7\u00c3O RECEBIDA PARA ENFRENTAMENTO A COVID-19 \u2013 FUABC<\/a><\/p>\n\n\n\n<p>17\/08\/2020<\/p>\n\n\n\n<p><a href=\"https:\/\/fuabc.org.br\/publicacoes-oficiais\/declaracao-de-doacao-recebida-para-enfrentamento-a-covid-19-fuabc-3\/\">DECLARA\u00c7\u00c3O DE DOA\u00c7\u00c3O RECEBIDA PARA ENFRENTAMENTO A COVID-19 \u2013 FUABC<\/a><\/p>\n\n\n\n<p><a href=\"https:\/\/fuabc.org.br\/publicacoes-oficiais\/declaracao-de-doacao-recebida-para-enfrentamento-a-covid-19-fuabc-2\/\">DECLARA\u00c7\u00c3O DE DOA\u00c7\u00c3O RECEBIDA PARA ENFRENTAMENTO A COVID-19 \u2013 FUABC<\/a><\/p>\n\n\n\n<p>24\/07\/2020<\/p>\n\n\n\n<p><a href=\"https:\/\/fuabc.org.br\/publicacoes-oficiais\/declaracao-de-doacao-recebida-para-enfrentamento-a-covid-19-fuabc\/\">DECLARA\u00c7\u00c3O DE DOA\u00c7\u00c3O RECEBIDA PARA ENFRENTAMENTO A COVID-19 \u2013 FUABC<\/a><\/p>\n\n\n\n<div style=\"height:20px\" aria-hidden=\"true\" class=\"wp-block-spacer\"><\/div>\n\n\n\n<hr class=\"wp-block-separator\"\/>\n\n\n\n<div style=\"height:20px\" aria-hidden=\"true\" class=\"wp-block-spacer\"><\/div>\n\n\n\n<h2 class=\"wp-block-heading\">DESPESAS<\/h2>\n\n\n\n<p><\/p>\n\n\n\n<p>27\/10\/2021<\/p>\n\n\n\n<p><a href=\"https:\/\/fuabc.org.br\/publicacoes-oficiais\/processo-0061-2021-fuabc-contratacao-de-empresa-para-fornecimento-e-instalacao-de-barreira-de-protecao-individual-de-acrilico-para-a-fundacao-do-abc\/\">PROCESSO 0061\/2021 \u2013 FUABC \u2013 CONTRATA\u00c7\u00c3O DE EMPRESA PARA FORNECIMENTO E INSTALA\u00c7\u00c3O DE BARREIRA DE PROTE\u00c7\u00c3O INDIVIDUAL DE ACR\u00cdLICO PARA A FUNDA\u00c7\u00c3O DO ABC.<\/a><\/p>\n\n\n\n<p>29\/07\/2021<\/p>\n\n\n\n<p><a href=\"https:\/\/fuabc.org.br\/publicacoes-oficiais\/processo-0048-2021-fuabc-contratacao-de-empresa-independente-e-especializada-em-auditoria-eletrica\/\">PROCESSO 0048\/2021 \u2013 FUABC \u2013 CONTRATA\u00c7\u00c3O DE EMPRESA INDEPENDENTE E ESPECIALIZADA EM AUDITORIA EL\u00c9TRICA<\/a><\/p>\n\n\n\n<p>13\/07\/2020<\/p>\n\n\n\n<p><a href=\"https:\/\/fuabc.org.br\/publicacoes-oficiais\/processo-0021-2020-fuabc-compra-de-alcool-em-gel-70-para-a-fundacao-do-abc-para-o-combate-a-pandemia-do-covid-19\/\">PROCESSO 0021\/2020 \u2013 FUABC \u2013 COMPRA DE \u00c1LCOOL EM GEL 70% PARA A FUNDA\u00c7\u00c3O DO ABC PARA O COMBATE A PANDEMIA DO COVID-19.<\/a><\/p>\n\n\n<p>03\/06\/2020<\/p>\n<p><a href=\"https:\/\/fuabc.org.br\/publicacoes-oficiais\/processo-0023-2020-fuabc-aquisicao-emergencial-para-abastecimento-de-mascaras-cirurgicas-para-a-fundacao-do-abc-e-suas-unidades-mantidas-para-o-combate-a-pandemia-do-covid-19\/\">P<\/a><a href=\"https:\/\/fuabc.org.br\/publicacoes-oficiais\/processo-0023-2020-fuabc-aquisicao-emergencial-para-abastecimento-de-mascaras-cirurgicas-para-a-fundacao-do-abc-e-suas-unidades-mantidas-para-o-combate-a-pandemia-do-covid-19\/\">ROCESSO<\/a><a href=\"https:\/\/fuabc.org.br\/publicacoes-oficiais\/processo-0023-2020-fuabc-aquisicao-emergencial-para-abastecimento-de-mascaras-cirurgicas-para-a-fundacao-do-abc-e-suas-unidades-mantidas-para-o-combate-a-pandemia-do-covid-19\/\"> 0023\/2020 \u2013 FUABC- AQUISI\u00c7\u00c3O EMERGENCIAL PARA ABASTECIMENTO DE MASCARAS CIR\u00daRGICAS PARA A FUNDA\u00c7\u00c3O DO ABC E SUAS UNIDADES MANTIDAS PARA O COMBATE A PANDEMIA DO COVID-19<\/a><\/p>","protected":false},"excerpt":{"rendered":"<p>DOA\u00c7\u00d5ES 12\/02\/2021 DECLARA\u00c7\u00c3O DE DOA\u00c7\u00c3O RECEBIDA PARA ENFRENTAMENTO A COVID-19 \u2013 FUABC 25\/08\/2020 DECLARA\u00c7\u00c3O DE DOA\u00c7\u00c3O RECEBIDA PARA ENFRENTAMENTO A COVID-19 \u2013 FUABC 24\/08\/2020 DECLARA\u00c7\u00c3O DE DOA\u00c7\u00c3O RECEBIDA PARA ENFRENTAMENTO A COVID-19 \u2013 FUABC 17\/08\/2020 DECLARA\u00c7\u00c3O DE DOA\u00c7\u00c3O RECEBIDA PARA ENFRENTAMENTO A COVID-19 \u2013 FUABC DECLARA\u00c7\u00c3O DE DOA\u00c7\u00c3O RECEBIDA PARA ENFRENTAMENTO A COVID-19 \u2013 FUABC 24\/07\/2020 DECLARA\u00c7\u00c3O DE DOA\u00c7\u00c3O RECEBIDA PARA ENFRENTAMENTO A COVID-19 \u2013 FUABC DESPESAS 27\/10\/2021 PROCESSO 0061\/2021 \u2013 FUABC \u2013 CONTRATA\u00c7\u00c3O DE EMPRESA PARA FORNECIMENTO E INSTALA\u00c7\u00c3O DE BARREIRA DE PROTE\u00c7\u00c3O INDIVIDUAL DE ACR\u00cdLICO PARA A FUNDA\u00c7\u00c3O DO ABC. 29\/07\/2021 PROCESSO 0048\/2021 \u2013 FUABC \u2013 CONTRATA\u00c7\u00c3O DE EMPRESA INDEPENDENTE E ESPECIALIZADA EM AUDITORIA EL\u00c9TRICA 13\/07\/2020 PROCESSO 0021\/2020 \u2013 FUABC \u2013 COMPRA DE \u00c1LCOOL EM GEL 70% PARA A FUNDA\u00c7\u00c3O DO ABC PARA O COMBATE A PANDEMIA DO COVID-19. 03\/06\/2020 PROCESSO 0023\/2020 \u2013 FUABC- AQUISI\u00c7\u00c3O EMERGENCIAL PARA ABASTECIMENTO DE MASCARAS CIR\u00daRGICAS PARA A FUNDA\u00c7\u00c3O DO ABC E SUAS [&hellip;]<\/p>\n","protected":false},"author":1,"featured_media":0,"parent":0,"menu_order":0,"comment_status":"closed","ping_status":"closed","template":"template-portal.php","meta":{"_acf_changed":false,"footnotes":""},"class_list":["post-4059","page","type-page","status-publish","hentry"],"acf":[],"_links":{"self":[{"href":"https:\/\/fuabc.org.br\/portaldatransparencia\/wp-json\/wp\/v2\/pages\/4059","targetHints":{"allow":["GET"]}}],"collection":[{"href":"https:\/\/fuabc.org.br\/portaldatransparencia\/wp-json\/wp\/v2\/pages"}],"about":[{"href":"https:\/\/fuabc.org.br\/portaldatransparencia\/wp-json\/wp\/v2\/types\/page"}],"author":[{"embeddable":true,"href":"https:\/\/fuabc.org.br\/portaldatransparencia\/wp-json\/wp\/v2\/users\/1"}],"replies":[{"embeddable":true,"href":"https:\/\/fuabc.org.br\/portaldatransparencia\/wp-json\/wp\/v2\/comments?post=4059"}],"version-history":[{"count":7,"href":"https:\/\/fuabc.org.br\/portaldatransparencia\/wp-json\/wp\/v2\/pages\/4059\/revisions"}],"predecessor-version":[{"id":10079,"href":"https:\/\/fuabc.org.br\/portaldatransparencia\/wp-json\/wp\/v2\/pages\/4059\/revisions\/10079"}],"wp:attachment":[{"href":"https:\/\/fuabc.org.br\/portaldatransparencia\/wp-json\/wp\/v2\/media?parent=4059"}],"curies":[{"name":"wp","href":"https:\/\/api.w.org\/{rel}","templated":true}]}}