{"id":4061,"date":"2020-06-25T17:05:30","date_gmt":"2020-06-25T17:05:30","guid":{"rendered":"https:\/\/fuabc.org.br\/portaldatransparencia\/?page_id=4061"},"modified":"2022-04-12T19:17:17","modified_gmt":"2022-04-12T19:17:17","slug":"covid-19-hospital-da-mulher-de-santo-andre","status":"publish","type":"page","link":"https:\/\/fuabc.org.br\/portaldatransparencia\/covid-19-hospital-da-mulher-de-santo-andre\/","title":{"rendered":"Covid-19 | Hospital da Mulher de Santo Andr\u00e9"},"content":{"rendered":"\n<p><\/p>\n\n\n\n<h2 class=\"wp-block-heading\" id=\"doacoes\">DOA\u00c7\u00d5ES<\/h2>\n\n\n\n<p>31\/08\/2020<\/p>\n\n\n\n<p><a href=\"https:\/\/fuabc.org.br\/publicacoes-oficiais\/fuabc-hospital-da-mulher-maria-jose-dos-santos-stein-declaracao-de-doacao-recebida-para-enfrentamento-a-covid-19\/\">FUABC \u2013 HOSPITAL DA MULHER MARIA JOS\u00c9 DOS SANTOS STEIN \u2013 DECLARA\u00c7\u00c3O DE DOA\u00c7\u00c3O RECEBIDA PARA ENFRENTAMENTO A COVID-19<\/a><\/p>\n\n\n\n<h2 class=\"wp-block-heading\" id=\"receitas\">RECEITAS<\/h2>\n\n\n\n<p>12\/04\/2022<\/p>\n\n\n\n<p><a href=\"https:\/\/fuabc.org.br\/publicacoes-oficiais\/fuabc-hospital-da-mulher-maria-jose-dos-santos-stein-declaracao-negativa-de-receitas-para-enfrentamento-a-covid-19-16\/\">FUABC \u2013 HOSPITAL DA MULHER \u2013 MARIA JOS\u00c9 DOS SANTOS STEIN \u2013 DECLARA\u00c7\u00c3O NEGATIVA DE RECEITAS PARA ENFRENTAMENTO A COVID \u2013 19<\/a><\/p>\n\n\n\n<p>11\/03\/2022<\/p>\n\n\n\n<p><a href=\"https:\/\/fuabc.org.br\/publicacoes-oficiais\/fuabc-hospital-da-mulher-maria-jose-dos-santos-stein-declaracao-negativa-de-receitas-para-enfrentamento-a-covid-19-15\/\">FUABC \u2013 HOSPITAL DA MULHER \u2013 MARIA JOS\u00c9 DOS SANTOS STEIN \u2013 DECLARA\u00c7\u00c3O NEGATIVA DE RECEITAS PARA ENFRENTAMENTO A COVID \u2013 19<\/a><\/p>\n\n\n\n<p>14\/02\/2022<\/p>\n\n\n\n<p><a href=\"https:\/\/fuabc.org.br\/publicacoes-oficiais\/fuabc-hospital-da-mulher-maria-jose-dos-santos-stein-declaracao-negativa-de-receitas-para-enfrentamento-a-covid-19-14\/\">FUABC \u2013 HOSPITAL DA MULHER \u2013 MARIA JOS\u00c9 DOS SANTOS STEIN \u2013 DECLARA\u00c7\u00c3O NEGATIVA DE RECEITAS PARA ENFRENTAMENTO A COVID \u2013 19<\/a><\/p>\n\n\n\n<p>20\/01\/2022<\/p>\n\n\n\n<p><a href=\"https:\/\/fuabc.org.br\/publicacoes-oficiais\/fuabc-hospital-da-mulher-maria-jose-dos-santos-stein-declaracao-negativa-de-receitas-para-enfrentamento-a-covid-19-13\/\">FUABC \u2013 HOSPITAL DA MULHER \u2013 MARIA JOS\u00c9 DOS SANTOS STEIN \u2013 DECLARA\u00c7\u00c3O NEGATIVA DE RECEITAS PARA ENFRENTAMENTO A COVID \u2013 19<\/a><\/p>\n\n\n\n<p>22\/12\/2021<\/p>\n\n\n\n<p><a href=\"https:\/\/fuabc.org.br\/publicacoes-oficiais\/fuabc-hospital-da-mulher-maria-jose-dos-santos-stein-declaracao-negativa-de-receitas-para-enfrentamento-a-covid-19-12\/\">FUABC \u2013 HOSPITAL DA MULHER MARIA JOS\u00c9 DOS SANTOS STEIN \u2013 DECLARA\u00c7\u00c3O NEGATIVA DE RECEITAS PARA ENFRENTAMENTO A COVID \u2013 19<\/a><\/p>\n\n\n\n<p>19\/11\/2021<\/p>\n\n\n\n<p><a href=\"https:\/\/fuabc.org.br\/publicacoes-oficiais\/fuabc-hospital-da-mulher-maria-jose-dos-santos-stein-declaracao-negativa-de-receitas-para-enfrentamento-a-covid-19-11\/\">FUABC \u2013 HOSPITAL DA MULHER MARIA JOS\u00c9 DOS SANTOS STEIN \u2013 DECLARA\u00c7\u00c3O NEGATIVA DE RECEITAS PARA ENFRENTAMENTO A COVID \u2013 19<\/a><\/p>\n\n\n\n<p>14\/10\/2021<\/p>\n\n\n\n<p><a href=\"https:\/\/fuabc.org.br\/publicacoes-oficiais\/fuabc-hospital-da-mulher-maria-jose-dos-santos-stein-declaracao-negativa-de-receitas-para-enfrentamento-a-covid-19-10\/\">FUABC \u2013 HOSPITAL DA MULHER MARIA JOS\u00c9 DOS SANTOS STEIN \u2013 DECLARA\u00c7\u00c3O NEGATIVA DE RECEITAS PARA ENFRENTAMENTO A COVID \u2013 19<\/a><\/p>\n\n\n\n<p>11\/08\/2021<\/p>\n\n\n\n<p><a href=\"https:\/\/fuabc.org.br\/publicacoes-oficiais\/fuabc-hospital-da-mulher-maria-jose-dos-santos-stein-declaracao-negativa-de-receitas-para-enfrentamento-a-covid-19-9\/\">FUABC \u2013 HOSPITAL DA MULHER MARIA JOS\u00c9 DOS SANTOS STEIN \u2013 DECLARA\u00c7\u00c3O NEGATIVA DE RECEITAS PARA ENFRENTAMENTO A COVID \u2013 19<\/a><\/p>\n\n\n\n<p>07\/07\/2021<\/p>\n\n\n\n<p><a href=\"https:\/\/fuabc.org.br\/publicacoes-oficiais\/fuabc-hospital-da-mulher-maria-jose-dos-santos-stein-declaracao-negativa-de-receitas-para-enfrentamento-a-covid-19-8\/\">FUABC \u2013 HOSPITAL DA MULHER MARIA JOS\u00c9 DOS SANTOS STEIN \u2013 DECLARA\u00c7\u00c3O NEGATIVA DE RECEITAS PARA ENFRENTAMENTO A COVID \u2013 19<\/a><\/p>\n\n\n\n<p><a href=\"https:\/\/fuabc.org.br\/publicacoes-oficiais\/fuabc-hospital-da-mulher-maria-jose-dos-santos-stein-declaracao-negativa-de-receitas-para-enfrentamento-a-covid-19-7\/\">FUABC \u2013 HOSPITAL DA MULHER MARIA JOS\u00c9 DOS SANTOS STEIN \u2013 DECLARA\u00c7\u00c3O NEGATIVA DE RECEITAS PARA ENFRENTAMENTO A COVID \u2013 19<\/a><\/p>\n\n\n\n<p>01\/03\/2021<\/p>\n\n\n\n<p><a href=\"https:\/\/fuabc.org.br\/publicacoes-oficiais\/fuabc-hospital-da-mulher-maria-jose-dos-santos-stein-declaracao-negativa-de-receitas-para-enfrentamento-a-covid-19-6\/\">FUABC \u2013 HOSPITAL DA MULHER MARIA JOS\u00c9 DOS SANTOS STEIN \u2013 DECLARA\u00c7\u00c3O NEGATIVA DE RECEITAS PARA ENFRENTAMENTO A COVID \u2013 19<\/a><\/p>\n\n\n\n<p>01\/02\/2021<\/p>\n\n\n\n<p><a href=\"https:\/\/fuabc.org.br\/publicacoes-oficiais\/fuabc-hospital-da-mulher-maria-jose-dos-santos-stein-declaracao-negativa-de-receitas-para-enfrentamento-a-covid-19-5\/\">FUABC \u2013 HOSPITAL DA MULHER MARIA JOS\u00c9 DOS SANTOS STEIN \u2013 DECLARA\u00c7\u00c3O NEGATIVA DE RECEITAS PARA ENFRENTAMENTO A COVID-19<\/a><\/p>\n\n\n\n<p>12\/01\/2021<\/p>\n\n\n\n<p><a href=\"https:\/\/fuabc.org.br\/publicacoes-oficiais\/fuabc-hospital-da-muher-maria-jose-dos-santos-stein-declaracao-negativa-de-receitas-para-enfrentamento-a-covid-19\/\">FUABC \u2013 HOSPITAL DA MUHER MARIA JOS\u00c9 DOS SANTOS STEIN \u2013 DECLARA\u00c7\u00c3O NEGATIVA DE RECEITAS PARA ENFRENTAMENTO A COVID-19<\/a><\/p>\n\n\n\n<p>04\/12\/2020<\/p>\n\n\n\n<p><a href=\"https:\/\/fuabc.org.br\/publicacoes-oficiais\/fuabc-hospital-da-mulher-maria-jose-dos-santos-stein-declaracao-negativa-de-receitas-para-enfrentamento-a-covid-19-4\/\">FUABC \u2013 HOSPITAL DA MULHER MARIA JOS\u00c9 DOS SANTOS STEIN \u2013 DECLARA\u00c7\u00c3O NEGATIVA DE RECEITAS PARA ENFRENTAMENTO A COVID-19<\/a><\/p>\n\n\n\n<p><a href=\"https:\/\/fuabc.org.br\/publicacoes-oficiais\/fuabc-hospital-da-mulher-maria-jose-dos-santos-stein-declaracao-negativa-de-receitas-para-enfrentamento-covid-19\/\">FUABC \u2013 HOSPITAL DA MULHER MARIA JOS\u00c9 DOS SANTOS STEIN \u2013 DECLARA\u00c7\u00c3O NEGATIVA DE RECEITAS PARA ENFRENTAMENTO COVID-19<\/a><\/p>\n\n\n\n<p><a href=\"https:\/\/fuabc.org.br\/publicacoes-oficiais\/fuabc-hospital-da-mulher-maria-jose-dos-santos-stein-declaracao-negativa-de-receitas-para-o-enfrentamento-a-covid-19-5\/\">FUABC \u2013 HOSPITAL DA MULHER MARIA JOS\u00c9 DOS SANTOS STEIN \u2013 DECLARA\u00c7\u00c3O NEGATIVA DE RECEITAS PARA O ENFRENTAMENTO A COVID-19 .<\/a><\/p>\n\n\n\n<p>23\/09\/2020<\/p>\n\n\n\n<p><a href=\"https:\/\/fuabc.org.br\/publicacoes-oficiais\/fuabc-hospital-da-mulher-maria-jose-dos-santos-stein-declaracao-negativa-de-receitas-para-o-enfrentamento-a-covid-19-3\/\">FUABC \u2013 HOSPITAL DA MULHER MARIA JOS\u00c9 DOS SANTOS STEIN \u2013 DECLARA\u00c7\u00c3O NEGATIVA DE RECEITAS PARA O ENFRENTAMENTO A COVID-19<\/a><\/p>\n\n\n\n<p>17\/09\/2020<\/p>\n\n\n\n<p><a href=\"https:\/\/fuabc.org.br\/publicacoes-oficiais\/fuabc-hospital-da-mulher-maria-jose-dos-santos-stein-declaracao-negativa-de-receitas-para-o-enfrentamento-a-covid-19-4\/\">FUABC \u2013 HOSPITAL DA MULHER MARIA JOS\u00c9 DOS SANTOS STEIN \u2013 DECLARA\u00c7\u00c3O NEGATIVA DE RECEITAS PARA O ENFRENTAMENTO A COVID-19<\/a><\/p>\n\n\n\n<p>02\/09\/2020<\/p>\n\n\n\n<p><a href=\"https:\/\/fuabc.org.br\/publicacoes-oficiais\/fuabc-hospital-da-mulher-maria-jose-dos-santos-stein-declaracao-negativa-de-receitas-para-o-enfrentamento-a-covid-19-2\/\">FUABC \u2013 HOSPITAL DA MULHER MARIA JOS\u00c9 DOS SANTOS STEIN \u2013 DECLARA\u00c7\u00c3O NEGATIVA DE RECEITAS PARA O ENFRENTAMENTO A COVID-19<\/a><\/p>\n\n\n\n<p>27\/08\/2020<\/p>\n\n\n\n<p><a href=\"https:\/\/fuabc.org.br\/publicacoes-oficiais\/fuabc-hospital-da-mulher-maria-jose-dos-santos-stein-declaracao-negativa-de-receitas-para-o-enfrentamento-a-covid-19\/\">FUABC \u2013 HOSPITAL DA MULHER MARIA JOS\u00c9 DOS SANTOS STEIN \u2013 DECLARA\u00c7\u00c3O NEGATIVA DE RECEITAS PARA O ENFRENTAMENTO A COVID-19<\/a><\/p>\n\n\n\n<p>19\/08\/2020<\/p>\n\n\n\n<p><a href=\"https:\/\/fuabc.org.br\/publicacoes-oficiais\/fuabc-hospital-da-mulher-maria-jose-dos-santos-stein-declaracao-negativa-de-receitas-para-enfrentamento-a-covid-19-3\/\">FUABC \u2013 HOSPITAL DA MULHER MARIA JOS\u00c9 DOS SANTOS STEIN \u2013 DECLARA\u00c7\u00c3O NEGATIVA DE RECEITAS PARA ENFRENTAMENTO A COVID-19<\/a><\/p>\n\n\n\n<p>13\/08\/2020<\/p>\n\n\n\n<p><a href=\"https:\/\/fuabc.org.br\/publicacoes-oficiais\/fuabc-hospital-da-mulher-maria-jose-dos-santos-stein-declaracao-negativa-de-receitas-para-enfrentamento-a-covid-19-2\/\">FUABC \u2013 HOSPITAL DA MULHER MARIA JOS\u00c9 DOS SANTOS STEIN \u2013 DECLARA\u00c7\u00c3O NEGATIVA DE RECEITAS PARA ENFRENTAMENTO A COVID-19<\/a><\/p>\n\n\n\n<p>07\/08\/2020<\/p>\n\n\n\n<p><a href=\"https:\/\/fuabc.org.br\/publicacoes-oficiais\/fuabc-hospital-da-mulher-maria-jose-dos-santos-stein-declaracao-negativa-de-receitas-para-enfrentamento-a-covid-19\/\">FUABC \u2013 HOSPITAL DA MULHER MARIA JOS\u00c9 DOS SANTOS STEIN \u2013 DECLARA\u00c7\u00c3O NEGATIVA DE RECEITAS PARA ENFRENTAMENTO A COVID-19<\/a><\/p>\n\n\n\n<hr class=\"wp-block-separator\"\/>\n\n\n\n<h2 class=\"wp-block-heading\" id=\"despesas\">DESPESAS<\/h2>\n\n\n\n<p>14\/08\/2020<\/p>\n\n\n\n<p><a href=\"https:\/\/fuabc.org.br\/publicacoes-oficiais\/hospital-da-mulher-maria-jose-dos-santos-stein-processo-0169-20-aquisicao-de-materiais-de-higiene-alcool-gel-anti-septico-p-maos-70-800-ml-refil-e-alcool-gel-anti-septico-70-c-valvula-pum\/\">HOSPITAL DA MULHER MARIA JOS\u00c9 DOS SANTOS STEIN \u2013 PROCESSO 0169\/20 AQUISI\u00c7\u00c3O DE MATERIAIS DE HIGIENE (ALCOOL GEL ANTI-S\u00c9PTICO P\/ M\u00c3OS 70% 800 ML REFIL E \u00c1LCOOL GEL ANTI-S\u00c9PTICO 70% C\/ V\u00c1LVULA PUMP) PARA COMBATE A PANDEMIA DE COVID-19<\/a><\/p>\n\n\n\n<p><a href=\"https:\/\/fuabc.org.br\/publicacoes-oficiais\/hospital-da-mulher-maria-jose-dos-santos-stein-processo-0151-20-aquisicao-de-materiais-medicos-hospitalares-texteis-aventais-e-mascaras-cirurgicas-para-combate-a-pandemia-de-covid-19\/\">HOSPITAL DA MULHER MARIA JOS\u00c9 DOS SANTOS STEIN \u2013 PROCESSO 0151\/20 AQUISI\u00c7\u00c3O DE MATERIAIS M\u00c9DICOS HOSPITALARES T\u00caXTEIS ( AVENTAIS E M\u00c1SCARAS CIR\u00daRGICAS) PARA COMBATE A PANDEMIA DE COVID-19<\/a><\/p>\n\n\n\n<p>29\/07\/2020<\/p>\n\n\n\n<p><a href=\"https:\/\/fuabc.org.br\/publicacoes-oficiais\/hospital-da-mulher-maria-jose-dos-santos-stein-processo-0205-20-aquisicao-de-tubo-falcon-e-swab-esteril-p-coleta-combate-a-pandemia-de-covid-19\/\">HOSPITAL DA MULHER MARIA JOS\u00c9 DOS SANTOS STEIN \u2013 PROCESSO 0205\/20 AQUISI\u00c7\u00c3O DE TUBO FALCON E SWAB EST\u00c9RIL \u2013 P\/COLETA \u2013 COMBATE A PANDEMIA DE COVID-19<\/a><\/p>\n\n\n\n<p><a href=\"https:\/\/fuabc.org.br\/publicacoes-oficiais\/hospital-da-mulher-maria-jose-dos-santos-stein-processo-0176-20-aquisicao-de-medicamentos-atracurio-cisatracurio-pancuronio-e-rocuronio-para-combate-a-pandemia-de-covid-19\/\">HOSPITAL DA MULHER MARIA JOS\u00c9 DOS SANTOS STEIN \u2013 PROCESSO 0176\/20 AQUISI\u00c7\u00c3O DE MEDICAMENTOS \u2013 ATRAC\u00daRIO, CISATRAC\u00daRIO, PANCUR\u00d4NIO E ROCUR\u00d4NIO PARA COMBATE A PANDEMIA DE COVID-19<\/a><\/p>\n\n\n\n<p><a href=\"https:\/\/fuabc.org.br\/publicacoes-oficiais\/hospital-da-mulher-maria-jose-dos-santos-stein-processo-0174-20-aquisicao-de-avental-impermeavel-e-avental-desc-30gr-40gr-60gr-para-combate-a-pandemia-de-covid-19\/\">HOSPITAL DA MULHER MARIA JOS\u00c9 DOS SANTOS STEIN \u2013 PROCESSO 0174\/20 AQUISI\u00c7\u00c3O DE AVENTAL IMPERME\u00c1VEL E AVENTAL DESC. 30GR\/40GR\/60GR PARA COMBATE A PANDEMIA DE COVID-19<\/a><\/p>\n\n\n\n<p><a href=\"https:\/\/fuabc.org.br\/publicacoes-oficiais\/hospital-da-mulher-maria-jose-dos-santos-stein-processo-0173-20-aquisicao-de-materiais-medicos-e-medicamentos-diversos-para-combate-a-pandemia-de-covid-19\/\">HOSPITAL DA MULHER MARIA JOS\u00c9 DOS SANTOS STEIN \u2013 PROCESSO 0173\/20 AQUISI\u00c7\u00c3O DE MATERIAIS M\u00c9DICOS E MEDICAMENTOS DIVERSOS PARA COMBATE A PANDEMIA DE COVID-19<\/a><\/p>\n\n\n\n<p><a href=\"https:\/\/fuabc.org.br\/publicacoes-oficiais\/hospital-da-mulher-maria-jose-dos-santos-stein-processo-0171-20-aquisicao-emergencial-de-termometro-infravermelho-testa-para-combate-a-pandemia-de-covid-19\/\">HOSPITAL DA MULHER MARIA JOS\u00c9 DOS SANTOS STEIN \u2013 PROCESSO 0171\/20 AQUISI\u00c7\u00c3O EMERGENCIAL DE TERM\u00d4METRO INFRAVERMELHO \u2013 TESTA PARA COMBATE A PANDEMIA DE COVID-19<\/a><\/p>\n\n\n\n<p><a href=\"https:\/\/fuabc.org.br\/publicacoes-oficiais\/hospital-da-mulher-maria-jose-dos-santos-stein-processo-0168-20-aquisicao-de-materiais-diversos-alcool-70-gel-avental-mascara-luva-para-combate-a-pandemia-de-covid-19\/\">HOSPITAL DA MULHER MARIA JOS\u00c9 DOS SANTOS STEIN \u2013 PROCESSO 0168\/20 AQUISI\u00c7\u00c3O DE MATERIAIS DIVERSOS (\u00c1LCOOL 70% GEL, AVENTAL, M\u00c1SCARA, LUVA) PARA COMBATE A PANDEMIA DE COVID-19<\/a><\/p>\n\n\n\n<p><a href=\"https:\/\/fuabc.org.br\/publicacoes-oficiais\/hospital-da-mulher-maria-jose-dos-santos-stein-processo-0167-20-aquisicao-de-touca-descartavel-para-combate-a-pandemia-de-covid-19\/\">HOSPITAL DA MULHER MARIA JOS\u00c9 DOS SANTOS STEIN \u2013 PROCESSO 0167\/20 AQUISI\u00c7\u00c3O DE TOUCA DESCART\u00c1VEL PARA COMBATE A PANDEMIA DE COVID-19<\/a><\/p>\n\n\n\n<p>27\/07\/2020<\/p>\n\n\n\n<p><a href=\"https:\/\/fuabc.org.br\/publicacoes-oficiais\/hospital-da-mulher-maria-jose-dos-santos-stein-processo-0085-20-aquisicao-de-material-medicos-hospitalares-e-de-higiene-para-combate-a-pandemia-de-covid-19\/\">HOSPITAL DA MULHER MARIA JOS\u00c9 DOS SANTOS STEIN \u2013 PROCESSO 0085\/20 AQUISI\u00c7\u00c3O DE MATERIAL M\u00c9DICOS HOSPITALARES E DE HIGIENE PARA COMBATE A PANDEMIA DE COVID-19<\/a><\/p>\n\n\n\n<p><a href=\"https:\/\/fuabc.org.br\/publicacoes-oficiais\/hospital-da-mulher-maria-jose-dos-santos-stein-processo-0138-20-aquisicao-de-materiais-descartaveis-luva-avental-e-touca-combate-a-pandemia-de-covid-19\/\">HOSPITAL DA MULHER MARIA JOS\u00c9 DOS SANTOS STEIN \u2013 PROCESSO 0138\/20 AQUISI\u00c7\u00c3O DE MATERIAIS DESCART\u00c1VEIS (LUVA, AVENTAL E TOUCA) \u2013 COMBATE A PANDEMIA DE COVID-19<\/a><\/p>\n\n\n\n<p><a href=\"https:\/\/fuabc.org.br\/publicacoes-oficiais\/hospital-da-mulher-maria-jose-dos-santos-stein-processo-0136-20-aquisicao-de-alcool-etilico-100-ml-combate-a-pandemia-de-covid-19\/\">HOSPITAL DA MULHER MARIA JOS\u00c9 DOS SANTOS STEIN \u2013 PROCESSO 0136\/20 AQUISI\u00c7\u00c3O DE \u00c1LCOOL ET\u00cdLICO 100 ML \u2013 COMBATE A PANDEMIA DE COVID-19<\/a><\/p>\n\n\n\n<p><a href=\"https:\/\/fuabc.org.br\/publicacoes-oficiais\/hospital-da-mulher-maria-jose-dos-santos-stein-processo-0131-20-aquisicao-de-alcool-gel-70-galao-combate-a-pandemia-de-covid-19\/\">HOSPITAL DA MULHER MARIA JOS\u00c9 DOS SANTOS STEIN \u2013 PROCESSO 0131\/20 AQUISI\u00c7\u00c3O DE \u00c1LCOOL GEL 70% \u2013 GAL\u00c3O \u2013 COMBATE A PANDEMIA DE COVID-19<\/a><\/p>\n\n\n\n<p><a href=\"https:\/\/fuabc.org.br\/publicacoes-oficiais\/hospital-da-mulher-maria-jose-dos-santos-stein-processo-0129-20-aquisicao-de-avental-impermeavel-para-combate-a-pandemia-de-covid-19\/\">HOSPITAL DA MULHER MARIA JOS\u00c9 DOS SANTOS STEIN \u2013 PROCESSO 0129\/20 AQUISI\u00c7\u00c3O DE AVENTAL IMPERME\u00c1VEL PARA COMBATE A PANDEMIA DE COVID-19<\/a><\/p>\n\n\n\n<p><a href=\"https:\/\/fuabc.org.br\/publicacoes-oficiais\/hospital-da-mulher-maria-jose-dos-santos-stein-processo-0126-20-aquisicao-de-chapas-de-acrilico-para-protecao-nas-baias-da-recepcao-combate-a-pandemia-de-covid-19\/\">HOSPITAL DA MULHER MARIA JOS\u00c9 DOS SANTOS STEIN \u2013 PROCESSO 0126\/20 AQUISI\u00c7\u00c3O DE CHAPAS DE ACR\u00cdLICO PARA PROTE\u00c7\u00c3O NAS BAIAS DA RECEP\u00c7\u00c3O \u2013 COMBATE A PANDEMIA DE COVID-19<\/a><\/p>\n\n\n\n<p><a href=\"https:\/\/fuabc.org.br\/publicacoes-oficiais\/hospital-da-mulher-maria-jose-dos-santos-stein-processo-0123-20-aquisicao-de-mascaras-descartaveis-reposicao-para-combate-a-pandemia-de-covid-19\/\">HOSPITAL DA MULHER MARIA JOS\u00c9 DOS SANTOS STEIN \u2013 PROCESSO 0123\/20 AQUISI\u00c7\u00c3O DE M\u00c1SCARAS DESCART\u00c1VEIS \u2013 REPOSI\u00c7\u00c3O PARA COMBATE A PANDEMIA DE COVID-19<\/a><\/p>\n\n\n\n<p><a href=\"https:\/\/fuabc.org.br\/publicacoes-oficiais\/hospital-da-mulher-maria-jose-dos-santos-stein-processo-0120-20-aquisicao-de-chapas-de-acrilico-protecao-nas-baias-da-recepcao-visitantes-combate-a-pandemia-de-covid-19\/\">HOSPITAL DA MULHER MARIA JOS\u00c9 DOS SANTOS STEIN \u2013 PROCESSO 0120\/20 AQUISI\u00c7\u00c3O DE CHAPAS DE ACR\u00cdLICO PROTE\u00c7\u00c3O NAS BAIAS DA RECEP\u00c7\u00c3O VISITANTES \u2013 COMBATE A PANDEMIA DE COVID-19.<\/a><\/p>\n\n\n\n<p><a href=\"https:\/\/fuabc.org.br\/publicacoes-oficiais\/hospital-da-mulher-maria-jose-dos-santos-stein-processo-0119-20-aquisicao-de-alcool-etilico-70-1000ml-para-combate-a-pandemia-de-covid-19\/\">HOSPITAL DA MULHER MARIA JOS\u00c9 DOS SANTOS STEIN \u2013 PROCESSO 0119\/20 AQUISI\u00c7\u00c3O DE \u00c1LCOOL ET\u00cdLICO 70% 1000ML- PARA COMBATE A PANDEMIA DE COVID-19<\/a><\/p>\n\n\n\n<p><a href=\"https:\/\/fuabc.org.br\/publicacoes-oficiais\/hospital-da-mulher-maria-jose-dos-santos-stein-processo-0118-20-aquisicao-de-chapas-de-acrilico-para-protecao-combate-a-pandemia-de-covid-19\/\">HOSPITAL DA MULHER MARIA JOS\u00c9 DOS SANTOS STEIN \u2013 PROCESSO 0118\/20 AQUISI\u00c7\u00c3O DE CHAPAS DE ACR\u00cdLICO PARA PROTE\u00c7\u00c3O \u2013 COMBATE A PANDEMIA DE COVID-19<\/a><\/p>\n\n\n\n<p><a href=\"https:\/\/fuabc.org.br\/publicacoes-oficiais\/hospital-da-mulher-maria-jose-dos-santos-stein-processo-0117-20-aquisicao-de-mascaras-descartaveis-para-combate-a-pandemia-de-covid-19\/\">HOSPITAL DA MULHER MARIA JOS\u00c9 DOS SANTOS STEIN \u2013 PROCESSO 0117\/20 AQUISI\u00c7\u00c3O DE M\u00c1SCARAS DESCART\u00c1VEIS \u2013 PARA COMBATE A PANDEMIA DE COVID-19<\/a><\/p>\n\n\n\n<p><a href=\"https:\/\/fuabc.org.br\/publicacoes-oficiais\/hospital-da-mulher-maria-jose-dos-santos-stein-processo-0101-20-aquisicao-de-materiais-de-higiene-alcool-70-gel-e-liquido-de-1000-ml-para-combate-a-pandemia-de-covid-19\/\">HOSPITAL DA MULHER MARIA JOS\u00c9 DOS SANTOS STEIN \u2013 PROCESSO 0101\/20 AQUISI\u00c7\u00c3O DE MATERIAIS DE HIGIENE (\u00c1LCOOL 70% GEL E L\u00cdQUIDO DE 1000 ML) PARA COMBATE A PANDEMIA DE COVID-19<\/a><\/p>\n\n\n\n<p><a href=\"https:\/\/fuabc.org.br\/publicacoes-oficiais\/hospital-da-mulher-maria-jose-dos-santos-stein-processo-0099-20-aquisicao-de-cloreto-de-sodio-09-10-ml-para-combate-a-pandemia-de-covid-19\/\">HOSPITAL DA MULHER MARIA JOS\u00c9 DOS SANTOS STEIN \u2013 PROCESSO 0099\/20 AQUISI\u00c7\u00c3O DE CLORETO DE S\u00d3DIO 0,9% 10 ML \u2013 PARA COMBATE A PANDEMIA DE COVID-19<\/a><\/p>\n\n\n\n<p><a href=\"https:\/\/fuabc.org.br\/publicacoes-oficiais\/hospital-da-mulher-maria-jose-dos-santos-stein-processo-0097-20-aquisicao-de-mascara-n95-ou-pff2-s-para-combate-a-pandemia-de-covid-19\/\">HOSPITAL DA MULHER MARIA JOS\u00c9 DOS SANTOS STEIN \u2013 PROCESSO 0097\/20 AQUISI\u00c7\u00c3O DE M\u00c1SCARA N95 OU PFF2-S PARA COMBATE A PANDEMIA DE COVID-19<\/a><\/p>\n\n\n\n<p><a href=\"https:\/\/fuabc.org.br\/publicacoes-oficiais\/hospital-da-mulher-maria-jose-dos-santos-stein-processo-0094-20-aquisicao-de-epis-oculos-de-protecao-para-combate-a-pandemia-covid-19\/\">HOSPITAL DA MULHER MARIA JOS\u00c9 DOS SANTOS STEIN \u2013 PROCESSO 0094\/20 AQUISI\u00c7\u00c3O DE EPI\u00b4S (\u00d3CULOS DE PROTE\u00c7\u00c3O) PARA COMBATE A PANDEMIA COVID-19<\/a><\/p>\n\n\n\n<p><a href=\"https:\/\/fuabc.org.br\/publicacoes-oficiais\/hospital-da-mulher-maria-jose-dos-santos-stein-processo-0093-20-aquisicao-de-kit-cirurgico-universal-para-partos-combate-a-pandemia-covid-19\/\">HOSPITAL DA MULHER MARIA JOS\u00c9 DOS SANTOS STEIN \u2013 PROCESSO 0093\/20 AQUISI\u00c7\u00c3O DE KIT CIR\u00daRGICO UNIVERSAL PARA PARTOS \u2013 COMBATE A PANDEMIA COVID-19<\/a><\/p>\n\n\n\n<p><a href=\"https:\/\/fuabc.org.br\/publicacoes-oficiais\/hospital-da-mulher-maria-jose-dos-santos-stein-processo-0092-20-aquisicao-de-materiais-de-higiene-reposicao-para-combate-a-pandemia-de-covid-19\/\">HOSPITAL DA MULHER MARIA JOS\u00c9 DOS SANTOS STEIN \u2013 PROCESSO 0092\/20 AQUISI\u00c7\u00c3O DE MATERIAIS DE HIGIENE \u2013 REPOSI\u00c7\u00c3O PARA COMBATE A PANDEMIA DE COVID-19<\/a><\/p>\n\n\n\n<p><a href=\"https:\/\/fuabc.org.br\/publicacoes-oficiais\/hospital-da-mulher-maria-jose-dos-santos-stein-processo-0091-20-aquisicao-de-papel-toalha-bobina-para-a-reposicao-de-estoque-aumento-de-consumo-combate-a-covid-19\/\">HOSPITAL DA MULHER MARIA JOS\u00c9 DOS SANTOS STEIN \u2013 PROCESSO 0091\/20 AQUISI\u00c7\u00c3O DE PAPEL TOALHA BOBINA PARA A REPOSI\u00c7\u00c3O DE ESTOQUE AUMENTO DE CONSUMO \u2013 COMBATE A COVID-19<\/a><\/p>\n\n\n\n<p><a href=\"https:\/\/fuabc.org.br\/publicacoes-oficiais\/hospital-da-mulher-maria-jose-dos-santos-stein-processo-0089-20-aquisicao-de-materiais-medicos-p-ventilacao-mecanica-para-combate-a-pandemia-de-covid-19\/\">HOSPITAL DA MULHER MARIA JOS\u00c9 DOS SANTOS STEIN \u2013 PROCESSO 0089\/20 \u2013 AQUISI\u00c7\u00c3O DE MATERIAIS M\u00c9DICOS P\/ VENTILA\u00c7\u00c3O MEC\u00c2NICA PARA COMBATE A PANDEMIA DE COVID-19<\/a><\/p>\n\n\n\n<p><a href=\"https:\/\/fuabc.org.br\/publicacoes-oficiais\/pc-0088-20-hmmjss-aquisicao-de-luva-cirurgica-e-de-procedimento-e-ou-nitrilica-nos-tamanhos-p-m-e-g-combate-ao-covid-19\/\">PC 0088\/20 HMMJSS \u2013 AQUISI\u00c7\u00c3O DE LUVA CIR\u00daRGICA E DE PROCEDIMENTO E OU NITR\u00cdLICA NOS TAMANHOS P \/ M E G \u2013 COMBATE AO COVID \u2013 19<\/a><\/p>\n\n\n\n<p><a href=\"https:\/\/fuabc.org.br\/publicacoes-oficiais\/pc-0082-20-hmmjss-aquisicao-de-mascara-n95-para-reposicao-de-estoque-combate-ao-covid-19\/\">PC 0082\/20 HMMJSS \u2013 AQUISI\u00c7\u00c3O DE M\u00c1SCARA N95 PARA REPOSI\u00c7\u00c3O DE ESTOQUE \u2013 COMBATE AO COVID-19<\/a><\/p>\n\n\n\n<p>24\/07\/2020<\/p>\n\n\n\n<p><a href=\"https:\/\/fuabc.org.br\/publicacoes-oficiais\/em-atendimento-ao-comunicado-sdg-no-18-2020-do-tribunal-de-contas-de-sao-paulo-bem-como-a-circular-cgoss-gc-no-08-2020-emitida-pela-coordenadoria-de-gestao-de-contratos-de-servicos-de-saude-relacion\/\">HOSPITAL DA MULHER MARIA JOS\u00c9 DOS SANTOS STEIN \u2013 PROCESSO 0079\/20 \u2013 AQUISI\u00c7\u00c3O DE M\u00c1SCARA CIR\u00daRGICA DESCART\u00c1VEL RETANGULAR PARA COMBATE A PANDEMIA DE COVID-19<\/a><\/p>\n\n\n<h4><strong>16\/06\/2020<\/strong><\/h4>\n<h4><strong><a href=\"https:\/\/fuabc.org.br\/publicacoes-oficiais\/covid-19-processos-emergenciais-do-periodo-de-13-03-2020-a-03-06-2020-hospital-da-mulher-maria-jose-dos-santos-stein\/\">COVID-19 \u2013 PROCESSOS EMERGENCIAIS DO PER\u00cdODO DE 13\/03\/2020 \u00c0 03\/06\/2020 \u2013 HOSPITAL DA MULHER MARIA JOS\u00c9 DOS SANTOS STEIN<\/a><\/strong><\/h4>\n<h4>.<\/h4>\n<h4><strong>03\/06\/2020<\/strong><\/h4>\n<h4><a href=\"https:\/\/fuabc.org.br\/publicacoes-oficiais\/processo-0205-20-aquisicao-de-tubo-falcon-e-swab-esteril-coleta-covid-19\/\">Processo 0205\/20 \u2013 Aquisi\u00e7\u00e3o de Tubo Falcon e Swab Est\u00e9ril \u2013 Coleta \u2013 COVID -19 &#8211; Hospital da Mulher<\/a><\/h4>","protected":false},"excerpt":{"rendered":"<p>DOA\u00c7\u00d5ES 31\/08\/2020 FUABC \u2013 HOSPITAL DA MULHER MARIA JOS\u00c9 DOS SANTOS STEIN \u2013 DECLARA\u00c7\u00c3O DE DOA\u00c7\u00c3O RECEBIDA PARA ENFRENTAMENTO A COVID-19 RECEITAS 12\/04\/2022 FUABC \u2013 HOSPITAL DA MULHER \u2013 MARIA JOS\u00c9 DOS SANTOS STEIN \u2013 DECLARA\u00c7\u00c3O NEGATIVA DE RECEITAS PARA ENFRENTAMENTO A COVID \u2013 19 11\/03\/2022 FUABC \u2013 HOSPITAL DA MULHER \u2013 MARIA JOS\u00c9 DOS SANTOS STEIN \u2013 DECLARA\u00c7\u00c3O NEGATIVA DE RECEITAS PARA ENFRENTAMENTO A COVID \u2013 19 14\/02\/2022 FUABC \u2013 HOSPITAL DA MULHER \u2013 MARIA JOS\u00c9 DOS SANTOS STEIN \u2013 DECLARA\u00c7\u00c3O NEGATIVA DE RECEITAS PARA ENFRENTAMENTO A COVID \u2013 19 20\/01\/2022 FUABC \u2013 HOSPITAL DA MULHER \u2013 MARIA JOS\u00c9 DOS SANTOS STEIN \u2013 DECLARA\u00c7\u00c3O NEGATIVA DE RECEITAS PARA ENFRENTAMENTO A COVID \u2013 19 22\/12\/2021 FUABC \u2013 HOSPITAL DA MULHER MARIA JOS\u00c9 DOS SANTOS STEIN \u2013 DECLARA\u00c7\u00c3O NEGATIVA DE RECEITAS PARA ENFRENTAMENTO A COVID \u2013 19 19\/11\/2021 FUABC \u2013 HOSPITAL DA MULHER MARIA JOS\u00c9 DOS SANTOS STEIN \u2013 DECLARA\u00c7\u00c3O NEGATIVA [&hellip;]<\/p>\n","protected":false},"author":1,"featured_media":0,"parent":0,"menu_order":0,"comment_status":"closed","ping_status":"closed","template":"template-portal.php","meta":{"_acf_changed":false,"footnotes":""},"class_list":["post-4061","page","type-page","status-publish","hentry"],"acf":[],"_links":{"self":[{"href":"https:\/\/fuabc.org.br\/portaldatransparencia\/wp-json\/wp\/v2\/pages\/4061","targetHints":{"allow":["GET"]}}],"collection":[{"href":"https:\/\/fuabc.org.br\/portaldatransparencia\/wp-json\/wp\/v2\/pages"}],"about":[{"href":"https:\/\/fuabc.org.br\/portaldatransparencia\/wp-json\/wp\/v2\/types\/page"}],"author":[{"embeddable":true,"href":"https:\/\/fuabc.org.br\/portaldatransparencia\/wp-json\/wp\/v2\/users\/1"}],"replies":[{"embeddable":true,"href":"https:\/\/fuabc.org.br\/portaldatransparencia\/wp-json\/wp\/v2\/comments?post=4061"}],"version-history":[{"count":25,"href":"https:\/\/fuabc.org.br\/portaldatransparencia\/wp-json\/wp\/v2\/pages\/4061\/revisions"}],"predecessor-version":[{"id":12192,"href":"https:\/\/fuabc.org.br\/portaldatransparencia\/wp-json\/wp\/v2\/pages\/4061\/revisions\/12192"}],"wp:attachment":[{"href":"https:\/\/fuabc.org.br\/portaldatransparencia\/wp-json\/wp\/v2\/media?parent=4061"}],"curies":[{"name":"wp","href":"https:\/\/api.w.org\/{rel}","templated":true}]}}