{"id":4067,"date":"2020-06-25T17:07:40","date_gmt":"2020-06-25T17:07:40","guid":{"rendered":"https:\/\/fuabc.org.br\/portaldatransparencia\/?page_id=4067"},"modified":"2022-02-25T19:14:03","modified_gmt":"2022-02-25T19:14:03","slug":"covid-19-rede-de-reabilitacao-lucy-montoro-diadema-suspenso","status":"publish","type":"page","link":"https:\/\/fuabc.org.br\/portaldatransparencia\/covid-19-rede-de-reabilitacao-lucy-montoro-diadema-suspenso\/","title":{"rendered":"Covid-19 | Rede de Reabilita\u00e7\u00e3o Lucy Montoro Diadema"},"content":{"rendered":"\n<h2 class=\"wp-block-heading\">RECEITA<\/h2>\n\n\n\n<p>25\/02\/2022<\/p>\n\n\n\n<p><a href=\"https:\/\/fuabc.org.br\/publicacoes-oficiais\/declaracao-negativa-de-recebimento-de-receita-para-enfrentamento-a-pandemia-de-covid-19-servico-de-reabilitacao-lucy-montoro-de-diadema-7\/\">DECLARA\u00c7\u00c3O NEGATIVA DE RECEBIMENTO DE RECEITA PARA ENFRENTAMENTO A PANDEMIA DE COVID-19 \u2013 SERVI\u00c7O DE REABILITA\u00c7\u00c3O LUCY MONTORO DE DIADEMA<\/a><\/p>\n\n\n\n<p>10\/01\/2022<\/p>\n\n\n\n<p><a href=\"https:\/\/fuabc.org.br\/publicacoes-oficiais\/declaracao-negativa-de-recebimento-de-receita-para-enfrentamento-a-pandemia-de-covid-19-servico-de-reabilitacao-lucy-montoro-de-diadema-6\/\">DECLARA\u00c7\u00c3O NEGATIVA DE RECEBIMENTO DE RECEITA PARA ENFRENTAMENTO A PANDEMIA DE COVID-19 \u2013 SERVI\u00c7O DE REABILITA\u00c7\u00c3O LUCY MONTORO DE DIADEMA<\/a><\/p>\n\n\n\n<p>10\/11\/2021<\/p>\n\n\n\n<p><a href=\"https:\/\/fuabc.org.br\/publicacoes-oficiais\/declaracao-negativa-de-recebimento-de-receita-para-enfrentamento-a-pandemia-de-covid-19-servico-de-reabilitacao-lucy-montoro-de-diadema-5\/\">DECLARA\u00c7\u00c3O NEGATIVA DE RECEBIMENTO DE RECEITA PARA ENFRENTAMENTO A PANDEMIA DE COVID-19 \u2013 SERVI\u00c7O DE REABILITA\u00c7\u00c3O LUCY MONTORO DE DIADEMA<\/a><\/p>\n\n\n\n<p>06\/08\/2021<\/p>\n\n\n\n<p><a href=\"https:\/\/fuabc.org.br\/publicacoes-oficiais\/declaracao-negativa-de-recebimento-de-receita-para-enfrentamento-a-pandemia-de-covid-19-servico-de-reabilitacao-lucy-montoro-de-diadema-4\/\">DECLARA\u00c7\u00c3O NEGATIVA DE RECEBIMENTO DE RECEITA PARA ENFRENTAMENTO A PANDEMIA DE COVID-19 \u2013 SERVI\u00c7O DE REABILITA\u00c7\u00c3O LUCY MONTORO DE DIADEMA<\/a><\/p>\n\n\n\n<p>30\/09\/2020<\/p>\n\n\n\n<p><a href=\"https:\/\/fuabc.org.br\/publicacoes-oficiais\/declaracao-negativa-de-recebimento-de-receita-para-enfrentamento-a-pandemia-de-covid-19-servico-de-reabilitacao-lucy-montoro-de-diadema-3\/\">DECLARA\u00c7\u00c3O NEGATIVA DE RECEBIMENTO DE RECEITA PARA ENFRENTAMENTO A PANDEMIA DE COVID-19 \u2013 SERVI\u00c7O DE REABILITA\u00c7\u00c3O LUCY MONTORO DE DIADEMA<\/a><\/p>\n\n\n\n<p>24\/09\/2020<\/p>\n\n\n\n<p><a href=\"https:\/\/fuabc.org.br\/publicacoes-oficiais\/declaracao-negativa-de-recebimento-de-receita-para-enfrentamento-a-pandemia-de-covid-19-servico-de-reabilitacao-lucy-montoro-de-diadema-2\/\">DECLARA\u00c7\u00c3O NEGATIVA DE RECEBIMENTO DE RECEITA PARA ENFRENTAMENTO A PANDEMIA DE COVID-19 \u2013 SERVI\u00c7O DE REABILITA\u00c7\u00c3O LUCY MONTORO DE DIADEMA<\/a><\/p>\n\n\n\n<p>17\/09\/2020<\/p>\n\n\n\n<p><a href=\"https:\/\/fuabc.org.br\/publicacoes-oficiais\/declaracao-negativa-de-recebimento-de-receita-para-enfrentamento-a-pandemia-de-covid-19-servico-de-reabilitacao-lucy-montoro-de-diadema\/\">DECLARA\u00c7\u00c3O NEGATIVA DE RECEBIMENTO DE RECEITA PARA ENFRENTAMENTO A PANDEMIA DE COVID-19 \u2013 SERVI\u00c7O DE REABILITA\u00c7\u00c3O LUCY MONTORO DE DIADEMA<\/a><\/p>\n\n\n\n<p>10\/09\/2020<\/p>\n\n\n\n<p><a href=\"https:\/\/fuabc.org.br\/publicacoes-oficiais\/declaracao-negativa-de-recebimento-de-receita-para-enfrentamento-a-pandemia-de-covid-19\/\">DECLARA\u00c7\u00c3O NEGATIVA DE RECEBIMENTO DE RECEITA PARA ENFRENTAMENTO A PANDEMIA DE COVID-19<\/a><\/p>\n\n\n\n<h2 class=\"wp-block-heading\">DESPESAS<\/h2>\n\n\n\n<p>10\/01\/2022<\/p>\n\n\n\n<p><a href=\"https:\/\/fuabc.org.br\/publicacoes-oficiais\/declaracao-negativa-realizacao-de-despesa-para-enfrentamento-a-pandemia-de-covid-19-servico-de-reabilitacao-lucy-montoro-de-diadema-5\/\">DECLARA\u00c7\u00c3O NEGATIVA REALIZA\u00c7\u00c3O DE DESPESA PARA ENFRENTAMENTO A PANDEMIA DE COVID-19 \u2013 SERVI\u00c7O DE REABILITA\u00c7\u00c3O LUCY MONTORO DE DIADEMA<\/a><\/p>\n\n\n\n<p>06\/08\/2021<\/p>\n\n\n\n<p><a href=\"https:\/\/fuabc.org.br\/publicacoes-oficiais\/declaracao-negativa-realizacao-de-despesa-para-enfrentamento-a-pandemia-de-covid-19-servico-de-reabilitacao-lucy-montoro-de-diadema-4\/\">DECLARA\u00c7\u00c3O NEGATIVA REALIZA\u00c7\u00c3O DE DESPESA PARA ENFRENTAMENTO A PANDEMIA DE COVID-19 \u2013 SERVI\u00c7O DE REABILITA\u00c7\u00c3O LUCY MONTORO DE DIADEMA<\/a><\/p>\n\n\n\n<p>30\/09\/2020<\/p>\n\n\n\n<p><a href=\"https:\/\/fuabc.org.br\/publicacoes-oficiais\/declaracao-negativa-realizacao-de-despesa-para-enfrentamento-a-pandemia-de-covid-19-servico-de-reabilitacao-lucy-montoro-de-diadema-3\/\">DECLARA\u00c7\u00c3O NEGATIVA REALIZA\u00c7\u00c3O DE DESPESA PARA ENFRENTAMENTO A PANDEMIA DE COVID-19 \u2013 SERVI\u00c7O DE REABILITA\u00c7\u00c3O LUCY MONTORO DE DIADEMA<\/a><\/p>\n\n\n\n<p>24\/09\/2020<\/p>\n\n\n\n<p><a href=\"https:\/\/fuabc.org.br\/publicacoes-oficiais\/declaracao-negativa-realizacao-de-despesa-para-enfrentamento-a-pandemia-de-covid-19-servico-de-reabilitacao-lucy-montoro-de-diadema-2\/\">DECLARA\u00c7\u00c3O NEGATIVA REALIZA\u00c7\u00c3O DE DESPESA PARA ENFRENTAMENTO A PANDEMIA DE COVID-19 \u2013 SERVI\u00c7O DE REABILITA\u00c7\u00c3O LUCY MONTORO DE DIADEMA<\/a><\/p>\n\n\n\n<p>17\/09\/2020<\/p>\n\n\n\n<p><a href=\"https:\/\/fuabc.org.br\/publicacoes-oficiais\/declaracao-negativa-realizacao-de-despesa-para-enfrentamento-a-pandemia-de-covid-19-servico-de-reabilitacao-lucy-montoro-de-diadema\/\">DECLARA\u00c7\u00c3O NEGATIVA REALIZA\u00c7\u00c3O DE DESPESA PARA ENFRENTAMENTO A PANDEMIA DE COVID-19 \u2013 SERVI\u00c7O DE REABILITA\u00c7\u00c3O LUCY MONTORO DE DIADEMA<\/a><\/p>\n\n\n\n<p>10\/09\/2020<\/p>\n\n\n\n<p><a href=\"https:\/\/fuabc.org.br\/publicacoes-oficiais\/declaracao-negativa-realizacao-de-despesa-para-enfrentamento-a-pandemia-de-covid-19-a-fundacao-abc-servico-de-reabilitacao-lucy-montoro-de-diadema-3\/\">DECLARA\u00c7\u00c3O NEGATIVA REALIZA\u00c7\u00c3O DE DESPESA PARA ENFRENTAMENTO A PANDEMIA DE COVID-19 A FUNDA\u00c7\u00c3O ABC \u2013 SERVI\u00c7O DE REABILITA\u00c7\u00c3O LUCY MONTORO DE DIADEMA<\/a><\/p>\n\n\n\n<p>26\/08\/2020<\/p>\n\n\n\n<p><a href=\"https:\/\/fuabc.org.br\/publicacoes-oficiais\/declaracao-negativa-realizacao-de-despesa-para-enfrentamento-a-pandemia-de-covid-19-a-fundacao-abc-servico-de-reabilitacao-lucy-montoro-de-diadema-2\/\">DECLARA\u00c7\u00c3O NEGATIVA REALIZA\u00c7\u00c3O DE DESPESA PARA ENFRENTAMENTO A PANDEMIA DE COVID-19 A FUNDA\u00c7\u00c3O ABC \u2013 SERVI\u00c7O DE REABILITA\u00c7\u00c3O LUCY MONTORO DE DIADEMA<\/a><\/p>\n\n\n\n<p>19\/08\/2020<\/p>\n\n\n\n<p><a href=\"https:\/\/fuabc.org.br\/publicacoes-oficiais\/declaracao-negativa-realizacao-de-despesa-para-enfrentamento-a-pandemia-de-covid-19-a-fundacao-abc-servico-de-reabilitacao-lucy-montoro-de-diadema\/\">DECLARA\u00c7\u00c3O NEGATIVA REALIZA\u00c7\u00c3O DE DESPESA PARA ENFRENTAMENTO A PANDEMIA DE COVID-19 A FUNDA\u00c7\u00c3O ABC \u2013 SERVI\u00c7O DE REABILITA\u00c7\u00c3O LUCY MONTORO DE DIADEMA<\/a><\/p>\n\n\n\n<p>12\/08\/2020<\/p>\n\n\n\n<p><a href=\"https:\/\/fuabc.org.br\/publicacoes-oficiais\/declaracao-negativa-realizacao-de-despesa-para-enfrentamento-a-pandedmia-de-covid-19-a-fundacao-abc-servico-de-reabilitacao-lucy-montoro-de-diadema-2\/\">DECLARA\u00c7\u00c3O NEGATIVA REALIZA\u00c7\u00c3O DE DESPESA PARA ENFRENTAMENTO A PANDEMIA DE COVID-19 \u2013 A FUNDA\u00c7\u00c3O ABC \u2013 SERVI\u00c7O DE REABILITA\u00c7\u00c3O LUCY MONTORO DE DIADEMA<\/a><\/p>\n\n\n\n<p>05\/08\/2020<\/p>\n\n\n\n<p><a href=\"https:\/\/fuabc.org.br\/publicacoes-oficiais\/declaracao-negativa-realizacao-de-despesa-para-enfrentamento-a-pandedmia-de-covid-19-a-fundacao-abc-servico-de-reabilitacao-lucy-montoro-de-diadema\/\">DECLARA\u00c7\u00c3O NEGATIVA REALIZA\u00c7\u00c3O DE DESPESA PARA ENFRENTAMENTO A PANDEMIA DE COVID-19 \u2013 A FUNDA\u00c7\u00c3O ABC \u2013 SERVI\u00c7O DE REABILITA\u00c7\u00c3O LUCY MONTORO DE DIADEMA<\/a><\/p>\n\n\n\n<p>23\/07\/2020<\/p>\n\n\n\n<p><a href=\"https:\/\/fuabc.org.br\/publicacoes-oficiais\/declaracao-negativa-de-realizacao-de-despesa-para-enfrentamento-a-pandemia-de-covid-19-fuabc-servico-de-reabilitacao-lucy-montoro-de-diadema\/\">DECLARA\u00c7\u00c3O NEGATIVA DE REALIZA\u00c7\u00c3O DE DESPESA PARA ENFRENTAMENTO A PANDEMIA DE COVID \u2013 19 \u2013 FUABC \u2013 SERVI\u00c7O DE REABILITA\u00c7\u00c3O LUCY MONTORO DE DIADEMA<\/a><\/p>\n","protected":false},"excerpt":{"rendered":"<p>RECEITA 25\/02\/2022 DECLARA\u00c7\u00c3O NEGATIVA DE RECEBIMENTO DE RECEITA PARA ENFRENTAMENTO A PANDEMIA DE COVID-19 \u2013 SERVI\u00c7O DE REABILITA\u00c7\u00c3O LUCY MONTORO DE DIADEMA 10\/01\/2022 DECLARA\u00c7\u00c3O NEGATIVA DE RECEBIMENTO DE RECEITA PARA ENFRENTAMENTO A PANDEMIA DE COVID-19 \u2013 SERVI\u00c7O DE REABILITA\u00c7\u00c3O LUCY MONTORO DE DIADEMA 10\/11\/2021 DECLARA\u00c7\u00c3O NEGATIVA DE RECEBIMENTO DE RECEITA PARA ENFRENTAMENTO A PANDEMIA DE COVID-19 \u2013 SERVI\u00c7O DE REABILITA\u00c7\u00c3O LUCY MONTORO DE DIADEMA 06\/08\/2021 DECLARA\u00c7\u00c3O NEGATIVA DE RECEBIMENTO DE RECEITA PARA ENFRENTAMENTO A PANDEMIA DE COVID-19 \u2013 SERVI\u00c7O DE REABILITA\u00c7\u00c3O LUCY MONTORO DE DIADEMA 30\/09\/2020 DECLARA\u00c7\u00c3O NEGATIVA DE RECEBIMENTO DE RECEITA PARA ENFRENTAMENTO A PANDEMIA DE COVID-19 \u2013 SERVI\u00c7O DE REABILITA\u00c7\u00c3O LUCY MONTORO DE DIADEMA 24\/09\/2020 DECLARA\u00c7\u00c3O NEGATIVA DE RECEBIMENTO DE RECEITA PARA ENFRENTAMENTO A PANDEMIA DE COVID-19 \u2013 SERVI\u00c7O DE REABILITA\u00c7\u00c3O LUCY MONTORO DE DIADEMA 17\/09\/2020 DECLARA\u00c7\u00c3O NEGATIVA DE RECEBIMENTO DE RECEITA PARA ENFRENTAMENTO A PANDEMIA DE COVID-19 \u2013 SERVI\u00c7O DE REABILITA\u00c7\u00c3O LUCY MONTORO DE DIADEMA 10\/09\/2020 DECLARA\u00c7\u00c3O [&hellip;]<\/p>\n","protected":false},"author":1,"featured_media":0,"parent":0,"menu_order":0,"comment_status":"closed","ping_status":"closed","template":"template-portal.php","meta":{"_acf_changed":false,"footnotes":""},"class_list":["post-4067","page","type-page","status-publish","hentry"],"acf":[],"_links":{"self":[{"href":"https:\/\/fuabc.org.br\/portaldatransparencia\/wp-json\/wp\/v2\/pages\/4067","targetHints":{"allow":["GET"]}}],"collection":[{"href":"https:\/\/fuabc.org.br\/portaldatransparencia\/wp-json\/wp\/v2\/pages"}],"about":[{"href":"https:\/\/fuabc.org.br\/portaldatransparencia\/wp-json\/wp\/v2\/types\/page"}],"author":[{"embeddable":true,"href":"https:\/\/fuabc.org.br\/portaldatransparencia\/wp-json\/wp\/v2\/users\/1"}],"replies":[{"embeddable":true,"href":"https:\/\/fuabc.org.br\/portaldatransparencia\/wp-json\/wp\/v2\/comments?post=4067"}],"version-history":[{"count":16,"href":"https:\/\/fuabc.org.br\/portaldatransparencia\/wp-json\/wp\/v2\/pages\/4067\/revisions"}],"predecessor-version":[{"id":11664,"href":"https:\/\/fuabc.org.br\/portaldatransparencia\/wp-json\/wp\/v2\/pages\/4067\/revisions\/11664"}],"wp:attachment":[{"href":"https:\/\/fuabc.org.br\/portaldatransparencia\/wp-json\/wp\/v2\/media?parent=4067"}],"curies":[{"name":"wp","href":"https:\/\/api.w.org\/{rel}","templated":true}]}}