{"id":4075,"date":"2020-06-25T17:10:26","date_gmt":"2020-06-25T17:10:26","guid":{"rendered":"https:\/\/fuabc.org.br\/portaldatransparencia\/?page_id=4075"},"modified":"2020-09-30T19:48:17","modified_gmt":"2020-09-30T19:48:17","slug":"covid-19-13-sao-caetano-do-sul","status":"publish","type":"page","link":"https:\/\/fuabc.org.br\/portaldatransparencia\/covid-19-13-sao-caetano-do-sul\/","title":{"rendered":"Covid-19 | 13 | S\u00e3o Caetano do Sul"},"content":{"rendered":"\n<h2 class=\"wp-block-heading\">RECEITAS<\/h2>\n\n\n\n<p>30\/09\/2020<\/p>\n\n\n\n<p><a href=\"https:\/\/fuabc.org.br\/publicacoes-oficiais\/declaracao-negativa-de-recebimento-de-receita-para-enfrentamento-a-pandemia-de-covid-19-central-de-convenios-na-secretaria-de-saude-municipio-de-sao-caetano-do-sul-6\/\">DECLARA\u00c7\u00c3O NEGATIVA DE RECEBIMENTO DE RECEITA PARA ENFRENTAMENTO A PANDEMIA DE COVID \u2013 19 \u2013 CENTRAL DE CONV\u00caNIOS NA SECRETARIA DE SA\u00daDE \u2013 MUNIC\u00cdPIO DE S\u00c3O CAETANO DO SUL \u2013 CAPS<\/a><\/p>\n\n\n\n<p><a href=\"https:\/\/fuabc.org.br\/publicacoes-oficiais\/declaracao-negativa-de-recebimento-de-receita-para-enfrentamento-a-pandemia-de-covid-19-central-de-convenios-na-secretaria-de-saude-municipio-de-sao-caetano-do-sul-5\/\">DECLARA\u00c7\u00c3O NEGATIVA DE RECEBIMENTO DE RECEITA PARA ENFRENTAMENTO A PANDEMIA DE COVID \u2013 19 \u2013 CENTRAL DE CONV\u00caNIOS NA SECRETARIA DE SA\u00daDE \u2013 MUNIC\u00cdPIO DE S\u00c3O CAETANO DO SUL \u2013 DST\/AIDS<\/a><\/p>\n\n\n\n<p>24\/09\/2020<\/p>\n\n\n\n<p><a href=\"https:\/\/fuabc.org.br\/publicacoes-oficiais\/declaracao-negativa-de-recebimento-de-receita-para-enfrentamento-a-pandemia-de-covid-19-central-de-convenios-na-secretaria-de-saude-municipio-de-sao-caetano-do-sul-4\/\">DECLARA\u00c7\u00c3O NEGATIVA DE RECEBIMENTO DE RECEITA PARA ENFRENTAMENTO A PANDEMIA DE COVID \u2013 19 \u2013 CENTRAL DE CONV\u00caNIOS NA SECRETARIA DE SA\u00daDE \u2013 MUNIC\u00cdPIO DE S\u00c3O CAETANO DO SUL \u2013 CAPS<\/a><\/p>\n\n\n\n<p><a href=\"https:\/\/fuabc.org.br\/publicacoes-oficiais\/declaracao-negativa-de-recebimento-de-receita-para-enfrentamento-a-pandemia-de-covid-19-central-de-convenios-na-secretaria-de-saude-municipio-de-sao-caetano-do-sul-3\/\">DECLARA\u00c7\u00c3O NEGATIVA DE RECEBIMENTO DE RECEITA PARA ENFRENTAMENTO A PANDEMIA DE COVID \u2013 19 \u2013 CENTRAL DE CONV\u00caNIOS NA SECRETARIA DE SA\u00daDE \u2013 MUNIC\u00cdPIO DE S\u00c3O CAETANO DO SUL \u2013 DST\/AIDS<\/a><\/p>\n\n\n\n<p>17\/09\/2020<\/p>\n\n\n\n<p><a href=\"https:\/\/fuabc.org.br\/publicacoes-oficiais\/declaracao-negativa-de-recebimento-de-receita-para-enfrentamento-a-pandemia-de-covid-19-a-fundacao-abc-central-de-convenios-na-secretaria-de-saude-municipio-de-sao-caetano-do-sul-7\/\">DECLARA\u00c7\u00c3O NEGATIVA DE RECEBIMENTO DE RECEITA PARA ENFRENTAMENTO A PANDEMIA DE COVID-19 A FUNDA\u00c7\u00c3O ABC \u2013 CENTRAL DE CONV\u00caNIOS NA SECRETARIA DE SA\u00daDE \u2013 MUNIC\u00cdPIO DE S\u00c3O CAETANO DO SUL \u2013 CAPS<\/a><\/p>\n\n\n\n<p><a href=\"https:\/\/fuabc.org.br\/publicacoes-oficiais\/declaracao-negativa-de-recebimento-de-receita-para-enfrentamento-a-pandemia-de-covid-19-a-fundacao-abc-central-de-convenios-na-secretaria-de-saude-municipio-de-sao-caetano-do-sul-6\/\">DECLARA\u00c7\u00c3O NEGATIVA DE RECEBIMENTO DE RECEITA PARA ENFRENTAMENTO A PANDEMIA DE COVID-19 A FUNDA\u00c7\u00c3O ABC \u2013 CENTRAL DE CONV\u00caNIOS NA SECRETARIA DE SA\u00daDE \u2013 MUNIC\u00cdPIO DE S\u00c3O CAETANO DO SUL \u2013 APOIO \/ DST\/AIDS<\/a><\/p>\n\n\n\n<p>10\/09\/2020<\/p>\n\n\n\n<p><a href=\"https:\/\/fuabc.org.br\/publicacoes-oficiais\/declaracao-negativa-de-recebimento-de-receita-para-enfrentamento-a-pandemia-de-covid-19-a-fundacao-abc-central-de-convenios-na-secretaria-de-saude-municipio-de-sao-caetano-do-sul-5\/\">DECLARA\u00c7\u00c3O NEGATIVA DE RECEBIMENTO DE RECEITA PARA ENFRENTAMENTO A PANDEMIA DE COVID-19 A FUNDA\u00c7\u00c3O ABC \u2013 CENTRAL DE CONV\u00caNIOS NA SECRETARIA DE SA\u00daDE \u2013 MUNIC\u00cdPIO DE S\u00c3O CAETANO DO SUL \u2013 APOIO \/ DST\/AIDS<\/a><\/p>\n\n\n\n<p><a href=\"https:\/\/fuabc.org.br\/publicacoes-oficiais\/declaracao-negativa-de-recebimento-de-receita-para-enfrentamento-a-pandemia-de-covid-19-a-fundacao-abc-central-de-convenios-na-secretaria-de-saude-municipio-de-sao-caetano-do-sul-4\/\">DECLARA\u00c7\u00c3O NEGATIVA DE RECEBIMENTO DE RECEITA PARA ENFRENTAMENTO A PANDEMIA DE COVID-19 A FUNDA\u00c7\u00c3O ABC \u2013 CENTRAL DE CONV\u00caNIOS NA SECRETARIA DE SA\u00daDE \u2013 MUNIC\u00cdPIO DE S\u00c3O CAETANO DO SUL \u2013 CAPS<\/a><\/p>\n\n\n\n<p>26\/08\/2020<\/p>\n\n\n\n<p><a href=\"https:\/\/fuabc.org.br\/publicacoes-oficiais\/declaracao-negativa-de-recebimento-de-receita-para-enfrentamento-a-pandemia-de-covid-19-a-fundacao-abc-central-de-convenios-na-secretaria-de-saude-municipio-de-sao-caetano-do-sul-3\/\">DECLARA\u00c7\u00c3O NEGATIVA DE RECEBIMENTO DE RECEITA PARA ENFRENTAMENTO A PANDEMIA DE COVID-19 A FUNDA\u00c7\u00c3O ABC \u2013 CENTRAL DE CONV\u00caNIOS NA SECRETARIA DE SA\u00daDE \u2013 MUNIC\u00cdPIO DE S\u00c3O CAETANO DO SUL \u2013 DST\/AIDS<\/a><\/p>\n\n\n\n<p><a href=\"https:\/\/fuabc.org.br\/publicacoes-oficiais\/declaracao-negativa-de-recebimento-de-receita-para-enfrentamento-a-pandemia-de-covid-19-a-fundacao-abc-central-de-convenios-na-secretaria-de-saude-municipio-de-sao-caetano-do-sul-2\/\">DECLARA\u00c7\u00c3O NEGATIVA DE RECEBIMENTO DE RECEITA PARA ENFRENTAMENTO A PANDEMIA DE COVID-19 A FUNDA\u00c7\u00c3O ABC \u2013 CENTRAL DE CONV\u00caNIOS NA SECRETARIA DE SA\u00daDE \u2013 MUNIC\u00cdPIO DE S\u00c3O CAETANO DO SUL \u2013 CAPS<\/a><\/p>\n\n\n\n<p>19\/08\/2020<\/p>\n\n\n\n<p><a href=\"https:\/\/fuabc.org.br\/publicacoes-oficiais\/declaracao-negativa-de-recebimento-de-receita-para-enfrentamento-a-pandemia-de-covid-19-a-fundacao-abc-central-de-convenios-na-secretaria-de-saude-municipio-de-sao-caetano-do-sul-caps\/\">DECLARA\u00c7\u00c3O NEGATIVA DE RECEBIMENTO DE RECEITA PARA ENFRENTAMENTO A PANDEMIA DE COVID-19 A FUNDA\u00c7\u00c3O ABC \u2013 CENTRAL DE CONV\u00caNIOS NA SECRETARIA DE SA\u00daDE \u2013 MUNIC\u00cdPIO DE S\u00c3O CAETANO DO SUL \u2013 CAPS<\/a><\/p>\n\n\n\n<p><a href=\"https:\/\/fuabc.org.br\/publicacoes-oficiais\/declaracao-negativa-de-recebimento-de-receita-para-enfrentamento-a-pandemia-de-covid-19-a-fundacao-abc-central-de-convenios-na-secretaria-de-saude-municipio-de-sao-caetano-do-sul-dst-ai\/\">DECLARA\u00c7\u00c3O NEGATIVA DE RECEBIMENTO DE RECEITA PARA ENFRENTAMENTO A PANDEMIA DE COVID-19 A FUNDA\u00c7\u00c3O ABC \u2013 CENTRAL DE CONV\u00caNIOS NA SECRETARIA DE SA\u00daDE \u2013 MUNIC\u00cdPIO DE S\u00c3O CAETANO DO SUL \u2013 DST\/AIDS<\/a><\/p>\n\n\n\n<p>12\/08\/2020<\/p>\n\n\n\n<p><a href=\"https:\/\/fuabc.org.br\/publicacoes-oficiais\/declaracao-negativa-de-recebimento-de-receita-para-enfrentamento-a-pandemia-de-covid-19-central-de-convenios-na-secretaria-de-saude-municipio-de-sao-caetano-do-sul-2\/\">DECLARA\u00c7\u00c3O NEGATIVA DE RECEBIMENTO DE RECEITA PARA ENFRENTAMENTO A PANDEMIA DE COVID-19 \u2013 CENTRAL DE CONV\u00caNIOS NA SECRETARIA DE SA\u00daDE \u2013 MUNIC\u00cdPIO DE S\u00c3O CAETANO DO SUL<\/a><\/p>\n\n\n\n<p>05\/08\/2020<\/p>\n\n\n\n<p><a href=\"https:\/\/fuabc.org.br\/publicacoes-oficiais\/declaracao-negativa-de-recebimento-de-receita-para-enfrentamento-a-pandemia-de-covid-19-central-de-convenios-na-secretaria-de-saude-municipio-de-sao-caetano-do-sul\/\">DECLARA\u00c7\u00c3O NEGATIVA DE RECEBIMENTO DE RECEITA PARA ENFRENTAMENTO A PANDEMIA DE COVID-19 \u2013 CENTRAL DE CONV\u00caNIOS NA SECRETARIA DE SA\u00daDE \u2013 MUNIC\u00cdPIO DE S\u00c3O CAETANO DO SUL<\/a><\/p>\n\n\n\n<p>29\/07\/2020<\/p>\n\n\n\n<p><a href=\"https:\/\/fuabc.org.br\/publicacoes-oficiais\/declaracao-negativa-de-recebimento-de-receita-para-enfrentamento-a-pandemia-de-covid-19-a-fundacao-abc-central-de-convenios-na-secretaria-de-saude-municipio-de-sao-caetano-do-sul\/\">DECLARA\u00c7\u00c3O NEGATIVA DE RECEBIMENTO DE RECEITA PARA ENFRENTAMENTO A PANDEMIA DE COVID-19 A FUNDA\u00c7\u00c3O ABC \u2013 CENTRAL DE CONV\u00caNIOS NA SECRETARIA DE SA\u00daDE \u2013 MUNIC\u00cdPIO DE S\u00c3O CAETANO DO SUL<\/a><\/p>\n\n\n\n<div style=\"height:20px\" aria-hidden=\"true\" class=\"wp-block-spacer\"><\/div>\n\n\n\n<hr class=\"wp-block-separator\"\/>\n\n\n\n<div style=\"height:20px\" aria-hidden=\"true\" class=\"wp-block-spacer\"><\/div>\n\n\n\n<h2 class=\"wp-block-heading\">DESPESAS<\/h2>\n\n\n\n<p>30\/09\/2020<\/p>\n\n\n\n<p><a href=\"https:\/\/fuabc.org.br\/publicacoes-oficiais\/declaracao-negativa-realizacao-de-despesa-para-enfrentamento-a-pandemia-de-covid-19-central-de-convenios-na-secretaria-de-saude-municipio-de-sao-caetano-do-sul-caps-6\/\">DECLARA\u00c7\u00c3O NEGATIVA REALIZA\u00c7\u00c3O DE DESPESA PARA ENFRENTAMENTO A PANDEMIA DE COVID \u2013 19 \u2013 CENTRAL DE CONV\u00caNIOS NA SECRETARIA DE SA\u00daDE \u2013 MUNIC\u00cdPIO DE S\u00c3O CAETANO DO SUL \u2013 CAPS<\/a><\/p>\n\n\n\n<p><a href=\"https:\/\/fuabc.org.br\/publicacoes-oficiais\/declaracao-negativa-realizacao-de-despesa-para-enfrentamento-a-pandemia-de-covid-19-central-de-convenios-na-secretaria-de-saude-municipio-de-sao-caetano-do-sul-dst-aid-6\/\">DECLARA\u00c7\u00c3O NEGATIVA REALIZA\u00c7\u00c3O DE DESPESA PARA ENFRENTAMENTO A PANDEMIA DE COVID \u2013 19 \u2013 CENTRAL DE CONV\u00caNIOS NA SECRETARIA DE SA\u00daDE \u2013 MUNIC\u00cdPIO DE S\u00c3O CAETANO DO SUL \u2013 DST\/AIDS<\/a><\/p>\n\n\n\n<p>24\/09\/2020<\/p>\n\n\n\n<p><a href=\"https:\/\/fuabc.org.br\/publicacoes-oficiais\/declaracao-negativa-realizacao-de-despesa-para-enfrentamento-a-pandemia-de-covid-19-central-de-convenios-na-secretaria-de-saude-municipio-de-sao-caetano-do-sul-caps-5\/\">DECLARA\u00c7\u00c3O NEGATIVA REALIZA\u00c7\u00c3O DE DESPESA PARA ENFRENTAMENTO A PANDEMIA DE COVID \u2013 19 \u2013 CENTRAL DE CONV\u00caNIOS NA SECRETARIA DE SA\u00daDE \u2013 MUNIC\u00cdPIO DE S\u00c3O CAETANO DO SUL \u2013 CAPS<\/a><\/p>\n\n\n\n<p><a href=\"https:\/\/fuabc.org.br\/publicacoes-oficiais\/declaracao-negativa-realizacao-de-despesa-para-enfrentamento-a-pandemia-de-covid-19-central-de-convenios-na-secretaria-de-saude-municipio-de-sao-caetano-do-sul-dst-aid-5\/\">DECLARA\u00c7\u00c3O NEGATIVA REALIZA\u00c7\u00c3O DE DESPESA PARA ENFRENTAMENTO A PANDEMIA DE COVID \u2013 19 \u2013 CENTRAL DE CONV\u00caNIOS NA SECRETARIA DE SA\u00daDE \u2013 MUNIC\u00cdPIO DE S\u00c3O CAETANO DO SUL \u2013 DST\/AIDS<\/a><\/p>\n\n\n\n<p>17\/09\/2020<\/p>\n\n\n\n<p><a href=\"https:\/\/fuabc.org.br\/publicacoes-oficiais\/declaracao-negativa-realizacao-de-despesa-para-enfrentamento-a-pandemia-de-covid-19-central-de-convenios-na-secretaria-de-saude-municipio-de-sao-caetano-do-sul-caps-4\/\">DECLARA\u00c7\u00c3O NEGATIVA REALIZA\u00c7\u00c3O DE DESPESA PARA ENFRENTAMENTO A PANDEMIA DE COVID \u2013 19 \u2013 CENTRAL DE CONV\u00caNIOS NA SECRETARIA DE SA\u00daDE \u2013 MUNIC\u00cdPIO DE S\u00c3O CAETANO DO SUL \u2013 CAPS<\/a><\/p>\n\n\n\n<p><a href=\"https:\/\/fuabc.org.br\/publicacoes-oficiais\/declaracao-negativa-realizacao-de-despesa-para-enfrentamento-a-pandemia-de-covid-19-central-de-convenios-na-secretaria-de-saude-municipio-de-sao-caetano-do-sul-dst-aid-4\/\">DECLARA\u00c7\u00c3O NEGATIVA REALIZA\u00c7\u00c3O DE DESPESA PARA ENFRENTAMENTO A PANDEMIA DE COVID \u2013 19 \u2013 CENTRAL DE CONV\u00caNIOS NA SECRETARIA DE SA\u00daDE \u2013 MUNIC\u00cdPIO DE S\u00c3O CAETANO DO SUL \u2013 DST\/AIDS<\/a><\/p>\n\n\n\n<p>10\/09\/2020<\/p>\n\n\n\n<p><a href=\"https:\/\/fuabc.org.br\/publicacoes-oficiais\/declaracao-negativa-realizacao-de-despesa-para-enfrentamento-a-pandemia-de-covid-19-central-de-convenios-na-secretaria-de-saude-municipio-de-sao-caetano-do-sul-caps-3\/\">DECLARA\u00c7\u00c3O NEGATIVA REALIZA\u00c7\u00c3O DE DESPESA PARA ENFRENTAMENTO A PANDEMIA DE COVID \u2013 19 \u2013 CENTRAL DE CONV\u00caNIOS NA SECRETARIA DE SA\u00daDE \u2013 MUNIC\u00cdPIO DE S\u00c3O CAETANO DO SUL \u2013 CAPS<\/a><\/p>\n\n\n\n<p><a href=\"https:\/\/fuabc.org.br\/publicacoes-oficiais\/declaracao-negativa-realizacao-de-despesa-para-enfrentamento-a-pandemia-de-covid-19-central-de-convenios-na-secretaria-de-saude-municipio-de-sao-caetano-do-sul-dst-aid-3\/\">DECLARA\u00c7\u00c3O NEGATIVA REALIZA\u00c7\u00c3O DE DESPESA PARA ENFRENTAMENTO A PANDEMIA DE COVID \u2013 19 \u2013 CENTRAL DE CONV\u00caNIOS NA SECRETARIA DE SA\u00daDE \u2013 MUNIC\u00cdPIO DE S\u00c3O CAETANO DO SUL \u2013 DST\/AIDS<\/a><\/p>\n\n\n\n<p>26\/08\/2020<\/p>\n\n\n\n<p><a href=\"https:\/\/fuabc.org.br\/publicacoes-oficiais\/declaracao-negativa-realizacao-de-despesa-para-enfrentamento-a-pandemia-de-covid-19-central-de-convenios-na-secretaria-de-saude-municipio-de-sao-caetano-do-sul-caps-2\/\">DECLARA\u00c7\u00c3O NEGATIVA REALIZA\u00c7\u00c3O DE DESPESA PARA ENFRENTAMENTO A PANDEMIA DE COVID \u2013 19 \u2013 CENTRAL DE CONV\u00caNIOS NA SECRETARIA DE SA\u00daDE \u2013 MUNIC\u00cdPIO DE S\u00c3O CAETANO DO SUL \u2013 CAPS<\/a><\/p>\n\n\n\n<p><a href=\"https:\/\/fuabc.org.br\/publicacoes-oficiais\/declaracao-negativa-realizacao-de-despesa-para-enfrentamento-a-pandemia-de-covid-19-central-de-convenios-na-secretaria-de-saude-municipio-de-sao-caetano-do-sul-dst-aid-2\/\">DECLARA\u00c7\u00c3O NEGATIVA REALIZA\u00c7\u00c3O DE DESPESA PARA ENFRENTAMENTO A PANDEMIA DE COVID \u2013 19 \u2013 CENTRAL DE CONV\u00caNIOS NA SECRETARIA DE SA\u00daDE \u2013 MUNIC\u00cdPIO DE S\u00c3O CAETANO DO SUL \u2013 DST\/AIDS<\/a><\/p>\n\n\n\n<p>19\/08\/2020<\/p>\n\n\n\n<p><a href=\"https:\/\/fuabc.org.br\/publicacoes-oficiais\/declaracao-negativa-realizacao-de-despesa-para-enfrentamento-a-pandemia-de-covid-19-central-de-convenios-na-secretaria-de-saude-municipio-de-sao-caetano-do-sul-caps\/\">DECLARA\u00c7\u00c3O NEGATIVA REALIZA\u00c7\u00c3O DE DESPESA PARA ENFRENTAMENTO A PANDEMIA DE COVID \u2013 19 \u2013 CENTRAL DE CONV\u00caNIOS NA SECRETARIA DE SA\u00daDE \u2013 MUNIC\u00cdPIO DE S\u00c3O CAETANO DO SUL \u2013 CAPS<\/a><\/p>\n\n\n\n<p><a href=\"https:\/\/fuabc.org.br\/publicacoes-oficiais\/declaracao-negativa-realizacao-de-despesa-para-enfrentamento-a-pandemia-de-covid-19-central-de-convenios-na-secretaria-de-saude-municipio-de-sao-caetano-do-sul-dst-aid\/\">DECLARA\u00c7\u00c3O NEGATIVA REALIZA\u00c7\u00c3O DE DESPESA PARA ENFRENTAMENTO A PANDEMIA DE COVID \u2013 19 \u2013 CENTRAL DE CONV\u00caNIOS NA SECRETARIA DE SA\u00daDE \u2013 MUNIC\u00cdPIO DE S\u00c3O CAETANO DO SUL \u2013 DST\/AIDS<\/a><\/p>\n\n\n\n<p>12\/08\/2020<\/p>\n\n\n\n<p><a href=\"https:\/\/fuabc.org.br\/publicacoes-oficiais\/declaracao-negativa-realizacao-de-despesa-para-enfrentamento-a-pandemia-de-covid-19-central-de-convenios-na-secretaria-de-saude-municipio-de-sao-caetano-do-sul-2\/\">DECLARA\u00c7\u00c3O NEGATIVA REALIZA\u00c7\u00c3O DE DESPESA PARA ENFRENTAMENTO A PANDEMIA DE COVID \u2013 19 \u2013 CENTRAL DE CONV\u00caNIOS NA SECRETARIA DE SA\u00daDE \u2013 MUNIC\u00cdPIO DE S\u00c3O CAETANO DO SUL<\/a><\/p>\n\n\n\n<p>05\/08\/2020<\/p>\n\n\n\n<p><a href=\"https:\/\/fuabc.org.br\/publicacoes-oficiais\/declaracao-negativa-realizacao-de-despesa-para-enfrentamento-a-pandemia-de-covid-19-central-de-convenios-na-secretaria-de-saude-municipio-de-sao-caetano-do-sul\/\">DECLARA\u00c7\u00c3O NEGATIVA REALIZA\u00c7\u00c3O DE DESPESA PARA ENFRENTAMENTO A PANDEMIA DE COVID \u2013 19 \u2013 CENTRAL DE CONV\u00caNIOS NA SECRETARIA DE SA\u00daDE \u2013 MUNIC\u00cdPIO DE S\u00c3O CAETANO DO SUL<\/a><\/p>\n\n\n\n<p>29\/07\/2020<\/p>\n\n\n\n<p><a href=\"https:\/\/fuabc.org.br\/publicacoes-oficiais\/declaracao-negativa-realizacao-de-despesa-para-enfrentamento-a-pandemia-de-covid-19-fuabc-central-de-convenios-na-secretaria-de-saude-municipio-de-sao-caetano-do-sul\/\">DECLARA\u00c7\u00c3O NEGATIVA REALIZA\u00c7\u00c3O DE DESPESA PARA ENFRENTAMENTO A PANDEMIA DE COVID \u2013 19 \u2013 FUABC \u2013 CENTRAL DE CONV\u00caNIOS NA SECRETARIA DE SA\u00daDE \u2013 MUNIC\u00cdPIO DE S\u00c3O CAETANO DO SUL<\/a><\/p>\n","protected":false},"excerpt":{"rendered":"<p>RECEITAS 30\/09\/2020 DECLARA\u00c7\u00c3O NEGATIVA DE RECEBIMENTO DE RECEITA PARA ENFRENTAMENTO A PANDEMIA DE COVID \u2013 19 \u2013 CENTRAL DE CONV\u00caNIOS NA SECRETARIA DE SA\u00daDE \u2013 MUNIC\u00cdPIO DE S\u00c3O CAETANO DO SUL \u2013 CAPS DECLARA\u00c7\u00c3O NEGATIVA DE RECEBIMENTO DE RECEITA PARA ENFRENTAMENTO A PANDEMIA DE COVID \u2013 19 \u2013 CENTRAL DE CONV\u00caNIOS NA SECRETARIA DE SA\u00daDE \u2013 MUNIC\u00cdPIO DE S\u00c3O CAETANO DO SUL \u2013 DST\/AIDS 24\/09\/2020 DECLARA\u00c7\u00c3O NEGATIVA DE RECEBIMENTO DE RECEITA PARA ENFRENTAMENTO A PANDEMIA DE COVID \u2013 19 \u2013 CENTRAL DE CONV\u00caNIOS NA SECRETARIA DE SA\u00daDE \u2013 MUNIC\u00cdPIO DE S\u00c3O CAETANO DO SUL \u2013 CAPS DECLARA\u00c7\u00c3O NEGATIVA DE RECEBIMENTO DE RECEITA PARA ENFRENTAMENTO A PANDEMIA DE COVID \u2013 19 \u2013 CENTRAL DE CONV\u00caNIOS NA SECRETARIA DE SA\u00daDE \u2013 MUNIC\u00cdPIO DE S\u00c3O CAETANO DO SUL \u2013 DST\/AIDS 17\/09\/2020 DECLARA\u00c7\u00c3O NEGATIVA DE RECEBIMENTO DE RECEITA PARA ENFRENTAMENTO A PANDEMIA DE COVID-19 A FUNDA\u00c7\u00c3O ABC \u2013 CENTRAL DE CONV\u00caNIOS NA SECRETARIA DE [&hellip;]<\/p>\n","protected":false},"author":1,"featured_media":0,"parent":0,"menu_order":0,"comment_status":"closed","ping_status":"closed","template":"template-portal.php","meta":{"_acf_changed":false,"footnotes":""},"class_list":["post-4075","page","type-page","status-publish","hentry"],"acf":[],"_links":{"self":[{"href":"https:\/\/fuabc.org.br\/portaldatransparencia\/wp-json\/wp\/v2\/pages\/4075","targetHints":{"allow":["GET"]}}],"collection":[{"href":"https:\/\/fuabc.org.br\/portaldatransparencia\/wp-json\/wp\/v2\/pages"}],"about":[{"href":"https:\/\/fuabc.org.br\/portaldatransparencia\/wp-json\/wp\/v2\/types\/page"}],"author":[{"embeddable":true,"href":"https:\/\/fuabc.org.br\/portaldatransparencia\/wp-json\/wp\/v2\/users\/1"}],"replies":[{"embeddable":true,"href":"https:\/\/fuabc.org.br\/portaldatransparencia\/wp-json\/wp\/v2\/comments?post=4075"}],"version-history":[{"count":17,"href":"https:\/\/fuabc.org.br\/portaldatransparencia\/wp-json\/wp\/v2\/pages\/4075\/revisions"}],"predecessor-version":[{"id":5512,"href":"https:\/\/fuabc.org.br\/portaldatransparencia\/wp-json\/wp\/v2\/pages\/4075\/revisions\/5512"}],"wp:attachment":[{"href":"https:\/\/fuabc.org.br\/portaldatransparencia\/wp-json\/wp\/v2\/media?parent=4075"}],"curies":[{"name":"wp","href":"https:\/\/api.w.org\/{rel}","templated":true}]}}