{"id":4084,"date":"2020-06-25T17:13:56","date_gmt":"2020-06-25T17:13:56","guid":{"rendered":"https:\/\/fuabc.org.br\/portaldatransparencia\/?page_id=4084"},"modified":"2021-08-03T15:29:03","modified_gmt":"2021-08-03T15:29:03","slug":"covid-19-20-santo-andre-ii","status":"publish","type":"page","link":"https:\/\/fuabc.org.br\/portaldatransparencia\/covid-19-20-santo-andre-ii\/","title":{"rendered":"Covid-19 | 20 | Santo Andr\u00e9 II (encerrado)"},"content":{"rendered":"\n<h2 class=\"wp-block-heading\">RECEITAS<\/h2>\n\n\n\n<p>05\/11\/2020<\/p>\n\n\n\n<p><a href=\"https:\/\/fuabc.org.br\/publicacoes-oficiais\/receita-recebida-para-enfrentamento-a-covid-19-fuabc-central-de-convenios-prefeitura-de-santo-andre-secretaria-municipal-de-saude-8\/\">RECEITA RECEBIDA PARA ENFRENTAMENTO A COVID-19 \u2013 FUABC \u2013 CENTRAL DE CONV\u00caNIOS \u2013 PREFEITURA DE SANTO ANDR\u00c9 \u2013 SECRETARIA MUNICIPAL DE SA\u00daDE<\/a><\/p>\n\n\n\n<p>26\/08\/2020<\/p>\n\n\n\n<p><a href=\"https:\/\/fuabc.org.br\/publicacoes-oficiais\/receita-recebida-para-enfrentamento-a-covid-19-fuabc-central-de-convenios-prefeitura-de-santo-andre-secretaria-municipal-de-saude-2\/\">RECEITA RECEBIDA PARA ENFRENTAMENTO A COVID-19 \u2013 FUABC \u2013 CENTRAL DE CONV\u00caNIOS \u2013PREFEITURA DE SANTO ANDR\u00c9 \u2013 SECRETARIA MUNICIPAL DE SA\u00daDE<\/a><\/p>\n\n\n\n<p>21\/08\/2020<\/p>\n\n\n\n<p><a href=\"https:\/\/fuabc.org.br\/publicacoes-oficiais\/24821\/\">RECEITA RECEBIDA PARA ENFRENTAMENTO A COVID-19 \u2013 FUABC \u2013 CENTRAL DE CONV\u00caNIOS \u2013PREFEITURA DE SANTO ANDR\u00c9 \u2013 SECRETARIA MUNICIPAL DE SA\u00daDE<\/a><\/p>\n\n\n\n<p>23\/07\/2020<\/p>\n\n\n\n<p><a href=\"https:\/\/fuabc.org.br\/publicacoes-oficiais\/receita-recebida-para-enfrentamento-a-covid-19-fuabc-central-de-convenios-prefeitura-de-santo-andre-secretaria-municipal-de-saude\/\">RECEITA RECEBIDA PARA ENFRENTAMENTO A COVID-19 \u2013 FUABC \u2013 CENTRAL DE CONV\u00caNIOS \u2013PREFEITURA DE SANTO ANDR\u00c9 \u2013 SECRETARIA MUNICIPAL DE SA\u00daDE<\/a><\/p>\n\n\n\n<div style=\"height:20px\" aria-hidden=\"true\" class=\"wp-block-spacer\"><\/div>\n\n\n\n<hr class=\"wp-block-separator\"\/>\n\n\n\n<div style=\"height:20px\" aria-hidden=\"true\" class=\"wp-block-spacer\"><\/div>\n\n\n\n<h2 class=\"wp-block-heading\">DESPESAS<\/h2>\n\n\n\n<p>01\/10\/2020<\/p>\n\n\n\n<p><a href=\"https:\/\/fuabc.org.br\/publicacoes-oficiais\/transparencia-fuabc-secretaria-de-saude-de-santo-andre-processo-382-20-confeccao-e-instalacao-de-adesivos-de-identificacao-do-hospital-de-campanha-para-os-pacientes-cov\/\">TRANSPAR\u00caNCIA \u2013 FUABC \u2013 SECRETARIA DE SA\u00daDE DE SANTO ANDR\u00c9 \u2013 PROCESSO 382\/20 \u2013 CONFEC\u00c7\u00c3O E INSTALA\u00c7\u00c3O DE ADESIVOS DE IDENTIFICA\u00c7\u00c3O DO HOSPITAL DE CAMPANHA PARA OS PACIENTES COVID-19<\/a><\/p>\n\n\n\n<p><a href=\"https:\/\/fuabc.org.br\/publicacoes-oficiais\/transparencia-fuabc-secretaria-de-saude-de-santo-andre-processo-sa0435-20-contratacao-de-empresa-especializada-em-confeccao-e-instalacao-de-placas-de-identificacao-para\/\">TRANSPAR\u00caNCIA \u2013 FUABC \u2013 SECRETARIA DE SA\u00daDE DE SANTO ANDR\u00c9 \u2013 PROCESSO SA0435\/20 \u2013 CONTRATA\u00c7\u00c3O DE EMPRESA ESPECIALIZADA EM CONFEC\u00c7\u00c3O E INSTALA\u00c7\u00c3O DE PLACAS DE IDENTIFICA\u00c7\u00c3O PARA OS PACIENTES COVID-19<\/a><\/p>\n\n\n\n<p>24\/09\/2020<\/p>\n\n\n\n<p><a href=\"https:\/\/fuabc.org.br\/publicacoes-oficiais\/declaracao-negativa-realizacao-de-despesa-para-enfrentamento-a-pandemia-de-covid-municipio-de-santo-andre-2\/\">DECLARA\u00c7\u00c3O NEGATIVA REALIZA\u00c7\u00c3O DE DESPESA PARA ENFRENTAMENTO A PANDEMIA DE COVID \u2013 MUNIC\u00cdPIO DE SANTO ANDR\u00c9<\/a><\/p>\n\n\n\n<p>17\/09\/2020<\/p>\n\n\n\n<p><a href=\"https:\/\/fuabc.org.br\/publicacoes-oficiais\/declaracao-negativa-realizacao-de-despesa-para-enfrentamento-a-pandemia-de-covid-municipio-de-santo-andre\/\">DECLARA\u00c7\u00c3O NEGATIVA REALIZA\u00c7\u00c3O DE DESPESA PARA ENFRENTAMENTO A PANDEMIA DE COVID \u2013 MUNIC\u00cdPIO DE SANTO ANDR\u00c9<\/a><\/p>\n\n\n\n<p>05\/08\/2020<\/p>\n\n\n\n<p><a href=\"https:\/\/fuabc.org.br\/publicacoes-oficiais\/declaracao-negativa-realizacao-de-despesa-para-enfrentamento-a-pandedmia-de-covid-19-central-de-convenios-na-secretaria-de-saude-municipio-de-santo-andre\/\">DECLARA\u00c7\u00c3O NEGATIVA REALIZA\u00c7\u00c3O DE DESPESA PARA ENFRENTAMENTO A PANDEDMIA DE COVID-19 CENTRAL DE CONV\u00caNIOS NA SECRETARIA DE SA\u00daDE \u2013 MUNIC\u00cdPIO DE SANTO ANDR\u00c9<\/a><\/p>\n\n\n\n<p>28\/07\/2020<\/p>\n\n\n\n<p><a href=\"https:\/\/fuabc.org.br\/publicacoes-oficiais\/transparencia-fuabc-secretaria-de-saude-de-santo-andre-processo-390-20-aquisicao-de-tres-balcoes-para-o-chm-de-santo-andre-para-atendimento-dos-pacientes-covid-19\/\">TRANSPAR\u00caNCIA \u2013 FUABC \u2013 SECRETARIA DE SA\u00daDE DE SANTO ANDR\u00c9 \u2013 PROCESSO 390\/20 \u2013 AQUISI\u00c7\u00c3O DE TR\u00caS BALC\u00d5ES PARA O CHM DE SANTO ANDR\u00c9 PARA ATENDIMENTO DOS PACIENTES COVID-19<\/a><\/p>\n\n\n\n<p><a href=\"https:\/\/fuabc.org.br\/publicacoes-oficiais\/transparencia-fuabc-secretaria-de-saude-de-santo-andre-processo-332a-20-contratacao-de-empresa-especializada-em-plataforma-digital-e-tablets-de-alta-performance-com-int\/\">TRANSPAR\u00caNCIA \u2013 FUABC \u2013 SECRETARIA DE SA\u00daDE DE SANTO ANDR\u00c9 \u2013 PROCESSO 332A\/20 \u2013 CONTRATA\u00c7\u00c3O DE EMPRESA ESPECIALIZADA EM PLATAFORMA DIGITAL E TABLETS DE ALTA PERFORMANCE COM INTERNET M\u00d3VEL PARA CENTRAL DE VISITAS VIRTUAIS NOS HOSPITAIS DE CAMPANHA PARA OS PACIENTES COVID-19<\/a><\/p>\n\n\n\n<p><a href=\"https:\/\/fuabc.org.br\/publicacoes-oficiais\/transparencia-fuabc-secretaria-de-saude-de-santo-andre-processo-225-20-contratacao-de-empresa-especializada-em-gestao-integrada-de-leitos-hospitalares-uti-com-locacao\/\">TRANSPAR\u00caNCIA \u2013 FUABC \u2013 SECRETARIA DE SA\u00daDE DE SANTO ANDR\u00c9 \u2013 PROCESSO 225\/20 \u2013 CONTRATA\u00c7\u00c3O DE EMPRESA ESPECIALIZADA EM GEST\u00c3O INTEGRADA DE LEITOS HOSPITALARES (UTI) COM LOCA\u00c7\u00c3O DE EQUIPAMENTOS E MOBILI\u00c1RIOS, DISPONIBILIZA\u00c7\u00c3O DE INSUMOS E ACESS\u00d3RIOS PARA OS PACIENTES COVID-19<\/a><\/p>\n\n\n\n<p>10\/07\/2020<\/p>\n\n\n\n<p><a href=\"https:\/\/fuabc.org.br\/publicacoes-oficiais\/transparencia-fuabc-secretaria-de-saude-de-santo-andre-processo-sa0433-20-aquisicao-de-tubo-de-coleta-para-armazenamento-de-swab-de-falcon-e-swab-rayon-esteril-haste-pl\/\">TRANSPAR\u00caNCIA \u2013 FUABC \u2013 SECRETARIA DE SA\u00daDE DE SANTO ANDR\u00c9 \u2013 PROCESSO SA0433\/20 \u2013 AQUISI\u00c7\u00c3O DE TUBO DE COLETA PARA ARMAZENAMENTO DE SWAB DE FALCON E SWAB RAYON ESTERIL HASTE PLASTICA PARA ATENDIMENTO AOS PACIENTES COVID-19<\/a><\/p>\n\n\n\n<p><a href=\"https:\/\/fuabc.org.br\/publicacoes-oficiais\/transparencia-fuabc-secretaria-de-saude-de-santo-andre-processo-416-20-aquisicao-de-umidificadores-e-ventiladores-pulmonar-para-o-hospital-de-campanha-de-santo-andre-pa\/\">TRANSPAR\u00caNCIA \u2013 FUABC \u2013 SECRETARIA DE SA\u00daDE DE SANTO ANDR\u00c9 \u2013 PROCESSO 416\/20 \u2013 AQUISI\u00c7\u00c3O DE UMIDIFICADORES E VENTILADORES PULMONAR PARA O HOSPITAL DE CAMPANHA DE SANTO ANDR\u00c9 PARA ATENDIMENTO AOS PACIENTES COVID-19<\/a><\/p>\n\n\n\n<p><a href=\"https:\/\/fuabc.org.br\/publicacoes-oficiais\/transparencia-fuabc-secretaria-de-saude-de-santo-andre-processo-415-20-aquisicao-de-equipamento-de-informatica-para-hospital-de-campanha-de-santo-andre-para-atendimento\/\">TRANSPAR\u00caNCIA \u2013 FUABC \u2013 SECRETARIA DE SA\u00daDE DE SANTO ANDR\u00c9 \u2013 PROCESSO 415\/20 \u2013 AQUISI\u00c7\u00c3O DE EQUIPAMENTO DE INFORM\u00c1TICA PARA HOSPITAL DE CAMPANHA DE SANTO ANDR\u00c9 PARA ATENDIMENTO AOS PACIENTES COVID-19<\/a><\/p>\n\n\n\n<p><a href=\"https:\/\/fuabc.org.br\/publicacoes-oficiais\/transparencia-fuabc-secretaria-de-saude-de-santo-andre-processo-414-20-aquisicao-de-cabos-de-redes-e-conectores-rj45-furukawa-atendimento-aos-pacientes-covid-19\/\">TRANSPAR\u00caNCIA \u2013 FUABC \u2013 SECRETARIA DE SA\u00daDE DE SANTO ANDR\u00c9 \u2013 PROCESSO 414\/20 \u2013 AQUISI\u00c7\u00c3O DE CABOS DE REDES E CONECTORES RJ45 FURUKAWA ATENDIMENTO AOS PACIENTES COVID-19<\/a><\/p>\n\n\n\n<p><a href=\"https:\/\/fuabc.org.br\/publicacoes-oficiais\/transparencia-fuabc-secretaria-de-saude-de-santo-andre-processo-406-20-aquisicao-de-mascara-reutilizavel-para-atendimento-aos-pacientes-covid-19\/\">TRANSPAR\u00caNCIA \u2013 FUABC \u2013 SECRETARIA DE SA\u00daDE DE SANTO ANDR\u00c9 \u2013 PROCESSO 406\/20 \u2013 AQUISI\u00c7\u00c3O DE M\u00c1SCARA REUTILIZ\u00c1VEL PARA ATENDIMENTO AOS PACIENTES COVID-19<\/a><\/p>\n\n\n\n<p><a href=\"https:\/\/fuabc.org.br\/publicacoes-oficiais\/transparencia-fuabc-secretaria-de-saude-de-santo-andre-processo-399-20-aquisicao-de-avental-descartavel-m-longa-para-atendimento-aos-pacientes-covid19\/\">TRANSPAR\u00caNCIA \u2013 FUABC \u2013 SECRETARIA DE SA\u00daDE DE SANTO ANDR\u00c9 \u2013 PROCESSO 399\/20 \u2013 AQUISI\u00c7\u00c3O DE AVENTAL DESCART\u00c1VEL M\/LONGA PARA ATENDIMENTO AOS PACIENTES COVID19<\/a><\/p>\n\n\n\n<p><a href=\"https:\/\/fuabc.org.br\/publicacoes-oficiais\/transparencia-fuabc-secretaria-de-saude-de-santo-andre-processo-384-20-contratacao-de-empresa-especializada-em-servicos-de-exames-laboratoriais-para-atendimento-aos-pac\/\">TRANSPAR\u00caNCIA \u2013 FUABC \u2013 SECRETARIA DE SA\u00daDE DE SANTO ANDR\u00c9 \u2013 PROCESSO 384\/20 \u2013 CONTRATA\u00c7\u00c3O DE EMPRESA ESPECIALIZADA EM SERVI\u00c7OS DE EXAMES LABORATORIAIS PARA ATENDIMENTO AOS PACIENTES COVID-19<\/a><\/p>\n\n\n\n<p><a href=\"https:\/\/fuabc.org.br\/publicacoes-oficiais\/transparencia-fuabc-secretaria-de-saude-de-santo-andre-processo-381-20-aquisicao-de-luva-de-procedimento-para-os-pacientes-covid-19\/\">TRANSPAR\u00caNCIA \u2013 FUABC \u2013 SECRETARIA DE SA\u00daDE DE SANTO ANDR\u00c9 \u2013 PROCESSO 381\/20 \u2013 AQUISI\u00c7\u00c3O DE LUVA DE PROCEDIMENTO PARA OS PACIENTES COVID-19<\/a><\/p>\n\n\n\n<p><a href=\"https:\/\/fuabc.org.br\/publicacoes-oficiais\/transparencia-fuabc-secretaria-de-saude-de-santo-andre-processo-357a-20-aquisicao-de-espacador-para-aerossol-com-mascara-pequena-encaixe-universal-para-os-pacientes-c\/\">TRANSPAR\u00caNCIA \u2013 FUABC \u2013 SECRETARIA DE SA\u00daDE DE SANTO ANDR\u00c9 \u2013 PROCESSO 357A\/20 \u2013 AQUISI\u00c7\u00c3O DE ESPA\u00c7ADOR PARA AEROSSOL COM MASCARA PEQUENA (ENCAIXE UNIVERSAL) PARA OS PACIENTES COVID-19<\/a><\/p>\n\n\n\n<p><a href=\"https:\/\/fuabc.org.br\/publicacoes-oficiais\/transparencia-fuabc-secretaria-de-saude-de-santo-andre-processo-356a-20-aquisicao-de-mascara-cirurgica-descartavel-para-os-pacientes-covid-19\/\">TRANSPAR\u00caNCIA \u2013 FUABC \u2013 SECRETARIA DE SA\u00daDE DE SANTO ANDR\u00c9 \u2013 PROCESSO 356A\/20 \u2013 AQUISI\u00c7\u00c3O DE M\u00c1SCARA CIR\u00daRGICA DESCART\u00c1VEL PARA OS PACIENTES COVID-19<\/a><\/p>\n\n\n\n<p><a href=\"https:\/\/fuabc.org.br\/publicacoes-oficiais\/transparencia-fuabc-secretaria-de-saude-de-santo-andre-processo-351-20-aquisicao-de-mascaras-cirurgicas-descartaveis-para-os-pacientes-covid-19\/\">TRANSPAR\u00caNCIA \u2013 FUABC \u2013 SECRETARIA DE SA\u00daDE DE SANTO ANDR\u00c9 \u2013 PROCESSO 351\/20 \u2013 AQUISI\u00c7\u00c3O DE M\u00c1SCARAS CIRURGICAS DESCART\u00c1VEIS PARA OS PACIENTES COVID-19<\/a><\/p>\n\n\n\n<p><a href=\"https:\/\/fuabc.org.br\/publicacoes-oficiais\/transparencia-fuabc-secretaria-de-saude-de-santo-andre-processo-333-20-aquisicao-de-equipamentos-e-moveis-para-o-hospital-de-campanha-para-os-pacientes-covid-19\/\">TRANSPAR\u00caNCIA \u2013 FUABC \u2013 SECRETARIA DE SA\u00daDE DE SANTO ANDR\u00c9 \u2013 PROCESSO 333\/20 \u2013 AQUISI\u00c7\u00c3O DE EQUIPAMENTOS E M\u00d3VEIS PARA O HOSPITAL DE CAMPANHA PARA OS PACIENTES COVID-19<\/a><\/p>\n\n\n\n<p><a href=\"https:\/\/fuabc.org.br\/publicacoes-oficiais\/transparencia-fuabc-secretaria-de-saude-de-santo-andre-processo-331a-20-contratacao-de-empresa-especializada-em-servicos-de-refeitorio-para-os-hospitais-de-campanha-par\/\">TRANSPAR\u00caNCIA \u2013 FUABC \u2013 SECRETARIA DE SA\u00daDE DE SANTO ANDR\u00c9 \u2013 PROCESSO 331A\/20 \u2013 CONTRATA\u00c7\u00c3O DE EMPRESA ESPECIALIZADA EM SERVI\u00c7OS DE REFEITORIO PARA OS HOSPITAIS DE CAMPANHA PARA ATENDIMENTO AOS PACIENTES COVID-19<\/a><\/p>\n\n\n\n<p><a href=\"https:\/\/fuabc.org.br\/publicacoes-oficiais\/transparencia-fuabc-secretaria-de-saude-de-santo-andre-processo-325-20-aquisicao-de-material-medico-hospitalar-mascara-cirurgica-descartavel-para-os-pacientes-covid\/\">TRANSPAR\u00caNCIA \u2013 FUABC \u2013 SECRETARIA DE SA\u00daDE DE SANTO ANDR\u00c9 \u2013 PROCESSO 325\/20 \u2013 AQUISI\u00c7\u00c3O DE MATERIAL M\u00c9DICO HOSPITALAR \u2013 MASCARA CIR\u00daRGICA DESCART\u00c1VEL PARA OS PACIENTES COVID-19<\/a><\/p>\n\n\n\n<p><a href=\"https:\/\/fuabc.org.br\/publicacoes-oficiais\/transparencia-fuabc-secretaria-de-saude-de-santo-andre-processo-322-20-contratacao-de-empresa-especializada-em-placas-e-sinalizacao-para-os-hospitais-de-campanha-para-o\/\">TRANSPAR\u00caNCIA \u2013 FUABC \u2013 SECRETARIA DE SA\u00daDE DE SANTO ANDR\u00c9 \u2013 PROCESSO 322\/20 \u2013 CONTRATA\u00c7\u00c3O DE EMPRESA ESPECIALIZADA EM PLACAS E SINALIZA\u00c7\u00c3O PARA OS HOSPITAIS DE CAMPANHA PARA OS PACIENTES COVID-19<\/a><\/p>\n\n\n\n<p><a href=\"https:\/\/fuabc.org.br\/publicacoes-oficiais\/transparencia-fuabc-secretaria-de-saude-de-santo-andre-processo-318a-20-contratacao-de-empresa-especializada-servico-tecnico-hospitalar-para-os-pacientes-covid-19\/\">TRANSPAR\u00caNCIA \u2013 FUABC \u2013 SECRETARIA DE SA\u00daDE DE SANTO ANDR\u00c9 \u2013 PROCESSO 318A\/20 \u2013 CONTRATA\u00c7\u00c3O DE EMPRESA ESPECIALIZADA SERVI\u00c7O T\u00c9CNICO HOSPITALAR PARA OS PACIENTES COVID-19<\/a><\/p>\n\n\n\n<p><a href=\"https:\/\/fuabc.org.br\/publicacoes-oficiais\/transparencia-fuabc-secretaria-de-saude-de-santo-andre-processo-296a-20-contratacao-de-empresa-especializada-em-servicos-de-exames-laboratoriais-para-atendimento-aos-pa\/\">TRANSPAR\u00caNCIA \u2013 FUABC \u2013 SECRETARIA DE SA\u00daDE DE SANTO ANDR\u00c9 \u2013 PROCESSO 296A\/20 \u2013 CONTRATA\u00c7\u00c3O DE EMPRESA ESPECIALIZADA EM SERVI\u00c7OS DE EXAMES LABORATORIAIS PARA ATENDIMENTO AOS PACIENTES COVID-19.<\/a><\/p>\n\n\n\n<p><a href=\"https:\/\/fuabc.org.br\/publicacoes-oficiais\/transparencia-fuabc-secretaria-de-saude-de-santo-andre-processo-289-20-contratacao-de-empresa-especializada-em-locacao-de-equipamentos-hospitalares-para-os-pacientes-co\/\">TRANSPAR\u00caNCIA \u2013 FUABC \u2013 SECRETARIA DE SA\u00daDE DE SANTO ANDR\u00c9 \u2013 PROCESSO 289\/20 \u2013 CONTRATA\u00c7\u00c3O DE EMPRESA ESPECIALIZADA EM LOCACAO DE EQUIPAMENTOS HOSPITALARES PARA OS PACIENTES COVID-19<\/a><\/p>\n","protected":false},"excerpt":{"rendered":"<p>RECEITAS 05\/11\/2020 RECEITA RECEBIDA PARA ENFRENTAMENTO A COVID-19 \u2013 FUABC \u2013 CENTRAL DE CONV\u00caNIOS \u2013 PREFEITURA DE SANTO ANDR\u00c9 \u2013 SECRETARIA MUNICIPAL DE SA\u00daDE 26\/08\/2020 RECEITA RECEBIDA PARA ENFRENTAMENTO A COVID-19 \u2013 FUABC \u2013 CENTRAL DE CONV\u00caNIOS \u2013PREFEITURA DE SANTO ANDR\u00c9 \u2013 SECRETARIA MUNICIPAL DE SA\u00daDE 21\/08\/2020 RECEITA RECEBIDA PARA ENFRENTAMENTO A COVID-19 \u2013 FUABC \u2013 CENTRAL DE CONV\u00caNIOS \u2013PREFEITURA DE SANTO ANDR\u00c9 \u2013 SECRETARIA MUNICIPAL DE SA\u00daDE 23\/07\/2020 RECEITA RECEBIDA PARA ENFRENTAMENTO A COVID-19 \u2013 FUABC \u2013 CENTRAL DE CONV\u00caNIOS \u2013PREFEITURA DE SANTO ANDR\u00c9 \u2013 SECRETARIA MUNICIPAL DE SA\u00daDE DESPESAS 01\/10\/2020 TRANSPAR\u00caNCIA \u2013 FUABC \u2013 SECRETARIA DE SA\u00daDE DE SANTO ANDR\u00c9 \u2013 PROCESSO 382\/20 \u2013 CONFEC\u00c7\u00c3O E INSTALA\u00c7\u00c3O DE ADESIVOS DE IDENTIFICA\u00c7\u00c3O DO HOSPITAL DE CAMPANHA PARA OS PACIENTES COVID-19 TRANSPAR\u00caNCIA \u2013 FUABC \u2013 SECRETARIA DE SA\u00daDE DE SANTO ANDR\u00c9 \u2013 PROCESSO SA0435\/20 \u2013 CONTRATA\u00c7\u00c3O DE EMPRESA ESPECIALIZADA EM CONFEC\u00c7\u00c3O E INSTALA\u00c7\u00c3O DE PLACAS DE IDENTIFICA\u00c7\u00c3O PARA OS PACIENTES [&hellip;]<\/p>\n","protected":false},"author":1,"featured_media":0,"parent":0,"menu_order":0,"comment_status":"closed","ping_status":"closed","template":"template-portal.php","meta":{"_acf_changed":false,"footnotes":""},"class_list":["post-4084","page","type-page","status-publish","hentry"],"acf":[],"_links":{"self":[{"href":"https:\/\/fuabc.org.br\/portaldatransparencia\/wp-json\/wp\/v2\/pages\/4084","targetHints":{"allow":["GET"]}}],"collection":[{"href":"https:\/\/fuabc.org.br\/portaldatransparencia\/wp-json\/wp\/v2\/pages"}],"about":[{"href":"https:\/\/fuabc.org.br\/portaldatransparencia\/wp-json\/wp\/v2\/types\/page"}],"author":[{"embeddable":true,"href":"https:\/\/fuabc.org.br\/portaldatransparencia\/wp-json\/wp\/v2\/users\/1"}],"replies":[{"embeddable":true,"href":"https:\/\/fuabc.org.br\/portaldatransparencia\/wp-json\/wp\/v2\/comments?post=4084"}],"version-history":[{"count":27,"href":"https:\/\/fuabc.org.br\/portaldatransparencia\/wp-json\/wp\/v2\/pages\/4084\/revisions"}],"predecessor-version":[{"id":8978,"href":"https:\/\/fuabc.org.br\/portaldatransparencia\/wp-json\/wp\/v2\/pages\/4084\/revisions\/8978"}],"wp:attachment":[{"href":"https:\/\/fuabc.org.br\/portaldatransparencia\/wp-json\/wp\/v2\/media?parent=4084"}],"curies":[{"name":"wp","href":"https:\/\/api.w.org\/{rel}","templated":true}]}}