{"id":4086,"date":"2020-06-25T17:14:36","date_gmt":"2020-06-25T17:14:36","guid":{"rendered":"https:\/\/fuabc.org.br\/portaldatransparencia\/?page_id=4086"},"modified":"2020-10-14T19:32:09","modified_gmt":"2020-10-14T19:32:09","slug":"covid-19-23-itatiba","status":"publish","type":"page","link":"https:\/\/fuabc.org.br\/portaldatransparencia\/covid-19-23-itatiba\/","title":{"rendered":"Covid-19 | 23 | Itatiba"},"content":{"rendered":"\n<h2 class=\"wp-block-heading\">RECEITAS<\/h2>\n\n\n\n<p>26\/08\/2020<\/p>\n\n\n\n<p><a href=\"https:\/\/fuabc.org.br\/publicacoes-oficiais\/declaracao-negativa-de-recebimento-de-receita-para-enfrentamento-a-pandemia-de-covid-19-a-fundacao-abc-central-de-convenios-na-secretaria-de-saude-municipio-de-itatiba-3\/\">DECLARA\u00c7\u00c3O NEGATIVA DE RECEBIMENTO DE RECEITA PARA ENFRENTAMENTO A PANDEMIA DE COVID-19 \u2013 A FUNDA\u00c7\u00c3O ABC \u2013 CENTRAL DE CONV\u00caNIOS NA SECRETARIA DE SA\u00daDE \u2013 MUNIC\u00cdPIO DE ITATIBA<\/a><\/p>\n\n\n\n<p>19\/08\/2020<\/p>\n\n\n\n<p><a href=\"https:\/\/fuabc.org.br\/publicacoes-oficiais\/declaracao-negativa-de-recebimento-de-receita-para-enfrentamento-a-pandemia-de-covid-19-a-fundacao-abc-central-de-convenios-na-secretaria-de-saude-municipio-de-itatiba-2\/\">DECLARA\u00c7\u00c3O NEGATIVA DE RECEBIMENTO DE RECEITA PARA ENFRENTAMENTO A PANDEMIA DE COVID-19 \u2013 A FUNDA\u00c7\u00c3O ABC \u2013 CENTRAL DE CONV\u00caNIOS NA SECRETARIA DE SA\u00daDE \u2013 MUNIC\u00cdPIO DE ITATIBA.<\/a><\/p>\n\n\n\n<p>12\/08\/2020<\/p>\n\n\n\n<p><a href=\"https:\/\/fuabc.org.br\/publicacoes-oficiais\/declaracao-negativa-de-recebimento-de-receita-para-enfrentamento-a-pandemia-de-covid-19-central-de-convenios-na-secretaria-de-saude-municipio-de-itatiba-2\/\">DECLARA\u00c7\u00c3O NEGATIVA DE RECEBIMENTO DE RECEITA PARA ENFRENTAMENTO A PANDEMIA DE COVID-19 \u2013 CENTRAL DE CONV\u00caNIOS NA SECRETARIA DE SA\u00daDE \u2013 MUNIC\u00cdPIO DE ITATIBA<\/a><\/p>\n\n\n\n<p>05\/08\/2020<\/p>\n\n\n\n<p><a href=\"https:\/\/fuabc.org.br\/publicacoes-oficiais\/declaracao-negativa-de-recebimento-de-receita-para-enfrentamento-a-pandemia-de-covid-19-central-de-convenios-na-secretaria-de-saude-municipio-de-itatiba\/\">DECLARA\u00c7\u00c3O NEGATIVA DE RECEBIMENTO DE RECEITA PARA ENFRENTAMENTO A PANDEMIA DE COVID-19 \u2013 CENTRAL DE CONV\u00caNIOS NA SECRETARIA DE SA\u00daDE \u2013 MUNIC\u00cdPIO DE ITATIBA<\/a><\/p>\n\n\n\n<p>29\/07\/2020<\/p>\n\n\n\n<p><a href=\"https:\/\/fuabc.org.br\/publicacoes-oficiais\/declaracao-negativa-de-recebimento-de-receita-para-enfrentamento-a-pandemia-de-covid-19-a-fundacao-abc-central-de-convenios-na-secretaria-de-saude-municipio-de-itatiba\/\">DECLARA\u00c7\u00c3O NEGATIVA DE RECEBIMENTO DE RECEITA PARA ENFRENTAMENTO A PANDEMIA DE COVID-19 A FUNDA\u00c7\u00c3O ABC \u2013 CENTRAL DE CONV\u00caNIOS NA SECRETARIA DE SA\u00daDE \u2013 MUNIC\u00cdPIO DE ITATIBA<\/a><\/p>\n\n\n\n<div style=\"height:20px\" aria-hidden=\"true\" class=\"wp-block-spacer\"><\/div>\n\n\n\n<hr class=\"wp-block-separator\"\/>\n\n\n\n<div style=\"height:20px\" aria-hidden=\"true\" class=\"wp-block-spacer\"><\/div>\n\n\n\n<h2 class=\"wp-block-heading\">DESPESAS<\/h2>\n\n\n\n<p>24\/09\/2020<\/p>\n\n\n\n<p><a href=\"https:\/\/fuabc.org.br\/publicacoes-oficiais\/declaracao-negativa-realizacao-de-despesa-para-enfrentamento-a-pandedmia-de-covid-19-central-de-convenios-na-secretaria-de-saude-municipio-de-itatiba-7\/\">DECLARA\u00c7\u00c3O NEGATIVA REALIZA\u00c7\u00c3O DE DESPESA PARA ENFRENTAMENTO A PANDEDMIA DE COVID-19 \u2013 CENTRAL DE CONV\u00caNIOS NA SECRETARIA DE SA\u00daDE \u2013 MUNIC\u00cdPIO DE ITATIBA<\/a><\/p>\n\n\n\n<p>17\/09\/2020<\/p>\n\n\n\n<p><a href=\"https:\/\/fuabc.org.br\/publicacoes-oficiais\/declaracao-negativa-realizacao-de-despesa-para-enfrentamento-a-pandedmia-de-covid-19-central-de-convenios-na-secretaria-de-saude-municipio-de-itatiba-6\/\">DECLARA\u00c7\u00c3O NEGATIVA REALIZA\u00c7\u00c3O DE DESPESA PARA ENFRENTAMENTO A PANDEDMIA DE COVID-19 \u2013 CENTRAL DE CONV\u00caNIOS NA SECRETARIA DE SA\u00daDE \u2013 MUNIC\u00cdPIO DE ITATIBA<\/a><\/p>\n\n\n\n<p>10\/09\/2020<\/p>\n\n\n\n<p><a href=\"https:\/\/fuabc.org.br\/publicacoes-oficiais\/declaracao-negativa-realizacao-de-despesa-para-enfrentamento-a-pandedmia-de-covid-19-central-de-convenios-na-secretaria-de-saude-municipio-de-itatiba-5\/\">DECLARA\u00c7\u00c3O NEGATIVA REALIZA\u00c7\u00c3O DE DESPESA PARA ENFRENTAMENTO A PANDEDMIA DE COVID-19 \u2013 CENTRAL DE CONV\u00caNIOS NA SECRETARIA DE SA\u00daDE \u2013 MUNIC\u00cdPIO DE ITATIBA<\/a><\/p>\n\n\n\n<p>26\/08\/2020<\/p>\n\n\n\n<p><a href=\"https:\/\/fuabc.org.br\/publicacoes-oficiais\/declaracao-negativa-realizacao-de-despesa-para-enfrentamento-a-pandedmia-de-covid-19-central-de-convenios-na-secretaria-de-saude-municipio-de-itatiba-4\/\">DECLARA\u00c7\u00c3O NEGATIVA REALIZA\u00c7\u00c3O DE DESPESA PARA ENFRENTAMENTO A PANDEDMIA DE COVID-19 \u2013 CENTRAL DE CONV\u00caNIOS NA SECRETARIA DE SA\u00daDE \u2013 MUNIC\u00cdPIO DE ITATIBA<\/a><\/p>\n\n\n\n<p>19\/08\/2020<\/p>\n\n\n\n<p><a href=\"https:\/\/fuabc.org.br\/publicacoes-oficiais\/declaracao-negativa-realizacao-de-despesa-para-enfrentamento-a-pandedmia-de-covid-19-central-de-convenios-na-secretaria-de-saude-municipio-de-itatiba-3\/\">DECLARA\u00c7\u00c3O NEGATIVA REALIZA\u00c7\u00c3O DE DESPESA PARA ENFRENTAMENTO A PANDEDMIA DE COVID-19 \u2013 CENTRAL DE CONV\u00caNIOS NA SECRETARIA DE SA\u00daDE \u2013 MUNIC\u00cdPIO DE ITATIBA<\/a><\/p>\n\n\n\n<p>12\/08\/2020<\/p>\n\n\n\n<p><a href=\"https:\/\/fuabc.org.br\/publicacoes-oficiais\/declaracao-negativa-realizacao-de-despesa-para-enfrentamento-a-pandedmia-de-covid-19-central-de-convenios-na-secretaria-de-saude-municipio-de-itatiba-2\/\">DECLARA\u00c7\u00c3O NEGATIVA REALIZA\u00c7\u00c3O DE DESPESA PARA ENFRENTAMENTO A PANDEDMIA DE COVID-19 \u2013 CENTRAL DE CONV\u00caNIOS NA SECRETARIA DE SA\u00daDE \u2013 MUNIC\u00cdPIO DE ITATIBA<\/a><\/p>\n\n\n\n<p>05\/08\/2020<\/p>\n\n\n\n<p><a href=\"https:\/\/fuabc.org.br\/publicacoes-oficiais\/declaracao-negativa-realizacao-de-despesa-para-enfrentamento-a-pandedmia-de-covid-19-central-de-convenios-na-secretaria-de-saude-municipio-de-itatiba\/\">DECLARA\u00c7\u00c3O NEGATIVA REALIZA\u00c7\u00c3O DE DESPESA PARA ENFRENTAMENTO A PANDEDMIA DE COVID-19 \u2013 CENTRAL DE CONV\u00caNIOS NA SECRETARIA DE SA\u00daDE \u2013 MUNIC\u00cdPIO DE ITATIBA<\/a><\/p>\n\n\n\n<p>29\/07\/2020<\/p>\n\n\n\n<p><a href=\"https:\/\/fuabc.org.br\/publicacoes-oficiais\/declaracao-negativa-realizacao-de-despesa-para-enfrentamento-a-pandemia-de-covid-19-fuabc-central-de-convenios-na-secretaria-de-saude-municipio-de-itatiba\/\">DECLARA\u00c7\u00c3O NEGATIVA REALIZA\u00c7\u00c3O DE DESPESA PARA ENFRENTAMENTO A PANDEMIA DE COVID \u2013 19 \u2013 FUABC \u2013 CENTRAL DE CONV\u00caNIOS NA SECRETARIA DE SA\u00daDE \u2013 MUNIC\u00cdPIO DE ITATIBA<\/a><\/p>\n\n\n\n<p>10\/07\/2020<\/p>\n\n\n\n<p><a href=\"https:\/\/fuabc.org.br\/publicacoes-oficiais\/transparencia-fuabc-atencao-basica-estrategia-de-saude-da-familia-municipio-de-itatiba-processo-i0012-20-compra-de-material-medico-para-os-pacientes\/\">TRANSPAR\u00caNCIA \u2013 FUABC \u2013 ATEN\u00c7\u00c3O B\u00c1SICA \u2013 ESTRAT\u00c9GIA DE SA\u00daDE DA FAM\u00cdLIA \u2013 MUNIC\u00cdPIO DE ITATIBA \u2013 PROCESSO I0012\/20 \u2013 COMPRA DE MATERIAL M\u00c9DICO PARA OS PACIENTES COVID-19.<\/a><\/p>\n\n\n\n<p><a href=\"https:\/\/fuabc.org.br\/publicacoes-oficiais\/transparencia-fuabc-atencao-basica-estrategia-de-saude-da-familia-municipio-de-itatiba-processo-i0007-20-compra-emergencial-de-material-medico-para\/\">TRANSPAR\u00caNCIA \u2013 FUABC \u2013 ATEN\u00c7\u00c3O B\u00c1SICA \u2013 ESTRAT\u00c9GIA DE SA\u00daDE DA FAM\u00cdLIA \u2013 MUNIC\u00cdPIO DE ITATIBA \u2013 PROCESSO I0007\/20 \u2013 COMPRA EMERGENCIAL DE MATERIAL M\u00c9DICO PARA OS PACIENTES COVID-19.<\/a><\/p>\n","protected":false},"excerpt":{"rendered":"<p>RECEITAS 26\/08\/2020 DECLARA\u00c7\u00c3O NEGATIVA DE RECEBIMENTO DE RECEITA PARA ENFRENTAMENTO A PANDEMIA DE COVID-19 \u2013 A FUNDA\u00c7\u00c3O ABC \u2013 CENTRAL DE CONV\u00caNIOS NA SECRETARIA DE SA\u00daDE \u2013 MUNIC\u00cdPIO DE ITATIBA 19\/08\/2020 DECLARA\u00c7\u00c3O NEGATIVA DE RECEBIMENTO DE RECEITA PARA ENFRENTAMENTO A PANDEMIA DE COVID-19 \u2013 A FUNDA\u00c7\u00c3O ABC \u2013 CENTRAL DE CONV\u00caNIOS NA SECRETARIA DE SA\u00daDE \u2013 MUNIC\u00cdPIO DE ITATIBA. 12\/08\/2020 DECLARA\u00c7\u00c3O NEGATIVA DE RECEBIMENTO DE RECEITA PARA ENFRENTAMENTO A PANDEMIA DE COVID-19 \u2013 CENTRAL DE CONV\u00caNIOS NA SECRETARIA DE SA\u00daDE \u2013 MUNIC\u00cdPIO DE ITATIBA 05\/08\/2020 DECLARA\u00c7\u00c3O NEGATIVA DE RECEBIMENTO DE RECEITA PARA ENFRENTAMENTO A PANDEMIA DE COVID-19 \u2013 CENTRAL DE CONV\u00caNIOS NA SECRETARIA DE SA\u00daDE \u2013 MUNIC\u00cdPIO DE ITATIBA 29\/07\/2020 DECLARA\u00c7\u00c3O NEGATIVA DE RECEBIMENTO DE RECEITA PARA ENFRENTAMENTO A PANDEMIA DE COVID-19 A FUNDA\u00c7\u00c3O ABC \u2013 CENTRAL DE CONV\u00caNIOS NA SECRETARIA DE SA\u00daDE \u2013 MUNIC\u00cdPIO DE ITATIBA DESPESAS 24\/09\/2020 DECLARA\u00c7\u00c3O NEGATIVA REALIZA\u00c7\u00c3O DE DESPESA PARA ENFRENTAMENTO A PANDEDMIA DE COVID-19 [&hellip;]<\/p>\n","protected":false},"author":1,"featured_media":0,"parent":0,"menu_order":0,"comment_status":"closed","ping_status":"closed","template":"template-portal.php","meta":{"_acf_changed":false,"footnotes":""},"class_list":["post-4086","page","type-page","status-publish","hentry"],"acf":[],"_links":{"self":[{"href":"https:\/\/fuabc.org.br\/portaldatransparencia\/wp-json\/wp\/v2\/pages\/4086","targetHints":{"allow":["GET"]}}],"collection":[{"href":"https:\/\/fuabc.org.br\/portaldatransparencia\/wp-json\/wp\/v2\/pages"}],"about":[{"href":"https:\/\/fuabc.org.br\/portaldatransparencia\/wp-json\/wp\/v2\/types\/page"}],"author":[{"embeddable":true,"href":"https:\/\/fuabc.org.br\/portaldatransparencia\/wp-json\/wp\/v2\/users\/1"}],"replies":[{"embeddable":true,"href":"https:\/\/fuabc.org.br\/portaldatransparencia\/wp-json\/wp\/v2\/comments?post=4086"}],"version-history":[{"count":16,"href":"https:\/\/fuabc.org.br\/portaldatransparencia\/wp-json\/wp\/v2\/pages\/4086\/revisions"}],"predecessor-version":[{"id":5661,"href":"https:\/\/fuabc.org.br\/portaldatransparencia\/wp-json\/wp\/v2\/pages\/4086\/revisions\/5661"}],"wp:attachment":[{"href":"https:\/\/fuabc.org.br\/portaldatransparencia\/wp-json\/wp\/v2\/media?parent=4086"}],"curies":[{"name":"wp","href":"https:\/\/api.w.org\/{rel}","templated":true}]}}