{"id":4090,"date":"2020-06-25T17:15:55","date_gmt":"2020-06-25T17:15:55","guid":{"rendered":"https:\/\/fuabc.org.br\/portaldatransparencia\/?page_id=4090"},"modified":"2021-06-01T18:41:15","modified_gmt":"2021-06-01T18:41:15","slug":"covid-19-25-mogi-das-cruzes-jardim-universo-jundiapeba","status":"publish","type":"page","link":"https:\/\/fuabc.org.br\/portaldatransparencia\/covid-19-25-mogi-das-cruzes-jardim-universo-jundiapeba\/","title":{"rendered":"Covid-19 | 25 | Mogi das Cruzes \u2013 Jardim Universo\/Jundiapeba"},"content":{"rendered":"\n<h2 class=\"wp-block-heading\">RECEITAS<\/h2>\n\n\n\n<p><\/p>\n\n\n\n<p>01\/06\/2021<\/p>\n\n\n\n<p><a href=\"https:\/\/fuabc.org.br\/publicacoes-oficiais\/receita-recebida-para-enfrentamento-de-covid-19-central-de-convenios-na-secretaria-de-saude-municipio-de-mogi-das-cruzes-unidade-pronto-atendimento-jundiapeba-e-jd-universo-8\/\">RECEITA RECEBIDA PARA ENFRENTAMENTO DE COVID-19 \u2013 CENTRAL DE CONV\u00caNIOS NA SECRETARIA DE SA\u00daDE \u2013 MUNIC\u00cdPIO DE MOGI DAS CRUZES UNIDADE PRONTO ATENDIMENTO JUNDIAPEBA E JD. UNIVERSO<\/a><\/p>\n\n\n\n<p>26\/04\/2021<\/p>\n\n\n\n<p><a href=\"https:\/\/fuabc.org.br\/publicacoes-oficiais\/receita-recebida-para-enfrentamento-de-covid-19-central-de-convenios-na-secretaria-de-saude-municipio-de-mogi-das-cruzes-unidade-pronto-atendimento-jundiapeba-e-jd-universo-7\/\">RECEITA RECEBIDA PARA ENFRENTAMENTO DE COVID-19 \u2013 CENTRAL DE CONV\u00caNIOS NA SECRETARIA DE SA\u00daDE \u2013 MUNIC\u00cdPIO DE MOGI DAS CRUZES UNIDADE PRONTO ATENDIMENTO JUNDIAPEBA E JD. UNIVERSO<\/a><\/p>\n\n\n\n<p>04\/03\/2021<\/p>\n\n\n\n<p><a href=\"https:\/\/fuabc.org.br\/publicacoes-oficiais\/receita-recebida-para-enfrentamento-de-covid-19-central-de-convenios-na-secretaria-de-saude-municipio-de-mogi-das-cruzes-unidade-pronto-atendimento-jundiapeba-e-jd-universo-6\/\">RECEITA RECEBIDA PARA ENFRENTAMENTO DE COVID-19 \u2013 CENTRAL DE CONV\u00caNIOS NA SECRETARIA DE SA\u00daDE \u2013 MUNIC\u00cdPIO DE MOGI DAS CRUZES UNIDADE PRONTO ATENDIMENTO JUNDIAPEBA E JD. UNIVERSO<\/a><\/p>\n\n\n\n<p>28\/01\/2021<\/p>\n\n\n\n<p><a href=\"https:\/\/fuabc.org.br\/publicacoes-oficiais\/receita-recebida-para-enfrentamento-de-covid-19-central-de-convenios-na-secretaria-de-saude-municipio-de-mogi-das-cruzes-unidade-pronto-atendimento-jundiapeba-e-jd-universo-5\/\">RECEITA RECEBIDA PARA ENFRENTAMENTO DE COVID-19 \u2013 CENTRAL DE CONV\u00caNIOS NA SECRETARIA DE SA\u00daDE \u2013 MUNIC\u00cdPIO DE MOGI DAS CRUZES UNIDADE PRONTO ATENDIMENTO JUNDIAPEBA E JD. UNIVERSO<\/a><\/p>\n\n\n\n<p>18\/12\/2020<\/p>\n\n\n\n<p><a href=\"https:\/\/fuabc.org.br\/publicacoes-oficiais\/receita-recebida-para-enfrentamento-de-covid-19-central-de-convenios-na-secretaria-de-saude-municipio-de-mogi-das-cruzes-unidade-pronto-atendimento-jundiapeba-e-jd-universo-4\/\">RECEITA RECEBIDA PARA ENFRENTAMENTO DE COVID-19 \u2013 CENTRAL DE CONV\u00caNIOS NA SECRETARIA DE SA\u00daDE \u2013 MUNIC\u00cdPIO DE MOGI DAS CRUZES UNIDADE PRONTO ATENDIMENTO JUNDIAPEBA E JD. UNIVERSO<\/a><\/p>\n\n\n\n<p>13\/11\/2020<\/p>\n\n\n\n<p><a href=\"https:\/\/fuabc.org.br\/publicacoes-oficiais\/receita-recebida-para-enfrentamento-de-covid-19-central-de-convenios-na-secretaria-de-saude-municipio-de-mogi-das-cruzes-unidade-pronto-atendimento-jundiapeba-e-jd-universo-3\/\">RECEITA RECEBIDA PARA ENFRENTAMENTO DE COVID-19 \u2013 CENTRAL DE CONV\u00caNIOS NA SECRETARIA DE SA\u00daDE \u2013 MUNIC\u00cdPIO DE MOGI DAS CRUZES UNIDADE PRONTO ATENDIMENTO JUNDIAPEBA E JD. UNIVERSO<\/a><\/p>\n\n\n\n<p>15\/10\/2020<\/p>\n\n\n\n<p><a href=\"https:\/\/fuabc.org.br\/publicacoes-oficiais\/receita-recebida-para-enfrentamento-de-covid-19-central-de-convenios-na-secretaria-de-saude-municipio-de-mogi-das-cruzes-unidade-pronto-atendimento-jundiapeba-e-jd-universo-2\/\">RECEITA RECEBIDA PARA ENFRENTAMENTO DE COVID-19 \u2013 CENTRAL DE CONV\u00caNIOS NA SECRETARIA DE SA\u00daDE \u2013 MUNIC\u00cdPIO DE MOGI DAS CRUZES UNIDADE PRONTO ATENDIMENTO JUNDIAPEBA E JD. UNIVERSO<\/a><\/p>\n\n\n\n<p>26\/08\/2020<\/p>\n\n\n\n<p><a href=\"https:\/\/fuabc.org.br\/publicacoes-oficiais\/declaracao-negativa-de-recebimento-de-receita-para-enfrentamento-a-pandemia-de-covid-19-central-de-convenios-na-secretaria-de-saude-municipio-de-mogi-das-cruzes-2\/\">DECLARA\u00c7\u00c3O NEGATIVA DE RECEBIMENTO DE RECEITA PARA ENFRENTAMENTO A PANDEMIA DE COVID-19 \u2013 CENTRAL DE CONV\u00caNIOS NA SECRETARIA DE SA\u00daDE \u2013 MUNIC\u00cdPIO DE MOGI DAS CRUZES<\/a><\/p>\n\n\n\n<p>25\/08\/2020<\/p>\n\n\n\n<p><a href=\"https:\/\/fuabc.org.br\/publicacoes-oficiais\/receita-recebida-para-enfrentamento-de-covid-19-central-de-convenios-na-secretaria-de-saude-municipio-de-mogi-das-cruzes-unidade-pronto-atendimento-jundiapeba-e-jd-universo\/\">RECEITA RECEBIDA PARA ENFRENTAMENTO DE COVID-19 \u2013 CENTRAL DE CONV\u00caNIOS NA SECRETARIA DE SA\u00daDE \u2013 MUNIC\u00cdPIO DE MOGI DAS CRUZES UNIDADE PRONTO ATENDIMENTO JUNDIAPEBA E JD. UNIVERSO<\/a><\/p>\n\n\n\n<p>13\/08\/2020<\/p>\n\n\n\n<p><a href=\"https:\/\/fuabc.org.br\/publicacoes-oficiais\/declaracao-negativa-de-recebimento-de-receita-para-enfrentamento-a-pandemia-de-covid-19-central-de-convenios-na-secretaria-de-saude-municipio-de-mogi-das-cruzes\/\">DECLARA\u00c7\u00c3O NEGATIVA DE RECEBIMENTO DE RECEITA PARA ENFRENTAMENTO A PANDEMIA DE COVID-19 \u2013 CENTRAL DE CONV\u00caNIOS NA SECRETARIA DE SA\u00daDE \u2013 MUNIC\u00cdPIO DE MOGI DAS CRUZES<\/a><\/p>\n\n\n\n<p>29\/07\/2020<\/p>\n\n\n\n<p><a href=\"https:\/\/fuabc.org.br\/publicacoes-oficiais\/declaracao-negativa-de-recebimento-de-receita-para-enfrentamento-a-pandemia-de-covid-19-a-fundacao-abc-central-de-convenios-na-secretaria-de-saude-municipio-de-mogi-das-cruzes\/\">DECLARA\u00c7\u00c3O NEGATIVA DE RECEBIMENTO DE RECEITA PARA ENFRENTAMENTO A PANDEMIA DE COVID-19 A FUNDA\u00c7\u00c3O ABC \u2013 CENTRAL DE CONV\u00caNIOS NA SECRETARIA DE SA\u00daDE \u2013 MUNIC\u00cdPIO DE MOGI DAS CRUZES<\/a><\/p>\n\n\n\n<div style=\"height:20px\" aria-hidden=\"true\" class=\"wp-block-spacer\"><\/div>\n\n\n\n<hr class=\"wp-block-separator\"\/>\n\n\n\n<div style=\"height:20px\" aria-hidden=\"true\" class=\"wp-block-spacer\"><\/div>\n\n\n\n<h2 class=\"wp-block-heading\">DESPESAS<\/h2>\n\n\n\n<p><\/p>\n\n\n\n<p>17\/09\/2020<\/p>\n\n\n\n<p><a href=\"https:\/\/fuabc.org.br\/publicacoes-oficiais\/declaracao-negativa-realizacao-de-despesa-para-enfrentamento-a-pandemia-de-covid-19-a-fundacao-abc-central-de-convenios-na-secretaria-de-saude-municipio-de-mogi-das-cruzes-2\/\">DECLARA\u00c7\u00c3O NEGATIVA REALIZA\u00c7\u00c3O DE DESPESA PARA ENFRENTAMENTO A PANDEMIA DE COVID-19 \u2013 A FUNDA\u00c7\u00c3O ABC \u2013 CENTRAL DE CONV\u00caNIOS NA SECRETARIA DE SA\u00daDE \u2013 MUNIC\u00cdPIO DE MOGI DAS CRUZES<\/a><\/p>\n\n\n\n<p>10\/09\/2020<\/p>\n\n\n\n<p><a href=\"https:\/\/fuabc.org.br\/publicacoes-oficiais\/declaracao-negativa-realizacao-de-despesa-para-enfrentamento-a-pandemia-de-covid-19-a-fundacao-abc-central-de-convenios-na-secretaria-de-saude-municipio-de-mogi-das-cruzes\/\">DECLARA\u00c7\u00c3O NEGATIVA REALIZA\u00c7\u00c3O DE DESPESA PARA ENFRENTAMENTO A PANDEMIA DE COVID-19 \u2013 A FUNDA\u00c7\u00c3O ABC \u2013 CENTRAL DE CONV\u00caNIOS NA SECRETARIA DE SA\u00daDE \u2013 MUNIC\u00cdPIO DE MOGI DAS CRUZES<\/a><\/p>\n\n\n\n<p>10\/07\/2020<\/p>\n\n\n\n<p><a href=\"https:\/\/fuabc.org.br\/publicacoes-oficiais\/transparencia-fuabc-secretaria-municipal-de-saude-de-mogi-das-cruzes-unidade-pronto-atendimento-jundiapeba-processo-mcpa0058-20-compra-emergencial-de-material-medico\/\">TRANSPAR\u00caNCIA \u2013 FUABC \u2013 SECRETARIA MUNICIPAL DE SA\u00daDE DE MOGI DAS CRUZES \u2013 UNIDADE PRONTO ATENDIMENTO JUNDIAPEBA \u2013 PROCESSO MCPA0058\/20 \u2013 COMPRA EMERGENCIAL DE MATERIAL M\u00c9DICO HOSPITALAR PARA ATENDIMENTO AOS PACIENTES COVID-19.<\/a><\/p>\n\n\n\n<p><a href=\"https:\/\/fuabc.org.br\/publicacoes-oficiais\/transparencia-fuabc-secretaria-municipal-de-saude-de-mogi-das-cruzes-unidade-pronto-atendimento-jundiapeba-processo-mcpa0056a-20-compra-emergencial-de-material-medico\/\">TRANSPAR\u00caNCIA \u2013 FUABC \u2013 SECRETARIA MUNICIPAL DE SA\u00daDE DE MOGI DAS CRUZES \u2013 UNIDADE PRONTO ATENDIMENTO JUNDIAPEBA \u2013 PROCESSO MCPA0056A\/20 \u2013 COMPRA EMERGENCIAL DE MATERIAL M\u00c9DICO HOSPITALAR PARA ATENDIMENTO AOS PACIENTES COVID-19.<\/a><\/p>\n\n\n\n<p><a href=\"https:\/\/fuabc.org.br\/publicacoes-oficiais\/transparencia-fuabc-secretaria-municipal-de-saude-de-mogi-das-cruzes-unidade-pronto-atendimento-jundiapeba-processo-mcpa0054-20-compra-emergencial-de-material-medico\/\">TRANSPAR\u00caNCIA \u2013 FUABC \u2013 SECRETARIA MUNICIPAL DE SA\u00daDE DE MOGI DAS CRUZES \u2013 UNIDADE PRONTO ATENDIMENTO JUNDIAPEBA \u2013 PROCESSO MCPA0054\/20 \u2013 COMPRA EMERGENCIAL DE MATERIAL M\u00c9DICO HOSPITALAR PARA ATENDIMENTO DE PACIENTES COVID-19.<\/a><\/p>\n\n\n\n<p><a href=\"https:\/\/fuabc.org.br\/publicacoes-oficiais\/transparencia-fuabc-secretaria-municipal-de-saude-de-mogi-das-cruzes-unidade-pronto-atendimento-jundiapeba-processo-mcpa0052-20-compra-de-equipamentos-de-protecao-indi\/\">TRANSPAR\u00caNCIA \u2013 FUABC \u2013 SECRETARIA MUNICIPAL DE SA\u00daDE DE MOGI DAS CRUZES \u2013 UNIDADE PRONTO ATENDIMENTO JUNDIAPEBA \u2013 PROCESSO MCPA0052\/20- COMPRA DE EQUIPAMENTOS DE PROTE\u00c7\u00c3O INDIVIDUAL PARA ATENDIMENTO AOS PACIENTES COVID-19.<\/a><\/p>\n\n\n\n<p><a href=\"https:\/\/fuabc.org.br\/publicacoes-oficiais\/transparencia-fuabc-secretaria-municipal-de-saude-de-mogi-das-cruzes-unidade-pronto-atendimento-jundiapeba-processo-mcpa0036-20-compra-emergencial-de-equipamentos-de-p\/\">TRANSPAR\u00caNCIA \u2013 FUABC \u2013 SECRETARIA MUNICIPAL DE SA\u00daDE DE MOGI DAS CRUZES \u2013 UNIDADE PRONTO ATENDIMENTO JUNDIAPEBA \u2013 PROCESSO MCPA0036\/20- COMPRA EMERGENCIAL DE EQUIPAMENTOS DE PROTE\u00c7\u00c3O INDIVIDUAL PARA ATENDIMENTO AOS PACIENTES COVID-19.<\/a><\/p>\n","protected":false},"excerpt":{"rendered":"<p>RECEITAS 01\/06\/2021 RECEITA RECEBIDA PARA ENFRENTAMENTO DE COVID-19 \u2013 CENTRAL DE CONV\u00caNIOS NA SECRETARIA DE SA\u00daDE \u2013 MUNIC\u00cdPIO DE MOGI DAS CRUZES UNIDADE PRONTO ATENDIMENTO JUNDIAPEBA E JD. UNIVERSO 26\/04\/2021 RECEITA RECEBIDA PARA ENFRENTAMENTO DE COVID-19 \u2013 CENTRAL DE CONV\u00caNIOS NA SECRETARIA DE SA\u00daDE \u2013 MUNIC\u00cdPIO DE MOGI DAS CRUZES UNIDADE PRONTO ATENDIMENTO JUNDIAPEBA E JD. UNIVERSO 04\/03\/2021 RECEITA RECEBIDA PARA ENFRENTAMENTO DE COVID-19 \u2013 CENTRAL DE CONV\u00caNIOS NA SECRETARIA DE SA\u00daDE \u2013 MUNIC\u00cdPIO DE MOGI DAS CRUZES UNIDADE PRONTO ATENDIMENTO JUNDIAPEBA E JD. UNIVERSO 28\/01\/2021 RECEITA RECEBIDA PARA ENFRENTAMENTO DE COVID-19 \u2013 CENTRAL DE CONV\u00caNIOS NA SECRETARIA DE SA\u00daDE \u2013 MUNIC\u00cdPIO DE MOGI DAS CRUZES UNIDADE PRONTO ATENDIMENTO JUNDIAPEBA E JD. UNIVERSO 18\/12\/2020 RECEITA RECEBIDA PARA ENFRENTAMENTO DE COVID-19 \u2013 CENTRAL DE CONV\u00caNIOS NA SECRETARIA DE SA\u00daDE \u2013 MUNIC\u00cdPIO DE MOGI DAS CRUZES UNIDADE PRONTO ATENDIMENTO JUNDIAPEBA E JD. UNIVERSO 13\/11\/2020 RECEITA RECEBIDA PARA ENFRENTAMENTO DE COVID-19 \u2013 CENTRAL [&hellip;]<\/p>\n","protected":false},"author":1,"featured_media":0,"parent":0,"menu_order":0,"comment_status":"closed","ping_status":"closed","template":"template-portal.php","meta":{"_acf_changed":false,"footnotes":""},"class_list":["post-4090","page","type-page","status-publish","hentry"],"acf":[],"_links":{"self":[{"href":"https:\/\/fuabc.org.br\/portaldatransparencia\/wp-json\/wp\/v2\/pages\/4090","targetHints":{"allow":["GET"]}}],"collection":[{"href":"https:\/\/fuabc.org.br\/portaldatransparencia\/wp-json\/wp\/v2\/pages"}],"about":[{"href":"https:\/\/fuabc.org.br\/portaldatransparencia\/wp-json\/wp\/v2\/types\/page"}],"author":[{"embeddable":true,"href":"https:\/\/fuabc.org.br\/portaldatransparencia\/wp-json\/wp\/v2\/users\/1"}],"replies":[{"embeddable":true,"href":"https:\/\/fuabc.org.br\/portaldatransparencia\/wp-json\/wp\/v2\/comments?post=4090"}],"version-history":[{"count":12,"href":"https:\/\/fuabc.org.br\/portaldatransparencia\/wp-json\/wp\/v2\/pages\/4090\/revisions"}],"predecessor-version":[{"id":8061,"href":"https:\/\/fuabc.org.br\/portaldatransparencia\/wp-json\/wp\/v2\/pages\/4090\/revisions\/8061"}],"wp:attachment":[{"href":"https:\/\/fuabc.org.br\/portaldatransparencia\/wp-json\/wp\/v2\/media?parent=4090"}],"curies":[{"name":"wp","href":"https:\/\/api.w.org\/{rel}","templated":true}]}}