{"id":4094,"date":"2020-06-25T17:17:00","date_gmt":"2020-06-25T17:17:00","guid":{"rendered":"https:\/\/fuabc.org.br\/portaldatransparencia\/?page_id=4094"},"modified":"2022-02-25T19:12:58","modified_gmt":"2022-02-25T19:12:58","slug":"covid-19-upa-rodeio-de-mogi-das-cruzes","status":"publish","type":"page","link":"https:\/\/fuabc.org.br\/portaldatransparencia\/covid-19-upa-rodeio-de-mogi-das-cruzes\/","title":{"rendered":"Covid-19 | UPA Rodeio de Mogi das Cruzes"},"content":{"rendered":"\n<h2 class=\"wp-block-heading\">RECEITAS<\/h2>\n\n\n\n<p>25\/02\/2022<\/p>\n\n\n\n<p><a href=\"https:\/\/fuabc.org.br\/publicacoes-oficiais\/declaracao-negativa-de-recebimento-de-receita-para-enfrentamento-a-pandemia-de-covid-19-a-fundacao-abc-central-de-convenios-na-secretaria-de-saude-municipio-de-mogi-das-cruzes-16\/\">DECLARA\u00c7\u00c3O NEGATIVA DE RECEBIMENTO DE RECEITA PARA ENFRENTAMENTO A PANDEMIA DE COVID-19 \u2013 A FUNDA\u00c7\u00c3O ABC \u2013 CENTRAL DE CONV\u00caNIOS NA SECRETARIA DE SA\u00daDE \u2013 MUNIC\u00cdPIO DE MOGI DAS CRUZES<\/a><\/p>\n\n\n\n<p>10\/11\/2021<\/p>\n\n\n\n<p><a href=\"https:\/\/fuabc.org.br\/publicacoes-oficiais\/declaracao-negativa-de-recebimento-de-receita-para-enfrentamento-a-pandemia-de-covid-19-a-fundacao-abc-central-de-convenios-na-secretaria-de-saude-municipio-de-mogi-das-cruzes-15\/\">DECLARA\u00c7\u00c3O NEGATIVA DE RECEBIMENTO DE RECEITA PARA ENFRENTAMENTO A PANDEMIA DE COVID-19 \u2013 A FUNDA\u00c7\u00c3O ABC \u2013 CENTRAL DE CONV\u00caNIOS NA SECRETARIA DE SA\u00daDE \u2013 MUNIC\u00cdPIO DE MOGI DAS CRUZES<\/a><\/p>\n\n\n\n<p>08\/03\/2021<\/p>\n\n\n\n<p><a href=\"https:\/\/fuabc.org.br\/publicacoes-oficiais\/declaracao-negativa-de-recebimento-de-receita-para-enfrentamento-a-pandemia-de-covid-19-a-fundacao-abc-central-de-convenios-na-secretaria-de-saude-municipio-de-mogi-das-cruzes-14\/\">DECLARA\u00c7\u00c3O NEGATIVA DE RECEBIMENTO DE RECEITA PARA ENFRENTAMENTO A PANDEMIA DE COVID-19 \u2013 A FUNDA\u00c7\u00c3O ABC \u2013 CENTRAL DE CONV\u00caNIOS NA SECRETARIA DE SA\u00daDE \u2013 MUNIC\u00cdPIO DE MOGI DAS CRUZES<\/a><\/p>\n\n\n\n<p>02\/02\/2021<\/p>\n\n\n\n<p><a href=\"https:\/\/fuabc.org.br\/publicacoes-oficiais\/declaracao-negativa-de-recebimento-de-receita-para-enfrentamento-a-pandemia-de-covid-19-a-fundacao-abc-central-de-convenios-na-secretaria-de-saude-municipio-de-mogi-das-cruzes-13\/\">DECLARA\u00c7\u00c3O NEGATIVA DE RECEBIMENTO DE RECEITA PARA ENFRENTAMENTO A PANDEMIA DE COVID-19 \u2013 A FUNDA\u00c7\u00c3O ABC \u2013 CENTRAL DE CONV\u00caNIOS NA SECRETARIA DE SA\u00daDE \u2013 MUNIC\u00cdPIO DE MOGI DAS CRUZES<\/a><\/p>\n\n\n\n<p>08\/01\/2021<\/p>\n\n\n\n<p><a href=\"https:\/\/fuabc.org.br\/publicacoes-oficiais\/declaracao-negativa-de-recebimento-de-receita-para-enfrentamento-a-pandemia-de-covid-19-a-fundacao-abc-central-de-convenios-na-secretaria-de-saude-municipio-de-mogi-das-cruzes-12\/\">DECLARA\u00c7\u00c3O NEGATIVA DE RECEBIMENTO DE RECEITA PARA ENFRENTAMENTO A PANDEMIA DE COVID-19 \u2013 A FUNDA\u00c7\u00c3O ABC \u2013 CENTRAL DE CONV\u00caNIOS NA SECRETARIA DE SA\u00daDE \u2013 MUNIC\u00cdPIO DE MOGI DAS CRUZES<\/a><\/p>\n\n\n\n<p>04\/12\/2020<\/p>\n\n\n\n<p><a href=\"https:\/\/fuabc.org.br\/publicacoes-oficiais\/declaracao-negativa-de-recebimento-de-receita-para-enfrentamento-a-pandemia-de-covid-19-a-fundacao-abc-central-de-convenios-na-secretaria-de-saude-municipio-de-mogi-das-cruzes-11\/\">DECLARA\u00c7\u00c3O NEGATIVA DE RECEBIMENTO DE RECEITA PARA ENFRENTAMENTO A PANDEMIA DE COVID-19 \u2013 A FUNDA\u00c7\u00c3O ABC \u2013 CENTRAL DE CONV\u00caNIOS NA SECRETARIA DE SA\u00daDE \u2013 MUNIC\u00cdPIO DE MOGI DAS CRUZES<\/a><\/p>\n\n\n\n<p>04\/11\/2020<\/p>\n\n\n\n<p><a href=\"https:\/\/fuabc.org.br\/publicacoes-oficiais\/declaracao-negativa-de-recebimento-de-receita-para-enfrentamento-a-pandemia-de-covid-19-a-fundacao-abc-central-de-convenios-na-secretaria-de-saude-municipio-de-mogi-das-cruzes-10\/\">DECLARA\u00c7\u00c3O NEGATIVA DE RECEBIMENTO DE RECEITA PARA ENFRENTAMENTO A PANDEMIA DE COVID-19 \u2013 A FUNDA\u00c7\u00c3O ABC \u2013 CENTRAL DE CONV\u00caNIOS NA SECRETARIA DE SA\u00daDE \u2013 MUNIC\u00cdPIO DE MOGI DAS CRUZES<\/a><\/p>\n\n\n\n<p>30\/09\/2020<\/p>\n\n\n\n<p><a href=\"https:\/\/fuabc.org.br\/publicacoes-oficiais\/declaracao-negativa-de-recebimento-de-receita-para-enfrentamento-a-pandemia-de-covid-19-a-fundacao-abc-central-de-convenios-na-secretaria-de-saude-municipio-de-mogi-das-cruzes-9\/\">DECLARA\u00c7\u00c3O NEGATIVA DE RECEBIMENTO DE RECEITA PARA ENFRENTAMENTO A PANDEMIA DE COVID-19 \u2013 A FUNDA\u00c7\u00c3O ABC \u2013 CENTRAL DE CONV\u00caNIOS NA SECRETARIA DE SA\u00daDE \u2013 MUNIC\u00cdPIO DE MOGI DAS CRUZES<\/a><\/p>\n\n\n\n<p>24\/09\/2020<\/p>\n\n\n\n<p><a href=\"https:\/\/fuabc.org.br\/publicacoes-oficiais\/declaracao-negativa-de-recebimento-de-receita-para-enfrentamento-a-pandemia-de-covid-19-a-fundacao-abc-central-de-convenios-na-secretaria-de-saude-municipio-de-mogi-das-cruzes-8\/\">DECLARA\u00c7\u00c3O NEGATIVA DE RECEBIMENTO DE RECEITA PARA ENFRENTAMENTO A PANDEMIA DE COVID-19 \u2013 A FUNDA\u00c7\u00c3O ABC \u2013 CENTRAL DE CONV\u00caNIOS NA SECRETARIA DE SA\u00daDE \u2013 MUNIC\u00cdPIO DE MOGI DAS CRUZES<\/a><\/p>\n\n\n\n<p>17\/09\/2020<\/p>\n\n\n\n<p><a href=\"https:\/\/fuabc.org.br\/publicacoes-oficiais\/declaracao-negativa-de-recebimento-de-receita-para-enfrentamento-a-pandemia-de-covid-19-a-fundacao-abc-central-de-convenios-na-secretaria-de-saude-municipio-de-mogi-das-cruzes-7\/\">DECLARA\u00c7\u00c3O NEGATIVA DE RECEBIMENTO DE RECEITA PARA ENFRENTAMENTO A PANDEMIA DE COVID-19 \u2013 A FUNDA\u00c7\u00c3O ABC \u2013 CENTRAL DE CONV\u00caNIOS NA SECRETARIA DE SA\u00daDE \u2013 MUNIC\u00cdPIO DE MOGI DAS CRUZES<\/a><\/p>\n\n\n\n<p>10\/09\/2020<\/p>\n\n\n\n<p><a href=\"https:\/\/fuabc.org.br\/publicacoes-oficiais\/declaracao-negativa-de-recebimento-de-receita-para-enfrentamento-a-pandemia-de-covid-19-a-fundacao-abc-central-de-convenios-na-secretaria-de-saude-municipio-de-mogi-das-cruzes-6\/\">DECLARA\u00c7\u00c3O NEGATIVA DE RECEBIMENTO DE RECEITA PARA ENFRENTAMENTO A PANDEMIA DE COVID-19 \u2013 A FUNDA\u00c7\u00c3O ABC \u2013 CENTRAL DE CONV\u00caNIOS NA SECRETARIA DE SA\u00daDE \u2013 MUNIC\u00cdPIO DE MOGI DAS CRUZES<\/a><\/p>\n\n\n\n<p>26\/08\/2020<\/p>\n\n\n\n<p><a href=\"https:\/\/fuabc.org.br\/publicacoes-oficiais\/declaracao-negativa-de-recebimento-de-receita-para-enfrentamento-a-pandemia-de-covid-19-a-fundacao-abc-central-de-convenios-na-secretaria-de-saude-municipio-de-mogi-das-cruzes-5\/\">DECLARA\u00c7\u00c3O NEGATIVA DE RECEBIMENTO DE RECEITA PARA ENFRENTAMENTO A PANDEMIA DE COVID-19 \u2013 A FUNDA\u00c7\u00c3O ABC \u2013 CENTRAL DE CONV\u00caNIOS NA SECRETARIA DE SA\u00daDE \u2013 MUNIC\u00cdPIO DE MOGI DAS CRUZES<\/a><\/p>\n\n\n\n<p>19\/08\/2020<\/p>\n\n\n\n<p><a href=\"https:\/\/fuabc.org.br\/publicacoes-oficiais\/declaracao-negativa-de-recebimento-de-receita-para-enfrentamento-a-pandemia-de-covid-19-a-fundacao-abc-central-de-convenios-na-secretaria-de-saude-municipio-de-mogi-das-cruzes-4\/\">DECLARA\u00c7\u00c3O NEGATIVA DE RECEBIMENTO DE RECEITA PARA ENFRENTAMENTO A PANDEMIA DE COVID-19 \u2013 A FUNDA\u00c7\u00c3O ABC \u2013 CENTRAL DE CONV\u00caNIOS NA SECRETARIA DE SA\u00daDE \u2013 MUNIC\u00cdPIO DE MOGI DAS CRUZES<\/a><\/p>\n\n\n\n<p>12\/08\/2020<\/p>\n\n\n\n<p><a href=\"https:\/\/fuabc.org.br\/publicacoes-oficiais\/declaracao-negativa-de-recebimento-de-receita-para-enfrentamento-a-pandemia-de-covid-19-a-fundacao-abc-central-de-convenios-na-secretaria-de-saude-municipio-de-mogi-das-cruzes-3\/\">DECLARA\u00c7\u00c3O NEGATIVA DE RECEBIMENTO DE RECEITA PARA ENFRENTAMENTO A PANDEMIA DE COVID-19 A FUNDA\u00c7\u00c3O ABC \u2013 CENTRAL DE CONV\u00caNIOS NA SECRETARIA DE SA\u00daDE \u2013 MUNIC\u00cdPIO DE MOGI DAS CRUZES<\/a><\/p>\n\n\n\n<p>29\/07\/2020<\/p>\n\n\n\n<p><a href=\"https:\/\/fuabc.org.br\/publicacoes-oficiais\/declaracao-negativa-de-recebimento-de-receita-para-enfrentamento-a-pandemia-de-covid-19-a-fundacao-abc-central-de-convenios-na-secretaria-de-saude-municipio-de-mogi-das-cruzes-2\/\">DECLARA\u00c7\u00c3O NEGATIVA DE RECEBIMENTO DE RECEITA PARA ENFRENTAMENTO A PANDEMIA DE COVID-19 A FUNDA\u00c7\u00c3O ABC \u2013 CENTRAL DE CONV\u00caNIOS NA SECRETARIA DE SA\u00daDE \u2013 MUNIC\u00cdPIO DE MOGI DAS CRUZES<\/a><\/p>\n\n\n\n<div style=\"height:20px\" aria-hidden=\"true\" class=\"wp-block-spacer\"><\/div>\n\n\n\n<hr class=\"wp-block-separator\"\/>\n\n\n\n<div style=\"height:20px\" aria-hidden=\"true\" class=\"wp-block-spacer\"><\/div>\n\n\n\n<h2 class=\"wp-block-heading\">DESPESAS<\/h2>\n\n\n\n<p><\/p>\n\n\n\n<p>08\/03\/2021<\/p>\n\n\n\n<p><a href=\"https:\/\/fuabc.org.br\/publicacoes-oficiais\/declaracao-negativa-de-realizacao-de-despesa-para-enfrentamento-a-pandemia-de-covid-19-a-fundacao-abc-central-de-convenios-na-secretaria-de-saude-municipio-de-mogi-das-cruzes-9\/\">DECLARA\u00c7\u00c3O NEGATIVA DE REALIZA\u00c7\u00c3O DE DESPESA PARA ENFRENTAMENTO A PANDEMIA DE COVID-19 \u2013 A FUNDA\u00c7\u00c3O ABC \u2013 CENTRAL DE CONV\u00caNIOS NA SECRETARIA DE SA\u00daDE \u2013 MUNIC\u00cdPIO DE MOGI DAS CRUZES<\/a><\/p>\n\n\n\n<p>02\/02\/2021<\/p>\n\n\n\n<p><a href=\"https:\/\/fuabc.org.br\/publicacoes-oficiais\/declaracao-negativa-de-realizacao-de-despesa-para-enfrentamento-a-pandemia-de-covid-19-a-fundacao-abc-central-de-convenios-na-secretaria-de-saude-municipio-de-mogi-das-cruzes-8\/\">DECLARA\u00c7\u00c3O NEGATIVA DE REALIZA\u00c7\u00c3O DE DESPESA PARA ENFRENTAMENTO A PANDEMIA DE COVID-19 \u2013 A FUNDA\u00c7\u00c3O ABC \u2013 CENTRAL DE CONV\u00caNIOS NA SECRETARIA DE SA\u00daDE \u2013 MUNIC\u00cdPIO DE MOGI DAS CRUZES<\/a><\/p>\n\n\n\n<p>08\/01\/2021<\/p>\n\n\n\n<p><a href=\"https:\/\/fuabc.org.br\/publicacoes-oficiais\/declaracao-negativa-de-realizacao-de-despesa-para-enfrentamento-a-pandemia-de-covid-19-a-fundacao-abc-central-de-convenios-na-secretaria-de-saude-municipio-de-mogi-das-cruzes-7\/\">DECLARA\u00c7\u00c3O NEGATIVA DE REALIZA\u00c7\u00c3O DE DESPESA PARA ENFRENTAMENTO A PANDEMIA DE COVID-19 \u2013 A FUNDA\u00c7\u00c3O ABC \u2013 CENTRAL DE CONV\u00caNIOS NA SECRETARIA DE SA\u00daDE \u2013 MUNIC\u00cdPIO DE MOGI DAS CRUZES<\/a><\/p>\n\n\n\n<p>04\/12\/2020<\/p>\n\n\n\n<p><a href=\"https:\/\/fuabc.org.br\/publicacoes-oficiais\/declaracao-negativa-de-realizacao-de-despesa-para-enfrentamento-a-pandemia-de-covid-19-a-fundacao-abc-central-de-convenios-na-secretaria-de-saude-municipio-de-mogi-das-cruzes-6\/\">DECLARA\u00c7\u00c3O NEGATIVA DE REALIZA\u00c7\u00c3O DE DESPESA PARA ENFRENTAMENTO A PANDEMIA DE COVID-19 \u2013 A FUNDA\u00c7\u00c3O ABC \u2013 CENTRAL DE CONV\u00caNIOS NA SECRETARIA DE SA\u00daDE \u2013 MUNIC\u00cdPIO DE MOGI DAS CRUZES<\/a><\/p>\n\n\n\n<p>04\/11\/2020<\/p>\n\n\n\n<p><a href=\"https:\/\/fuabc.org.br\/publicacoes-oficiais\/declaracao-negativa-de-realizacao-de-despesa-para-enfrentamento-a-pandemia-de-covid-19-a-fundacao-abc-central-de-convenios-na-secretaria-de-saude-municipio-de-mogi-das-cruzes-5\/\">DECLARA\u00c7\u00c3O NEGATIVA DE REALIZA\u00c7\u00c3O DE DESPESA PARA ENFRENTAMENTO A PANDEMIA DE COVID-19 \u2013 A FUNDA\u00c7\u00c3O ABC \u2013 CENTRAL DE CONV\u00caNIOS NA SECRETARIA DE SA\u00daDE \u2013 MUNIC\u00cdPIO DE MOGI DAS CRUZES<\/a><\/p>\n\n\n\n<p>30\/09\/2020<\/p>\n\n\n\n<p><a href=\"https:\/\/fuabc.org.br\/publicacoes-oficiais\/declaracao-negativa-de-realizacao-de-despesa-para-enfrentamento-a-pandemia-de-covid-19-a-fundacao-abc-central-de-convenios-na-secretaria-de-saude-municipio-de-mogi-das-cruzes-4\/\">DECLARA\u00c7\u00c3O NEGATIVA DE REALIZA\u00c7\u00c3O DE DESPESA PARA ENFRENTAMENTO A PANDEMIA DE COVID-19 \u2013 A FUNDA\u00c7\u00c3O ABC \u2013 CENTRAL DE CONV\u00caNIOS NA SECRETARIA DE SA\u00daDE \u2013 MUNIC\u00cdPIO DE MOGI DAS CRUZES<\/a><\/p>\n\n\n\n<p>24\/09\/2020<\/p>\n\n\n\n<p><a href=\"https:\/\/fuabc.org.br\/publicacoes-oficiais\/declaracao-negativa-de-realizacao-de-despesa-para-enfrentamento-a-pandemia-de-covid-19-a-fundacao-abc-central-de-convenios-na-secretaria-de-saude-municipio-de-mogi-das-cruzes-3\/\">DECLARA\u00c7\u00c3O NEGATIVA DE REALIZA\u00c7\u00c3O DE DESPESA PARA ENFRENTAMENTO A PANDEMIA DE COVID-19 \u2013 A FUNDA\u00c7\u00c3O ABC \u2013 CENTRAL DE CONV\u00caNIOS NA SECRETARIA DE SA\u00daDE \u2013 MUNIC\u00cdPIO DE MOGI DAS CRUZES<\/a><\/p>\n\n\n\n<p>17\/09\/2020<\/p>\n\n\n\n<p><a href=\"https:\/\/fuabc.org.br\/publicacoes-oficiais\/declaracao-negativa-de-realizacao-de-despesa-para-enfrentamento-a-pandemia-de-covid-19-a-fundacao-abc-central-de-convenios-na-secretaria-de-saude-municipio-de-mogi-das-cruzes-2\/\">DECLARA\u00c7\u00c3O NEGATIVA DE REALIZA\u00c7\u00c3O DE DESPESA PARA ENFRENTAMENTO A PANDEMIA DE COVID-19 \u2013 A FUNDA\u00c7\u00c3O ABC \u2013 CENTRAL DE CONV\u00caNIOS NA SECRETARIA DE SA\u00daDE \u2013 MUNIC\u00cdPIO DE MOGI DAS CRUZES<\/a><\/p>\n\n\n\n<p>10\/09\/2020<\/p>\n\n\n\n<p><a href=\"https:\/\/fuabc.org.br\/publicacoes-oficiais\/declaracao-negativa-de-realizacao-de-despesa-para-enfrentamento-a-pandemia-de-covid-19-a-fundacao-abc-central-de-convenios-na-secretaria-de-saude-municipio-de-mogi-das-cruzes\/\">DECLARA\u00c7\u00c3O NEGATIVA DE REALIZA\u00c7\u00c3O DE DESPESA PARA ENFRENTAMENTO A PANDEMIA DE COVID-19 \u2013 A FUNDA\u00c7\u00c3O ABC \u2013 CENTRAL DE CONV\u00caNIOS NA SECRETARIA DE SA\u00daDE \u2013 MUNIC\u00cdPIO DE MOGI DAS CRUZES<\/a><\/p>\n\n\n\n<p>10\/07\/2020<\/p>\n\n\n\n<p><a href=\"https:\/\/fuabc.org.br\/publicacoes-oficiais\/transparencia-fuabc-secretaria-de-saude-de-mogi-das-cruzes-unidade-de-pronto-atendimento-upa-i-24-h-dr-manoel-maisette-salgado-processo-mc-0047a-20\/\">TRANSPAR\u00caNCIA \u2013 FUABC \u2013 SECRETARIA DE SA\u00daDE DE MOGI DAS CRUZES \u2013 UNIDADE DE PRONTO ATENDIMENTO \u2013 UPA I 24 H \u2013 DR. MANOEL MAISETTE SALGADO \u2013 PROCESSO MC 0047A\/20 \u2013 COMPRA EMERGENCIAL DE MATERIAL M\u00c9DICO AOS PACIENTES COVID-19.<\/a><\/p>\n\n\n\n<p><a href=\"https:\/\/fuabc.org.br\/publicacoes-oficiais\/transparencia-fuabc-secretaria-de-saude-de-mogi-das-cruzes-unidade-de-pronto-atendimento-upa-i-24-h-dr-manoel-maisette-salgado-processo-mc-0038-20\/\">TRANSPAR\u00caNCIA \u2013 FUABC \u2013 SECRETARIA DE SA\u00daDE DE MOGI DAS CRUZES \u2013 UNIDADE DE PRONTO ATENDIMENTO \u2013 UPA I 24 H \u2013 DR. MANOEL MAISETTE SALGADO \u2013 PROCESSO MC 0038\/20 \u2013 COMPRA EMERGENCIAL DE MATERIAL M\u00c9DICO AOS PACIENTES COVID-19.<\/a><\/p>\n\n\n\n<p><a href=\"https:\/\/fuabc.org.br\/publicacoes-oficiais\/transparencia-fuabc-secretaria-de-saude-de-mogi-das-cruzes-unidade-de-pronto-atendimento-upa-i-24-h-dr-manoel-maisette-salgado-processo-mc-0042-20\/\">TRANSPAR\u00caNCIA \u2013 FUABC \u2013 SECRETARIA DE SA\u00daDE DE MOGI DAS CRUZES \u2013 UNIDADE DE PRONTO ATENDIMENTO \u2013 UPA I 24 H \u2013 DR. MANOEL MAISETTE SALGADO \u2013 PROCESSO MC 0042\/20 \u2013 COMPRA EMERGENCIAL DE MATERIAL M\u00c9DICO AOS PACIENTES COVID-19.<\/a><\/p>\n\n\n\n<p><a href=\"https:\/\/fuabc.org.br\/publicacoes-oficiais\/transparencia-fuabc-secretaria-de-saude-de-mogi-das-cruzes-unidade-de-pronto-atendimento-upa-i-24-h-dr-manoel-maisette-salgado-processo-mc-0044-20\/\">TRANSPAR\u00caNCIA \u2013 FUABC \u2013 SECRETARIA DE SA\u00daDE DE MOGI DAS CRUZES \u2013 UNIDADE DE PRONTO ATENDIMENTO \u2013 UPA I 24 H \u2013 DR. MANOEL MAISETTE SALGADO \u2013 PROCESSO MC 0044\/20 \u2013 COMPRA EMERGENCIAL DE MATERIAL M\u00c9DICO AOS PACIENTES COVID-19.<\/a><\/p>\n","protected":false},"excerpt":{"rendered":"<p>RECEITAS 25\/02\/2022 DECLARA\u00c7\u00c3O NEGATIVA DE RECEBIMENTO DE RECEITA PARA ENFRENTAMENTO A PANDEMIA DE COVID-19 \u2013 A FUNDA\u00c7\u00c3O ABC \u2013 CENTRAL DE CONV\u00caNIOS NA SECRETARIA DE SA\u00daDE \u2013 MUNIC\u00cdPIO DE MOGI DAS CRUZES 10\/11\/2021 DECLARA\u00c7\u00c3O NEGATIVA DE RECEBIMENTO DE RECEITA PARA ENFRENTAMENTO A PANDEMIA DE COVID-19 \u2013 A FUNDA\u00c7\u00c3O ABC \u2013 CENTRAL DE CONV\u00caNIOS NA SECRETARIA DE SA\u00daDE \u2013 MUNIC\u00cdPIO DE MOGI DAS CRUZES 08\/03\/2021 DECLARA\u00c7\u00c3O NEGATIVA DE RECEBIMENTO DE RECEITA PARA ENFRENTAMENTO A PANDEMIA DE COVID-19 \u2013 A FUNDA\u00c7\u00c3O ABC \u2013 CENTRAL DE CONV\u00caNIOS NA SECRETARIA DE SA\u00daDE \u2013 MUNIC\u00cdPIO DE MOGI DAS CRUZES 02\/02\/2021 DECLARA\u00c7\u00c3O NEGATIVA DE RECEBIMENTO DE RECEITA PARA ENFRENTAMENTO A PANDEMIA DE COVID-19 \u2013 A FUNDA\u00c7\u00c3O ABC \u2013 CENTRAL DE CONV\u00caNIOS NA SECRETARIA DE SA\u00daDE \u2013 MUNIC\u00cdPIO DE MOGI DAS CRUZES 08\/01\/2021 DECLARA\u00c7\u00c3O NEGATIVA DE RECEBIMENTO DE RECEITA PARA ENFRENTAMENTO A PANDEMIA DE COVID-19 \u2013 A FUNDA\u00c7\u00c3O ABC \u2013 CENTRAL DE CONV\u00caNIOS NA SECRETARIA DE SA\u00daDE [&hellip;]<\/p>\n","protected":false},"author":1,"featured_media":0,"parent":0,"menu_order":0,"comment_status":"closed","ping_status":"closed","template":"template-portal.php","meta":{"_acf_changed":false,"footnotes":""},"class_list":["post-4094","page","type-page","status-publish","hentry"],"acf":[],"_links":{"self":[{"href":"https:\/\/fuabc.org.br\/portaldatransparencia\/wp-json\/wp\/v2\/pages\/4094","targetHints":{"allow":["GET"]}}],"collection":[{"href":"https:\/\/fuabc.org.br\/portaldatransparencia\/wp-json\/wp\/v2\/pages"}],"about":[{"href":"https:\/\/fuabc.org.br\/portaldatransparencia\/wp-json\/wp\/v2\/types\/page"}],"author":[{"embeddable":true,"href":"https:\/\/fuabc.org.br\/portaldatransparencia\/wp-json\/wp\/v2\/users\/1"}],"replies":[{"embeddable":true,"href":"https:\/\/fuabc.org.br\/portaldatransparencia\/wp-json\/wp\/v2\/comments?post=4094"}],"version-history":[{"count":20,"href":"https:\/\/fuabc.org.br\/portaldatransparencia\/wp-json\/wp\/v2\/pages\/4094\/revisions"}],"predecessor-version":[{"id":11662,"href":"https:\/\/fuabc.org.br\/portaldatransparencia\/wp-json\/wp\/v2\/pages\/4094\/revisions\/11662"}],"wp:attachment":[{"href":"https:\/\/fuabc.org.br\/portaldatransparencia\/wp-json\/wp\/v2\/media?parent=4094"}],"curies":[{"name":"wp","href":"https:\/\/api.w.org\/{rel}","templated":true}]}}