{"id":4168,"date":"2020-06-25T22:46:25","date_gmt":"2020-06-25T22:46:25","guid":{"rendered":"https:\/\/fuabc.org.br\/portaldatransparencia\/?page_id=4168"},"modified":"2021-08-04T19:56:34","modified_gmt":"2021-08-04T19:56:34","slug":"covid-19-hospital-ipiranga","status":"publish","type":"page","link":"https:\/\/fuabc.org.br\/portaldatransparencia\/covid-19-hospital-ipiranga\/","title":{"rendered":"Covid-19 | Hospital Ipiranga (leitos) | 28 | Contrato Emergencial (encerrado)"},"content":{"rendered":"\n<h2 class=\"wp-block-heading\">RECEITAS<\/h2>\n\n\n\n<p><\/p>\n\n\n\n<p>04\/08\/2021<\/p>\n\n\n\n<p><a href=\"https:\/\/fuabc.org.br\/publicacoes-oficiais\/receita-recebida-para-enfrentamento-a-covid-19-fuabc-central-de-convenios-hospital-ipiranga-leitos-filial-28\/\">RECEITA RECEBIDA PARA ENFRENTAMENTO A COVID-19 \u2013 FUABC \u2013 CENTRAL DE CONV\u00caNIOS \u2013 HOSPITAL IPIRANGA (LEITOS) \u2013 FILIAL 28<\/a><\/p>\n\n\n\n<p>24\/07\/2020<\/p>\n\n\n\n<p><a href=\"https:\/\/fuabc.org.br\/publicacoes-oficiais\/receita-recebida-para-enfrentamento-a-covid-19-3\/\">RECEITA RECEBIDA PARA ENFRENTAMENTO A COVID-19<\/a><\/p>\n\n\n\n<div style=\"height:20px\" aria-hidden=\"true\" class=\"wp-block-spacer\"><\/div>\n\n\n\n<hr class=\"wp-block-separator\"\/>\n\n\n\n<div style=\"height:20px\" aria-hidden=\"true\" class=\"wp-block-spacer\"><\/div>\n\n\n\n<h2 class=\"wp-block-heading\">DESPESAS<\/h2>\n\n\n\n<p><\/p>\n\n\n\n<p>17\/09\/2020<\/p>\n\n\n\n<p><a href=\"https:\/\/fuabc.org.br\/publicacoes-oficiais\/declaracao-negativa-realizacao-de-despesa-convenio-hospital-ipiranga-no-1225-2020\/\">DECLARA\u00c7\u00c3O NEGATIVA REALIZA\u00c7\u00c3O DE DESPESA CONV\u00caNIO HOSPITAL IPIRANGA N\u00ba 1225\/2020<\/a><\/p>\n\n\n\n<p>13\/07\/2020<\/p>\n\n\n\n<p><a href=\"https:\/\/fuabc.org.br\/publicacoes-oficiais\/transparencia-fuabc-secretaria-de-estado-da-saude-hospital-ipiranga-processo-hi0003-20-contratacao-de-empresa-especializada-em-prestacao-de-servicos-medicos-para-uti\/\">TRANSPAR\u00caNCIA \u2013 FUABC \u2013 SECRETARIA DE ESTADO DA SA\u00daDE \u2013 HOSPITAL IPIRANGA \u2013 PROCESSO HI0003\/20 \u2013 CONTRATA\u00c7\u00c3O DE EMPRESA ESPECIALIZADA EM PRESTA\u00c7\u00c3O DE SERVI\u00c7OS M\u00c9DICOS PARA UTI, ENFERMARIA E TRIAGEM AOS PACIENTES COVID-19<\/a><\/p>\n\n\n\n<p><a href=\"https:\/\/fuabc.org.br\/publicacoes-oficiais\/transparencia-fuabc-secretaria-de-estado-da-saude-hospital-ipiranga-processo-hi0002-20-contratacao-de-empresa-especializada-em-prestacao-de-servicos-medicos-para-uti\/\">TRANSPAR\u00caNCIA \u2013 FUABC \u2013 SECRETARIA DE ESTADO DA SA\u00daDE \u2013 HOSPITAL IPIRANGA \u2013 PROCESSO HI0002\/20 \u2013 CONTRATA\u00c7\u00c3O DE EMPRESA ESPECIALIZADA EM PRESTA\u00c7\u00c3O DE SERVI\u00c7OS M\u00c9DICOS PARA UTI, ENFERMARIA E TRIAGEM AOS PACIENTES COVID-19<\/a><\/p>\n\n\n\n<p><a href=\"https:\/\/fuabc.org.br\/publicacoes-oficiais\/transparencia-fuabc-secretaria-de-estado-da-saude-hospital-ipiranga-processo-hi0001-20-contratacao-de-empresa-especializada-em-prestacao-de-servicos-de-fisioterapia-h\/\">TRANSPAR\u00caNCIA \u2013 FUABC \u2013 SECRETARIA DE ESTADO DA SA\u00daDE \u2013 HOSPITAL IPIRANGA \u2013 PROCESSO HI0001\/20 \u2013 CONTRATA\u00c7\u00c3O DE EMPRESA ESPECIALIZADA EM PRESTA\u00c7\u00c3O DE SERVI\u00c7OS DE FISIOTERAPIA HOSPITALAR AOS PACIENTES COVID-19<\/a><\/p>\n","protected":false},"excerpt":{"rendered":"<p>RECEITAS 04\/08\/2021 RECEITA RECEBIDA PARA ENFRENTAMENTO A COVID-19 \u2013 FUABC \u2013 CENTRAL DE CONV\u00caNIOS \u2013 HOSPITAL IPIRANGA (LEITOS) \u2013 FILIAL 28 24\/07\/2020 RECEITA RECEBIDA PARA ENFRENTAMENTO A COVID-19 DESPESAS 17\/09\/2020 DECLARA\u00c7\u00c3O NEGATIVA REALIZA\u00c7\u00c3O DE DESPESA CONV\u00caNIO HOSPITAL IPIRANGA N\u00ba 1225\/2020 13\/07\/2020 TRANSPAR\u00caNCIA \u2013 FUABC \u2013 SECRETARIA DE ESTADO DA SA\u00daDE \u2013 HOSPITAL IPIRANGA \u2013 PROCESSO HI0003\/20 \u2013 CONTRATA\u00c7\u00c3O DE EMPRESA ESPECIALIZADA EM PRESTA\u00c7\u00c3O DE SERVI\u00c7OS M\u00c9DICOS PARA UTI, ENFERMARIA E TRIAGEM AOS PACIENTES COVID-19 TRANSPAR\u00caNCIA \u2013 FUABC \u2013 SECRETARIA DE ESTADO DA SA\u00daDE \u2013 HOSPITAL IPIRANGA \u2013 PROCESSO HI0002\/20 \u2013 CONTRATA\u00c7\u00c3O DE EMPRESA ESPECIALIZADA EM PRESTA\u00c7\u00c3O DE SERVI\u00c7OS M\u00c9DICOS PARA UTI, ENFERMARIA E TRIAGEM AOS PACIENTES COVID-19 TRANSPAR\u00caNCIA \u2013 FUABC \u2013 SECRETARIA DE ESTADO DA SA\u00daDE \u2013 HOSPITAL IPIRANGA \u2013 PROCESSO HI0001\/20 \u2013 CONTRATA\u00c7\u00c3O DE EMPRESA ESPECIALIZADA EM PRESTA\u00c7\u00c3O DE SERVI\u00c7OS DE FISIOTERAPIA HOSPITALAR AOS PACIENTES COVID-19<\/p>\n","protected":false},"author":2,"featured_media":0,"parent":0,"menu_order":0,"comment_status":"closed","ping_status":"closed","template":"template-portal.php","meta":{"_acf_changed":false,"footnotes":""},"class_list":["post-4168","page","type-page","status-publish","hentry"],"acf":[],"_links":{"self":[{"href":"https:\/\/fuabc.org.br\/portaldatransparencia\/wp-json\/wp\/v2\/pages\/4168","targetHints":{"allow":["GET"]}}],"collection":[{"href":"https:\/\/fuabc.org.br\/portaldatransparencia\/wp-json\/wp\/v2\/pages"}],"about":[{"href":"https:\/\/fuabc.org.br\/portaldatransparencia\/wp-json\/wp\/v2\/types\/page"}],"author":[{"embeddable":true,"href":"https:\/\/fuabc.org.br\/portaldatransparencia\/wp-json\/wp\/v2\/users\/2"}],"replies":[{"embeddable":true,"href":"https:\/\/fuabc.org.br\/portaldatransparencia\/wp-json\/wp\/v2\/comments?post=4168"}],"version-history":[{"count":5,"href":"https:\/\/fuabc.org.br\/portaldatransparencia\/wp-json\/wp\/v2\/pages\/4168\/revisions"}],"predecessor-version":[{"id":9011,"href":"https:\/\/fuabc.org.br\/portaldatransparencia\/wp-json\/wp\/v2\/pages\/4168\/revisions\/9011"}],"wp:attachment":[{"href":"https:\/\/fuabc.org.br\/portaldatransparencia\/wp-json\/wp\/v2\/media?parent=4168"}],"curies":[{"name":"wp","href":"https:\/\/api.w.org\/{rel}","templated":true}]}}