{"id":4171,"date":"2020-06-25T22:47:34","date_gmt":"2020-06-25T22:47:34","guid":{"rendered":"https:\/\/fuabc.org.br\/portaldatransparencia\/?page_id=4171"},"modified":"2021-08-04T19:32:39","modified_gmt":"2021-08-04T19:32:39","slug":"covid-19-hospital-geral-de-sao-mateus","status":"publish","type":"page","link":"https:\/\/fuabc.org.br\/portaldatransparencia\/covid-19-hospital-geral-de-sao-mateus\/","title":{"rendered":"Covid-19 | Hospital Geral de S\u00e3o Mateus (PS Adulto) | 29 | Contrato Emergencial"},"content":{"rendered":"\n<h2 class=\"wp-block-heading\">RECEITAS<\/h2>\n\n\n\n<p><\/p>\n\n\n\n<p>04\/08\/2021<\/p>\n\n\n\n<p><a href=\"https:\/\/fuabc.org.br\/publicacoes-oficiais\/receita-recebida-para-enfrentamento-a-covid-19-fuabc-central-de-convenios-hospital-geral-de-sao-mateus-ps-adulto-filial-29\/\">RECEITA RECEBIDA PARA ENFRENTAMENTO A COVID-19 \u2013 FUABC \u2013 CENTRAL DE CONV\u00caNIOS \u2013 HOSPITAL GERAL DE S\u00c3O MATEUS (PS ADULTO) \u2013 FILIAL 29<\/a><\/p>\n\n\n\n<p>24\/07\/2020<\/p>\n\n\n\n<p><a href=\"https:\/\/fuabc.org.br\/publicacoes-oficiais\/receita-recebida-para-enfrentamento-a-covid-19-2\/\">RECEITA RECEBIDA PARA ENFRENTAMENTO A COVID-19<\/a><\/p>\n\n\n\n<div style=\"height:20px\" aria-hidden=\"true\" class=\"wp-block-spacer\"><\/div>\n\n\n\n<hr class=\"wp-block-separator\"\/>\n\n\n\n<div style=\"height:20px\" aria-hidden=\"true\" class=\"wp-block-spacer\"><\/div>\n\n\n\n<h2 class=\"wp-block-heading\">DESPESAS<\/h2>\n\n\n\n<p><\/p>\n\n\n\n<p>17\/09\/2020<\/p>\n\n\n\n<p><a href=\"https:\/\/fuabc.org.br\/publicacoes-oficiais\/declaracao-negativa-realizacao-de-despesa-convenio-hospital-geral-de-sao-mateus-no-1255-2020\/\">DECLARA\u00c7\u00c3O NEGATIVA REALIZA\u00c7\u00c3O DE DESPESA CONV\u00caNIO HOSPITAL GERAL DE S\u00c3O MATEUS N\u00ba 1255\/2020<\/a><\/p>\n\n\n\n<p>13\/07\/2020<\/p>\n\n\n\n<p><a href=\"https:\/\/fuabc.org.br\/publicacoes-oficiais\/transparencia-fuabc-secretaria-de-estado-da-saude-hospital-geral-de-sao-mateus-processo-sm2-0001-20-contratacao-de-empresa-especializada-em-prestacao-de-servicos-medi\/\">TRANSPAR\u00caNCIA \u2013 FUABC \u2013 SECRETARIA DE ESTADO DA SA\u00daDE \u2013 HOSPITAL GERAL DE S\u00c3O MATEUS \u2013 PROCESSO SM2 0001-20 \u2013 CONTRATA\u00c7\u00c3O DE EMPRESA ESPECIALIZADA EM PRESTA\u00c7\u00c3O DE SERVI\u00c7OS M\u00c9DICOS DE CL\u00cdNICA M\u00c9DICA PARA ATENDER O HOSPITAL GERAL DE S\u00c3O MATEUS AOS PACIENTES COVID-19<\/a><\/p>\n","protected":false},"excerpt":{"rendered":"<p>RECEITAS 04\/08\/2021 RECEITA RECEBIDA PARA ENFRENTAMENTO A COVID-19 \u2013 FUABC \u2013 CENTRAL DE CONV\u00caNIOS \u2013 HOSPITAL GERAL DE S\u00c3O MATEUS (PS ADULTO) \u2013 FILIAL 29 24\/07\/2020 RECEITA RECEBIDA PARA ENFRENTAMENTO A COVID-19 DESPESAS 17\/09\/2020 DECLARA\u00c7\u00c3O NEGATIVA REALIZA\u00c7\u00c3O DE DESPESA CONV\u00caNIO HOSPITAL GERAL DE S\u00c3O MATEUS N\u00ba 1255\/2020 13\/07\/2020 TRANSPAR\u00caNCIA \u2013 FUABC \u2013 SECRETARIA DE ESTADO DA SA\u00daDE \u2013 HOSPITAL GERAL DE S\u00c3O MATEUS \u2013 PROCESSO SM2 0001-20 \u2013 CONTRATA\u00c7\u00c3O DE EMPRESA ESPECIALIZADA EM PRESTA\u00c7\u00c3O DE SERVI\u00c7OS M\u00c9DICOS DE CL\u00cdNICA M\u00c9DICA PARA ATENDER O HOSPITAL GERAL DE S\u00c3O MATEUS AOS PACIENTES COVID-19<\/p>\n","protected":false},"author":2,"featured_media":0,"parent":0,"menu_order":0,"comment_status":"closed","ping_status":"closed","template":"template-portal.php","meta":{"_acf_changed":false,"footnotes":""},"class_list":["post-4171","page","type-page","status-publish","hentry"],"acf":[],"_links":{"self":[{"href":"https:\/\/fuabc.org.br\/portaldatransparencia\/wp-json\/wp\/v2\/pages\/4171","targetHints":{"allow":["GET"]}}],"collection":[{"href":"https:\/\/fuabc.org.br\/portaldatransparencia\/wp-json\/wp\/v2\/pages"}],"about":[{"href":"https:\/\/fuabc.org.br\/portaldatransparencia\/wp-json\/wp\/v2\/types\/page"}],"author":[{"embeddable":true,"href":"https:\/\/fuabc.org.br\/portaldatransparencia\/wp-json\/wp\/v2\/users\/2"}],"replies":[{"embeddable":true,"href":"https:\/\/fuabc.org.br\/portaldatransparencia\/wp-json\/wp\/v2\/comments?post=4171"}],"version-history":[{"count":7,"href":"https:\/\/fuabc.org.br\/portaldatransparencia\/wp-json\/wp\/v2\/pages\/4171\/revisions"}],"predecessor-version":[{"id":9005,"href":"https:\/\/fuabc.org.br\/portaldatransparencia\/wp-json\/wp\/v2\/pages\/4171\/revisions\/9005"}],"wp:attachment":[{"href":"https:\/\/fuabc.org.br\/portaldatransparencia\/wp-json\/wp\/v2\/media?parent=4171"}],"curies":[{"name":"wp","href":"https:\/\/api.w.org\/{rel}","templated":true}]}}