{"id":5313,"date":"2020-09-11T14:14:37","date_gmt":"2020-09-11T14:14:37","guid":{"rendered":"https:\/\/fuabc.org.br\/portaldatransparencia\/?page_id=5313"},"modified":"2020-09-11T14:14:37","modified_gmt":"2020-09-11T14:14:37","slug":"alteracao-de-configuracao-dos-navegadores","status":"publish","type":"page","link":"https:\/\/fuabc.org.br\/portaldatransparencia\/alteracao-de-configuracao-dos-navegadores\/","title":{"rendered":"Altera\u00e7\u00e3o de configura\u00e7\u00e3o dos navegadores"},"content":{"rendered":"\n<p>No caso da necessidade de alterar o tamanho das fontes de modo geral, siga as instru\u00e7\u00f5es a seguir para modificar as configura\u00e7\u00f5es do navegador.<br>A maioria dos navegadores inclui funcionalidades para permitir aumentar ou diminuir o texto em uma p\u00e1gina da web.<br>Por exemplo, para aumentar o tamanho do texto usando:<\/p>\n\n\n\n<p><strong>CHROME<\/strong><br>No menu \u00e0 direita da barra de endere\u00e7o, selecione e defina o n\u00edvel de zoom. Menu> Zoom> +<\/p>\n\n\n\n<p><strong>FIRE FOX<\/strong><br>No menu Exibir, selecione Zoom. Exibir> Ampliar> Ampliar<\/p>\n\n\n\n<p><strong>INTERNET EXPLORER<\/strong><br>No menu Exibir, selecione Tamanho do texto. Exibir> Tamanho do texto> Maior<\/p>\n\n\n\n<p><strong>SAFARI<\/strong><br>No menu Exibir, selecione Mais zoom. Exibir> Ampliar<br>Atalho do Macintosh: Command +<\/p>\n\n\n\n<p>Navegadores comuns est\u00e3o inclu\u00eddos nesta p\u00e1gina; A men\u00e7\u00e3o de um navegador espec\u00edfico n\u00e3o implica endosso ou recomenda\u00e7\u00e3o.<\/p>\n","protected":false},"excerpt":{"rendered":"<p>No caso da necessidade de alterar o tamanho das fontes de modo geral, siga as instru\u00e7\u00f5es a seguir para modificar as configura\u00e7\u00f5es do navegador.A maioria dos navegadores inclui funcionalidades para permitir aumentar ou diminuir o texto em uma p\u00e1gina da web.Por exemplo, para aumentar o tamanho do texto usando: CHROMENo menu \u00e0 direita da barra de endere\u00e7o, selecione e defina o n\u00edvel de zoom. Menu> Zoom> + FIRE FOXNo menu Exibir, selecione Zoom. Exibir> Ampliar> Ampliar INTERNET EXPLORERNo menu Exibir, selecione Tamanho do texto. Exibir> Tamanho do texto> Maior SAFARINo menu Exibir, selecione Mais zoom. Exibir> AmpliarAtalho do Macintosh: Command + Navegadores comuns est\u00e3o inclu\u00eddos nesta p\u00e1gina; A men\u00e7\u00e3o de um navegador espec\u00edfico n\u00e3o implica endosso ou recomenda\u00e7\u00e3o.<\/p>\n","protected":false},"author":1,"featured_media":0,"parent":0,"menu_order":0,"comment_status":"closed","ping_status":"closed","template":"template-portal.php","meta":{"_acf_changed":false,"footnotes":""},"class_list":["post-5313","page","type-page","status-publish","hentry"],"acf":[],"_links":{"self":[{"href":"https:\/\/fuabc.org.br\/portaldatransparencia\/wp-json\/wp\/v2\/pages\/5313","targetHints":{"allow":["GET"]}}],"collection":[{"href":"https:\/\/fuabc.org.br\/portaldatransparencia\/wp-json\/wp\/v2\/pages"}],"about":[{"href":"https:\/\/fuabc.org.br\/portaldatransparencia\/wp-json\/wp\/v2\/types\/page"}],"author":[{"embeddable":true,"href":"https:\/\/fuabc.org.br\/portaldatransparencia\/wp-json\/wp\/v2\/users\/1"}],"replies":[{"embeddable":true,"href":"https:\/\/fuabc.org.br\/portaldatransparencia\/wp-json\/wp\/v2\/comments?post=5313"}],"version-history":[{"count":1,"href":"https:\/\/fuabc.org.br\/portaldatransparencia\/wp-json\/wp\/v2\/pages\/5313\/revisions"}],"predecessor-version":[{"id":5314,"href":"https:\/\/fuabc.org.br\/portaldatransparencia\/wp-json\/wp\/v2\/pages\/5313\/revisions\/5314"}],"wp:attachment":[{"href":"https:\/\/fuabc.org.br\/portaldatransparencia\/wp-json\/wp\/v2\/media?parent=5313"}],"curies":[{"name":"wp","href":"https:\/\/api.w.org\/{rel}","templated":true}]}}