{"id":5918,"date":"2020-11-10T17:26:36","date_gmt":"2020-11-10T17:26:36","guid":{"rendered":"https:\/\/fuabc.org.br\/portaldatransparencia\/?page_id=5918"},"modified":"2021-03-10T18:53:15","modified_gmt":"2021-03-10T18:53:15","slug":"covid-19-31-scas-termo-de-colaboracao-cc","status":"publish","type":"page","link":"https:\/\/fuabc.org.br\/portaldatransparencia\/covid-19-31-scas-termo-de-colaboracao-cc\/","title":{"rendered":"Covid-19 | 31 \u2013 SCAS \u2013 Termo de Colabora\u00e7\u00e3o | CC"},"content":{"rendered":"\n<p><em>At\u00e9 a presente data n\u00e3o h\u00e1 dados relacionados \u00e0 COVID-19 a serem exibidos nesta unidade.<\/em><\/p>\n","protected":false},"excerpt":{"rendered":"<p>At\u00e9 a presente data n\u00e3o h\u00e1 dados relacionados \u00e0 COVID-19 a serem exibidos nesta unidade.<\/p>\n","protected":false},"author":1,"featured_media":0,"parent":0,"menu_order":0,"comment_status":"closed","ping_status":"closed","template":"template-portal.php","meta":{"_acf_changed":false,"footnotes":""},"class_list":["post-5918","page","type-page","status-publish","hentry"],"acf":[],"_links":{"self":[{"href":"https:\/\/fuabc.org.br\/portaldatransparencia\/wp-json\/wp\/v2\/pages\/5918","targetHints":{"allow":["GET"]}}],"collection":[{"href":"https:\/\/fuabc.org.br\/portaldatransparencia\/wp-json\/wp\/v2\/pages"}],"about":[{"href":"https:\/\/fuabc.org.br\/portaldatransparencia\/wp-json\/wp\/v2\/types\/page"}],"author":[{"embeddable":true,"href":"https:\/\/fuabc.org.br\/portaldatransparencia\/wp-json\/wp\/v2\/users\/1"}],"replies":[{"embeddable":true,"href":"https:\/\/fuabc.org.br\/portaldatransparencia\/wp-json\/wp\/v2\/comments?post=5918"}],"version-history":[{"count":4,"href":"https:\/\/fuabc.org.br\/portaldatransparencia\/wp-json\/wp\/v2\/pages\/5918\/revisions"}],"predecessor-version":[{"id":7222,"href":"https:\/\/fuabc.org.br\/portaldatransparencia\/wp-json\/wp\/v2\/pages\/5918\/revisions\/7222"}],"wp:attachment":[{"href":"https:\/\/fuabc.org.br\/portaldatransparencia\/wp-json\/wp\/v2\/media?parent=5918"}],"curies":[{"name":"wp","href":"https:\/\/api.w.org\/{rel}","templated":true}]}}