{"id":6491,"date":"2021-01-14T18:29:10","date_gmt":"2021-01-14T18:29:10","guid":{"rendered":"https:\/\/fuabc.org.br\/portaldatransparencia\/?page_id=6491"},"modified":"2022-01-07T19:21:53","modified_gmt":"2022-01-07T19:21:53","slug":"covid-19-32-santo-andre-c-e-02","status":"publish","type":"page","link":"https:\/\/fuabc.org.br\/portaldatransparencia\/covid-19-32-santo-andre-c-e-02\/","title":{"rendered":"Covid-19 | 32 | Santo Andr\u00e9 \u2013 C.E. &#8211; 02"},"content":{"rendered":"\n<h2 class=\"wp-block-heading\">Receitas<\/h2>\n\n\n\n<p>07\/01\/2022<\/p>\n\n\n\n<p><a href=\"https:\/\/fuabc.org.br\/publicacoes-oficiais\/receita-recebida-para-enfrentamento-a-covid-19-fuabc-central-de-convenios-prefeitura-de-santo-andre-c-e-02-secretaria-municipal-de-saude-4\/\">RECEITA RECEBIDA PARA ENFRENTAMENTO A COVID-19 \u2013 FUABC \u2013 CENTRAL DE CONV\u00caNIOS \u2013 PREFEITURA DE SANTO ANDR\u00c9 C.E. 02 \u2013 SECRETARIA MUNICIPAL DE SA\u00daDE<\/a><\/p>\n\n\n\n<p>22\/09\/2021<\/p>\n\n\n\n<p><a href=\"https:\/\/fuabc.org.br\/publicacoes-oficiais\/receita-recebida-para-enfrentamento-a-covid-19-fuabc-central-de-convenios-prefeitura-de-santo-andre-c-e-02-secretaria-municipal-de-saude-3\/\">RECEITA RECEBIDA PARA ENFRENTAMENTO A COVID-19 \u2013 FUABC \u2013 CENTRAL DE CONV\u00caNIOS \u2013 PREFEITURA DE SANTO ANDR\u00c9 C.E. 02 \u2013 SECRETARIA MUNICIPAL DE SA\u00daDE<\/a><\/p>\n\n\n\n<p>01\/06\/2021<\/p>\n\n\n\n<p><a href=\"https:\/\/fuabc.org.br\/publicacoes-oficiais\/receita-recebida-para-enfrentamento-a-covid-19-fuabc-central-de-convenios-prefeitura-de-santo-andre-c-e-02-secretaria-municipal-de-saude-2\/\">RECEITA RECEBIDA PARA ENFRENTAMENTO A COVID-19 \u2013 FUABC \u2013 CENTRAL DE CONV\u00caNIOS \u2013 PREFEITURA DE SANTO ANDR\u00c9 C.E. 02 \u2013 SECRETARIA MUNICIPAL DE SA\u00daDE<\/a><\/p>\n\n\n\n<p>26\/04\/2021<\/p>\n\n\n\n<p><a href=\"https:\/\/fuabc.org.br\/publicacoes-oficiais\/receita-recebida-para-enfrentamento-a-covid-19-fuabc-central-de-convenios-prefeitura-de-santo-andre-c-e-02-secretaria-municipal-de-saude\/\">RECEITA RECEBIDA PARA ENFRENTAMENTO A COVID-19 \u2013 FUABC \u2013 CENTRAL DE CONV\u00caNIOS \u2013 PREFEITURA DE SANTO ANDR\u00c9 C.E. 02 \u2013 SECRETARIA MUNICIPAL DE SA\u00daDE<\/a><\/p>\n\n\n\n<hr class=\"wp-block-separator\"\/>\n\n\n\n<h2 class=\"wp-block-heading\">Despesas<\/h2>\n\n\n\n<p>25\/06\/2021<\/p>\n\n\n\n<p><a href=\"https:\/\/fuabc.org.br\/publicacoes-oficiais\/transparencia-fuabc-secretaria-de-saude-de-santo-andre-c-e-02-processo-sa0456-20-contratacao-de-empresa-especializada-em-prestacao-de-servicos-medicos-para-o-ce\/\">TRANSPAR\u00caNCIA \u2013 FUABC \u2013 SECRETARIA DE SA\u00daDE DE SANTO ANDR\u00c9 C.E \u2013 02 PROCESSO SA0456\/20 \u2013 CONTRATA\u00c7\u00c3O DE EMPRESA ESPECIALIZADA EM PRESTA\u00c7\u00c3O DE SERVI\u00c7OS M\u00c9DICOS PARA O CENTRO HOSPITALAR MUNICIPAL DE SANTO ANDR\u00c9, HOSPITAL DE CAMPANHA DO GIN\u00c1SIO PEDRO DELL\u2019ANTONIA E PARA O HOSPITAL DE CAMPANHA DA UNIVERSIDADE FEDERAL DO ABC.<\/a><\/p>\n\n\n\n<p><a href=\"https:\/\/fuabc.org.br\/publicacoes-oficiais\/transparencia-fuabc-secretaria-de-saude-de-santo-andre-c-e-02-processo-sa0005-21-contratacao-de-empresa-especializada-na-prestacao-de-servicos-medicos-de-imagem\/\">TRANSPAR\u00caNCIA \u2013 FUABC \u2013 SECRETARIA DE SA\u00daDE DE SANTO ANDR\u00c9 C.E \u2013 02 PROCESSO SA0005\/21 \u2013 CONTRATA\u00c7\u00c3O DE EMPRESA ESPECIALIZADA NA PRESTA\u00c7\u00c3O DE SERVI\u00c7OS M\u00c9DICOS DE IMAGEM PARA REALIZA\u00c7\u00c3O DE EXAMES DE TOMOGRAFIA COMPUTADORIZADA SEM CONTRATES COM LOCA\u00c7\u00c3O DE TOM\u00d3GRAFO PARA ATENDER AS DEMANDAS DOS HOSPITAIS DE CAMPANHA DO MUNIC\u00cdPIO DE SANTO ANDR\u00c9.<\/a><\/p>\n\n\n\n<p><a href=\"https:\/\/fuabc.org.br\/publicacoes-oficiais\/transparencia-fuabc-secretaria-de-saude-de-santo-andre-c-e-02-processo-sa0004-21-contratacao-de-empresa-especializada-na-prestacao-de-servicos-de-gestao-integra\/\">TRANSPAR\u00caNCIA \u2013 FUABC \u2013 SECRETARIA DE SA\u00daDE DE SANTO ANDR\u00c9 C.E \u2013 02 PROCESSO SA0004\/21 \u2013 CONTRATA\u00c7\u00c3O DE EMPRESA ESPECIALIZADA NA PRESTA\u00c7\u00c3O DE SERVI\u00c7OS DE GEST\u00c3O INTEGRADA DE LEITOS HOSPITALARES (UTI) COM LOCA\u00c7\u00c3O DE EQUIPAMENTOS E MOBILI\u00c1RIOS, DISPONILIZA\u00c7\u00c3O DE INSUMOS E ACESS\u00d3RIOS.<\/a><\/p>\n\n\n\n<p><a href=\"https:\/\/fuabc.org.br\/publicacoes-oficiais\/transparencia-fuabc-secretaria-de-saude-de-santo-andre-c-e-02-processo-sa0002-21-contratacao-de-empresa-especializada-na-prestacao-de-servicos-de-fisioterapia-h\/\">TRANSPAR\u00caNCIA \u2013 FUABC \u2013 SECRETARIA DE SA\u00daDE DE SANTO ANDR\u00c9 C.E \u2013 02 PROCESSO SA0002\/21 \u2013 CONTRATA\u00c7\u00c3O DE EMPRESA ESPECIALIZADA NA PRESTA\u00c7\u00c3O DE SERVI\u00c7OS DE FISIOTERAPIA HOSPITALAR PARA O MUNIC\u00cdPIO DE SANTO ANDR\u00c9.<\/a><\/p>\n\n\n\n<p><a href=\"https:\/\/fuabc.org.br\/publicacoes-oficiais\/transparencia-fuabc-secretaria-de-saude-de-santo-andre-c-e-02-processo-sa0001-21-contratacao-de-empresa-especializada-em-locacao-de-equipamentos-medicos-hospita\/\">TRANSPAR\u00caNCIA \u2013 FUABC \u2013 SECRETARIA DE SA\u00daDE DE SANTO ANDR\u00c9 C.E \u2013 02 PROCESSO SA0001\/21 \u2013 CONTRATA\u00c7\u00c3O DE EMPRESA ESPECIALIZADA EM LOCA\u00c7\u00c3O DE EQUIPAMENTOS M\u00c9DICOS HOSPITALARES COM MANUTEN\u00c7\u00c3O PREVENTIVA.<\/a><\/p>\n\n\n\n<p><a href=\"https:\/\/fuabc.org.br\/publicacoes-oficiais\/transparencia-fuabc-secretaria-de-saude-de-santo-andre-c-e-02-processo-331a-20-contratacao-de-empresa-especializada-em-prestacao-de-servico-de-nutricao-e-alimentacao-ho\/\">TRANSPAR\u00caNCIA \u2013 FUABC \u2013 SECRETARIA DE SA\u00daDE DE SANTO ANDR\u00c9 C.E \u2013 02 PROCESSO 331A\/20 \u2013 CONTRATA\u00c7\u00c3O DE EMPRESA ESPECIALIZADA EM PRESTA\u00c7\u00c3O DE SERVI\u00c7O DE NUTRI\u00c7\u00c3O E ALIMENTA\u00c7\u00c3O HOSPITALAR PARA ATENDIMENTO AOS PACIENTES COVID-19.<\/a><\/p>\n\n\n\n<p><a href=\"https:\/\/fuabc.org.br\/publicacoes-oficiais\/transparencia-fuabc-secretaria-de-saude-de-santo-andre-c-e-02-processo-318a-20-contratacao-de-empresa-especializada-serv-tecnico-hospitalar-para-os-pacientes-covid-19\/\">TRANSPAR\u00caNCIA \u2013 FUABC \u2013 SECRETARIA DE SA\u00daDE DE SANTO ANDR\u00c9 C.E. \u2013 02 PROCESSO 318A\/20 \u2013 CONTRATA\u00c7\u00c3O DE EMPRESA ESPECIALIZADA SERV TECNICO HOSPITALAR PARA OS PACIENTES COVID-19<\/a><\/p>\n\n\n\n<p><a href=\"https:\/\/fuabc.org.br\/publicacoes-oficiais\/transparencia-fuabc-secretaria-de-saude-de-santo-andre-c-e-02-processo-296a-20-contratacao-de-empresa-especializada-em-prestacao-de-servico-de-diagnose-para-deteccao-d\/\">TRANSPAR\u00caNCIA \u2013 FUABC \u2013 SECRETARIA DE SA\u00daDE DE SANTO ANDR\u00c9 C.E. \u2013 02 PROCESSO 296A\/20 \u2013 CONTRATA\u00c7\u00c3O DE EMPRESA ESPECIALIZADA EM PRESTA\u00c7\u00c3O DE SERVI\u00c7O DE DIAGNOSE PARA DETEC\u00c7\u00c3O DO SARS-COV PARA ATENDIMENTO AOS PACIENTES COVID-19.<\/a><\/p>\n\n\n\n<p><a href=\"https:\/\/fuabc.org.br\/publicacoes-oficiais\/transparencia-fuabc-secretaria-de-saude-de-santo-andre-c-e-02-processo-289-20-contratacao-de-empresa-especializada-em-locacao-de-equipamentos-medicos-hospita\/\">TRANSPAR\u00caNCIA \u2013 FUABC \u2013 SECRETARIA DE SA\u00daDE DE SANTO ANDR\u00c9 C.E. \u2013 02 \u2013 PROCESSO 289\/20 \u2013 CONTRATA\u00c7\u00c3O DE EMPRESA ESPECIALIZADA EM LOCA\u00c7\u00c3O DE EQUIPAMENTOS M\u00c9DICOS HOSPITALARES COM MANUTEN\u00c7\u00c3O PREVENTIVA PARA OS PACIENTES COVID-19.<\/a><\/p>\n\n\n\n<p>24\/06\/2021<\/p>\n\n\n\n<p><a href=\"https:\/\/fuabc.org.br\/publicacoes-oficiais\/transparencia-fuabc-secretaria-de-saude-de-santo-andre-c-e-02-processo-225-20-contratacao-de-empresa-especializada-em-gestao-integrada-de-leitos-hospitalares-uti-com\/\">TRANSPAR\u00caNCIA \u2013 FUABC \u2013 SECRETARIA DE SA\u00daDE DE SANTO ANDR\u00c9 C.E \u2013 02 PROCESSO 225\/20 \u2013 CONTRATA\u00c7\u00c3O DE EMPRESA ESPECIALIZADA EM GEST\u00c3O INTEGRADA DE LEITOS HOSPITALARES (UTI) COM LOCA\u00c7\u00c3O DE EQUIPAMENTOS E MOBILI\u00c1RIOS, DISPONIBILIZA\u00c7\u00c3O DE INSUMOS E ACESS\u00d3RIOS PARA OS PACIENTES COVID-19<\/a><\/p>\n\n\n\n<p><a href=\"https:\/\/fuabc.org.br\/publicacoes-oficiais\/transparencia-fuabc-secretaria-de-saude-de-santo-andre-c-e-02-processo-196-19-contratacao-de-empresa-especializada-em-prestacao-de-servicos-continuado-de-lavan\/\">TRANSPAR\u00caNCIA \u2013 FUABC \u2013 SECRETARIA DE SA\u00daDE DE SANTO ANDR\u00c9 C.E. \u2013 02 PROCESSO 196\/19 \u2013 CONTRATA\u00c7\u00c3O DE EMPRESA ESPECIALIZADA EM PRESTA\u00c7\u00c3O DE SERVI\u00c7OS CONTINUADO DE LAVANDERIA HOSPITALAR, ENVOLVENDO TODAS AS ETAPAS DO CONTROLE E PROCESSAMENTO DO ENXOVAL HOSPITALAR, PARA ATENDER OS HOSPITAIS DE CAMPANHA.<\/a><\/p>\n\n\n\n<p><a href=\"https:\/\/fuabc.org.br\/publicacoes-oficiais\/transparencia-fuabc-secretaria-de-saude-de-santo-andre-c-e-02-processo-191-19-contratacao-de-empresa-para-prestacao-de-servico-de-apoio-diagnostico-laboratorial-de-ana\/\">TRANSPAR\u00caNCIA \u2013 FUABC \u2013 SECRETARIA DE SA\u00daDE DE SANTO ANDR\u00c9 C.E. \u2013 02 PROCESSO 191\/19 \u2013 CONTRATA\u00c7\u00c3O DE EMPRESA PARA PRESTA\u00c7\u00c3O DE SERVI\u00c7O DE APOIO DIAGN\u00d3STICO LABORATORIAL DE AN\u00c1LISES CL\u00cdNICAS, ANATOMIA PATOL\u00d3GICA E CITOLOGIA.<\/a><\/p>\n","protected":false},"excerpt":{"rendered":"<p>Receitas 07\/01\/2022 RECEITA RECEBIDA PARA ENFRENTAMENTO A COVID-19 \u2013 FUABC \u2013 CENTRAL DE CONV\u00caNIOS \u2013 PREFEITURA DE SANTO ANDR\u00c9 C.E. 02 \u2013 SECRETARIA MUNICIPAL DE SA\u00daDE 22\/09\/2021 RECEITA RECEBIDA PARA ENFRENTAMENTO A COVID-19 \u2013 FUABC \u2013 CENTRAL DE CONV\u00caNIOS \u2013 PREFEITURA DE SANTO ANDR\u00c9 C.E. 02 \u2013 SECRETARIA MUNICIPAL DE SA\u00daDE 01\/06\/2021 RECEITA RECEBIDA PARA ENFRENTAMENTO A COVID-19 \u2013 FUABC \u2013 CENTRAL DE CONV\u00caNIOS \u2013 PREFEITURA DE SANTO ANDR\u00c9 C.E. 02 \u2013 SECRETARIA MUNICIPAL DE SA\u00daDE 26\/04\/2021 RECEITA RECEBIDA PARA ENFRENTAMENTO A COVID-19 \u2013 FUABC \u2013 CENTRAL DE CONV\u00caNIOS \u2013 PREFEITURA DE SANTO ANDR\u00c9 C.E. 02 \u2013 SECRETARIA MUNICIPAL DE SA\u00daDE Despesas 25\/06\/2021 TRANSPAR\u00caNCIA \u2013 FUABC \u2013 SECRETARIA DE SA\u00daDE DE SANTO ANDR\u00c9 C.E \u2013 02 PROCESSO SA0456\/20 \u2013 CONTRATA\u00c7\u00c3O DE EMPRESA ESPECIALIZADA EM PRESTA\u00c7\u00c3O DE SERVI\u00c7OS M\u00c9DICOS PARA O CENTRO HOSPITALAR MUNICIPAL DE SANTO ANDR\u00c9, HOSPITAL DE CAMPANHA DO GIN\u00c1SIO PEDRO DELL\u2019ANTONIA E PARA O HOSPITAL DE CAMPANHA DA [&hellip;]<\/p>\n","protected":false},"author":1,"featured_media":0,"parent":0,"menu_order":0,"comment_status":"closed","ping_status":"closed","template":"template-portal.php","meta":{"_acf_changed":false,"footnotes":""},"class_list":["post-6491","page","type-page","status-publish","hentry"],"acf":[],"_links":{"self":[{"href":"https:\/\/fuabc.org.br\/portaldatransparencia\/wp-json\/wp\/v2\/pages\/6491","targetHints":{"allow":["GET"]}}],"collection":[{"href":"https:\/\/fuabc.org.br\/portaldatransparencia\/wp-json\/wp\/v2\/pages"}],"about":[{"href":"https:\/\/fuabc.org.br\/portaldatransparencia\/wp-json\/wp\/v2\/types\/page"}],"author":[{"embeddable":true,"href":"https:\/\/fuabc.org.br\/portaldatransparencia\/wp-json\/wp\/v2\/users\/1"}],"replies":[{"embeddable":true,"href":"https:\/\/fuabc.org.br\/portaldatransparencia\/wp-json\/wp\/v2\/comments?post=6491"}],"version-history":[{"count":13,"href":"https:\/\/fuabc.org.br\/portaldatransparencia\/wp-json\/wp\/v2\/pages\/6491\/revisions"}],"predecessor-version":[{"id":11089,"href":"https:\/\/fuabc.org.br\/portaldatransparencia\/wp-json\/wp\/v2\/pages\/6491\/revisions\/11089"}],"wp:attachment":[{"href":"https:\/\/fuabc.org.br\/portaldatransparencia\/wp-json\/wp\/v2\/media?parent=6491"}],"curies":[{"name":"wp","href":"https:\/\/api.w.org\/{rel}","templated":true}]}}