{"id":6855,"date":"2021-02-18T17:22:20","date_gmt":"2021-02-18T17:22:20","guid":{"rendered":"https:\/\/fuabc.org.br\/portaldatransparencia\/?page_id=6855"},"modified":"2021-02-18T17:38:52","modified_gmt":"2021-02-18T17:38:52","slug":"34-hospital-geral-de-sao-mateus-uti-contrato-emergencial-covid-19","status":"publish","type":"page","link":"https:\/\/fuabc.org.br\/portaldatransparencia\/34-hospital-geral-de-sao-mateus-uti-contrato-emergencial-covid-19\/","title":{"rendered":"34 \u2013 Hospital Geral de S\u00e3o Mateus (UTI) | Contrato Emergencial COVID-19"},"content":{"rendered":"\n<p><em>(Contrato iniciado em janeiro de 2021. Novas atualiza\u00e7\u00f5es estar\u00e3o dispon\u00edveis em breve no sistema).<\/em><\/p>\n\n\n\n<div style=\"height:20px\" aria-hidden=\"true\" class=\"wp-block-spacer\"><\/div>\n\n\n\n<h2 class=\"wp-block-heading\">Recursos Humanos<\/h2>\n\n\n\n<p><em>(o comparativo entre as tabelas de RH deve ser feito pela aba &#8220;Matr\u00edcula&#8221;<\/em>)<\/p>\n\n\n\n<div class=\"rtbs rtbs_tab_ori rtbs_34-hospital-geral-de-sao-mateus-uti-rh\"><div class=\"rtbs_slug\" style=\"display:none\">34-hospital-geral-de-sao-mateus-uti-rh<\/div><div class=\"rtbs_inactive_tab_background\" style=\"display:none\">transparent<\/div><div class=\"rtbs_breakpoint\" style=\"display:none\">600<\/div><div class=\"rtbs_color\" style=\"display:none\">#1e73be<\/div>\r\n        <div class=\"rtbs_menu\">\r\n            <ul>\r\n                <li class=\"mobile_toggle\">&zwnj;<\/li><li class=\"current\"><a style=\"background:#1e73be\" class=\"active 34-hospital-geral-de-sao-mateus-uti-rh-tab-link-0\" href=\"#\" data-tab=\"#34-hospital-geral-de-sao-mateus-uti-rh-tab-0\">2021<\/a><\/li><li><a href=\"#\" data-tab=\"#34-hospital-geral-de-sao-mateus-uti-rh-tab-1\" class=\"34-hospital-geral-de-sao-mateus-uti-rh-tab-link-1\">RH - Cargos e Sal\u00e1rios<\/a><\/li><li><a href=\"#\" data-tab=\"#34-hospital-geral-de-sao-mateus-uti-rh-tab-2\" class=\"34-hospital-geral-de-sao-mateus-uti-rh-tab-link-2\">Rela\u00e7\u00e3o Nominal\/Cargos<\/a><\/li>\r\n            <\/ul>\r\n        <\/div><div style=\"border-top:7px solid #1e73be;\" id=\"34-hospital-geral-de-sao-mateus-uti-rh-tab-0\" class=\"rtbs_content active\"><div style=\"margin-top:30px; clear:both;\"><\/div><\/div><div style=\"border-top:7px solid #1e73be;\" id=\"34-hospital-geral-de-sao-mateus-uti-rh-tab-1\" class=\"rtbs_content\"><p><a href=\"https:\/\/fuabc.org.br\/portaldatransparencia\/wp-content\/uploads\/arquivos\/central_de_convenios\/filial34_central_de_convenios_122021_cargos_salarios.xlsx\">Dezembro | 2021 | Cargos e Sal\u00e1rios<\/a><\/p>\n<p><a href=\"https:\/\/fuabc.org.br\/portaldatransparencia\/wp-content\/uploads\/arquivos\/central_de_convenios\/filial34_central_de_convenios_112021_cargos_salarios.xlsx\">Novembro | 2021 | Cargos e Sal\u00e1rios<\/a><\/p>\n<p><a href=\"https:\/\/fuabc.org.br\/portaldatransparencia\/wp-content\/uploads\/arquivos\/central_de_convenios\/filial34_central_de_convenios_102021_cargos_salarios.xlsx\">Outubro | 2021 | Cargos e Sal\u00e1rios<\/a><\/p>\n<p><a href=\"https:\/\/fuabc.org.br\/portaldatransparencia\/wp-content\/uploads\/arquivos\/central_de_convenios\/filial34_central_de_convenios_092021_cargos_salarios.xlsx\">Setembro | 2021 | Cargos e Sal\u00e1rios<\/a><\/p>\n<p><a href=\"https:\/\/fuabc.org.br\/portaldatransparencia\/wp-content\/uploads\/arquivos\/central_de_convenios\/filial34_central_de_convenios_082021_cargos_salarios.xlsx\">Agosto | 2021 | Cargos e Sal\u00e1rios<\/a><\/p>\n<p><a href=\"https:\/\/fuabc.org.br\/portaldatransparencia\/wp-content\/uploads\/arquivos\/central_de_convenios\/filial34_central_de_convenios_072021_cargos_salarios.xlsx\">Julho | 2021 | Cargos e Sal\u00e1rios<\/a><\/p>\n<p><a href=\"https:\/\/fuabc.org.br\/portaldatransparencia\/wp-content\/uploads\/arquivos\/central_de_convenios\/filial34_central_de_convenios_062021_cargos_salarios.xlsx\">Junho | 2021 | Cargos e Sal\u00e1rios<\/a><\/p>\n<p><a href=\"https:\/\/fuabc.org.br\/portaldatransparencia\/wp-content\/uploads\/arquivos\/central_de_convenios\/filial34_central_de_convenios_052021_cargos_salarios.xlsx\">Maio | 2021 | Cargos e Sal\u00e1rios<\/a><\/p>\n<p><a href=\"https:\/\/fuabc.org.br\/portaldatransparencia\/wp-content\/uploads\/arquivos\/central_de_convenios\/filial34_central_de_convenios_042021_cargos_salarios.xlsx\">Abril | 2021 | Cargos e Sal\u00e1rios<\/a><\/p>\n<p><a href=\"https:\/\/fuabc.org.br\/portaldatransparencia\/wp-content\/uploads\/arquivos\/central_de_convenios\/filial34_central_de_convenios_032021_cargos_salarios.xlsx\">Mar\u00e7o | 2021 | Cargos e Sal\u00e1rios<\/a><\/p>\n<p><a href=\"https:\/\/fuabc.org.br\/portaldatransparencia\/wp-content\/uploads\/arquivos\/central_de_convenios\/filial34_central_de_convenios_022021_cargos_salarios.xlsx\">Fevereiro | 2021 | Cargos e Sal\u00e1rios<\/a><\/p>\n<p><a href=\"https:\/\/fuabc.org.br\/portaldatransparencia\/wp-content\/uploads\/arquivos\/central_de_convenios\/filial34_central_de_convenios_012021_cargos_salarios.xlsx\">Janeiro | 2021 | Cargos e Sal\u00e1rios<\/a><\/p>\n<div style=\"margin-top:30px; clear:both;\"><\/div><\/div><div style=\"border-top:7px solid #1e73be;\" id=\"34-hospital-geral-de-sao-mateus-uti-rh-tab-2\" class=\"rtbs_content\"><p><a href=\"https:\/\/fuabc.org.br\/portaldatransparencia\/wp-content\/uploads\/arquivos\/central_de_convenios\/filial34_central_de_convenios_122021_cargos_funcionarios.xlsx\">Dezembro | 2021 | Rela\u00e7\u00e3o nominal dos cargos<\/a><\/p>\n<p><a href=\"https:\/\/fuabc.org.br\/portaldatransparencia\/wp-content\/uploads\/arquivos\/central_de_convenios\/filial34_central_de_convenios_112021_cargos_funcionarios.xlsx\">Novembro | 2021 | Rela\u00e7\u00e3o nominal dos cargos<\/a><\/p>\n<p><a href=\"https:\/\/fuabc.org.br\/portaldatransparencia\/wp-content\/uploads\/arquivos\/central_de_convenios\/filial34_central_de_convenios_102021_cargos_funcionarios.xlsx\">Outubro | 2021 | Rela\u00e7\u00e3o nominal dos cargos<\/a><\/p>\n<p><a href=\"https:\/\/fuabc.org.br\/portaldatransparencia\/wp-content\/uploads\/arquivos\/central_de_convenios\/filial34_central_de_convenios_092021_cargos_funcionarios.xlsx\">Setembro | 2021 | Rela\u00e7\u00e3o nominal dos cargos<\/a><\/p>\n<p><a href=\"https:\/\/fuabc.org.br\/portaldatransparencia\/wp-content\/uploads\/arquivos\/central_de_convenios\/filial34_central_de_convenios_082021_cargos_funcionarios.xlsx\">Agosto | 2021 | Rela\u00e7\u00e3o nominal dos cargos<\/a><\/p>\n<p><a href=\"https:\/\/fuabc.org.br\/portaldatransparencia\/wp-content\/uploads\/arquivos\/central_de_convenios\/filial34_central_de_convenios_072021_cargos_funcionarios.xlsx\">Julho | 2021 | Rela\u00e7\u00e3o nominal dos cargos<\/a><\/p>\n<p><a href=\"https:\/\/fuabc.org.br\/portaldatransparencia\/wp-content\/uploads\/arquivos\/central_de_convenios\/filial34_central_de_convenios_062021_cargos_funcionarios.xlsx\">Junho | 2021 | Rela\u00e7\u00e3o nominal dos cargos<\/a><\/p>\n<p><a href=\"https:\/\/fuabc.org.br\/portaldatransparencia\/wp-content\/uploads\/arquivos\/central_de_convenios\/filial34_central_de_convenios_052021_cargos_funcionarios.xlsx\">Maio | 2021 | Rela\u00e7\u00e3o nominal dos cargos<\/a><\/p>\n<p><a href=\"https:\/\/fuabc.org.br\/portaldatransparencia\/wp-content\/uploads\/arquivos\/central_de_convenios\/filial34_central_de_convenios_042021_cargos_funcionarios.xlsx\">Abril | 2021 | Rela\u00e7\u00e3o nominal dos cargos<\/a><\/p>\n<p><a href=\"https:\/\/fuabc.org.br\/portaldatransparencia\/wp-content\/uploads\/arquivos\/central_de_convenios\/filial34_central_de_convenios_032021_cargos_funcionarios.xlsx\">Mar\u00e7o | 2021 | Rela\u00e7\u00e3o nominal dos cargos<\/a><\/p>\n<p><a href=\"https:\/\/fuabc.org.br\/portaldatransparencia\/wp-content\/uploads\/arquivos\/central_de_convenios\/filial34_central_de_convenios_022021_cargos_funcionarios.xlsx\">Fevereiro | 2021 | Rela\u00e7\u00e3o nominal dos cargos<\/a><\/p>\n<p><a href=\"https:\/\/fuabc.org.br\/portaldatransparencia\/wp-content\/uploads\/arquivos\/central_de_convenios\/filial34_central_de_convenios_012021_cargos_funcionarios.xlsx\">Janeiro | 2021 | Rela\u00e7\u00e3o nominal dos cargos<\/a><\/p>\n<div style=\"margin-top:30px; clear:both;\"><\/div><\/div>\r\n    <\/div>\r\n    \n\n\n\n<h2 class=\"wp-block-heading\">Recursos Humanos<\/h2>\n\n\n\n<div class=\"rtbs rtbs_tab_ori rtbs_34-hospital-geral-de-sao-mateus-uti-financeiro\"><div class=\"rtbs_slug\" style=\"display:none\">34-hospital-geral-de-sao-mateus-uti-financeiro<\/div><div class=\"rtbs_inactive_tab_background\" style=\"display:none\">whitesmoke<\/div><div class=\"rtbs_breakpoint\" style=\"display:none\">600<\/div><div class=\"rtbs_color\" style=\"display:none\">#12bece<\/div>\r\n        <div class=\"rtbs_menu\">\r\n            <ul>\r\n                <li class=\"mobile_toggle\">&zwnj;<\/li><li class=\"current\"><a style=\"background:#12bece\" class=\"active 34-hospital-geral-de-sao-mateus-uti-financeiro-tab-link-0\" href=\"#\" data-tab=\"#34-hospital-geral-de-sao-mateus-uti-financeiro-tab-0\">2021<\/a><\/li><li><a href=\"#\" data-tab=\"#34-hospital-geral-de-sao-mateus-uti-financeiro-tab-1\" class=\"34-hospital-geral-de-sao-mateus-uti-financeiro-tab-link-1\">Valores Recebidos<\/a><\/li><li><a href=\"#\" data-tab=\"#34-hospital-geral-de-sao-mateus-uti-financeiro-tab-2\" class=\"34-hospital-geral-de-sao-mateus-uti-financeiro-tab-link-2\">Fornecedores e Prestadores de Servi\u00e7o<\/a><\/li><li><a href=\"#\" data-tab=\"#34-hospital-geral-de-sao-mateus-uti-financeiro-tab-3\" class=\"34-hospital-geral-de-sao-mateus-uti-financeiro-tab-link-3\">Prestadores de Servi\u00e7os (Pessoa F\u00edsica)<\/a><\/li><li><a href=\"#\" data-tab=\"#34-hospital-geral-de-sao-mateus-uti-financeiro-tab-4\" class=\"34-hospital-geral-de-sao-mateus-uti-financeiro-tab-link-4\">Balancetes<\/a><\/li>\r\n            <\/ul>\r\n        <\/div><div style=\"border-top:7px solid #12bece;\" id=\"34-hospital-geral-de-sao-mateus-uti-financeiro-tab-0\" class=\"rtbs_content active\"><div style=\"margin-top:30px; clear:both;\"><\/div><\/div><div style=\"border-top:7px solid #12bece;\" id=\"34-hospital-geral-de-sao-mateus-uti-financeiro-tab-1\" class=\"rtbs_content\"><p><a href=\"https:\/\/fuabc.org.br\/portaldatransparencia\/wp-content\/uploads\/arquivos\/central_de_convenios\/filial34_central_de_convenios_122021_receitas.xlsx\">Dezembro | 2021 | Valores Recebidos<\/a><\/p>\n<p><a href=\"https:\/\/fuabc.org.br\/portaldatransparencia\/wp-content\/uploads\/arquivos\/central_de_convenios\/filial34_central_de_convenios_112021_receitas.xlsx\">Novembro | 2021 | Valores Recebidos<\/a><\/p>\n<p><a href=\"https:\/\/fuabc.org.br\/portaldatransparencia\/wp-content\/uploads\/arquivos\/central_de_convenios\/filial34_central_de_convenios_102021_receitas.xlsx\">Outubro | 2021 | Valores Recebidos<\/a><\/p>\n<p><a href=\"https:\/\/fuabc.org.br\/portaldatransparencia\/wp-content\/uploads\/arquivos\/central_de_convenios\/filial34_central_de_convenios_092021_receitas.xlsx\">Setembro | 2021 | Valores Recebidos<\/a><\/p>\n<p><a href=\"https:\/\/fuabc.org.br\/portaldatransparencia\/wp-content\/uploads\/arquivos\/central_de_convenios\/filial34_central_de_convenios_082021_receitas.xlsx\">Agosto | 2021 | Valores Recebidos<\/a><\/p>\n<p><a href=\"https:\/\/fuabc.org.br\/portaldatransparencia\/wp-content\/uploads\/arquivos\/central_de_convenios\/filial34_central_de_convenios_072021_receitas.xlsx\">Julho | 2021 | Valores Recebidos<\/a><\/p>\n<p><a href=\"https:\/\/fuabc.org.br\/portaldatransparencia\/wp-content\/uploads\/arquivos\/central_de_convenios\/filial34_central_de_convenios_062021_receitas.xlsx\">Junho | 2021 | Valores Recebidos<\/a><\/p>\n<p><a href=\"https:\/\/fuabc.org.br\/portaldatransparencia\/wp-content\/uploads\/arquivos\/central_de_convenios\/filial34_central_de_convenios_052021_receitas.xlsx\">Maio | 2021 | Valores Recebidos<\/a><\/p>\n<p><a href=\"https:\/\/fuabc.org.br\/portaldatransparencia\/wp-content\/uploads\/arquivos\/central_de_convenios\/filial34_central_de_convenios_042021_receitas.xlsx\">Abril | 2021 | Valores Recebidos<\/a><\/p>\n<p><a href=\"https:\/\/fuabc.org.br\/portaldatransparencia\/wp-content\/uploads\/arquivos\/central_de_convenios\/filial34_central_de_convenios_032021_receitas.xlsx\">Mar\u00e7o | 2021 | Valores Recebidos<\/a><\/p>\n<p><a href=\"https:\/\/fuabc.org.br\/portaldatransparencia\/wp-content\/uploads\/arquivos\/central_de_convenios\/filial34_central_de_convenios_022021_receitas.xlsx\">Fevereiro | 2021 | Valores Recebidos<\/a><\/p>\n<p><a href=\"https:\/\/fuabc.org.br\/portaldatransparencia\/wp-content\/uploads\/arquivos\/central_de_convenios\/filial34_central_de_convenios_012021_receitas.xlsx\">Janeiro | 2021 | Valores Recebidos<\/a><\/p>\n<div style=\"margin-top:30px; clear:both;\"><\/div><\/div><div style=\"border-top:7px solid #12bece;\" id=\"34-hospital-geral-de-sao-mateus-uti-financeiro-tab-2\" class=\"rtbs_content\"><p><a href=\"https:\/\/fuabc.org.br\/portaldatransparencia\/wp-content\/uploads\/arquivos\/central_de_convenios\/filial34_central_de_convenios_122021_fornecedores.xlsx\">Dezembro | 2021 | Pagamentos a Fornecedores e Prestadores de Servi\u00e7os<\/a><\/p>\n<p><a href=\"https:\/\/fuabc.org.br\/portaldatransparencia\/wp-content\/uploads\/arquivos\/central_de_convenios\/filial34_central_de_convenios_112021_fornecedores.xlsx\">Novembro | 2021 | Pagamentos a Fornecedores e Prestadores de Servi\u00e7os<\/a><\/p>\n<p><a href=\"https:\/\/fuabc.org.br\/portaldatransparencia\/wp-content\/uploads\/arquivos\/central_de_convenios\/filial34_central_de_convenios_102021_fornecedores.xlsx\">Outubro | 2021 | Pagamentos a Fornecedores e Prestadores de Servi\u00e7os<\/a><\/p>\n<p><a href=\"https:\/\/fuabc.org.br\/portaldatransparencia\/wp-content\/uploads\/arquivos\/central_de_convenios\/filial34_central_de_convenios_092021_fornecedores.xlsx\">Setembro | 2021 | Pagamentos a Fornecedores e Prestadores de Servi\u00e7os<\/a><\/p>\n<p><a href=\"https:\/\/fuabc.org.br\/portaldatransparencia\/wp-content\/uploads\/arquivos\/central_de_convenios\/filial34_central_de_convenios_082021_fornecedores.xlsx\">Agosto | 2021 | Pagamentos a Fornecedores e Prestadores de Servi\u00e7os<\/a><\/p>\n<p><a href=\"https:\/\/fuabc.org.br\/portaldatransparencia\/wp-content\/uploads\/arquivos\/central_de_convenios\/filial34_central_de_convenios_072021_fornecedores.xlsx\">Julho | 2021 | Pagamentos a Fornecedores e Prestadores de Servi\u00e7os<\/a><\/p>\n<p><a href=\"https:\/\/fuabc.org.br\/portaldatransparencia\/wp-content\/uploads\/arquivos\/central_de_convenios\/filial34_central_de_convenios_062021_fornecedores.xlsx\">Junho | 2021 | Pagamentos a Fornecedores e Prestadores de Servi\u00e7os<\/a><\/p>\n<p><a href=\"https:\/\/fuabc.org.br\/portaldatransparencia\/wp-content\/uploads\/arquivos\/central_de_convenios\/filial34_central_de_convenios_052021_fornecedores.xlsx\">Maio | 2021 | Pagamentos a Fornecedores e Prestadores de Servi\u00e7os<\/a><\/p>\n<p><a href=\"https:\/\/fuabc.org.br\/portaldatransparencia\/wp-content\/uploads\/arquivos\/central_de_convenios\/filial34_central_de_convenios_042021_fornecedores.xlsx\">Abril | 2021 | Pagamentos a Fornecedores e Prestadores de Servi\u00e7os<\/a><\/p>\n<p><a href=\"https:\/\/fuabc.org.br\/portaldatransparencia\/wp-content\/uploads\/arquivos\/central_de_convenios\/filial34_central_de_convenios_032021_fornecedores.xlsx\">Mar\u00e7o | 2021 | Pagamentos a Fornecedores e Prestadores de Servi\u00e7os<\/a><\/p>\n<p><a href=\"https:\/\/fuabc.org.br\/portaldatransparencia\/wp-content\/uploads\/arquivos\/central_de_convenios\/filial34_central_de_convenios_022021_fornecedores.xlsx\">Fevereiro | 2021 | Pagamentos a Fornecedores e Prestadores de Servi\u00e7os<\/a><\/p>\n<p><a href=\"https:\/\/fuabc.org.br\/portaldatransparencia\/wp-content\/uploads\/arquivos\/central_de_convenios\/filial34_central_de_convenios_012021_fornecedores.xlsx\">Janeiro | 2021 | Pagamentos a Fornecedores e Prestadores de Servi\u00e7os<\/a><\/p>\n<div style=\"margin-top:30px; clear:both;\"><\/div><\/div><div style=\"border-top:7px solid #12bece;\" id=\"34-hospital-geral-de-sao-mateus-uti-financeiro-tab-3\" class=\"rtbs_content\"><p><a href=\"https:\/\/fuabc.org.br\/portaldatransparencia\/wp-content\/uploads\/arquivos\/central_de_convenios\/filial34_central_de_convenios_122021_rpa_autonomos.xlsx\">Dezembro | 2021 | Pagamentos a Prestadores de Servi\u00e7os (Pessoa F\u00edsica)<\/a><\/p>\n<p><a href=\"https:\/\/fuabc.org.br\/portaldatransparencia\/wp-content\/uploads\/arquivos\/central_de_convenios\/filial34_central_de_convenios_112021_rpa_autonomos.xlsx\">Novembro | 2021 | Pagamentos a Prestadores de Servi\u00e7os (Pessoa F\u00edsica)<\/a><\/p>\n<p><a href=\"https:\/\/fuabc.org.br\/portaldatransparencia\/wp-content\/uploads\/arquivos\/central_de_convenios\/filial34_central_de_convenios_102021_rpa_autonomos.xlsx\">Outubro | 2021 | Pagamentos a Prestadores de Servi\u00e7os (Pessoa F\u00edsica)<\/a><\/p>\n<p><a href=\"https:\/\/fuabc.org.br\/portaldatransparencia\/wp-content\/uploads\/arquivos\/central_de_convenios\/filial34_central_de_convenios_092021_rpa_autonomos.xlsx\">Setembro | 2021 | Pagamentos a Prestadores de Servi\u00e7os (Pessoa F\u00edsica)<\/a><\/p>\n<p><a href=\"https:\/\/fuabc.org.br\/portaldatransparencia\/wp-content\/uploads\/arquivos\/central_de_convenios\/filial34_central_de_convenios_082021_rpa_autonomos.xlsx\">Agosto | 2021 | Pagamentos a Prestadores de Servi\u00e7os (Pessoa F\u00edsica)<\/a><\/p>\n<p><a href=\"https:\/\/fuabc.org.br\/portaldatransparencia\/wp-content\/uploads\/arquivos\/central_de_convenios\/filial34_central_de_convenios_072021_rpa_autonomos.xlsx\">Julho | 2021 | Pagamentos a Prestadores de Servi\u00e7os (Pessoa F\u00edsica)<\/a><\/p>\n<p><a href=\"https:\/\/fuabc.org.br\/portaldatransparencia\/wp-content\/uploads\/arquivos\/central_de_convenios\/filial34_central_de_convenios_062021_rpa_autonomos.xlsx\">Junho | 2021 | Pagamentos a Prestadores de Servi\u00e7os (Pessoa F\u00edsica)<\/a><\/p>\n<p><a href=\"https:\/\/fuabc.org.br\/portaldatransparencia\/wp-content\/uploads\/arquivos\/central_de_convenios\/filial34_central_de_convenios_052021_rpa_autonomos.xlsx\">Maio | 2021 | Pagamentos a Prestadores de Servi\u00e7os (Pessoa F\u00edsica)<\/a><\/p>\n<p><a href=\"https:\/\/fuabc.org.br\/portaldatransparencia\/wp-content\/uploads\/arquivos\/central_de_convenios\/filial34_central_de_convenios_042021_rpa_autonomos.xlsx\">Abril | 2021 | Pagamentos a Prestadores de Servi\u00e7os (Pessoa F\u00edsica)<\/a><\/p>\n<p><a href=\"https:\/\/fuabc.org.br\/portaldatransparencia\/wp-content\/uploads\/arquivos\/central_de_convenios\/filial34_central_de_convenios_032021_rpa_autonomos.xlsx\">Mar\u00e7o | 2021 | Pagamentos a Prestadores de Servi\u00e7os (Pessoa F\u00edsica)<\/a><\/p>\n<p><a href=\"https:\/\/fuabc.org.br\/portaldatransparencia\/wp-content\/uploads\/arquivos\/central_de_convenios\/filial34_central_de_convenios_022021_rpa_autonomos.xlsx\">Fevereiro | 2021 | Pagamentos a Prestadores de Servi\u00e7os (Pessoa F\u00edsica)<\/a><\/p>\n<p><a href=\"https:\/\/fuabc.org.br\/portaldatransparencia\/wp-content\/uploads\/arquivos\/central_de_convenios\/filial34_central_de_convenios_012021_rpa_autonomos.xlsx\">Janeiro | 2021 | Pagamentos a Prestadores de Servi\u00e7os (Pessoa F\u00edsica)<\/a><\/p>\n<div style=\"margin-top:30px; clear:both;\"><\/div><\/div><div style=\"border-top:7px solid #12bece;\" id=\"34-hospital-geral-de-sao-mateus-uti-financeiro-tab-4\" class=\"rtbs_content\"><p><a href=\"https:\/\/fuabc.org.br\/portaldatransparencia\/wp-content\/uploads\/arquivos\/central_de_convenios\/filial34_central_de_convenios_122021_balancete.pdf\">Dezembro | 2021 | Balancete<\/a><br \/><a href=\"https:\/\/fuabc.org.br\/portaldatransparencia\/wp-content\/uploads\/arquivos\/central_de_convenios\/filial34_central_de_convenios_112021_balancete.pdf\">Novembro | 2021 | Balancete<\/a><br \/><a href=\"https:\/\/fuabc.org.br\/portaldatransparencia\/wp-content\/uploads\/arquivos\/central_de_convenios\/filial34_central_de_convenios_102021_balancete.pdf\">Outubro | 2021 | Balancete<\/a><br \/><a href=\"https:\/\/fuabc.org.br\/portaldatransparencia\/wp-content\/uploads\/arquivos\/central_de_convenios\/filial34_central_de_convenios_092021_balancete.pdf\">Setembro | 2021 | Balancete<\/a><br \/><a href=\"https:\/\/fuabc.org.br\/portaldatransparencia\/wp-content\/uploads\/arquivos\/central_de_convenios\/filial34_central_de_convenios_082021_balancete.pdf\">Agosto | 2021 | Balancete<\/a><br \/><a href=\"https:\/\/fuabc.org.br\/portaldatransparencia\/wp-content\/uploads\/arquivos\/central_de_convenios\/filial34_central_de_convenios_072021_balancete.pdf\">Julho | 2021 | Balancete<\/a><br \/><a href=\"https:\/\/fuabc.org.br\/portaldatransparencia\/wp-content\/uploads\/arquivos\/central_de_convenios\/filial34_central_de_convenios_062021_balancete.pdf\">Junho | 2021 | Balancete<\/a><br \/><a href=\"https:\/\/fuabc.org.br\/portaldatransparencia\/wp-content\/uploads\/arquivos\/central_de_convenios\/filial34_central_de_convenios_052021_balancete.pdf\">Maio | 2021 | Balancete<\/a><br \/><a href=\"https:\/\/fuabc.org.br\/portaldatransparencia\/wp-content\/uploads\/arquivos\/central_de_convenios\/filial34_central_de_convenios_042021_balancete.pdf\">Abril | 2021 | Balancete<\/a><br \/><a href=\"https:\/\/fuabc.org.br\/portaldatransparencia\/wp-content\/uploads\/arquivos\/central_de_convenios\/filial34_central_de_convenios_032021_balancete.pdf\">Mar\u00e7o | 2021 | Balancete<\/a><br \/><a href=\"https:\/\/fuabc.org.br\/portaldatransparencia\/wp-content\/uploads\/arquivos\/central_de_convenios\/filial34_central_de_convenios_022021_balancete.pdf\">Fevereiro | 2021 | Balancete<\/a><br \/><a href=\"https:\/\/fuabc.org.br\/portaldatransparencia\/wp-content\/uploads\/arquivos\/central_de_convenios\/filial34_central_de_convenios_012021_balancete.pdf\">Janeiro | 2021 | Balancete<\/a><\/p>\n<div style=\"margin-top:30px; clear:both;\"><\/div><\/div>\r\n    <\/div>\r\n    \n\n\n\n<h2 class=\"wp-block-heading\">Dados do Contrato<\/h2>\n\n\n\n<div class=\"rtbs rtbs_tab_ori rtbs_34-hospital-geral-de-sao-mateus-uti-dados-do-contrato\"><div class=\"rtbs_slug\" style=\"display:none\">34-hospital-geral-de-sao-mateus-uti-dados-do-contrato<\/div><div class=\"rtbs_inactive_tab_background\" style=\"display:none\">transparent<\/div><div class=\"rtbs_breakpoint\" style=\"display:none\">600<\/div><div class=\"rtbs_color\" style=\"display:none\">#1e73be<\/div>\r\n        <div class=\"rtbs_menu\">\r\n            <ul>\r\n                <li class=\"mobile_toggle\">&zwnj;<\/li><li class=\"current\"><a style=\"background:#1e73be\" class=\"active 34-hospital-geral-de-sao-mateus-uti-dados-do-contrato-tab-link-0\" href=\"#\" data-tab=\"#34-hospital-geral-de-sao-mateus-uti-dados-do-contrato-tab-0\">Geral<\/a><\/li><li><a href=\"#\" data-tab=\"#34-hospital-geral-de-sao-mateus-uti-dados-do-contrato-tab-1\" class=\"34-hospital-geral-de-sao-mateus-uti-dados-do-contrato-tab-link-1\">Planos de Trabalho e Termos de Ajustes<\/a><\/li>\r\n            <\/ul>\r\n        <\/div><div style=\"border-top:7px solid #1e73be;\" id=\"34-hospital-geral-de-sao-mateus-uti-dados-do-contrato-tab-0\" class=\"rtbs_content active\"><div style=\"margin-top:30px; clear:both;\"><\/div><\/div><div style=\"border-top:7px solid #1e73be;\" id=\"34-hospital-geral-de-sao-mateus-uti-dados-do-contrato-tab-1\" class=\"rtbs_content\"><p><a href=\"https:\/\/fuabc.org.br\/portaldatransparencia\/wp-content\/uploads\/arquivos\/central_de_convenios\/Convenio-00006-2020-Hospital-Geral-de-Sao-Mateus.pdf\">Conv\u00eanio 00006-2020 - Hospital Geral de S\u00e3o Mateus<\/a> <br \/><a href=\"https:\/\/fuabc.org.br\/portaldatransparencia\/wp-content\/uploads\/arquivos\/central_de_convenios\/1\u00b0-Termo-Aditivo-convenio-00006-21-Hospital-Geral-de-Sao-Mateus.pdf\">1\u00b0 Termo Aditivo ( conv\u00eanio 00006-21) - Hospital Geral de S\u00e3o Mateus<\/a> <br \/><a href=\"https:\/\/fuabc.org.br\/portaldatransparencia\/wp-content\/uploads\/arquivos\/central_de_convenios\/2\u00b0-Termo-Aditivo-convenio-00006-21-Hospital-Geral-de-Sao-Mateus.pdf\">2\u00b0 Termo Aditivo ( conv\u00eanio 00006-21) - Hospital Geral de S\u00e3o Mateus<\/a><\/p>\n<div style=\"margin-top:30px; clear:both;\"><\/div><\/div>\r\n    <\/div>\r\n    \n\n\n\n<figure class=\"wp-block-image size-large\"><a href=\"https:\/\/fuabc.org.br\/portaldatransparencia\/covid-19-34-hospital-geral-de-sao-mateus-uti\/\"><img loading=\"lazy\" decoding=\"async\" width=\"600\" height=\"100\" src=\"https:\/\/fuabc.org.br\/portaldatransparencia\/wp-content\/uploads\/arquivos\/fuabc\/bt_publicacoes_oficiais_covid19_transp.png\" alt=\"\" class=\"wp-image-4036\" srcset=\"https:\/\/fuabc.org.br\/portaldatransparencia\/wp-content\/uploads\/arquivos\/fuabc\/bt_publicacoes_oficiais_covid19_transp.png 600w, https:\/\/fuabc.org.br\/portaldatransparencia\/wp-content\/uploads\/arquivos\/fuabc\/bt_publicacoes_oficiais_covid19_transp-300x50.png 300w\" sizes=\"auto, (max-width: 600px) 100vw, 600px\" \/><\/a><\/figure>\n","protected":false},"excerpt":{"rendered":"<p>(Contrato iniciado em janeiro de 2021. Novas atualiza\u00e7\u00f5es estar\u00e3o dispon\u00edveis em breve no sistema). Recursos Humanos (o comparativo entre as tabelas de RH deve ser feito pela aba &#8220;Matr\u00edcula&#8221;) Recursos Humanos Dados do Contrato<\/p>\n","protected":false},"author":1,"featured_media":0,"parent":0,"menu_order":0,"comment_status":"closed","ping_status":"closed","template":"template-portal.php","meta":{"_acf_changed":false,"footnotes":""},"class_list":["post-6855","page","type-page","status-publish","hentry"],"acf":[],"_links":{"self":[{"href":"https:\/\/fuabc.org.br\/portaldatransparencia\/wp-json\/wp\/v2\/pages\/6855","targetHints":{"allow":["GET"]}}],"collection":[{"href":"https:\/\/fuabc.org.br\/portaldatransparencia\/wp-json\/wp\/v2\/pages"}],"about":[{"href":"https:\/\/fuabc.org.br\/portaldatransparencia\/wp-json\/wp\/v2\/types\/page"}],"author":[{"embeddable":true,"href":"https:\/\/fuabc.org.br\/portaldatransparencia\/wp-json\/wp\/v2\/users\/1"}],"replies":[{"embeddable":true,"href":"https:\/\/fuabc.org.br\/portaldatransparencia\/wp-json\/wp\/v2\/comments?post=6855"}],"version-history":[{"count":3,"href":"https:\/\/fuabc.org.br\/portaldatransparencia\/wp-json\/wp\/v2\/pages\/6855\/revisions"}],"predecessor-version":[{"id":6872,"href":"https:\/\/fuabc.org.br\/portaldatransparencia\/wp-json\/wp\/v2\/pages\/6855\/revisions\/6872"}],"wp:attachment":[{"href":"https:\/\/fuabc.org.br\/portaldatransparencia\/wp-json\/wp\/v2\/media?parent=6855"}],"curies":[{"name":"wp","href":"https:\/\/api.w.org\/{rel}","templated":true}]}}