{"id":808,"date":"2019-07-31T18:31:01","date_gmt":"2019-07-31T18:31:01","guid":{"rendered":"https:\/\/fuabc.org.br\/portaldatransparencia\/?page_id=808"},"modified":"2019-08-01T17:45:47","modified_gmt":"2019-08-01T17:45:47","slug":"central-de-convenios-balancetes-filiais-junho-2019","status":"publish","type":"page","link":"https:\/\/fuabc.org.br\/portaldatransparencia\/central-de-convenios-balancetes-filiais-junho-2019\/","title":{"rendered":"Central de Conv\u00eanios | Balancetes Filiais | Junho\/2019"},"content":{"rendered":"\n<p><a href=\"https:\/\/fuabc.org.br\/portaldatransparencia\/wp-content\/uploads\/arquivos\/central_de_convenios\/filial09_central_de_convenios_062019_balancetes.pdf\">09 &#8211; Adm. Presta\u00e7\u00e3o de Servi\u00e7os<\/a><br><a href=\"https:\/\/fuabc.org.br\/portaldatransparencia\/wp-content\/uploads\/arquivos\/central_de_convenios\/filial10_central_de_convenios_062019_balancetes.pdf\"> 10 &#8211; Administra\u00e7\u00e3o<\/a><br><a href=\"https:\/\/fuabc.org.br\/portaldatransparencia\/wp-content\/uploads\/arquivos\/central_de_convenios\/filial11_central_de_convenios_062019_balancetes.pdf\"> 11 &#8211; Santo Andr\u00e9<\/a><br><a href=\"https:\/\/fuabc.org.br\/portaldatransparencia\/wp-content\/uploads\/arquivos\/central_de_convenios\/filial12_central_de_convenios_062019_balancetes.pdf\"> 12 &#8211; S\u00e3o Bernardo do Campo<\/a><br><a href=\"https:\/\/fuabc.org.br\/portaldatransparencia\/wp-content\/uploads\/arquivos\/central_de_convenios\/filial13_central_de_convenios_062019_balancetes.pdf\"> 13 &#8211; S\u00e3o Caetano do Sul<\/a><br><a href=\"https:\/\/fuabc.org.br\/portaldatransparencia\/wp-content\/uploads\/arquivos\/central_de_convenios\/filial14_central_de_convenios_062019_balancetes.pdf\"> 14 &#8211; Rio Grande da Serra<\/a><br><a href=\"https:\/\/fuabc.org.br\/portaldatransparencia\/wp-content\/uploads\/arquivos\/central_de_convenios\/filial15_central_de_convenios_062019_balancetes.pdf\"> 15 &#8211; Mau\u00e1<\/a><br><a href=\"https:\/\/fuabc.org.br\/portaldatransparencia\/wp-content\/uploads\/arquivos\/central_de_convenios\/filial16_central_de_convenios_062019_balancetes.pdf\"> 16 &#8211; Ribeir\u00e3o Pires<\/a><br><a href=\"https:\/\/fuabc.org.br\/portaldatransparencia\/wp-content\/uploads\/arquivos\/central_de_convenios\/filial18_central_de_convenios_062019_balancetes.pdf\"> 18 &#8211; Caieiras<\/a><br><a href=\"https:\/\/fuabc.org.br\/portaldatransparencia\/wp-content\/uploads\/arquivos\/central_de_convenios\/filial19_central_de_convenios_062019_balancetes.pdf\"> 19 &#8211; Guarulhos<\/a><br><a href=\"https:\/\/fuabc.org.br\/portaldatransparencia\/wp-content\/uploads\/arquivos\/central_de_convenios\/filial20_central_de_convenios_062019_balancetes.pdf\"> 20 &#8211; Santo Andr\u00e9 II<\/a><br><a href=\"https:\/\/fuabc.org.br\/portaldatransparencia\/wp-content\/uploads\/arquivos\/central_de_convenios\/filial21_central_de_convenios_062019_balancetes.pdf\"> 21 &#8211; Santo Andr\u00e9 Dislexia<\/a><br><a href=\"https:\/\/fuabc.org.br\/portaldatransparencia\/wp-content\/uploads\/arquivos\/central_de_convenios\/filial22_central_de_convenios_062019_balancetes.pdf\"> 22 &#8211; Interlagos<\/a><br><a href=\"https:\/\/fuabc.org.br\/portaldatransparencia\/wp-content\/uploads\/arquivos\/central_de_convenios\/filial23_central_de_convenios_062019_balancetes.pdf\"> 23 &#8211; Itatiba<\/a><br><a href=\"https:\/\/fuabc.org.br\/portaldatransparencia\/wp-content\/uploads\/arquivos\/central_de_convenios\/filial24_central_de_convenios_062019_balancetes.pdf\"> 24 &#8211; Dislexia &#8211; Termo Colabora\u00e7\u00e3o<\/a><br><a href=\"https:\/\/fuabc.org.br\/portaldatransparencia\/wp-content\/uploads\/arquivos\/central_de_convenios\/filial25_central_de_convenios_062019_balancetes.pdf\"> 25 &#8211; Mogi das Cruzes<\/a><br><a href=\"https:\/\/fuabc.org.br\/portaldatransparencia\/wp-content\/uploads\/arquivos\/central_de_convenios\/filial26_central_de_convenios_062019_balancetes.pdf\"> 26 &#8211; AME Itapevi<\/a><br><a href=\"https:\/\/fuabc.org.br\/portaldatransparencia\/wp-content\/uploads\/arquivos\/central_de_convenios\/filial27_central_de_convenios_062019_balancetes.pdf\"> 27 &#8211; Hospital Municipal de Mogi das Cruzes <\/a><\/p>\n","protected":false},"excerpt":{"rendered":"<p>09 &#8211; Adm. Presta\u00e7\u00e3o de Servi\u00e7os 10 &#8211; Administra\u00e7\u00e3o 11 &#8211; Santo Andr\u00e9 12 &#8211; S\u00e3o Bernardo do Campo 13 &#8211; S\u00e3o Caetano do Sul 14 &#8211; Rio Grande da Serra 15 &#8211; Mau\u00e1 16 &#8211; Ribeir\u00e3o Pires 18 &#8211; Caieiras 19 &#8211; Guarulhos 20 &#8211; Santo Andr\u00e9 II 21 &#8211; Santo Andr\u00e9 Dislexia 22 &#8211; Interlagos 23 &#8211; Itatiba 24 &#8211; Dislexia &#8211; Termo Colabora\u00e7\u00e3o 25 &#8211; Mogi das Cruzes 26 &#8211; AME Itapevi 27 &#8211; Hospital Municipal de Mogi das Cruzes<\/p>\n","protected":false},"author":1,"featured_media":0,"parent":0,"menu_order":0,"comment_status":"closed","ping_status":"closed","template":"template-portal.php","meta":{"_acf_changed":false,"footnotes":""},"class_list":["post-808","page","type-page","status-publish","hentry"],"acf":[],"_links":{"self":[{"href":"https:\/\/fuabc.org.br\/portaldatransparencia\/wp-json\/wp\/v2\/pages\/808","targetHints":{"allow":["GET"]}}],"collection":[{"href":"https:\/\/fuabc.org.br\/portaldatransparencia\/wp-json\/wp\/v2\/pages"}],"about":[{"href":"https:\/\/fuabc.org.br\/portaldatransparencia\/wp-json\/wp\/v2\/types\/page"}],"author":[{"embeddable":true,"href":"https:\/\/fuabc.org.br\/portaldatransparencia\/wp-json\/wp\/v2\/users\/1"}],"replies":[{"embeddable":true,"href":"https:\/\/fuabc.org.br\/portaldatransparencia\/wp-json\/wp\/v2\/comments?post=808"}],"version-history":[{"count":0,"href":"https:\/\/fuabc.org.br\/portaldatransparencia\/wp-json\/wp\/v2\/pages\/808\/revisions"}],"wp:attachment":[{"href":"https:\/\/fuabc.org.br\/portaldatransparencia\/wp-json\/wp\/v2\/media?parent=808"}],"curies":[{"name":"wp","href":"https:\/\/api.w.org\/{rel}","templated":true}]}}