{"id":9170,"date":"2021-08-26T19:15:28","date_gmt":"2021-08-26T19:15:28","guid":{"rendered":"https:\/\/fuabc.org.br\/portaldatransparencia\/?page_id=9170"},"modified":"2022-05-16T19:47:36","modified_gmt":"2022-05-16T19:47:36","slug":"balancete-complexo-de-saude-de-sao-bernardo-campo-maio-2021","status":"publish","type":"page","link":"https:\/\/fuabc.org.br\/portaldatransparencia\/balancete-complexo-de-saude-de-sao-bernardo-campo-maio-2021\/","title":{"rendered":"Balancete Complexo de Sa\u00fade de S\u00e3o Bernardo Campo | 2021"},"content":{"rendered":"\n<p>O Complexo Hospitalar Municipal de S\u00e3o Bernardo do Campo e da Rede Municipal de Sa\u00fade de S\u00e3o Bernardo do Campo foram unificados no Complexo de Sa\u00fade de S\u00e3o Bernardo do Campo, cujos balancetes seguem abaixo:<\/p>\n\n\n\n<p><\/p>\n\n\n\n<p><a href=\"https:\/\/fuabc.org.br\/portaldatransparencia\/wp-content\/uploads\/arquivos\/sao_bernardo\/complexo_saude_sbc_122021_balancete_rede_hospitalar.pdf\">Dezembro | 2021 | Balancete Rede Hospitalar<\/a><br><a href=\"https:\/\/fuabc.org.br\/portaldatransparencia\/wp-content\/uploads\/arquivos\/sao_bernardo\/complexo_saude_sbc_122021_balancete_rede_municipal.pdf\">Dezembro | 2021 | Balancete Rede Municipal de Sa\u00fade<\/a><br><a href=\"https:\/\/fuabc.org.br\/portaldatransparencia\/wp-content\/uploads\/arquivos\/sao_bernardo\/complexo_saude_sbc_112021_balancete_rede_hospitalar.pdf\">Novembro | 2021 | Balancete Rede Hospitalar<\/a><br><a href=\"https:\/\/fuabc.org.br\/portaldatransparencia\/wp-content\/uploads\/arquivos\/sao_bernardo\/complexo_saude_sbc_112021_balancete_rede_municipal.pdf\">Novembro | 2021 | Balancete Rede Municipal de Sa\u00fade<\/a><br><a href=\"https:\/\/fuabc.org.br\/portaldatransparencia\/wp-content\/uploads\/arquivos\/sao_bernardo\/complexo_saude_sbc_102021_balancete_rede_hospitalar.pdf\">Outubro | 2021 | Balancete Rede Hospitalar<\/a><br><a href=\"https:\/\/fuabc.org.br\/portaldatransparencia\/wp-content\/uploads\/arquivos\/sao_bernardo\/complexo_saude_sbc_102021_balancete_rede_municipal.pdf\">Outubro | 2021 | Balancete Rede Municipal de Sa\u00fade<\/a><br><a href=\"https:\/\/fuabc.org.br\/portaldatransparencia\/wp-content\/uploads\/arquivos\/sao_bernardo\/complexo_saude_sbc_092021_balancete_rede_hospitalar.pdf\">Setembro | 2021 | Balancete Rede Hospitalar<\/a><br><a href=\"https:\/\/fuabc.org.br\/portaldatransparencia\/wp-content\/uploads\/arquivos\/sao_bernardo\/complexo_saude_sbc_092021_balancete_rede_municipal.pdf\">Setembro | 2021 | Balancete Rede Municipal de Sa\u00fade<\/a><br><a href=\"https:\/\/fuabc.org.br\/portaldatransparencia\/wp-content\/uploads\/arquivos\/sao_bernardo\/complexo_saude_sbc_082021_balancete_rede_hospitalar.pdf\">Agosto | 2021 | Balancete Rede Hospitalar<\/a><br><a href=\"https:\/\/fuabc.org.br\/portaldatransparencia\/wp-content\/uploads\/arquivos\/sao_bernardo\/complexo_saude_sbc_082021_balancete_rede_municipal.pdf\">Agosto | 2021 | Balancete Rede Municipal de Sa\u00fade<\/a><br><a href=\"https:\/\/fuabc.org.br\/portaldatransparencia\/wp-content\/uploads\/arquivos\/sao_bernardo\/complexo_saude_sbc_072021_balancete_rede_hospitalar.pdf\">Julho | 2021 | Balancete Rede Hospitalar<\/a><br><a href=\"https:\/\/fuabc.org.br\/portaldatransparencia\/wp-content\/uploads\/arquivos\/sao_bernardo\/complexo_saude_sbc_072021_balancete_rede_municipal.pdf\">Julho | 2021 | Balancete Rede Municipal de Sa\u00fade<\/a><br><a href=\"https:\/\/fuabc.org.br\/portaldatransparencia\/wp-content\/uploads\/arquivos\/sao_bernardo\/complexo_saude_sbc_062021_balancete_rede_hospitalar.pdf\">Junho | 2021 | Balancete Rede Hospitalar<\/a><br><a href=\"https:\/\/fuabc.org.br\/portaldatransparencia\/wp-content\/uploads\/arquivos\/sao_bernardo\/complexo_saude_sbc_062021_balancete_rede_municipal.pdf\">Junho | 2021 | Balancete Rede Municipal de Sa\u00fade<\/a><br><a href=\"https:\/\/fuabc.org.br\/portaldatransparencia\/wp-content\/uploads\/arquivos\/sao_bernardo\/complexo_saude_sbc_052021_balancete_rede_hospitalar.pdf\">Maio | 2021 | Balancete Rede Hospitalar<\/a><br><a href=\"https:\/\/fuabc.org.br\/portaldatransparencia\/wp-content\/uploads\/arquivos\/sao_bernardo\/complexo_saude_sbc_052021_balancete_rede_municipal.pdf\">Maio | 2021 | Balancete Rede Municipal de Sa\u00fade<\/a><\/p>\n","protected":false},"excerpt":{"rendered":"<p>O Complexo Hospitalar Municipal de S\u00e3o Bernardo do Campo e da Rede Municipal de Sa\u00fade de S\u00e3o Bernardo do Campo foram unificados no Complexo de Sa\u00fade de S\u00e3o Bernardo do Campo, cujos balancetes seguem abaixo: Dezembro | 2021 | Balancete Rede HospitalarDezembro | 2021 | Balancete Rede Municipal de Sa\u00fadeNovembro | 2021 | Balancete Rede HospitalarNovembro | 2021 | Balancete Rede Municipal de Sa\u00fadeOutubro | 2021 | Balancete Rede HospitalarOutubro | 2021 | Balancete Rede Municipal de Sa\u00fadeSetembro | 2021 | Balancete Rede HospitalarSetembro | 2021 | Balancete Rede Municipal de Sa\u00fadeAgosto | 2021 | Balancete Rede HospitalarAgosto | 2021 | Balancete Rede Municipal de Sa\u00fadeJulho | 2021 | Balancete Rede HospitalarJulho | 2021 | Balancete Rede Municipal de Sa\u00fadeJunho | 2021 | Balancete Rede HospitalarJunho | 2021 | Balancete Rede Municipal de Sa\u00fadeMaio | 2021 | Balancete Rede HospitalarMaio | 2021 | Balancete Rede Municipal de Sa\u00fade<\/p>\n","protected":false},"author":1,"featured_media":0,"parent":0,"menu_order":0,"comment_status":"closed","ping_status":"closed","template":"template-portal.php","meta":{"_acf_changed":false,"footnotes":""},"class_list":["post-9170","page","type-page","status-publish","hentry"],"acf":[],"_links":{"self":[{"href":"https:\/\/fuabc.org.br\/portaldatransparencia\/wp-json\/wp\/v2\/pages\/9170","targetHints":{"allow":["GET"]}}],"collection":[{"href":"https:\/\/fuabc.org.br\/portaldatransparencia\/wp-json\/wp\/v2\/pages"}],"about":[{"href":"https:\/\/fuabc.org.br\/portaldatransparencia\/wp-json\/wp\/v2\/types\/page"}],"author":[{"embeddable":true,"href":"https:\/\/fuabc.org.br\/portaldatransparencia\/wp-json\/wp\/v2\/users\/1"}],"replies":[{"embeddable":true,"href":"https:\/\/fuabc.org.br\/portaldatransparencia\/wp-json\/wp\/v2\/comments?post=9170"}],"version-history":[{"count":6,"href":"https:\/\/fuabc.org.br\/portaldatransparencia\/wp-json\/wp\/v2\/pages\/9170\/revisions"}],"predecessor-version":[{"id":12454,"href":"https:\/\/fuabc.org.br\/portaldatransparencia\/wp-json\/wp\/v2\/pages\/9170\/revisions\/12454"}],"wp:attachment":[{"href":"https:\/\/fuabc.org.br\/portaldatransparencia\/wp-json\/wp\/v2\/media?parent=9170"}],"curies":[{"name":"wp","href":"https:\/\/api.w.org\/{rel}","templated":true}]}}