{"id":9580,"date":"2021-09-23T17:25:04","date_gmt":"2021-09-23T17:25:04","guid":{"rendered":"https:\/\/fuabc.org.br\/portaldatransparencia\/?page_id=9580"},"modified":"2026-04-07T13:23:04","modified_gmt":"2026-04-07T13:23:04","slug":"santo-andre","status":"publish","type":"page","link":"https:\/\/fuabc.org.br\/portaldatransparencia\/santo-andre\/","title":{"rendered":"Santo Andr\u00e9"},"content":{"rendered":"\n<p><a href=\"https:\/\/fuabc.org.br\/portaldatransparencia\/41-santo-andre-contrato-de-gestao-ss-n-35-2021-inicio-25-01-2022\/\">(41) Santo Andr\u00e9 &#8211; Contrato de Gest\u00e3o SS n\u00b0 35-2022 (in\u00edcio em 25\/01\/2022).<\/a><\/p>\n\n\n\n<p><a href=\"https:\/\/fuabc.org.br\/portaldatransparencia\/38-santo-andre-contrato-emergencial-205-2021\/\">(38) Santo Andr\u00e9 &#8211; Contrato Emergencial 205 \u2013 2021 (encerrado &#8211; vig\u00eancia de 29\/07\/2021 a 24\/01\/2022).<\/a><\/p>\n\n\n\n<p><a href=\"https:\/\/fuabc.org.br\/portaldatransparencia\/36-santo-andre-indenizatorio-2021\/\">(36) Santo Andr\u00e9 &#8211; Indenizat\u00f3rio 2021 (encerrado &#8211; vig\u00eancia de 29\/06\/2021 a 28\/07\/2021)<\/a><\/p>\n\n\n\n<p><a href=\"https:\/\/fuabc.org.br\/portaldatransparencia\/30-santo-andre-c-e-02-cc\/\">(32) Santo Andr\u00e9 &#8211; Contrato Emergencial 02 &#8211; 2021 (encerrado em 28\/06\/2021)<\/a><\/p>\n\n\n\n<p><a href=\"https:\/\/fuabc.org.br\/portaldatransparencia\/30-santo-andre-c-e-cc\/\">(30) Santo Andr\u00e9 &#8211; Contrato Emergencial 01 &#8211; 2020 (encerrado em 31\/12\/2020)<\/a><\/p>\n\n\n\n<p><a href=\"https:\/\/fuabc.org.br\/portaldatransparencia\/20-santo-andre-ii-cc\/\">(20) Santo Andr\u00e9 &#8211; Contrato de Gest\u00e3o 348\/15 &#8211; (encerrado em 30\/06\/2020)<\/a><\/p>\n\n\n\n<hr class=\"wp-block-separator has-css-opacity\"\/>\n\n\n\n<div style=\"height:30px\" aria-hidden=\"true\" class=\"wp-block-spacer\"><\/div>\n\n\n\n<p><a href=\"https:\/\/fuabc.org.br\/portaldatransparencia\/39-santo-andre-termo-de-colaboracao-n-160-2021-conviver-bem\/\">39 &#8211; Santo Andr\u00e9 &#8211; Termo de Colabora\u00e7\u00e3o n\u00b0 160\/2021 &#8211; Conviver Bem (encerrado em 30\/09\/2025)<\/a> <\/p>\n\n\n\n<p><a href=\"https:\/\/fuabc.org.br\/portaldatransparencia\/31-scas-termo-de-colaboracao-cc\/\">31- SCAS \u2013 Secretaria de Cidadania e Assist\u00eancia Social de Santo Andr\u00e9 \u2013 Termo de Colabora\u00e7\u00e3o 182\/2023<\/a><\/p>\n\n\n\n<p><a href=\"https:\/\/fuabc.org.br\/portaldatransparencia\/24-dislexia-termo-colaboracao-cc\/\">24 &#8211; Dislexia \u2013 Termo Colabora\u00e7\u00e3o \u2013 Santo Andr\u00e9<\/a><\/p>\n","protected":false},"excerpt":{"rendered":"<p>(41) Santo Andr\u00e9 &#8211; Contrato de Gest\u00e3o SS n\u00b0 35-2022 (in\u00edcio em 25\/01\/2022). (38) Santo Andr\u00e9 &#8211; Contrato Emergencial 205 \u2013 2021 (encerrado &#8211; vig\u00eancia de 29\/07\/2021 a 24\/01\/2022). (36) Santo Andr\u00e9 &#8211; Indenizat\u00f3rio 2021 (encerrado &#8211; vig\u00eancia de 29\/06\/2021 a 28\/07\/2021) (32) Santo Andr\u00e9 &#8211; Contrato Emergencial 02 &#8211; 2021 (encerrado em 28\/06\/2021) (30) Santo Andr\u00e9 &#8211; Contrato Emergencial 01 &#8211; 2020 (encerrado em 31\/12\/2020) (20) Santo Andr\u00e9 &#8211; Contrato de Gest\u00e3o 348\/15 &#8211; (encerrado em 30\/06\/2020) 39 &#8211; Santo Andr\u00e9 &#8211; Termo de Colabora\u00e7\u00e3o n\u00b0 160\/2021 &#8211; Conviver Bem (encerrado em 30\/09\/2025) 31- SCAS \u2013 Secretaria de Cidadania e Assist\u00eancia Social de Santo Andr\u00e9 \u2013 Termo de Colabora\u00e7\u00e3o 182\/2023 24 &#8211; Dislexia \u2013 Termo Colabora\u00e7\u00e3o \u2013 Santo Andr\u00e9<\/p>\n","protected":false},"author":1,"featured_media":0,"parent":0,"menu_order":0,"comment_status":"closed","ping_status":"closed","template":"template-portal.php","meta":{"_acf_changed":false,"footnotes":""},"class_list":["post-9580","page","type-page","status-publish","hentry"],"acf":[],"_links":{"self":[{"href":"https:\/\/fuabc.org.br\/portaldatransparencia\/wp-json\/wp\/v2\/pages\/9580","targetHints":{"allow":["GET"]}}],"collection":[{"href":"https:\/\/fuabc.org.br\/portaldatransparencia\/wp-json\/wp\/v2\/pages"}],"about":[{"href":"https:\/\/fuabc.org.br\/portaldatransparencia\/wp-json\/wp\/v2\/types\/page"}],"author":[{"embeddable":true,"href":"https:\/\/fuabc.org.br\/portaldatransparencia\/wp-json\/wp\/v2\/users\/1"}],"replies":[{"embeddable":true,"href":"https:\/\/fuabc.org.br\/portaldatransparencia\/wp-json\/wp\/v2\/comments?post=9580"}],"version-history":[{"count":16,"href":"https:\/\/fuabc.org.br\/portaldatransparencia\/wp-json\/wp\/v2\/pages\/9580\/revisions"}],"predecessor-version":[{"id":29914,"href":"https:\/\/fuabc.org.br\/portaldatransparencia\/wp-json\/wp\/v2\/pages\/9580\/revisions\/29914"}],"wp:attachment":[{"href":"https:\/\/fuabc.org.br\/portaldatransparencia\/wp-json\/wp\/v2\/media?parent=9580"}],"curies":[{"name":"wp","href":"https:\/\/api.w.org\/{rel}","templated":true}]}}