{"id":9587,"date":"2021-09-23T17:19:36","date_gmt":"2021-09-23T17:19:36","guid":{"rendered":"https:\/\/fuabc.org.br\/portaldatransparencia\/?page_id=9587"},"modified":"2021-11-10T16:04:36","modified_gmt":"2021-11-10T16:04:36","slug":"covid-19-36-santo-andre-indenizatorio-2021","status":"publish","type":"page","link":"https:\/\/fuabc.org.br\/portaldatransparencia\/covid-19-36-santo-andre-indenizatorio-2021\/","title":{"rendered":"Covid 19 | 36 &#8211; Santo Andr\u00e9 &#8211; Indenizat\u00f3rio 2021"},"content":{"rendered":"\n<h2 class=\"wp-block-heading\">Despesas<\/h2>\n\n\n\n<p>21\/10\/2021<\/p>\n\n\n\n<p><a href=\"https:\/\/fuabc.org.br\/publicacoes-oficiais\/transparencia-fuabc-secretaria-de-saude-de-santo-andre-indenizatorio-v-processo-sa0456-20-contratacao-de-empresa-especializada-em-prestacao-de-servicos-medicos-para-o\/\">TRANSPAR\u00caNCIA \u2013 FUABC \u2013 SECRETARIA DE SA\u00daDE DE SANTO ANDR\u00c9 (INDENIZAT\u00d3RIO V) \u2013 PROCESSO SA0456\/20 \u2013 CONTRATA\u00c7\u00c3O DE EMPRESA ESPECIALIZADA EM PRESTA\u00c7\u00c3O DE SERVI\u00c7OS M\u00c9DICOS PARA O CENTRO HOSPITALAR MUNICIPAL DE SANTO ANDR\u00c9, HOSPITAL DE CAMPANHA DO GIN\u00c1SIO PEDRO DELL\u2019ANTONIA E PARA O HOSPITAL DE CAMPANHA DA UNIVERSIDADE FEDERAL DO ABC.<\/a><\/p>\n\n\n\n<p><a href=\"https:\/\/fuabc.org.br\/publicacoes-oficiais\/transparencia-fuabc-secretaria-de-saude-de-santo-andre-indenizatorio-v-processo-sa0005-21-contratacao-de-empresa-especializada-em-realizacao-de-exames-de-tomografia-c\/\">TRANSPAR\u00caNCIA \u2013 FUABC \u2013 SECRETARIA DE SA\u00daDE DE SANTO ANDR\u00c9 (INDENIZAT\u00d3RIO V) \u2013 PROCESSO SA0005\/21 \u2013 CONTRATA\u00c7\u00c3O DE EMPRESA ESPECIALIZADA EM REALIZA\u00c7\u00c3O DE EXAMES DE TOMOGRAFIA COMPUTADORIZADA E LAUDOS, BEM COMO, LOCA\u00c7\u00c3O DE APARELHO DE TOMOGRAFIA PARA ATENDER AS DEMANDAS DOS HOSPITAIS DE CAMPANHA DO MUNIC\u00cdPIO DE SANTO ANDR\u00c9.<\/a><\/p>\n\n\n\n<p><a href=\"https:\/\/fuabc.org.br\/publicacoes-oficiais\/transparencia-fuabc-secretaria-de-saude-de-santo-andre-indenizatorio-v-processo-sa0004-21-contratacao-de-empresa-especializada-em-prestacao-de-servicos-de-gestao-inte\/\">TRANSPAR\u00caNCIA \u2013 FUABC \u2013 SECRETARIA DE SA\u00daDE DE SANTO ANDR\u00c9 (INDENIZAT\u00d3RIO V) \u2013 PROCESSO SA0004\/21 \u2013 CONTRATA\u00c7\u00c3O DE EMPRESA ESPECIALIZADA EM PRESTA\u00c7\u00c3O DE SERVI\u00c7OS DE GEST\u00c3O INTEGRADA DE LEITOS DE UTI COM LOCA\u00c7\u00c3O DE EQUIPAMENTOS E MOBILI\u00c1RIOS, DISPONILIZA\u00c7\u00c3O DE INSUMOS E ACESS\u00d3RIOS.<\/a><\/p>\n\n\n\n<p><a href=\"https:\/\/fuabc.org.br\/publicacoes-oficiais\/transparencia-fuabc-secretaria-de-saude-de-santo-andre-indenizatorio-v-processo-sa0002-21-contratacao-de-empresa-especializada-em-prestacao-de-servicos-de-fis\/\">TRANSPAR\u00caNCIA \u2013 FUABC \u2013 SECRETARIA DE SA\u00daDE DE SANTO ANDR\u00c9 (INDENIZAT\u00d3RIO V) \u2013 PROCESSO SA0002\/21 \u2013 CONTRATA\u00c7\u00c3O DE EMPRESA ESPECIALIZADA EM PRESTA\u00c7\u00c3O DE SERVI\u00c7OS DE FISIOTERAPIA, VISANDO ATENDER AS NECESSIDADES DO CENTRO HOSPITALAR DO MUNIC\u00cdPIO DE SANTO ANDR\u00c9.<\/a><\/p>\n\n\n\n<p><a href=\"https:\/\/fuabc.org.br\/publicacoes-oficiais\/transparencia-fuabc-secretaria-de-saude-de-santo-andre-indenizatorio-v-processo-225-20-contratacao-de-empresa-especializada-em-gestao-integrada-de-leitos-hospitalares-uti-c\/\">TRANSPAR\u00caNCIA \u2013 FUABC \u2013 SECRETARIA DE SA\u00daDE DE SANTO ANDR\u00c9 (INDENIZAT\u00d3RIO V) \u2013 PROCESSO 225\/20 \u2013 CONTRATA\u00c7\u00c3O DE EMPRESA ESPECIALIZADA EM GEST\u00c3O INTEGRADA DE LEITOS HOSPITALARES (UTI) COM LOCA\u00c7\u00c3O DE EQUIPAMENTOS E MOBILI\u00c1RIOS, DISPONIBILIZA\u00c7\u00c3O DE INSUMOS E ACESS\u00d3RIOS PARA OS PACIENTES COVID-19<\/a><\/p>\n\n\n\n<p><a href=\"https:\/\/fuabc.org.br\/publicacoes-oficiais\/transparencia-fuabc-secretaria-de-saude-de-santo-andre-indenizatorio-v-processo-191-19-contratacao-de-empresa-para-prestacao-de-servico-de-apoio-diagnostico-laboratorial-de-a\/\">TRANSPAR\u00caNCIA \u2013 FUABC \u2013 SECRETARIA DE SA\u00daDE DE SANTO ANDR\u00c9 (INDENIZAT\u00d3RIO V) \u2013 PROCESSO 191\/19 \u2013 CONTRATA\u00c7\u00c3O DE EMPRESA PARA PRESTA\u00c7\u00c3O DE SERVI\u00c7O DE APOIO DIAGN\u00d3STICO LABORATORIAL DE AN\u00c1LISES CL\u00cdNICAS, ANATOMIA PATOL\u00d3GICA E CITOLOGIA.<\/a><\/p>\n\n\n\n<p><a href=\"https:\/\/fuabc.org.br\/publicacoes-oficiais\/transparencia-fuabc-secretaria-de-saude-de-santo-andre-indenizatorio-v-processo-sa0001-21-contratacao-de-empresa-especializada-em-locacao-de-ventilador-pulmon\/\">TRANSPAR\u00caNCIA \u2013 FUABC \u2013 SECRETARIA DE SA\u00daDE DE SANTO ANDR\u00c9 (INDENIZAT\u00d3RIO V) \u2013 PROCESSO SA0001\/21 \u2013 CONTRATA\u00c7\u00c3O DE EMPRESA ESPECIALIZADA EM LOCA\u00c7\u00c3O DE VENTILADOR PULMONAR PARA ATENDER AS NECESSIDADES DO MUNICIPIO DE SANTO ANDR\u00c9.<\/a><\/p>\n","protected":false},"excerpt":{"rendered":"<p>Despesas 21\/10\/2021 TRANSPAR\u00caNCIA \u2013 FUABC \u2013 SECRETARIA DE SA\u00daDE DE SANTO ANDR\u00c9 (INDENIZAT\u00d3RIO V) \u2013 PROCESSO SA0456\/20 \u2013 CONTRATA\u00c7\u00c3O DE EMPRESA ESPECIALIZADA EM PRESTA\u00c7\u00c3O DE SERVI\u00c7OS M\u00c9DICOS PARA O CENTRO HOSPITALAR MUNICIPAL DE SANTO ANDR\u00c9, HOSPITAL DE CAMPANHA DO GIN\u00c1SIO PEDRO DELL\u2019ANTONIA E PARA O HOSPITAL DE CAMPANHA DA UNIVERSIDADE FEDERAL DO ABC. TRANSPAR\u00caNCIA \u2013 FUABC \u2013 SECRETARIA DE SA\u00daDE DE SANTO ANDR\u00c9 (INDENIZAT\u00d3RIO V) \u2013 PROCESSO SA0005\/21 \u2013 CONTRATA\u00c7\u00c3O DE EMPRESA ESPECIALIZADA EM REALIZA\u00c7\u00c3O DE EXAMES DE TOMOGRAFIA COMPUTADORIZADA E LAUDOS, BEM COMO, LOCA\u00c7\u00c3O DE APARELHO DE TOMOGRAFIA PARA ATENDER AS DEMANDAS DOS HOSPITAIS DE CAMPANHA DO MUNIC\u00cdPIO DE SANTO ANDR\u00c9. TRANSPAR\u00caNCIA \u2013 FUABC \u2013 SECRETARIA DE SA\u00daDE DE SANTO ANDR\u00c9 (INDENIZAT\u00d3RIO V) \u2013 PROCESSO SA0004\/21 \u2013 CONTRATA\u00c7\u00c3O DE EMPRESA ESPECIALIZADA EM PRESTA\u00c7\u00c3O DE SERVI\u00c7OS DE GEST\u00c3O INTEGRADA DE LEITOS DE UTI COM LOCA\u00c7\u00c3O DE EQUIPAMENTOS E MOBILI\u00c1RIOS, DISPONILIZA\u00c7\u00c3O DE INSUMOS E ACESS\u00d3RIOS. TRANSPAR\u00caNCIA \u2013 FUABC \u2013 SECRETARIA DE [&hellip;]<\/p>\n","protected":false},"author":1,"featured_media":0,"parent":0,"menu_order":0,"comment_status":"closed","ping_status":"closed","template":"template-portal.php","meta":{"_acf_changed":false,"footnotes":""},"class_list":["post-9587","page","type-page","status-publish","hentry"],"acf":[],"_links":{"self":[{"href":"https:\/\/fuabc.org.br\/portaldatransparencia\/wp-json\/wp\/v2\/pages\/9587","targetHints":{"allow":["GET"]}}],"collection":[{"href":"https:\/\/fuabc.org.br\/portaldatransparencia\/wp-json\/wp\/v2\/pages"}],"about":[{"href":"https:\/\/fuabc.org.br\/portaldatransparencia\/wp-json\/wp\/v2\/types\/page"}],"author":[{"embeddable":true,"href":"https:\/\/fuabc.org.br\/portaldatransparencia\/wp-json\/wp\/v2\/users\/1"}],"replies":[{"embeddable":true,"href":"https:\/\/fuabc.org.br\/portaldatransparencia\/wp-json\/wp\/v2\/comments?post=9587"}],"version-history":[{"count":2,"href":"https:\/\/fuabc.org.br\/portaldatransparencia\/wp-json\/wp\/v2\/pages\/9587\/revisions"}],"predecessor-version":[{"id":10391,"href":"https:\/\/fuabc.org.br\/portaldatransparencia\/wp-json\/wp\/v2\/pages\/9587\/revisions\/10391"}],"wp:attachment":[{"href":"https:\/\/fuabc.org.br\/portaldatransparencia\/wp-json\/wp\/v2\/media?parent=9587"}],"curies":[{"name":"wp","href":"https:\/\/api.w.org\/{rel}","templated":true}]}}