{"id":9594,"date":"2021-09-23T17:24:27","date_gmt":"2021-09-23T17:24:27","guid":{"rendered":"https:\/\/fuabc.org.br\/portaldatransparencia\/?page_id=9594"},"modified":"2022-01-12T15:17:34","modified_gmt":"2022-01-12T15:17:34","slug":"covid-19-38-santo-andre-contrato-emergencial-205-2021","status":"publish","type":"page","link":"https:\/\/fuabc.org.br\/portaldatransparencia\/covid-19-38-santo-andre-contrato-emergencial-205-2021\/","title":{"rendered":"Covid-19 | 38 &#8211; Santo Andr\u00e9 &#8211; Contrato Emergencial 205 \u2013 2021"},"content":{"rendered":"\n<h3 class=\"wp-block-heading\">Receitas<\/h3>\n\n\n\n<p>11\/01\/2022<\/p>\n\n\n\n<p><a href=\"https:\/\/fuabc.org.br\/publicacoes-oficiais\/receita-recebida-para-enfrentamento-a-covid-19-fuabc-central-de-convenios-prefeitura-de-santo-andre-vi-cg-205-21-secretaria-municipal-de-saude-2\/\">RECEITA RECEBIDA PARA ENFRENTAMENTO A COVID-19 \u2013 FUABC \u2013 CENTRAL DE CONV\u00caNIOS \u2013 PREFEITURA DE SANTO ANDR\u00c9 VI CG 205.21 \u2013 SECRETARIA MUNICIPAL DE SA\u00daDE<\/a><\/p>\n\n\n\n<p>22\/09\/2021<\/p>\n\n\n\n<p><a href=\"https:\/\/fuabc.org.br\/publicacoes-oficiais\/receita-recebida-para-enfrentamento-a-covid-19-fuabc-central-de-convenios-prefeitura-de-santo-andre-vi-cg-205-21-secretaria-municipal-de-saude\/\">RECEITA RECEBIDA PARA ENFRENTAMENTO A COVID-19 \u2013 FUABC \u2013 CENTRAL DE CONV\u00caNIOS \u2013 PREFEITURA DE SANTO ANDR\u00c9 VI CG 205.21 \u2013 SECRETARIA MUNICIPAL DE SA\u00daDE<\/a><\/p>\n\n\n\n<hr class=\"wp-block-separator\"\/>\n\n\n\n<h3 class=\"wp-block-heading\">Despesas<\/h3>\n\n\n\n<p>12\/01\/2022<\/p>\n\n\n\n<p><a href=\"https:\/\/fuabc.org.br\/publicacoes-oficiais\/transparencia-fuabc-secretaria-de-saude-de-santo-andre-vi-cg-205-21-processo-sa0007-21-contratacao-de-empresa-especializada-em-prestacao-de-servicos-de-diagnose-para-de\/\">TRANSPAR\u00caNCIA \u2013 FUABC \u2013 SECRETARIA DE SA\u00daDE DE SANTO ANDR\u00c9 VI CG 205.21 \u2013 PROCESSO SA0007\/21 \u2013 CONTRATA\u00c7\u00c3O DE EMPRESA ESPECIALIZADA EM PRESTA\u00c7\u00c3O DE SERVI\u00c7OS DE DIAGNOSE PARA DETEC\u00c7\u00c3O DO SARS-COV-2 \u2013 COVID-19.<\/a><\/p>\n\n\n\n<p><a href=\"https:\/\/fuabc.org.br\/publicacoes-oficiais\/transparencia-fuabc-secretaria-de-saude-de-santo-andre-vi-cg-205-21-processo-sa0004-21-contratacao-de-empresa-especializada-em-prestacao-de-servicos-de-gestao-integrada\/\">TRANSPAR\u00caNCIA \u2013 FUABC \u2013 SECRETARIA DE SA\u00daDE DE SANTO ANDR\u00c9 VI CG 205.21 \u2013 PROCESSO SA0004\/21 \u2013 CONTRATA\u00c7\u00c3O DE EMPRESA ESPECIALIZADA EM PRESTA\u00c7\u00c3O DE SERVI\u00c7OS DE GEST\u00c3O INTEGRADA DE LEITOS DE UTI COM LOCA\u00c7\u00c3O DE EQUIPAMENTOS E MOBILI\u00c1RIOS, DISPONIBILIZADOS DE INSUMOS E ACESS\u00d3RIOS.<\/a><\/p>\n\n\n\n<p><a href=\"https:\/\/fuabc.org.br\/publicacoes-oficiais\/transparencia-fuabc-secretaria-de-saude-de-santo-andre-vi-cg-205-21-processo-sa0003-21-contratacao-de-empresa-especializada-em-locacao-de-equipamentos-medicos-hospitala\/\">TRANSPAR\u00caNCIA \u2013 FUABC \u2013 SECRETARIA DE SA\u00daDE DE SANTO ANDR\u00c9 VI CG 205.21 \u2013 PROCESSO SA0003\/21 \u2013 CONTRATA\u00c7\u00c3O DE EMPRESA ESPECIALIZADA EM LOCA\u00c7\u00c3O DE EQUIPAMENTOS M\u00c9DICOS HOSPITALARES COM MANUTEN\u00c7\u00c3O PREVENTIVA PARA ATENDER AS DEMANDAS DOS HOSPITAIS DE CAMPANHA DO MUNIC\u00cdPIO DE SANTO ANDR\u00c9.<\/a><\/p>\n\n\n\n<p><a href=\"https:\/\/fuabc.org.br\/publicacoes-oficiais\/transparencia-fuabc-secretaria-de-saude-de-santo-andre-vi-cg-205-21-processo-sa0002-21-contratacao-de-empresa-especializada-na-prestacao-de-servicos-de-fisioterapia-hos\/\">TRANSPAR\u00caNCIA \u2013 FUABC \u2013 SECRETARIA DE SA\u00daDE DE SANTO ANDR\u00c9 VI CG 205.21 \u2013 PROCESSO SA0002\/21 \u2013 CONTRATA\u00c7\u00c3O DE EMPRESA ESPECIALIZADA NA PRESTA\u00c7\u00c3O DE SERVI\u00c7OS DE FISIOTERAPIA HOSPITALAR PARA O MUNIC\u00cdPIO DE SANTO ANDR\u00c9.<\/a><\/p>\n\n\n\n<p>11\/01\/2022<\/p>\n\n\n\n<p><a href=\"https:\/\/fuabc.org.br\/publicacoes-oficiais\/transparencia-fuabc-secretaria-de-saude-de-santo-andre-vi-cg-205-21-processo-sa0001-21-contratacao-de-empresa-especializada-em-locacao-de-equipamentos-medicos-hospitala\/\">TRANSPAR\u00caNCIA \u2013 FUABC \u2013 SECRETARIA DE SA\u00daDE DE SANTO ANDR\u00c9 VI CG 205.21 \u2013 PROCESSO SA0001\/21 \u2013 CONTRATA\u00c7\u00c3O DE EMPRESA ESPECIALIZADA EM LOCA\u00c7\u00c3O DE EQUIPAMENTOS M\u00c9DICOS HOSPITALARES COM MANUTEN\u00c7\u00c3O PREVENTIVA.<\/a><\/p>\n\n\n\n<p>22\/11\/2021<\/p>\n\n\n\n<p><a href=\"https:\/\/fuabc.org.br\/publicacoes-oficiais\/transparencia-fuabc-secretaria-de-saude-de-santo-andre-vi-cg-205-21-processo-331a-20-contratacao-de-empresa-especializada-em-prestacao-de-servico-de-nutricao-e-alimentacao-para\/\">TRANSPAR\u00caNCIA \u2013 FUABC \u2013 SECRETARIA DE SA\u00daDE DE SANTO ANDR\u00c9 VI CG 205.21 \u2013 PROCESSO 331A\/20 \u2013 CONTRATA\u00c7\u00c3O DE EMPRESA ESPECIALIZADA EM PRESTA\u00c7\u00c3O DE SERVI\u00c7O DE NUTRI\u00c7\u00c3O E ALIMENTA\u00c7\u00c3O PARA ATENDIMENTO AOS PACIENTES COVID-19.<\/a><\/p>\n\n\n\n<p><a href=\"https:\/\/fuabc.org.br\/publicacoes-oficiais\/transparencia-fuabc-secretaria-de-saude-de-santo-andre-vi-cg-205-21-processo-289-20-contratacao-de-empresa-especializada-em-prestacao-de-servicos-de-locacao-de\/\">TRANSPAR\u00caNCIA \u2013 FUABC \u2013 SECRETARIA DE SA\u00daDE DE SANTO ANDR\u00c9 VI CG 205.21 \u2013 PROCESSO 289\/20 \u2013 CONTRATA\u00c7\u00c3O DE EMPRESA ESPECIALIZADA EM PRESTA\u00c7\u00c3O DE SERVI\u00c7OS DE LOCA\u00c7\u00c3O DE VENTILADORES PULMONARES COM MANUTEN\u00c7\u00c3O PREVENTIVA, VISANDO ATENDER AS NECESSIDADES PARA OS PACIENTES COVID-19<\/a><\/p>\n\n\n\n<p><a href=\"https:\/\/fuabc.org.br\/publicacoes-oficiais\/transparencia-fuabc-secretaria-de-saude-de-santo-andre-vi-cg-205-21-processo-225-20-contratacao-de-empresa-especializada-para-prestacao-de-servicos-de-gestao-in\/\">TRANSPAR\u00caNCIA \u2013 FUABC \u2013 SECRETARIA DE SA\u00daDE DE SANTO ANDR\u00c9 VI CG 205.21 \u2013 PROCESSO 225\/20 \u2013 CONTRATA\u00c7\u00c3O DE EMPRESA ESPECIALIZADA PARA PRESTA\u00c7\u00c3O DE SERVI\u00c7OS DE GEST\u00c3O INTEGRADA DE LEITOS HOSPITALARES (UTI) COM LOCA\u00c7\u00c3O DE EQUIPAMENTOS E MOBILI\u00c1RIOS, DISPONIBILIZADOS DE INSUMOS E ACESS\u00d3RIOS PARA OS PACIENTES COVID-19.<\/a><\/p>\n\n\n\n<p><a href=\"https:\/\/fuabc.org.br\/publicacoes-oficiais\/transparencia-fuabc-secretaria-de-saude-de-santo-andre-vi-cg-205-21-processo-191-19-contratacao-de-empresa-especializada-em-prestacao-de-servico-de-apoio-diagnostico-laboratori\/\">TRANSPAR\u00caNCIA \u2013 FUABC \u2013 SECRETARIA DE SA\u00daDE DE SANTO ANDR\u00c9 VI CG 205.21 \u2013 PROCESSO 191\/19 \u2013 CONTRATA\u00c7\u00c3O DE EMPRESA ESPECIALIZADA EM PRESTA\u00c7\u00c3O DE SERVI\u00c7O DE APOIO DIAGN\u00d3STICO LABORATORIAL DE AN\u00c1LISES CL\u00cdNICAS, ANATOMIA PATOL\u00d3GICA E CITOLOGIA.<\/a><\/p>\n","protected":false},"excerpt":{"rendered":"<p>Receitas 11\/01\/2022 RECEITA RECEBIDA PARA ENFRENTAMENTO A COVID-19 \u2013 FUABC \u2013 CENTRAL DE CONV\u00caNIOS \u2013 PREFEITURA DE SANTO ANDR\u00c9 VI CG 205.21 \u2013 SECRETARIA MUNICIPAL DE SA\u00daDE 22\/09\/2021 RECEITA RECEBIDA PARA ENFRENTAMENTO A COVID-19 \u2013 FUABC \u2013 CENTRAL DE CONV\u00caNIOS \u2013 PREFEITURA DE SANTO ANDR\u00c9 VI CG 205.21 \u2013 SECRETARIA MUNICIPAL DE SA\u00daDE Despesas 12\/01\/2022 TRANSPAR\u00caNCIA \u2013 FUABC \u2013 SECRETARIA DE SA\u00daDE DE SANTO ANDR\u00c9 VI CG 205.21 \u2013 PROCESSO SA0007\/21 \u2013 CONTRATA\u00c7\u00c3O DE EMPRESA ESPECIALIZADA EM PRESTA\u00c7\u00c3O DE SERVI\u00c7OS DE DIAGNOSE PARA DETEC\u00c7\u00c3O DO SARS-COV-2 \u2013 COVID-19. TRANSPAR\u00caNCIA \u2013 FUABC \u2013 SECRETARIA DE SA\u00daDE DE SANTO ANDR\u00c9 VI CG 205.21 \u2013 PROCESSO SA0004\/21 \u2013 CONTRATA\u00c7\u00c3O DE EMPRESA ESPECIALIZADA EM PRESTA\u00c7\u00c3O DE SERVI\u00c7OS DE GEST\u00c3O INTEGRADA DE LEITOS DE UTI COM LOCA\u00c7\u00c3O DE EQUIPAMENTOS E MOBILI\u00c1RIOS, DISPONIBILIZADOS DE INSUMOS E ACESS\u00d3RIOS. TRANSPAR\u00caNCIA \u2013 FUABC \u2013 SECRETARIA DE SA\u00daDE DE SANTO ANDR\u00c9 VI CG 205.21 \u2013 PROCESSO SA0003\/21 \u2013 CONTRATA\u00c7\u00c3O DE [&hellip;]<\/p>\n","protected":false},"author":1,"featured_media":0,"parent":0,"menu_order":0,"comment_status":"closed","ping_status":"closed","template":"template-portal.php","meta":{"_acf_changed":false,"footnotes":""},"class_list":["post-9594","page","type-page","status-publish","hentry"],"acf":[],"_links":{"self":[{"href":"https:\/\/fuabc.org.br\/portaldatransparencia\/wp-json\/wp\/v2\/pages\/9594","targetHints":{"allow":["GET"]}}],"collection":[{"href":"https:\/\/fuabc.org.br\/portaldatransparencia\/wp-json\/wp\/v2\/pages"}],"about":[{"href":"https:\/\/fuabc.org.br\/portaldatransparencia\/wp-json\/wp\/v2\/types\/page"}],"author":[{"embeddable":true,"href":"https:\/\/fuabc.org.br\/portaldatransparencia\/wp-json\/wp\/v2\/users\/1"}],"replies":[{"embeddable":true,"href":"https:\/\/fuabc.org.br\/portaldatransparencia\/wp-json\/wp\/v2\/comments?post=9594"}],"version-history":[{"count":8,"href":"https:\/\/fuabc.org.br\/portaldatransparencia\/wp-json\/wp\/v2\/pages\/9594\/revisions"}],"predecessor-version":[{"id":11106,"href":"https:\/\/fuabc.org.br\/portaldatransparencia\/wp-json\/wp\/v2\/pages\/9594\/revisions\/11106"}],"wp:attachment":[{"href":"https:\/\/fuabc.org.br\/portaldatransparencia\/wp-json\/wp\/v2\/media?parent=9594"}],"curies":[{"name":"wp","href":"https:\/\/api.w.org\/{rel}","templated":true}]}}