{"id":9610,"date":"2021-09-23T17:43:41","date_gmt":"2021-09-23T17:43:41","guid":{"rendered":"https:\/\/fuabc.org.br\/portaldatransparencia\/?page_id=9610"},"modified":"2023-12-18T12:27:38","modified_gmt":"2023-12-18T12:27:38","slug":"hospital-sao-mateus","status":"publish","type":"page","link":"https:\/\/fuabc.org.br\/portaldatransparencia\/hospital-sao-mateus\/","title":{"rendered":"Hospital Geral de S\u00e3o Mateus"},"content":{"rendered":"\n<p><a href=\"https:\/\/fuabc.org.br\/portaldatransparencia\/51-hospital-sao-mateus-pronto-socorro\/\">(51) | Hospital Geral de S\u00e3o Mateus (Pronto-Socorro Adulto e Pedi\u00e1trico)<\/a><\/p>\n\n\n\n<p><a href=\"https:\/\/fuabc.org.br\/portaldatransparencia\/48-hospital-geral-de-sao-mateus-uti-20-leitos\/\">(48) \u2013 Hospital Geral de S\u00e3o Mateus (UTI Queimados &#8211; 20 Leitos)<\/a><\/p>\n\n\n\n<p><a href=\"https:\/\/fuabc.org.br\/portaldatransparencia\/hospital-geral-de-sao-mateus-ps-adulto-contrato-emergencial-covid-19\/\">(29) Hospital Geral de S\u00e3o Mateus (PS Adulto) | Contrato Emergencial COVID-19 <\/a><br>(conv\u00eanio 1255\/2020 \u2013 encerrado em 30\/06\/2021).<\/p>\n\n\n\n<p><a href=\"https:\/\/fuabc.org.br\/portaldatransparencia\/34-hospital-geral-de-sao-mateus-uti-contrato-emergencial-covid-19\/\">(34) Hospital Geral de S\u00e3o Mateus (UTI) | Contrato Emergencial COVID-19 <\/a><br>(conv\u00eanio 006\/2021 \u2013 encerrado em 06\/09\/2021).<\/p>\n\n\n\n<p><a href=\"https:\/\/fuabc.org.br\/portaldatransparencia\/37-hospital-geral-sao-mateus\/\">(37) Hospital Geral S\u00e3o Mateus | Contrato Emergencial COVID-19 <\/a><br>(conv\u00eanio 0077\/2021 &#8211; encerrado em 30\/11\/2021).<\/p>\n","protected":false},"excerpt":{"rendered":"<p>(51) | Hospital Geral de S\u00e3o Mateus (Pronto-Socorro Adulto e Pedi\u00e1trico) (48) \u2013 Hospital Geral de S\u00e3o Mateus (UTI Queimados &#8211; 20 Leitos) (29) Hospital Geral de S\u00e3o Mateus (PS Adulto) | Contrato Emergencial COVID-19 (conv\u00eanio 1255\/2020 \u2013 encerrado em 30\/06\/2021). (34) Hospital Geral de S\u00e3o Mateus (UTI) | Contrato Emergencial COVID-19 (conv\u00eanio 006\/2021 \u2013 encerrado em 06\/09\/2021). (37) Hospital Geral S\u00e3o Mateus | Contrato Emergencial COVID-19 (conv\u00eanio 0077\/2021 &#8211; encerrado em 30\/11\/2021).<\/p>\n","protected":false},"author":1,"featured_media":0,"parent":0,"menu_order":0,"comment_status":"closed","ping_status":"closed","template":"template-portal.php","meta":{"_acf_changed":false,"footnotes":""},"class_list":["post-9610","page","type-page","status-publish","hentry"],"acf":[],"_links":{"self":[{"href":"https:\/\/fuabc.org.br\/portaldatransparencia\/wp-json\/wp\/v2\/pages\/9610","targetHints":{"allow":["GET"]}}],"collection":[{"href":"https:\/\/fuabc.org.br\/portaldatransparencia\/wp-json\/wp\/v2\/pages"}],"about":[{"href":"https:\/\/fuabc.org.br\/portaldatransparencia\/wp-json\/wp\/v2\/types\/page"}],"author":[{"embeddable":true,"href":"https:\/\/fuabc.org.br\/portaldatransparencia\/wp-json\/wp\/v2\/users\/1"}],"replies":[{"embeddable":true,"href":"https:\/\/fuabc.org.br\/portaldatransparencia\/wp-json\/wp\/v2\/comments?post=9610"}],"version-history":[{"count":7,"href":"https:\/\/fuabc.org.br\/portaldatransparencia\/wp-json\/wp\/v2\/pages\/9610\/revisions"}],"predecessor-version":[{"id":18625,"href":"https:\/\/fuabc.org.br\/portaldatransparencia\/wp-json\/wp\/v2\/pages\/9610\/revisions\/18625"}],"wp:attachment":[{"href":"https:\/\/fuabc.org.br\/portaldatransparencia\/wp-json\/wp\/v2\/media?parent=9610"}],"curies":[{"name":"wp","href":"https:\/\/api.w.org\/{rel}","templated":true}]}}