{"id":9612,"date":"2021-09-23T17:39:44","date_gmt":"2021-09-23T17:39:44","guid":{"rendered":"https:\/\/fuabc.org.br\/portaldatransparencia\/?page_id=9612"},"modified":"2021-10-14T19:42:33","modified_gmt":"2021-10-14T19:42:33","slug":"covid-19-37-hospital-geral-sao-mateus","status":"publish","type":"page","link":"https:\/\/fuabc.org.br\/portaldatransparencia\/covid-19-37-hospital-geral-sao-mateus\/","title":{"rendered":"Covid-19 | 37 &#8211; Hospital Geral S\u00e3o Mateus"},"content":{"rendered":"\n<h3 class=\"wp-block-heading\">Receitas<\/h3>\n\n\n\n<p>22\/09\/2021<\/p>\n\n\n\n<p><a href=\"https:\/\/fuabc.org.br\/publicacoes-oficiais\/receita-recebida-para-enfrentamento-a-covid-19-fuabc-central-de-convenios-hospital-geral-de-sao-mateus-iii-ps-adulto-filial-37\/\">RECEITA RECEBIDA PARA ENFRENTAMENTO A COVID-19 \u2013 FUABC \u2013 CENTRAL DE CONV\u00caNIOS \u2013 HOSPITAL GERAL DE S\u00c3O MATEUS III (PS ADULTO) \u2013 FILIAL 37<\/a><\/p>\n\n\n\n<p><\/p>\n\n\n\n<h3 class=\"wp-block-heading\">Despesas<\/h3>\n\n\n\n<p>14\/10\/2021<\/p>\n\n\n\n<p><a href=\"https:\/\/fuabc.org.br\/publicacoes-oficiais\/transparencia-fuabc-secretaria-de-estado-da-saude-hospital-geral-de-sao-mateus-processo-sm2-0001-20-contratacao-de-empresa-especializada-em-prestacao-de-servicos-medi-2\/\">TRANSPAR\u00caNCIA \u2013 FUABC \u2013 SECRETARIA DE ESTADO DA SA\u00daDE \u2013 HOSPITAL GERAL DE S\u00c3O MATEUS \u2013 PROCESSO SM2 0001\/20 \u2013 CONTRATA\u00c7\u00c3O DE EMPRESA ESPECIALIZADA EM PRESTA\u00c7\u00c3O DE SERVI\u00c7OS M\u00c9DICOS DE CL\u00cdNICA M\u00c9DICA PARA ATENDER O HOSPITAL GERAL DE S\u00c3O MATEUS AOS PACIENTES COVID-19 \u2013 FILIAL 37 \u2013 CONTRATO 0077.2021 P.S.<\/a><\/p>\n\n\n\n<p>13\/10\/2021<\/p>\n\n\n\n<p><a href=\"https:\/\/fuabc.org.br\/publicacoes-oficiais\/transparencia-fuabc-secretaria-de-estado-da-saude-hospital-geral-de-sao-mateus-processo-sm20029-21-contratacao-de-empresa-especializada-em-prestacao-de-servicos-medic\/\"><\/a><a href=\"https:\/\/fuabc.org.br\/publicacoes-oficiais\/transparencia-fuabc-secretaria-de-estado-da-saude-hospital-geral-de-sao-mateus-processo-sm20029-21-contratacao-de-empresa-especializada-em-prestacao-de-servicos-medic\/\">TRANSPAR\u00caNCIA \u2013 FUABC \u2013 SECRETARIA DE ESTADO DA SA\u00daDE \u2013 HOSPITAL GERAL DE S\u00c3O MATEUS \u2013 PROCESSO SM20029\/21 \u2013 CONTRATA\u00c7\u00c3O DE EMPRESA ESPECIALIZADA EM PRESTA\u00c7\u00c3O DE SERVI\u00c7OS M\u00c9DICOS, VISANDO ATENDER AS NECESSIDADES DO HOSPITAL GERAL DE S\u00c3O MATEUS. FILIAL 37 \u2013 CONTRATO 0077.2021 P.S<\/a><\/p>\n","protected":false},"excerpt":{"rendered":"<p>Receitas 22\/09\/2021 RECEITA RECEBIDA PARA ENFRENTAMENTO A COVID-19 \u2013 FUABC \u2013 CENTRAL DE CONV\u00caNIOS \u2013 HOSPITAL GERAL DE S\u00c3O MATEUS III (PS ADULTO) \u2013 FILIAL 37 Despesas 14\/10\/2021 TRANSPAR\u00caNCIA \u2013 FUABC \u2013 SECRETARIA DE ESTADO DA SA\u00daDE \u2013 HOSPITAL GERAL DE S\u00c3O MATEUS \u2013 PROCESSO SM2 0001\/20 \u2013 CONTRATA\u00c7\u00c3O DE EMPRESA ESPECIALIZADA EM PRESTA\u00c7\u00c3O DE SERVI\u00c7OS M\u00c9DICOS DE CL\u00cdNICA M\u00c9DICA PARA ATENDER O HOSPITAL GERAL DE S\u00c3O MATEUS AOS PACIENTES COVID-19 \u2013 FILIAL 37 \u2013 CONTRATO 0077.2021 P.S. 13\/10\/2021 TRANSPAR\u00caNCIA \u2013 FUABC \u2013 SECRETARIA DE ESTADO DA SA\u00daDE \u2013 HOSPITAL GERAL DE S\u00c3O MATEUS \u2013 PROCESSO SM20029\/21 \u2013 CONTRATA\u00c7\u00c3O DE EMPRESA ESPECIALIZADA EM PRESTA\u00c7\u00c3O DE SERVI\u00c7OS M\u00c9DICOS, VISANDO ATENDER AS NECESSIDADES DO HOSPITAL GERAL DE S\u00c3O MATEUS. FILIAL 37 \u2013 CONTRATO 0077.2021 P.S<\/p>\n","protected":false},"author":1,"featured_media":0,"parent":0,"menu_order":0,"comment_status":"closed","ping_status":"closed","template":"template-portal.php","meta":{"_acf_changed":false,"footnotes":""},"class_list":["post-9612","page","type-page","status-publish","hentry"],"acf":[],"_links":{"self":[{"href":"https:\/\/fuabc.org.br\/portaldatransparencia\/wp-json\/wp\/v2\/pages\/9612","targetHints":{"allow":["GET"]}}],"collection":[{"href":"https:\/\/fuabc.org.br\/portaldatransparencia\/wp-json\/wp\/v2\/pages"}],"about":[{"href":"https:\/\/fuabc.org.br\/portaldatransparencia\/wp-json\/wp\/v2\/types\/page"}],"author":[{"embeddable":true,"href":"https:\/\/fuabc.org.br\/portaldatransparencia\/wp-json\/wp\/v2\/users\/1"}],"replies":[{"embeddable":true,"href":"https:\/\/fuabc.org.br\/portaldatransparencia\/wp-json\/wp\/v2\/comments?post=9612"}],"version-history":[{"count":7,"href":"https:\/\/fuabc.org.br\/portaldatransparencia\/wp-json\/wp\/v2\/pages\/9612\/revisions"}],"predecessor-version":[{"id":10046,"href":"https:\/\/fuabc.org.br\/portaldatransparencia\/wp-json\/wp\/v2\/pages\/9612\/revisions\/10046"}],"wp:attachment":[{"href":"https:\/\/fuabc.org.br\/portaldatransparencia\/wp-json\/wp\/v2\/media?parent=9612"}],"curies":[{"name":"wp","href":"https:\/\/api.w.org\/{rel}","templated":true}]}}